{"id":90978,"date":"2025-09-23T05:10:04","date_gmt":"2025-09-23T04:10:04","guid":{"rendered":"https:\/\/truusk.store\/product\/ankorstall-ankhus-med-sidodorr-ventilationshal-fjaderfastall-honsstuga-av-grantra-gasstall-honsstall-med-vattentatt-asfalts-tak-63-x-82-x-76-cm-ljusgra\/"},"modified":"2026-03-12T09:46:07","modified_gmt":"2026-03-12T08:46:07","slug":"truusk-ankhus-med-sidodorr-ventilationshal-fjaderfastall-honsstuga-av-grantra-gasstall-vattentatt-tak-ljusgra","status":"publish","type":"product","link":"https:\/\/truusk.store\/sv\/produkt\/truusk-ankhus-med-sidodorr-ventilationshal-fjaderfastall-honsstuga-av-grantra-gasstall-vattentatt-tak-ljusgra\/","title":{"rendered":"TRUUSK Ankhus Med Sidod\u00f6rr &#8211; Ventilationsh\u00e5l &#8211; Fj\u00e4derf\u00e4stall H\u00f6nsstuga Av Grantr\u00e4 &#8211; G\u00e5sstall &#8211; Vattent\u00e4tt Tak &#8211; Ljusgr\u00e5"},"content":{"rendered":"<p>Upplev charmen med TRUUSK-ankhuset, som kombinerar elegans med praktiskhet. Se fram emot ett \u00f6ppningsbart tak och en utdragbar botten f\u00f6r stressfri reng\u00f6ring. Framd\u00f6rren till sm\u00e5djurshuset fungerar ocks\u00e5 som en ramp och erbjuder med ventilationsh\u00e5l ett mysigt, torrt boende. Idealisk f\u00f6r 2-4 ankor, h\u00f6ns, g\u00e4ss eller kaniner, ser detta ankhus till att dina djur k\u00e4nner sig som hemma.<\/p>\n<p>Beskrivning:<\/p>\n<ul>\n<li> \u00d6ppningsbart lock och utdragbar botten p\u00e5 ankhuset underl\u00e4ttar reng\u00f6ring<\/li>\n<li> Framd\u00f6rren till sm\u00e5djurshuset fungerar ocks\u00e5 som en ramp f\u00f6r enkel tillg\u00e5ng f\u00f6r ankorna<\/li>\n<li> Ventilationsh\u00e5l och en upph\u00f6jd design av ankhuset garanterar ett torrt habitat<\/li>\n<li> Sidod\u00f6rren ger \u00e4garen enkel tillg\u00e5ng till ankorna<\/li>\n<li> Rymligt boendeomr\u00e5de i sm\u00e5djurshuset rymmer 2-4 ankor eller liknande husdjur<\/li>\n<li> Asfalts tak och v\u00e4derbest\u00e4ndig f\u00e4rg skyddar mot v\u00e4derp\u00e5verkan<\/li>\n<li> Montering kr\u00e4vs<\/li>\n<\/ul>\n<p> Tekniska data:<\/p>\n<ul>\n<li> F\u00e4rg: Ljusgr\u00e5<\/li>\n<li> Material: Grantr\u00e4<\/li>\n<li> Totala dimensioner: 63B x 82T x 76H cm<\/li>\n<li> Huvudhus: 56B x 78T x 66H cm (Totalt), 52B x 74T x 63H cm (Inuti)<\/li>\n<li> Framd\u00f6rr: 27,5B x 45H cm<\/li>\n<li> Sidod\u00f6rr: 67,5B x 45H cm<\/li>\n<li> H\u00f6jd till golvet: 8,5H cm<\/li>\n<li> Ventilationsh\u00e5l: Diameter 2,5 cm<\/li>\n<\/ul>\n<p>Leveransinneh\u00e5ll:<\/p>\n<ul>\n<li> 1 x Ankkhus<\/li>\n<li> 1 x Handbok<\/li>\n<\/ul>\n","protected":false},"excerpt":{"rendered":"<p>Upplev charmen med TRUUSK-ankhuset, som kombinerar elegans med praktiskhet. Se fram emot ett \u00f6ppningsbart tak och en utdragbar botten f\u00f6r&#8230;<\/p>\n","protected":false},"featured_media":90965,"template":"","meta":[],"product_brand":[],"product_cat":[878,597],"product_tag":[],"class_list":{"0":"post-90978","1":"product","2":"type-product","3":"status-publish","4":"has-post-thumbnail","6":"product_cat-djurbehov","7":"product_cat-sma-djurtillbehor","9":"first","10":"instock","11":"sale","12":"taxable","13":"shipping-taxable","14":"purchasable","15":"product-type-simple"},"yoast_head":"<!-- This site is optimized with the Yoast SEO plugin v25.4 - https:\/\/yoast.com\/wordpress\/plugins\/seo\/ -->\n<title>TRUUSK Ankhus Med Sidod\u00f6rr - Ventilationsh\u00e5l - Fj\u00e4derf\u00e4stall H\u00f6nsstuga Av Grantr\u00e4 - G\u00e5sstall - Vattent\u00e4tt Tak - Ljusgr\u00e5 - TRUUSK - Hem, Tr\u00e4dg\u00e5rd &amp; Fritid<\/title>\n<meta name=\"robots\" content=\"index, follow, max-snippet:-1, max-image-preview:large, max-video-preview:-1\" \/>\n<link rel=\"canonical\" href=\"https:\/\/truusk.store\/sv\/produkt\/truusk-ankhus-med-sidodorr-ventilationshal-fjaderfastall-honsstuga-av-grantra-gasstall-vattentatt-tak-ljusgra\/\" \/>\n<meta property=\"og:locale\" content=\"sv_SE\" \/>\n<meta property=\"og:type\" content=\"article\" \/>\n<meta property=\"og:title\" content=\"TRUUSK Ankhus Med Sidod\u00f6rr - Ventilationsh\u00e5l - Fj\u00e4derf\u00e4stall H\u00f6nsstuga Av Grantr\u00e4 - G\u00e5sstall - Vattent\u00e4tt Tak - Ljusgr\u00e5 - TRUUSK - Hem, Tr\u00e4dg\u00e5rd &amp; Fritid\" \/>\n<meta property=\"og:description\" content=\"Upplev charmen med TRUUSK-ankhuset, som kombinerar elegans med praktiskhet. Se fram emot ett \u00f6ppningsbart tak och en utdragbar botten f\u00f6r...\" \/>\n<meta property=\"og:url\" content=\"https:\/\/truusk.store\/sv\/produkt\/truusk-ankhus-med-sidodorr-ventilationshal-fjaderfastall-honsstuga-av-grantra-gasstall-vattentatt-tak-ljusgra\/\" \/>\n<meta property=\"og:site_name\" content=\"TRUUSK - Hem, Tr\u00e4dg\u00e5rd &amp; Fritid\" \/>\n<meta property=\"article:modified_time\" content=\"2026-03-12T08:46:07+00:00\" \/>\n<meta property=\"og:image\" content=\"https:\/\/i0.wp.com\/truusk.se\/wp-content\/uploads\/2025\/09\/ankorstall-ankhus-med-sidodorr-ventilationshal-fjaderfastall-honsstuga-av-grantra-gasstall-honsstall-med-vattentatt-asfalts-tak-63-x-82-x-76-cm-ljusgra-1.webp?fit=2000%2C2000&ssl=1\" \/>\n\t<meta property=\"og:image:width\" content=\"2000\" \/>\n\t<meta property=\"og:image:height\" content=\"2000\" \/>\n\t<meta property=\"og:image:type\" content=\"image\/webp\" \/>\n<meta name=\"twitter:card\" content=\"summary_large_image\" \/>\n<meta name=\"twitter:label1\" content=\"Ber\u00e4knad l\u00e4stid\" \/>\n\t<meta name=\"twitter:data1\" content=\"1 minut\" \/>\n<!-- \/ Yoast SEO plugin. -->","yoast_head_json":{"title":"TRUUSK Ankhus Med Sidod\u00f6rr - Ventilationsh\u00e5l - Fj\u00e4derf\u00e4stall H\u00f6nsstuga Av Grantr\u00e4 - G\u00e5sstall - Vattent\u00e4tt Tak - Ljusgr\u00e5 - TRUUSK - Hem, Tr\u00e4dg\u00e5rd &amp; Fritid","robots":{"index":"index","follow":"follow","max-snippet":"max-snippet:-1","max-image-preview":"max-image-preview:large","max-video-preview":"max-video-preview:-1"},"canonical":"https:\/\/truusk.store\/sv\/produkt\/truusk-ankhus-med-sidodorr-ventilationshal-fjaderfastall-honsstuga-av-grantra-gasstall-vattentatt-tak-ljusgra\/","og_locale":"sv_SE","og_type":"article","og_title":"TRUUSK Ankhus Med Sidod\u00f6rr - Ventilationsh\u00e5l - Fj\u00e4derf\u00e4stall H\u00f6nsstuga Av Grantr\u00e4 - G\u00e5sstall - Vattent\u00e4tt Tak - Ljusgr\u00e5 - TRUUSK - Hem, Tr\u00e4dg\u00e5rd &amp; Fritid","og_description":"Upplev charmen med TRUUSK-ankhuset, som kombinerar elegans med praktiskhet. Se fram emot ett \u00f6ppningsbart tak och en utdragbar botten f\u00f6r...","og_url":"https:\/\/truusk.store\/sv\/produkt\/truusk-ankhus-med-sidodorr-ventilationshal-fjaderfastall-honsstuga-av-grantra-gasstall-vattentatt-tak-ljusgra\/","og_site_name":"TRUUSK - Hem, Tr\u00e4dg\u00e5rd &amp; Fritid","article_modified_time":"2026-03-12T08:46:07+00:00","og_image":[{"width":2000,"height":2000,"url":"https:\/\/i0.wp.com\/truusk.se\/wp-content\/uploads\/2025\/09\/ankorstall-ankhus-med-sidodorr-ventilationshal-fjaderfastall-honsstuga-av-grantra-gasstall-honsstall-med-vattentatt-asfalts-tak-63-x-82-x-76-cm-ljusgra-1.webp?fit=2000%2C2000&ssl=1","type":"image\/webp"}],"twitter_card":"summary_large_image","twitter_misc":{"Ber\u00e4knad l\u00e4stid":"1 minut"},"schema":{"@context":"https:\/\/schema.org","@graph":[{"@type":"WebPage","@id":"https:\/\/truusk.store\/sv\/produkt\/truusk-ankhus-med-sidodorr-ventilationshal-fjaderfastall-honsstuga-av-grantra-gasstall-vattentatt-tak-ljusgra\/","url":"https:\/\/truusk.store\/sv\/produkt\/truusk-ankhus-med-sidodorr-ventilationshal-fjaderfastall-honsstuga-av-grantra-gasstall-vattentatt-tak-ljusgra\/","name":"TRUUSK Ankhus Med Sidod\u00f6rr - Ventilationsh\u00e5l - Fj\u00e4derf\u00e4stall H\u00f6nsstuga Av Grantr\u00e4 - G\u00e5sstall - Vattent\u00e4tt Tak - Ljusgr\u00e5 - TRUUSK - Hem, Tr\u00e4dg\u00e5rd &amp; Fritid","isPartOf":{"@id":"https:\/\/truusk.store\/sv\/#website"},"primaryImageOfPage":{"@id":"https:\/\/truusk.store\/sv\/produkt\/truusk-ankhus-med-sidodorr-ventilationshal-fjaderfastall-honsstuga-av-grantra-gasstall-vattentatt-tak-ljusgra\/#primaryimage"},"image":{"@id":"https:\/\/truusk.store\/sv\/produkt\/truusk-ankhus-med-sidodorr-ventilationshal-fjaderfastall-honsstuga-av-grantra-gasstall-vattentatt-tak-ljusgra\/#primaryimage"},"thumbnailUrl":"https:\/\/i0.wp.com\/truusk.store\/wp-content\/uploads\/2025\/09\/ankorstall-ankhus-med-sidodorr-ventilationshal-fjaderfastall-honsstuga-av-grantra-gasstall-honsstall-med-vattentatt-asfalts-tak-63-x-82-x-76-cm-ljusgra-1.webp?fit=2000%2C2000&ssl=1","datePublished":"2025-09-23T04:10:04+00:00","dateModified":"2026-03-12T08:46:07+00:00","breadcrumb":{"@id":"https:\/\/truusk.store\/sv\/produkt\/truusk-ankhus-med-sidodorr-ventilationshal-fjaderfastall-honsstuga-av-grantra-gasstall-vattentatt-tak-ljusgra\/#breadcrumb"},"inLanguage":"sv-SE","potentialAction":[{"@type":"ReadAction","target":["https:\/\/truusk.store\/sv\/produkt\/truusk-ankhus-med-sidodorr-ventilationshal-fjaderfastall-honsstuga-av-grantra-gasstall-vattentatt-tak-ljusgra\/"]}]},{"@type":"ImageObject","inLanguage":"sv-SE","@id":"https:\/\/truusk.store\/sv\/produkt\/truusk-ankhus-med-sidodorr-ventilationshal-fjaderfastall-honsstuga-av-grantra-gasstall-vattentatt-tak-ljusgra\/#primaryimage","url":"https:\/\/i0.wp.com\/truusk.store\/wp-content\/uploads\/2025\/09\/ankorstall-ankhus-med-sidodorr-ventilationshal-fjaderfastall-honsstuga-av-grantra-gasstall-honsstall-med-vattentatt-asfalts-tak-63-x-82-x-76-cm-ljusgra-1.webp?fit=2000%2C2000&ssl=1","contentUrl":"https:\/\/i0.wp.com\/truusk.store\/wp-content\/uploads\/2025\/09\/ankorstall-ankhus-med-sidodorr-ventilationshal-fjaderfastall-honsstuga-av-grantra-gasstall-honsstall-med-vattentatt-asfalts-tak-63-x-82-x-76-cm-ljusgra-1.webp?fit=2000%2C2000&ssl=1","width":2000,"height":2000},{"@type":"BreadcrumbList","@id":"https:\/\/truusk.store\/sv\/produkt\/truusk-ankhus-med-sidodorr-ventilationshal-fjaderfastall-honsstuga-av-grantra-gasstall-vattentatt-tak-ljusgra\/#breadcrumb","itemListElement":[{"@type":"ListItem","position":1,"name":"Home","item":"https:\/\/truusk.store\/sv\/"},{"@type":"ListItem","position":2,"name":"Shop","item":"https:\/\/truusk.store\/shop\/"},{"@type":"ListItem","position":3,"name":"TRUUSK Ankhus Med Sidod\u00f6rr &#8211; Ventilationsh\u00e5l &#8211; Fj\u00e4derf\u00e4stall H\u00f6nsstuga Av Grantr\u00e4 &#8211; G\u00e5sstall &#8211; Vattent\u00e4tt Tak &#8211; Ljusgr\u00e5"}]},{"@type":"WebSite","@id":"https:\/\/truusk.store\/sv\/#website","url":"https:\/\/truusk.store\/sv\/","name":"TRUUSK - Hem, Tr\u00e4dg\u00e5rd & Fritid","description":"","publisher":{"@id":"https:\/\/truusk.store\/sv\/#organization"},"potentialAction":[{"@type":"SearchAction","target":{"@type":"EntryPoint","urlTemplate":"https:\/\/truusk.store\/sv\/?s={search_term_string}"},"query-input":{"@type":"PropertyValueSpecification","valueRequired":true,"valueName":"search_term_string"}}],"inLanguage":"sv-SE"},{"@type":"Organization","@id":"https:\/\/truusk.store\/sv\/#organization","name":"TRUUSK - Hem, Tr\u00e4dg\u00e5rd & Fritid","url":"https:\/\/truusk.store\/sv\/","logo":{"@type":"ImageObject","inLanguage":"sv-SE","@id":"https:\/\/truusk.store\/sv\/#\/schema\/logo\/image\/","url":"https:\/\/i0.wp.com\/truusk.store\/wp-content\/uploads\/2026\/03\/cropped-TRUUSK.png?fit=2032%2C917&ssl=1","contentUrl":"https:\/\/i0.wp.com\/truusk.store\/wp-content\/uploads\/2026\/03\/cropped-TRUUSK.png?fit=2032%2C917&ssl=1","width":2032,"height":917,"caption":"TRUUSK - Hem, Tr\u00e4dg\u00e5rd & Fritid"},"image":{"@id":"https:\/\/truusk.store\/sv\/#\/schema\/logo\/image\/"}}]}},"jetpack_sharing_enabled":true,"_links":{"self":[{"href":"https:\/\/truusk.store\/sv\/wp-json\/wp\/v2\/product\/90978","targetHints":{"allow":["GET"]}}],"collection":[{"href":"https:\/\/truusk.store\/sv\/wp-json\/wp\/v2\/product"}],"about":[{"href":"https:\/\/truusk.store\/sv\/wp-json\/wp\/v2\/types\/product"}],"wp:featuredmedia":[{"embeddable":true,"href":"https:\/\/truusk.store\/sv\/wp-json\/wp\/v2\/media\/90965"}],"wp:attachment":[{"href":"https:\/\/truusk.store\/sv\/wp-json\/wp\/v2\/media?parent=90978"}],"wp:term":[{"taxonomy":"product_brand","embeddable":true,"href":"https:\/\/truusk.store\/sv\/wp-json\/wp\/v2\/product_brand?post=90978"},{"taxonomy":"product_cat","embeddable":true,"href":"https:\/\/truusk.store\/sv\/wp-json\/wp\/v2\/product_cat?post=90978"},{"taxonomy":"product_tag","embeddable":true,"href":"https:\/\/truusk.store\/sv\/wp-json\/wp\/v2\/product_tag?post=90978"}],"curies":[{"name":"wp","href":"https:\/\/api.w.org\/{rel}","templated":true}]}}