{"id":90988,"date":"2025-09-23T05:10:57","date_gmt":"2025-09-23T04:10:57","guid":{"rendered":"https:\/\/truusk.store\/product\/metallverktygshus-281m%c2%b2-154x2065x181-cm-verktygsskjul-med-sadeltak-fundament\/"},"modified":"2026-03-12T09:46:50","modified_gmt":"2026-03-12T08:46:50","slug":"truusk-metallverktygshus-281m%c2%b2-154x2065x181-cm-verktygsskjul-med-sadeltak-fundament-2","status":"publish","type":"product","link":"https:\/\/truusk.store\/sv\/produkt\/truusk-metallverktygshus-281m%c2%b2-154x2065x181-cm-verktygsskjul-med-sadeltak-fundament-2\/","title":{"rendered":"TRUUSK Metallverktygshus 2,81m\u00b2 &#8211; 154&#215;206,5&#215;181 Cm &#8211; Verktygsskjul Med Sadeltak &#8211; Fundament"},"content":{"rendered":"<p>\u00d6ka ditt utomhusf\u00f6rvaringsutrymme med detta 7 x 5ft TRUUSK tr\u00e4dg\u00e5rdsskjul. Det galvaniserade st\u00e5lh\u00f6ljet \u00e4r robust och idealiskt f\u00f6r utomhusbruk. Ventilations\u00f6ppningar i metallskjulet s\u00e4kerst\u00e4ller frisk luft i skjulet och h\u00e5ller dina verktyg, l\u00e4ngre utrustning och en cykel utan problem.<\/p>\n<p>Beskrivning:<\/p>\n<ul>\n<li> Tv\u00e5 krokar och tv\u00e5 justerbara hyllor inuti metalltr\u00e4dg\u00e5rdsskjulet<\/li>\n<li> Lean-to-designen kan l\u00e4tt positioneras mot v\u00e4ggar<\/li>\n<li> Skjutd\u00f6rr i metallskjulet f\u00f6r enkel \u00e5tkomst<\/li>\n<li> Tv\u00e5 ventilations\u00f6ppningar f\u00f6r att sl\u00e4ppa in frisk luft<\/li>\n<li> Golvfundament ing\u00e5r s\u00e5 att dina lagrade f\u00f6rem\u00e5l inte direkt ber\u00f6r marken<\/li>\n<li> Galvaniserad st\u00e5lkonstruktion av skjulet \u00e4r robust och l\u00e4mplig f\u00f6r utomhusbruk<\/li>\n<li> Montering kr\u00e4vs. Handskar ing\u00e5r f\u00f6r montering. 2-3 personer rekommenderas f\u00f6r montering.<\/li>\n<\/ul>\n<p> Tekniska data:<\/p>\n<ul>\n<li> F\u00e4rg: Ljusgr\u00e5<\/li>\n<li> Material: Galvaniserat st\u00e5l<\/li>\n<li> Totala dimensioner: 154B x 206,5D x 160\/181H cm<\/li>\n<li> Inre dimensioner: 137B x 181D cm<\/li>\n<li> Golvomr\u00e5de: 141B x 195D cm, 2,81 m\u00b2<\/li>\n<li> D\u00f6rm\u00e5tt: 62B x 154H cm<\/li>\n<li> Ventilationsm\u00e5tt: 22,5B x 9H cm<\/li>\n<li> Storlek p\u00e5 fundament: 132B x 141D cm<\/li>\n<li> Sn\u00f6belastning: 40 kg\/m\u00b2<\/li>\n<\/ul>\n<p>Leveransinneh\u00e5ll:<\/p>\n<ul>\n<li> 1 x Tr\u00e4dg\u00e5rdsskjul<\/li>\n<li> 1 x Fundament<\/li>\n<li> 1 x Handske<\/li>\n<li> 1 x Handbok<\/li>\n<\/ul>\n","protected":false},"excerpt":{"rendered":"<p>\u00d6ka ditt utomhusf\u00f6rvaringsutrymme med detta 7 x 5ft TRUUSK tr\u00e4dg\u00e5rdsskjul. Det galvaniserade st\u00e5lh\u00f6ljet \u00e4r robust och idealiskt f\u00f6r utomhusbruk. Ventilations\u00f6ppningar&#8230;<\/p>\n","protected":false},"featured_media":90979,"template":"","meta":[],"product_brand":[],"product_cat":[901,902,858],"product_tag":[],"class_list":{"0":"post-90988","1":"product","2":"type-product","3":"status-publish","4":"has-post-thumbnail","6":"product_cat-ordning-i-tradgarden","7":"product_cat-redskapsskjul-och-redskapshus","8":"product_cat-tradgard-terrass","10":"first","11":"instock","12":"sale","13":"taxable","14":"shipping-taxable","15":"purchasable","16":"product-type-simple"},"yoast_head":"<!-- This site is optimized with the Yoast SEO plugin v25.4 - https:\/\/yoast.com\/wordpress\/plugins\/seo\/ -->\n<title>TRUUSK Metallverktygshus 2,81m\u00b2 - 154x206,5x181 Cm - Verktygsskjul Med Sadeltak - Fundament - TRUUSK - Hem, Tr\u00e4dg\u00e5rd &amp; Fritid<\/title>\n<meta name=\"robots\" content=\"index, follow, max-snippet:-1, max-image-preview:large, max-video-preview:-1\" \/>\n<link rel=\"canonical\" href=\"https:\/\/truusk.store\/sv\/produkt\/truusk-metallverktygshus-281m%c2%b2-154x2065x181-cm-verktygsskjul-med-sadeltak-fundament-2\/\" \/>\n<meta property=\"og:locale\" content=\"sv_SE\" \/>\n<meta property=\"og:type\" content=\"article\" \/>\n<meta property=\"og:title\" content=\"TRUUSK Metallverktygshus 2,81m\u00b2 - 154x206,5x181 Cm - Verktygsskjul Med Sadeltak - Fundament - TRUUSK - Hem, Tr\u00e4dg\u00e5rd &amp; Fritid\" \/>\n<meta property=\"og:description\" content=\"\u00d6ka ditt utomhusf\u00f6rvaringsutrymme med detta 7 x 5ft TRUUSK tr\u00e4dg\u00e5rdsskjul. Det galvaniserade st\u00e5lh\u00f6ljet \u00e4r robust och idealiskt f\u00f6r utomhusbruk. Ventilations\u00f6ppningar...\" \/>\n<meta property=\"og:url\" content=\"https:\/\/truusk.store\/sv\/produkt\/truusk-metallverktygshus-281m%c2%b2-154x2065x181-cm-verktygsskjul-med-sadeltak-fundament-2\/\" \/>\n<meta property=\"og:site_name\" content=\"TRUUSK - Hem, Tr\u00e4dg\u00e5rd &amp; Fritid\" \/>\n<meta property=\"article:modified_time\" content=\"2026-03-12T08:46:50+00:00\" \/>\n<meta property=\"og:image\" content=\"https:\/\/i0.wp.com\/truusk.se\/wp-content\/uploads\/2025\/09\/metallverktygshus-281mc2b2-154x2065x181-cm-verktygsskjul-med-sadeltak-fundament-1.webp?fit=2000%2C2000&ssl=1\" \/>\n\t<meta property=\"og:image:width\" content=\"2000\" \/>\n\t<meta property=\"og:image:height\" content=\"2000\" \/>\n\t<meta property=\"og:image:type\" content=\"image\/webp\" \/>\n<meta name=\"twitter:card\" content=\"summary_large_image\" \/>\n<meta name=\"twitter:label1\" content=\"Ber\u00e4knad l\u00e4stid\" \/>\n\t<meta name=\"twitter:data1\" content=\"1 minut\" \/>\n<!-- \/ Yoast SEO plugin. -->","yoast_head_json":{"title":"TRUUSK Metallverktygshus 2,81m\u00b2 - 154x206,5x181 Cm - Verktygsskjul Med Sadeltak - Fundament - TRUUSK - Hem, Tr\u00e4dg\u00e5rd &amp; Fritid","robots":{"index":"index","follow":"follow","max-snippet":"max-snippet:-1","max-image-preview":"max-image-preview:large","max-video-preview":"max-video-preview:-1"},"canonical":"https:\/\/truusk.store\/sv\/produkt\/truusk-metallverktygshus-281m%c2%b2-154x2065x181-cm-verktygsskjul-med-sadeltak-fundament-2\/","og_locale":"sv_SE","og_type":"article","og_title":"TRUUSK Metallverktygshus 2,81m\u00b2 - 154x206,5x181 Cm - Verktygsskjul Med Sadeltak - Fundament - TRUUSK - Hem, Tr\u00e4dg\u00e5rd &amp; Fritid","og_description":"\u00d6ka ditt utomhusf\u00f6rvaringsutrymme med detta 7 x 5ft TRUUSK tr\u00e4dg\u00e5rdsskjul. Det galvaniserade st\u00e5lh\u00f6ljet \u00e4r robust och idealiskt f\u00f6r utomhusbruk. Ventilations\u00f6ppningar...","og_url":"https:\/\/truusk.store\/sv\/produkt\/truusk-metallverktygshus-281m%c2%b2-154x2065x181-cm-verktygsskjul-med-sadeltak-fundament-2\/","og_site_name":"TRUUSK - Hem, Tr\u00e4dg\u00e5rd &amp; Fritid","article_modified_time":"2026-03-12T08:46:50+00:00","og_image":[{"width":2000,"height":2000,"url":"https:\/\/i0.wp.com\/truusk.se\/wp-content\/uploads\/2025\/09\/metallverktygshus-281mc2b2-154x2065x181-cm-verktygsskjul-med-sadeltak-fundament-1.webp?fit=2000%2C2000&ssl=1","type":"image\/webp"}],"twitter_card":"summary_large_image","twitter_misc":{"Ber\u00e4knad l\u00e4stid":"1 minut"},"schema":{"@context":"https:\/\/schema.org","@graph":[{"@type":"WebPage","@id":"https:\/\/truusk.store\/sv\/produkt\/truusk-metallverktygshus-281m%c2%b2-154x2065x181-cm-verktygsskjul-med-sadeltak-fundament-2\/","url":"https:\/\/truusk.store\/sv\/produkt\/truusk-metallverktygshus-281m%c2%b2-154x2065x181-cm-verktygsskjul-med-sadeltak-fundament-2\/","name":"TRUUSK Metallverktygshus 2,81m\u00b2 - 154x206,5x181 Cm - Verktygsskjul Med Sadeltak - Fundament - TRUUSK - Hem, Tr\u00e4dg\u00e5rd &amp; Fritid","isPartOf":{"@id":"https:\/\/truusk.store\/sv\/#website"},"primaryImageOfPage":{"@id":"https:\/\/truusk.store\/sv\/produkt\/truusk-metallverktygshus-281m%c2%b2-154x2065x181-cm-verktygsskjul-med-sadeltak-fundament-2\/#primaryimage"},"image":{"@id":"https:\/\/truusk.store\/sv\/produkt\/truusk-metallverktygshus-281m%c2%b2-154x2065x181-cm-verktygsskjul-med-sadeltak-fundament-2\/#primaryimage"},"thumbnailUrl":"https:\/\/i0.wp.com\/truusk.store\/wp-content\/uploads\/2025\/09\/metallverktygshus-281mc2b2-154x2065x181-cm-verktygsskjul-med-sadeltak-fundament-1.webp?fit=2000%2C2000&ssl=1","datePublished":"2025-09-23T04:10:57+00:00","dateModified":"2026-03-12T08:46:50+00:00","breadcrumb":{"@id":"https:\/\/truusk.store\/sv\/produkt\/truusk-metallverktygshus-281m%c2%b2-154x2065x181-cm-verktygsskjul-med-sadeltak-fundament-2\/#breadcrumb"},"inLanguage":"sv-SE","potentialAction":[{"@type":"ReadAction","target":["https:\/\/truusk.store\/sv\/produkt\/truusk-metallverktygshus-281m%c2%b2-154x2065x181-cm-verktygsskjul-med-sadeltak-fundament-2\/"]}]},{"@type":"ImageObject","inLanguage":"sv-SE","@id":"https:\/\/truusk.store\/sv\/produkt\/truusk-metallverktygshus-281m%c2%b2-154x2065x181-cm-verktygsskjul-med-sadeltak-fundament-2\/#primaryimage","url":"https:\/\/i0.wp.com\/truusk.store\/wp-content\/uploads\/2025\/09\/metallverktygshus-281mc2b2-154x2065x181-cm-verktygsskjul-med-sadeltak-fundament-1.webp?fit=2000%2C2000&ssl=1","contentUrl":"https:\/\/i0.wp.com\/truusk.store\/wp-content\/uploads\/2025\/09\/metallverktygshus-281mc2b2-154x2065x181-cm-verktygsskjul-med-sadeltak-fundament-1.webp?fit=2000%2C2000&ssl=1","width":2000,"height":2000},{"@type":"BreadcrumbList","@id":"https:\/\/truusk.store\/sv\/produkt\/truusk-metallverktygshus-281m%c2%b2-154x2065x181-cm-verktygsskjul-med-sadeltak-fundament-2\/#breadcrumb","itemListElement":[{"@type":"ListItem","position":1,"name":"Home","item":"https:\/\/truusk.store\/sv\/"},{"@type":"ListItem","position":2,"name":"Shop","item":"https:\/\/truusk.store\/shop\/"},{"@type":"ListItem","position":3,"name":"TRUUSK Metallverktygshus 2,81m\u00b2 &#8211; 154&#215;206,5&#215;181 Cm &#8211; Verktygsskjul Med Sadeltak &#8211; Fundament"}]},{"@type":"WebSite","@id":"https:\/\/truusk.store\/sv\/#website","url":"https:\/\/truusk.store\/sv\/","name":"TRUUSK - Hem, Tr\u00e4dg\u00e5rd & Fritid","description":"","publisher":{"@id":"https:\/\/truusk.store\/sv\/#organization"},"potentialAction":[{"@type":"SearchAction","target":{"@type":"EntryPoint","urlTemplate":"https:\/\/truusk.store\/sv\/?s={search_term_string}"},"query-input":{"@type":"PropertyValueSpecification","valueRequired":true,"valueName":"search_term_string"}}],"inLanguage":"sv-SE"},{"@type":"Organization","@id":"https:\/\/truusk.store\/sv\/#organization","name":"TRUUSK - Hem, Tr\u00e4dg\u00e5rd & Fritid","url":"https:\/\/truusk.store\/sv\/","logo":{"@type":"ImageObject","inLanguage":"sv-SE","@id":"https:\/\/truusk.store\/sv\/#\/schema\/logo\/image\/","url":"https:\/\/i0.wp.com\/truusk.store\/wp-content\/uploads\/2026\/03\/cropped-TRUUSK.png?fit=2032%2C917&ssl=1","contentUrl":"https:\/\/i0.wp.com\/truusk.store\/wp-content\/uploads\/2026\/03\/cropped-TRUUSK.png?fit=2032%2C917&ssl=1","width":2032,"height":917,"caption":"TRUUSK - Hem, Tr\u00e4dg\u00e5rd & Fritid"},"image":{"@id":"https:\/\/truusk.store\/sv\/#\/schema\/logo\/image\/"}}]}},"jetpack_sharing_enabled":true,"_links":{"self":[{"href":"https:\/\/truusk.store\/sv\/wp-json\/wp\/v2\/product\/90988","targetHints":{"allow":["GET"]}}],"collection":[{"href":"https:\/\/truusk.store\/sv\/wp-json\/wp\/v2\/product"}],"about":[{"href":"https:\/\/truusk.store\/sv\/wp-json\/wp\/v2\/types\/product"}],"wp:featuredmedia":[{"embeddable":true,"href":"https:\/\/truusk.store\/sv\/wp-json\/wp\/v2\/media\/90979"}],"wp:attachment":[{"href":"https:\/\/truusk.store\/sv\/wp-json\/wp\/v2\/media?parent=90988"}],"wp:term":[{"taxonomy":"product_brand","embeddable":true,"href":"https:\/\/truusk.store\/sv\/wp-json\/wp\/v2\/product_brand?post=90988"},{"taxonomy":"product_cat","embeddable":true,"href":"https:\/\/truusk.store\/sv\/wp-json\/wp\/v2\/product_cat?post=90988"},{"taxonomy":"product_tag","embeddable":true,"href":"https:\/\/truusk.store\/sv\/wp-json\/wp\/v2\/product_tag?post=90988"}],"curies":[{"name":"wp","href":"https:\/\/api.w.org\/{rel}","templated":true}]}}