{"id":91088,"date":"2025-09-23T05:21:15","date_gmt":"2025-09-23T04:21:15","guid":{"rendered":"https:\/\/truusk.store\/product\/sminkbord-med-justerbar-led-spegel-uttag-6-lador-2-oppna-hyllor-vit\/"},"modified":"2026-03-12T08:45:19","modified_gmt":"2026-03-12T07:45:19","slug":"truusk-sminkbord-med-justerbar-led-spegel-6-lador-2-oppna-hyllor-vit","status":"publish","type":"product","link":"https:\/\/truusk.store\/sv\/produkt\/truusk-sminkbord-med-justerbar-led-spegel-6-lador-2-oppna-hyllor-vit\/","title":{"rendered":"TRUUSK Sminkbord med Justerbar LED-spegel &#8211; 6 L\u00e5dor &#8211; 2 \u00f6ppna Hyllor &#8211; Vit"},"content":{"rendered":"<p>St\u00f6rd av stressiga morgnar med d\u00e5lig belysning och trassliga kablar? TRUUSK sminkbordet f\u00f6rvandlar dagligt kaos till en avkopplande ritual. Det justerbara LED-speglarna p\u00e5 sminkbordet ger optimal belysning n\u00e4r du sminkar dig, medan den inbyggda laddningsstationen h\u00e5ller dina enheter redo att anv\u00e4nda. Tack vare gott om utrymme i sex l\u00e5dor och tv\u00e5 \u00f6ppna fack har varje kosmetikaprodukt sin plats, vilket g\u00f6r din morgon l\u00e4ttare och lugnare.<\/p>\n<p>Beskrivning:<\/p>\n<ul>\n<li> LED-spegel med tre f\u00e4rgtemperaturer f\u00f6r optimal belysning<\/li>\n<li> Tv\u00e5 v\u00e4xelstr\u00f6msuttag och tv\u00e5 USB-portar p\u00e5 sminkbordet ger str\u00f6m till dina enheter och stylingverktyg<\/li>\n<li> Erbjuder gener\u00f6st f\u00f6rvaringsutrymme med sex l\u00e5dor och tv\u00e5 \u00f6ppna fack<\/li>\n<li> Tyst och mjuk \u00f6ppning av l\u00e5dorna tack vare soft-close-skenor<\/li>\n<li> Fyra installationsm\u00f6jligheter f\u00f6r sminkbordet g\u00f6r att du kan v\u00e4lja den inredning som passar dina behov<\/li>\n<li> Kipps\u00e4kringar och halkfria fotdynor ger extra stabilitet<\/li>\n<li> Montering kr\u00e4vs<\/li>\n<\/ul>\n<p> Tekniska data:<\/p>\n<ul>\n<li> F\u00e4rg: Vit<\/li>\n<li> Material: MDF, Glas, Aluminium<\/li>\n<li> Totala dimensioner: 118B x 78T x 135H cm<\/li>\n<li> Spegelstorlek: 90B x 60H cm<\/li>\n<li> Bordsskivans storlek: 90B x 36,5T x 75H cm<\/li>\n<li> Inre m\u00e5tt p\u00e5 l\u00e5dan: 31,5B x 28,8T x 10,5H cm<\/li>\n<li> Storlek p\u00e5 \u00f6ppen hylla: 34,6B x 12,8T x 28,4H cm<\/li>\n<li> LED-ljus f\u00e4rgtemperatur: 6500K\/4500K\/3000K<\/li>\n<li> Sp\u00e4nning: 250V 16A (ing\u00e5ngssp\u00e4nning), 230V 16A (utg\u00e5ngssp\u00e4nning)<\/li>\n<li> USB-port: 5V, 2A<\/li>\n<li> Kabell\u00e4ngd: 1,5 m<\/li>\n<li> Belastningskapacitet: 60 kg (totalt), 15 kg (per bordsskiva), 3 kg (l\u00e5da\/hylla)<\/li>\n<\/ul>\n<p>Leveransinneh\u00e5ll:<\/p>\n<ul>\n<li> 1 x Sminkbord<\/li>\n<li> 1 x Bruksanvisning<\/li>\n<\/ul>\n","protected":false},"excerpt":{"rendered":"<p>St\u00f6rd av stressiga morgnar med d\u00e5lig belysning och trassliga kablar? TRUUSK sminkbordet f\u00f6rvandlar dagligt kaos till en avkopplande ritual. Det&#8230;<\/p>\n","protected":false},"featured_media":91079,"template":"","meta":[],"product_brand":[],"product_cat":[871,504,897],"product_tag":[],"class_list":{"0":"post-91088","1":"product","2":"type-product","3":"status-publish","4":"has-post-thumbnail","6":"product_cat-hus-hem","7":"product_cat-sminkbord-speglar","8":"product_cat-sovrum","10":"first","11":"instock","12":"sale","13":"taxable","14":"shipping-taxable","15":"purchasable","16":"product-type-simple"},"yoast_head":"<!-- This site is optimized with the Yoast SEO plugin v25.4 - https:\/\/yoast.com\/wordpress\/plugins\/seo\/ -->\n<title>TRUUSK Sminkbord med Justerbar LED-spegel - 6 L\u00e5dor - 2 \u00f6ppna Hyllor - Vit - TRUUSK - Hem, Tr\u00e4dg\u00e5rd &amp; Fritid<\/title>\n<meta name=\"robots\" content=\"index, follow, max-snippet:-1, max-image-preview:large, max-video-preview:-1\" \/>\n<link rel=\"canonical\" href=\"https:\/\/truusk.store\/sv\/produkt\/truusk-sminkbord-med-justerbar-led-spegel-6-lador-2-oppna-hyllor-vit\/\" \/>\n<meta property=\"og:locale\" content=\"sv_SE\" \/>\n<meta property=\"og:type\" content=\"article\" \/>\n<meta property=\"og:title\" content=\"TRUUSK Sminkbord med Justerbar LED-spegel - 6 L\u00e5dor - 2 \u00f6ppna Hyllor - Vit - TRUUSK - Hem, Tr\u00e4dg\u00e5rd &amp; Fritid\" \/>\n<meta property=\"og:description\" content=\"St\u00f6rd av stressiga morgnar med d\u00e5lig belysning och trassliga kablar? TRUUSK sminkbordet f\u00f6rvandlar dagligt kaos till en avkopplande ritual. Det...\" \/>\n<meta property=\"og:url\" content=\"https:\/\/truusk.store\/sv\/produkt\/truusk-sminkbord-med-justerbar-led-spegel-6-lador-2-oppna-hyllor-vit\/\" \/>\n<meta property=\"og:site_name\" content=\"TRUUSK - Hem, Tr\u00e4dg\u00e5rd &amp; Fritid\" \/>\n<meta property=\"article:modified_time\" content=\"2026-03-12T07:45:19+00:00\" \/>\n<meta property=\"og:image\" content=\"https:\/\/i0.wp.com\/truusk.se\/wp-content\/uploads\/2025\/09\/sminkbord-med-justerbar-led-spegel-uttag-6-lador-2-oppna-hyllor-vit-1.webp?fit=2000%2C2000&ssl=1\" \/>\n\t<meta property=\"og:image:width\" content=\"2000\" \/>\n\t<meta property=\"og:image:height\" content=\"2000\" \/>\n\t<meta property=\"og:image:type\" content=\"image\/webp\" \/>\n<meta name=\"twitter:card\" content=\"summary_large_image\" \/>\n<meta name=\"twitter:label1\" content=\"Ber\u00e4knad l\u00e4stid\" \/>\n\t<meta name=\"twitter:data1\" content=\"1 minut\" \/>\n<!-- \/ Yoast SEO plugin. -->","yoast_head_json":{"title":"TRUUSK Sminkbord med Justerbar LED-spegel - 6 L\u00e5dor - 2 \u00f6ppna Hyllor - Vit - TRUUSK - Hem, Tr\u00e4dg\u00e5rd &amp; Fritid","robots":{"index":"index","follow":"follow","max-snippet":"max-snippet:-1","max-image-preview":"max-image-preview:large","max-video-preview":"max-video-preview:-1"},"canonical":"https:\/\/truusk.store\/sv\/produkt\/truusk-sminkbord-med-justerbar-led-spegel-6-lador-2-oppna-hyllor-vit\/","og_locale":"sv_SE","og_type":"article","og_title":"TRUUSK Sminkbord med Justerbar LED-spegel - 6 L\u00e5dor - 2 \u00f6ppna Hyllor - Vit - TRUUSK - Hem, Tr\u00e4dg\u00e5rd &amp; Fritid","og_description":"St\u00f6rd av stressiga morgnar med d\u00e5lig belysning och trassliga kablar? TRUUSK sminkbordet f\u00f6rvandlar dagligt kaos till en avkopplande ritual. Det...","og_url":"https:\/\/truusk.store\/sv\/produkt\/truusk-sminkbord-med-justerbar-led-spegel-6-lador-2-oppna-hyllor-vit\/","og_site_name":"TRUUSK - Hem, Tr\u00e4dg\u00e5rd &amp; Fritid","article_modified_time":"2026-03-12T07:45:19+00:00","og_image":[{"width":2000,"height":2000,"url":"https:\/\/i0.wp.com\/truusk.se\/wp-content\/uploads\/2025\/09\/sminkbord-med-justerbar-led-spegel-uttag-6-lador-2-oppna-hyllor-vit-1.webp?fit=2000%2C2000&ssl=1","type":"image\/webp"}],"twitter_card":"summary_large_image","twitter_misc":{"Ber\u00e4knad l\u00e4stid":"1 minut"},"schema":{"@context":"https:\/\/schema.org","@graph":[{"@type":"WebPage","@id":"https:\/\/truusk.store\/sv\/produkt\/truusk-sminkbord-med-justerbar-led-spegel-6-lador-2-oppna-hyllor-vit\/","url":"https:\/\/truusk.store\/sv\/produkt\/truusk-sminkbord-med-justerbar-led-spegel-6-lador-2-oppna-hyllor-vit\/","name":"TRUUSK Sminkbord med Justerbar LED-spegel - 6 L\u00e5dor - 2 \u00f6ppna Hyllor - Vit - TRUUSK - Hem, Tr\u00e4dg\u00e5rd &amp; Fritid","isPartOf":{"@id":"https:\/\/truusk.store\/sv\/#website"},"primaryImageOfPage":{"@id":"https:\/\/truusk.store\/sv\/produkt\/truusk-sminkbord-med-justerbar-led-spegel-6-lador-2-oppna-hyllor-vit\/#primaryimage"},"image":{"@id":"https:\/\/truusk.store\/sv\/produkt\/truusk-sminkbord-med-justerbar-led-spegel-6-lador-2-oppna-hyllor-vit\/#primaryimage"},"thumbnailUrl":"https:\/\/i0.wp.com\/truusk.store\/wp-content\/uploads\/2025\/09\/sminkbord-med-justerbar-led-spegel-uttag-6-lador-2-oppna-hyllor-vit-1.webp?fit=2000%2C2000&ssl=1","datePublished":"2025-09-23T04:21:15+00:00","dateModified":"2026-03-12T07:45:19+00:00","breadcrumb":{"@id":"https:\/\/truusk.store\/sv\/produkt\/truusk-sminkbord-med-justerbar-led-spegel-6-lador-2-oppna-hyllor-vit\/#breadcrumb"},"inLanguage":"sv-SE","potentialAction":[{"@type":"ReadAction","target":["https:\/\/truusk.store\/sv\/produkt\/truusk-sminkbord-med-justerbar-led-spegel-6-lador-2-oppna-hyllor-vit\/"]}]},{"@type":"ImageObject","inLanguage":"sv-SE","@id":"https:\/\/truusk.store\/sv\/produkt\/truusk-sminkbord-med-justerbar-led-spegel-6-lador-2-oppna-hyllor-vit\/#primaryimage","url":"https:\/\/i0.wp.com\/truusk.store\/wp-content\/uploads\/2025\/09\/sminkbord-med-justerbar-led-spegel-uttag-6-lador-2-oppna-hyllor-vit-1.webp?fit=2000%2C2000&ssl=1","contentUrl":"https:\/\/i0.wp.com\/truusk.store\/wp-content\/uploads\/2025\/09\/sminkbord-med-justerbar-led-spegel-uttag-6-lador-2-oppna-hyllor-vit-1.webp?fit=2000%2C2000&ssl=1","width":2000,"height":2000},{"@type":"BreadcrumbList","@id":"https:\/\/truusk.store\/sv\/produkt\/truusk-sminkbord-med-justerbar-led-spegel-6-lador-2-oppna-hyllor-vit\/#breadcrumb","itemListElement":[{"@type":"ListItem","position":1,"name":"Home","item":"https:\/\/truusk.store\/sv\/"},{"@type":"ListItem","position":2,"name":"Shop","item":"https:\/\/truusk.store\/shop\/"},{"@type":"ListItem","position":3,"name":"TRUUSK Sminkbord med Justerbar LED-spegel &#8211; 6 L\u00e5dor &#8211; 2 \u00f6ppna Hyllor &#8211; Vit"}]},{"@type":"WebSite","@id":"https:\/\/truusk.store\/sv\/#website","url":"https:\/\/truusk.store\/sv\/","name":"TRUUSK - Hem, Tr\u00e4dg\u00e5rd & Fritid","description":"","publisher":{"@id":"https:\/\/truusk.store\/sv\/#organization"},"potentialAction":[{"@type":"SearchAction","target":{"@type":"EntryPoint","urlTemplate":"https:\/\/truusk.store\/sv\/?s={search_term_string}"},"query-input":{"@type":"PropertyValueSpecification","valueRequired":true,"valueName":"search_term_string"}}],"inLanguage":"sv-SE"},{"@type":"Organization","@id":"https:\/\/truusk.store\/sv\/#organization","name":"TRUUSK - Hem, Tr\u00e4dg\u00e5rd & Fritid","url":"https:\/\/truusk.store\/sv\/","logo":{"@type":"ImageObject","inLanguage":"sv-SE","@id":"https:\/\/truusk.store\/sv\/#\/schema\/logo\/image\/","url":"https:\/\/i0.wp.com\/truusk.store\/wp-content\/uploads\/2026\/03\/cropped-TRUUSK.png?fit=2032%2C917&ssl=1","contentUrl":"https:\/\/i0.wp.com\/truusk.store\/wp-content\/uploads\/2026\/03\/cropped-TRUUSK.png?fit=2032%2C917&ssl=1","width":2032,"height":917,"caption":"TRUUSK - Hem, Tr\u00e4dg\u00e5rd & Fritid"},"image":{"@id":"https:\/\/truusk.store\/sv\/#\/schema\/logo\/image\/"}}]}},"jetpack_sharing_enabled":true,"_links":{"self":[{"href":"https:\/\/truusk.store\/sv\/wp-json\/wp\/v2\/product\/91088","targetHints":{"allow":["GET"]}}],"collection":[{"href":"https:\/\/truusk.store\/sv\/wp-json\/wp\/v2\/product"}],"about":[{"href":"https:\/\/truusk.store\/sv\/wp-json\/wp\/v2\/types\/product"}],"wp:featuredmedia":[{"embeddable":true,"href":"https:\/\/truusk.store\/sv\/wp-json\/wp\/v2\/media\/91079"}],"wp:attachment":[{"href":"https:\/\/truusk.store\/sv\/wp-json\/wp\/v2\/media?parent=91088"}],"wp:term":[{"taxonomy":"product_brand","embeddable":true,"href":"https:\/\/truusk.store\/sv\/wp-json\/wp\/v2\/product_brand?post=91088"},{"taxonomy":"product_cat","embeddable":true,"href":"https:\/\/truusk.store\/sv\/wp-json\/wp\/v2\/product_cat?post=91088"},{"taxonomy":"product_tag","embeddable":true,"href":"https:\/\/truusk.store\/sv\/wp-json\/wp\/v2\/product_tag?post=91088"}],"curies":[{"name":"wp","href":"https:\/\/api.w.org\/{rel}","templated":true}]}}