{"id":91128,"date":"2025-09-23T05:24:18","date_gmt":"2025-09-23T04:24:18","guid":{"rendered":"https:\/\/truusk.store\/product\/enkelsangsram-tra-sangram-underliggande-forvaringsutrymme-naturligt-tra-vit\/"},"modified":"2026-03-12T08:45:28","modified_gmt":"2026-03-12T07:45:28","slug":"truusk-enkelsangsram-tra-sangram-underliggande-forvaringsutrymme-naturligt-tra-vit","status":"publish","type":"product","link":"https:\/\/truusk.store\/sv\/produkt\/truusk-enkelsangsram-tra-sangram-underliggande-forvaringsutrymme-naturligt-tra-vit\/","title":{"rendered":"TRUUSK Enkels\u00e4ngsram &#8211; Tr\u00e4 S\u00e4ngram &#8211; Underliggande F\u00f6rvaringsutrymme &#8211; Naturligt Tr\u00e4 &#8211; Vit"},"content":{"rendered":"<p>St\u00f6rd av en knarrande, vacklande s\u00e4ngstomme som f\u00f6rst\u00f6r din s\u00f6mn och ett kyligt sovrum? Det nattliga knarrandet och den enkla looken stj\u00e4l din s\u00f6mn. TRUUSK s\u00e4ngstommen med solid furubotten ger en fast s\u00f6mn och omvandlar ditt rum till en mysig, modern oas med sin klassiska tr\u00e4- och vitdesign.<\/p>\n<p>Beskrivning:<\/p>\n<ul>\n<li> Tillverkad av massivt furutr\u00e4, b\u00e4r upp till 120 kg<\/li>\n<li> Njut av en lugn natt tack vare fast skruvade tr\u00e4ribbor<\/li>\n<li> Naturlig tr\u00e4effekt och vit ram p\u00e5 s\u00e4ngen skapar ett varmt utseende<\/li>\n<li> Erbjuder mycket f\u00f6rvaringsutrymme med 23 cm utrymme under s\u00e4ngen<\/li>\n<li> Inb\u00e4ddad design av tr\u00e4b\u00e4dden h\u00e5ller din madrass s\u00e4kert p\u00e5 plats f\u00f6r att f\u00f6rhindra att den glider<\/li>\n<li> Enkel montering, ingen boxspring s\u00e4ng kr\u00e4vs<\/li>\n<\/ul>\n<p> Tekniska data:<\/p>\n<ul>\n<li> F\u00e4rg: Naturtr\u00e4+Vit<\/li>\n<li> Material: Furutr\u00e4<\/li>\n<li> Totala dimensioner: 210L x 98B x 82H cm<\/li>\n<li> Huvudgavelsstorlek: 98B x 82H cm<\/li>\n<li> Fot\u00e4ndsstorlek: 98B x 62H cm<\/li>\n<li> Rekommenderad madrassstorlek: 90L x 200B cm<\/li>\n<li> Utrymme under s\u00e4ngen: 23 cm<\/li>\n<li> Maximal belastning: 120 kg<\/li>\n<\/ul>\n<p>Leveransinneh\u00e5ll:<\/p>\n<ul>\n<li> 1 x S\u00e4ngstomme<\/li>\n<li> 1 x Handbok<\/li>\n<\/ul>\n","protected":false},"excerpt":{"rendered":"<p>St\u00f6rd av en knarrande, vacklande s\u00e4ngstomme som f\u00f6rst\u00f6r din s\u00f6mn och ett kyligt sovrum? Det nattliga knarrandet och den enkla&#8230;<\/p>\n","protected":false},"featured_media":91116,"template":"","meta":[],"product_brand":[],"product_cat":[1027,871,494,897],"product_tag":[],"class_list":{"0":"post-91128","1":"product","2":"type-product","3":"status-publish","4":"has-post-thumbnail","6":"product_cat-bettzubehor","7":"product_cat-hus-hem","8":"product_cat-sangar","9":"product_cat-sovrum","11":"first","12":"instock","13":"sale","14":"taxable","15":"shipping-taxable","16":"purchasable","17":"product-type-simple"},"yoast_head":"<!-- This site is optimized with the Yoast SEO plugin v25.4 - https:\/\/yoast.com\/wordpress\/plugins\/seo\/ -->\n<title>TRUUSK Enkels\u00e4ngsram - Tr\u00e4 S\u00e4ngram - Underliggande F\u00f6rvaringsutrymme - Naturligt Tr\u00e4 - Vit - TRUUSK - Hem, Tr\u00e4dg\u00e5rd &amp; Fritid<\/title>\n<meta name=\"robots\" content=\"index, follow, max-snippet:-1, max-image-preview:large, max-video-preview:-1\" \/>\n<link rel=\"canonical\" href=\"https:\/\/truusk.store\/sv\/produkt\/truusk-enkelsangsram-tra-sangram-underliggande-forvaringsutrymme-naturligt-tra-vit\/\" \/>\n<meta property=\"og:locale\" content=\"sv_SE\" \/>\n<meta property=\"og:type\" content=\"article\" \/>\n<meta property=\"og:title\" content=\"TRUUSK Enkels\u00e4ngsram - Tr\u00e4 S\u00e4ngram - Underliggande F\u00f6rvaringsutrymme - Naturligt Tr\u00e4 - Vit - TRUUSK - Hem, Tr\u00e4dg\u00e5rd &amp; Fritid\" \/>\n<meta property=\"og:description\" content=\"St\u00f6rd av en knarrande, vacklande s\u00e4ngstomme som f\u00f6rst\u00f6r din s\u00f6mn och ett kyligt sovrum? Det nattliga knarrandet och den enkla...\" \/>\n<meta property=\"og:url\" content=\"https:\/\/truusk.store\/sv\/produkt\/truusk-enkelsangsram-tra-sangram-underliggande-forvaringsutrymme-naturligt-tra-vit\/\" \/>\n<meta property=\"og:site_name\" content=\"TRUUSK - Hem, Tr\u00e4dg\u00e5rd &amp; Fritid\" \/>\n<meta property=\"article:modified_time\" content=\"2026-03-12T07:45:28+00:00\" \/>\n<meta property=\"og:image\" content=\"https:\/\/i0.wp.com\/truusk.se\/wp-content\/uploads\/2025\/09\/enkelsangsram-tra-sangram-underliggande-forvaringsutrymme-naturligt-tra-vit-1.webp?fit=2000%2C2000&ssl=1\" \/>\n\t<meta property=\"og:image:width\" content=\"2000\" \/>\n\t<meta property=\"og:image:height\" content=\"2000\" \/>\n\t<meta property=\"og:image:type\" content=\"image\/webp\" \/>\n<meta name=\"twitter:card\" content=\"summary_large_image\" \/>\n<meta name=\"twitter:label1\" content=\"Ber\u00e4knad l\u00e4stid\" \/>\n\t<meta name=\"twitter:data1\" content=\"1 minut\" \/>\n<!-- \/ Yoast SEO plugin. -->","yoast_head_json":{"title":"TRUUSK Enkels\u00e4ngsram - Tr\u00e4 S\u00e4ngram - Underliggande F\u00f6rvaringsutrymme - Naturligt Tr\u00e4 - Vit - TRUUSK - Hem, Tr\u00e4dg\u00e5rd &amp; Fritid","robots":{"index":"index","follow":"follow","max-snippet":"max-snippet:-1","max-image-preview":"max-image-preview:large","max-video-preview":"max-video-preview:-1"},"canonical":"https:\/\/truusk.store\/sv\/produkt\/truusk-enkelsangsram-tra-sangram-underliggande-forvaringsutrymme-naturligt-tra-vit\/","og_locale":"sv_SE","og_type":"article","og_title":"TRUUSK Enkels\u00e4ngsram - Tr\u00e4 S\u00e4ngram - Underliggande F\u00f6rvaringsutrymme - Naturligt Tr\u00e4 - Vit - TRUUSK - Hem, Tr\u00e4dg\u00e5rd &amp; Fritid","og_description":"St\u00f6rd av en knarrande, vacklande s\u00e4ngstomme som f\u00f6rst\u00f6r din s\u00f6mn och ett kyligt sovrum? Det nattliga knarrandet och den enkla...","og_url":"https:\/\/truusk.store\/sv\/produkt\/truusk-enkelsangsram-tra-sangram-underliggande-forvaringsutrymme-naturligt-tra-vit\/","og_site_name":"TRUUSK - Hem, Tr\u00e4dg\u00e5rd &amp; Fritid","article_modified_time":"2026-03-12T07:45:28+00:00","og_image":[{"width":2000,"height":2000,"url":"https:\/\/i0.wp.com\/truusk.se\/wp-content\/uploads\/2025\/09\/enkelsangsram-tra-sangram-underliggande-forvaringsutrymme-naturligt-tra-vit-1.webp?fit=2000%2C2000&ssl=1","type":"image\/webp"}],"twitter_card":"summary_large_image","twitter_misc":{"Ber\u00e4knad l\u00e4stid":"1 minut"},"schema":{"@context":"https:\/\/schema.org","@graph":[{"@type":"WebPage","@id":"https:\/\/truusk.store\/sv\/produkt\/truusk-enkelsangsram-tra-sangram-underliggande-forvaringsutrymme-naturligt-tra-vit\/","url":"https:\/\/truusk.store\/sv\/produkt\/truusk-enkelsangsram-tra-sangram-underliggande-forvaringsutrymme-naturligt-tra-vit\/","name":"TRUUSK Enkels\u00e4ngsram - Tr\u00e4 S\u00e4ngram - Underliggande F\u00f6rvaringsutrymme - Naturligt Tr\u00e4 - Vit - TRUUSK - Hem, Tr\u00e4dg\u00e5rd &amp; Fritid","isPartOf":{"@id":"https:\/\/truusk.store\/sv\/#website"},"primaryImageOfPage":{"@id":"https:\/\/truusk.store\/sv\/produkt\/truusk-enkelsangsram-tra-sangram-underliggande-forvaringsutrymme-naturligt-tra-vit\/#primaryimage"},"image":{"@id":"https:\/\/truusk.store\/sv\/produkt\/truusk-enkelsangsram-tra-sangram-underliggande-forvaringsutrymme-naturligt-tra-vit\/#primaryimage"},"thumbnailUrl":"https:\/\/i0.wp.com\/truusk.store\/wp-content\/uploads\/2025\/09\/enkelsangsram-tra-sangram-underliggande-forvaringsutrymme-naturligt-tra-vit-1.webp?fit=2000%2C2000&ssl=1","datePublished":"2025-09-23T04:24:18+00:00","dateModified":"2026-03-12T07:45:28+00:00","breadcrumb":{"@id":"https:\/\/truusk.store\/sv\/produkt\/truusk-enkelsangsram-tra-sangram-underliggande-forvaringsutrymme-naturligt-tra-vit\/#breadcrumb"},"inLanguage":"sv-SE","potentialAction":[{"@type":"ReadAction","target":["https:\/\/truusk.store\/sv\/produkt\/truusk-enkelsangsram-tra-sangram-underliggande-forvaringsutrymme-naturligt-tra-vit\/"]}]},{"@type":"ImageObject","inLanguage":"sv-SE","@id":"https:\/\/truusk.store\/sv\/produkt\/truusk-enkelsangsram-tra-sangram-underliggande-forvaringsutrymme-naturligt-tra-vit\/#primaryimage","url":"https:\/\/i0.wp.com\/truusk.store\/wp-content\/uploads\/2025\/09\/enkelsangsram-tra-sangram-underliggande-forvaringsutrymme-naturligt-tra-vit-1.webp?fit=2000%2C2000&ssl=1","contentUrl":"https:\/\/i0.wp.com\/truusk.store\/wp-content\/uploads\/2025\/09\/enkelsangsram-tra-sangram-underliggande-forvaringsutrymme-naturligt-tra-vit-1.webp?fit=2000%2C2000&ssl=1","width":2000,"height":2000},{"@type":"BreadcrumbList","@id":"https:\/\/truusk.store\/sv\/produkt\/truusk-enkelsangsram-tra-sangram-underliggande-forvaringsutrymme-naturligt-tra-vit\/#breadcrumb","itemListElement":[{"@type":"ListItem","position":1,"name":"Home","item":"https:\/\/truusk.store\/sv\/"},{"@type":"ListItem","position":2,"name":"Shop","item":"https:\/\/truusk.store\/shop\/"},{"@type":"ListItem","position":3,"name":"TRUUSK Enkels\u00e4ngsram &#8211; Tr\u00e4 S\u00e4ngram &#8211; Underliggande F\u00f6rvaringsutrymme &#8211; Naturligt Tr\u00e4 &#8211; Vit"}]},{"@type":"WebSite","@id":"https:\/\/truusk.store\/sv\/#website","url":"https:\/\/truusk.store\/sv\/","name":"TRUUSK - Hem, Tr\u00e4dg\u00e5rd & Fritid","description":"","publisher":{"@id":"https:\/\/truusk.store\/sv\/#organization"},"potentialAction":[{"@type":"SearchAction","target":{"@type":"EntryPoint","urlTemplate":"https:\/\/truusk.store\/sv\/?s={search_term_string}"},"query-input":{"@type":"PropertyValueSpecification","valueRequired":true,"valueName":"search_term_string"}}],"inLanguage":"sv-SE"},{"@type":"Organization","@id":"https:\/\/truusk.store\/sv\/#organization","name":"TRUUSK - Hem, Tr\u00e4dg\u00e5rd & Fritid","url":"https:\/\/truusk.store\/sv\/","logo":{"@type":"ImageObject","inLanguage":"sv-SE","@id":"https:\/\/truusk.store\/sv\/#\/schema\/logo\/image\/","url":"https:\/\/i0.wp.com\/truusk.store\/wp-content\/uploads\/2026\/03\/cropped-TRUUSK.png?fit=2032%2C917&ssl=1","contentUrl":"https:\/\/i0.wp.com\/truusk.store\/wp-content\/uploads\/2026\/03\/cropped-TRUUSK.png?fit=2032%2C917&ssl=1","width":2032,"height":917,"caption":"TRUUSK - Hem, Tr\u00e4dg\u00e5rd & Fritid"},"image":{"@id":"https:\/\/truusk.store\/sv\/#\/schema\/logo\/image\/"}}]}},"jetpack_sharing_enabled":true,"_links":{"self":[{"href":"https:\/\/truusk.store\/sv\/wp-json\/wp\/v2\/product\/91128","targetHints":{"allow":["GET"]}}],"collection":[{"href":"https:\/\/truusk.store\/sv\/wp-json\/wp\/v2\/product"}],"about":[{"href":"https:\/\/truusk.store\/sv\/wp-json\/wp\/v2\/types\/product"}],"wp:featuredmedia":[{"embeddable":true,"href":"https:\/\/truusk.store\/sv\/wp-json\/wp\/v2\/media\/91116"}],"wp:attachment":[{"href":"https:\/\/truusk.store\/sv\/wp-json\/wp\/v2\/media?parent=91128"}],"wp:term":[{"taxonomy":"product_brand","embeddable":true,"href":"https:\/\/truusk.store\/sv\/wp-json\/wp\/v2\/product_brand?post=91128"},{"taxonomy":"product_cat","embeddable":true,"href":"https:\/\/truusk.store\/sv\/wp-json\/wp\/v2\/product_cat?post=91128"},{"taxonomy":"product_tag","embeddable":true,"href":"https:\/\/truusk.store\/sv\/wp-json\/wp\/v2\/product_tag?post=91128"}],"curies":[{"name":"wp","href":"https:\/\/api.w.org\/{rel}","templated":true}]}}