{"id":91148,"date":"2025-09-23T05:26:24","date_gmt":"2025-09-23T04:26:24","guid":{"rendered":"https:\/\/truusk.store\/product\/halloween-krans-skrammande-pumpadesign-hostlov-ljuseffekter-plast\/"},"modified":"2026-03-12T08:46:13","modified_gmt":"2026-03-12T07:46:13","slug":"truusk-halloween-krans-skrammande-pumpadesign-hostlov-ljuseffekter-plast-for-festlig-dekoration-svart","status":"publish","type":"product","link":"https:\/\/truusk.store\/sv\/produkt\/truusk-halloween-krans-skrammande-pumpadesign-hostlov-ljuseffekter-plast-for-festlig-dekoration-svart\/","title":{"rendered":"TRUUSK Halloween-krans &#8211; Skr\u00e4mmande Pumpadesign &#8211; H\u00f6stl\u00f6v &#8211; Ljuseffekter &#8211; Plast &#8211; F\u00f6r Festlig Dekoration &#8211; Svart"},"content":{"rendered":"<p>Tr\u00f6tt p\u00e5 tr\u00e5kiga Halloween-dekorationer utan effekt? Traditionella smycken missar ofta den skr\u00e4mmande st\u00e4mningen. F\u00f6rb\u00e4ttra din Halloween-upplevelse med TRUUSK h\u00e4ngande pumpakrans. Utrustad med 44 LED-lampor som flimrar som flammor, kastar denna f\u00e4rgglada krans ett sp\u00f6klikt sken och skapar en f\u00e4ngslande, skr\u00e4mmande atmosf\u00e4r som imponerar p\u00e5 dina g\u00e4ster och g\u00f6r Halloween of\u00f6rgl\u00f6mlig.<\/p>\n<p>Beskrivning:<\/p>\n<ul>\n<li> Ett grimmigt pumpaansikte, omgivet av h\u00f6stl\u00f6v, bildar en skr\u00e4mmande mittpunkt i din dekoration<\/li>\n<li> Dynamiska ljuseffekter av Halloween-dekorationen skapar en uppslukande, skr\u00e4mmande Halloween-atmosf\u00e4r<\/li>\n<li> Tillverkad av robusta, h\u00e5llbara material, Halloween \u00f6verlever dekoration m\u00e5nga Halloween-fester<\/li>\n<li> Ingen montering kr\u00e4vs och drivs med batteri f\u00f6r en snabb, enkel uppbyggnad av Halloween-scenen<\/li>\n<\/ul>\n<p> Tekniska data:<\/p>\n<ul>\n<li> F\u00e4rg: Orange<\/li>\n<li> Material: St\u00e5l, polyesterfiber, skumremsor, plast<\/li>\n<li> Totala dimensioner: 44B x 9T x 44H cm<\/li>\n<li> Batteri: 3 x AAA-batterier (ing\u00e5r ej)<\/li>\n<\/ul>\n<p>Leveransinneh\u00e5ll:<\/p>\n<ul>\n<li> 1 x Halloween pumpakrans<\/li>\n<li> 1 x Bruksanvisning<\/li>\n<\/ul>\n","protected":false},"excerpt":{"rendered":"<p>Tr\u00f6tt p\u00e5 tr\u00e5kiga Halloween-dekorationer utan effekt? Traditionella smycken missar ofta den skr\u00e4mmande st\u00e4mningen. F\u00f6rb\u00e4ttra din Halloween-upplevelse med TRUUSK h\u00e4ngande pumpakrans&#8230;.<\/p>\n","protected":false},"featured_media":91138,"template":"","meta":[],"product_brand":[],"product_cat":[719,1079],"product_tag":[],"class_list":{"0":"post-91148","1":"product","2":"type-product","3":"status-publish","4":"has-post-thumbnail","6":"product_cat-halloween","7":"product_cat-halloween-uppblasbar-dekoration","9":"first","10":"instock","11":"sale","12":"taxable","13":"shipping-taxable","14":"purchasable","15":"product-type-simple"},"yoast_head":"<!-- This site is optimized with the Yoast SEO plugin v25.4 - https:\/\/yoast.com\/wordpress\/plugins\/seo\/ -->\n<title>TRUUSK Halloween-krans - Skr\u00e4mmande Pumpadesign - H\u00f6stl\u00f6v - Ljuseffekter - Plast - F\u00f6r Festlig Dekoration - Svart - TRUUSK - Hem, Tr\u00e4dg\u00e5rd &amp; Fritid<\/title>\n<meta name=\"robots\" content=\"index, follow, max-snippet:-1, max-image-preview:large, max-video-preview:-1\" \/>\n<link rel=\"canonical\" href=\"https:\/\/truusk.store\/sv\/produkt\/truusk-halloween-krans-skrammande-pumpadesign-hostlov-ljuseffekter-plast-for-festlig-dekoration-svart\/\" \/>\n<meta property=\"og:locale\" content=\"sv_SE\" \/>\n<meta property=\"og:type\" content=\"article\" \/>\n<meta property=\"og:title\" content=\"TRUUSK Halloween-krans - Skr\u00e4mmande Pumpadesign - H\u00f6stl\u00f6v - Ljuseffekter - Plast - F\u00f6r Festlig Dekoration - Svart - TRUUSK - Hem, Tr\u00e4dg\u00e5rd &amp; Fritid\" \/>\n<meta property=\"og:description\" content=\"Tr\u00f6tt p\u00e5 tr\u00e5kiga Halloween-dekorationer utan effekt? Traditionella smycken missar ofta den skr\u00e4mmande st\u00e4mningen. F\u00f6rb\u00e4ttra din Halloween-upplevelse med TRUUSK h\u00e4ngande pumpakrans....\" \/>\n<meta property=\"og:url\" content=\"https:\/\/truusk.store\/sv\/produkt\/truusk-halloween-krans-skrammande-pumpadesign-hostlov-ljuseffekter-plast-for-festlig-dekoration-svart\/\" \/>\n<meta property=\"og:site_name\" content=\"TRUUSK - Hem, Tr\u00e4dg\u00e5rd &amp; Fritid\" \/>\n<meta property=\"article:modified_time\" content=\"2026-03-12T07:46:13+00:00\" \/>\n<meta property=\"og:image\" content=\"https:\/\/i0.wp.com\/truusk.se\/wp-content\/uploads\/2025\/09\/halloween-krans-skrammande-pumpadesign-hostlov-ljuseffekter-plast-1.webp?fit=2000%2C2000&ssl=1\" \/>\n\t<meta property=\"og:image:width\" content=\"2000\" \/>\n\t<meta property=\"og:image:height\" content=\"2000\" \/>\n\t<meta property=\"og:image:type\" content=\"image\/webp\" \/>\n<meta name=\"twitter:card\" content=\"summary_large_image\" \/>\n<meta name=\"twitter:label1\" content=\"Ber\u00e4knad l\u00e4stid\" \/>\n\t<meta name=\"twitter:data1\" content=\"1 minut\" \/>\n<!-- \/ Yoast SEO plugin. -->","yoast_head_json":{"title":"TRUUSK Halloween-krans - Skr\u00e4mmande Pumpadesign - H\u00f6stl\u00f6v - Ljuseffekter - Plast - F\u00f6r Festlig Dekoration - Svart - TRUUSK - Hem, Tr\u00e4dg\u00e5rd &amp; Fritid","robots":{"index":"index","follow":"follow","max-snippet":"max-snippet:-1","max-image-preview":"max-image-preview:large","max-video-preview":"max-video-preview:-1"},"canonical":"https:\/\/truusk.store\/sv\/produkt\/truusk-halloween-krans-skrammande-pumpadesign-hostlov-ljuseffekter-plast-for-festlig-dekoration-svart\/","og_locale":"sv_SE","og_type":"article","og_title":"TRUUSK Halloween-krans - Skr\u00e4mmande Pumpadesign - H\u00f6stl\u00f6v - Ljuseffekter - Plast - F\u00f6r Festlig Dekoration - Svart - TRUUSK - Hem, Tr\u00e4dg\u00e5rd &amp; Fritid","og_description":"Tr\u00f6tt p\u00e5 tr\u00e5kiga Halloween-dekorationer utan effekt? Traditionella smycken missar ofta den skr\u00e4mmande st\u00e4mningen. F\u00f6rb\u00e4ttra din Halloween-upplevelse med TRUUSK h\u00e4ngande pumpakrans....","og_url":"https:\/\/truusk.store\/sv\/produkt\/truusk-halloween-krans-skrammande-pumpadesign-hostlov-ljuseffekter-plast-for-festlig-dekoration-svart\/","og_site_name":"TRUUSK - Hem, Tr\u00e4dg\u00e5rd &amp; Fritid","article_modified_time":"2026-03-12T07:46:13+00:00","og_image":[{"width":2000,"height":2000,"url":"https:\/\/i0.wp.com\/truusk.se\/wp-content\/uploads\/2025\/09\/halloween-krans-skrammande-pumpadesign-hostlov-ljuseffekter-plast-1.webp?fit=2000%2C2000&ssl=1","type":"image\/webp"}],"twitter_card":"summary_large_image","twitter_misc":{"Ber\u00e4knad l\u00e4stid":"1 minut"},"schema":{"@context":"https:\/\/schema.org","@graph":[{"@type":"WebPage","@id":"https:\/\/truusk.store\/sv\/produkt\/truusk-halloween-krans-skrammande-pumpadesign-hostlov-ljuseffekter-plast-for-festlig-dekoration-svart\/","url":"https:\/\/truusk.store\/sv\/produkt\/truusk-halloween-krans-skrammande-pumpadesign-hostlov-ljuseffekter-plast-for-festlig-dekoration-svart\/","name":"TRUUSK Halloween-krans - Skr\u00e4mmande Pumpadesign - H\u00f6stl\u00f6v - Ljuseffekter - Plast - F\u00f6r Festlig Dekoration - Svart - TRUUSK - Hem, Tr\u00e4dg\u00e5rd &amp; Fritid","isPartOf":{"@id":"https:\/\/truusk.store\/sv\/#website"},"primaryImageOfPage":{"@id":"https:\/\/truusk.store\/sv\/produkt\/truusk-halloween-krans-skrammande-pumpadesign-hostlov-ljuseffekter-plast-for-festlig-dekoration-svart\/#primaryimage"},"image":{"@id":"https:\/\/truusk.store\/sv\/produkt\/truusk-halloween-krans-skrammande-pumpadesign-hostlov-ljuseffekter-plast-for-festlig-dekoration-svart\/#primaryimage"},"thumbnailUrl":"https:\/\/i0.wp.com\/truusk.store\/wp-content\/uploads\/2025\/09\/halloween-krans-skrammande-pumpadesign-hostlov-ljuseffekter-plast-1.webp?fit=2000%2C2000&ssl=1","datePublished":"2025-09-23T04:26:24+00:00","dateModified":"2026-03-12T07:46:13+00:00","breadcrumb":{"@id":"https:\/\/truusk.store\/sv\/produkt\/truusk-halloween-krans-skrammande-pumpadesign-hostlov-ljuseffekter-plast-for-festlig-dekoration-svart\/#breadcrumb"},"inLanguage":"sv-SE","potentialAction":[{"@type":"ReadAction","target":["https:\/\/truusk.store\/sv\/produkt\/truusk-halloween-krans-skrammande-pumpadesign-hostlov-ljuseffekter-plast-for-festlig-dekoration-svart\/"]}]},{"@type":"ImageObject","inLanguage":"sv-SE","@id":"https:\/\/truusk.store\/sv\/produkt\/truusk-halloween-krans-skrammande-pumpadesign-hostlov-ljuseffekter-plast-for-festlig-dekoration-svart\/#primaryimage","url":"https:\/\/i0.wp.com\/truusk.store\/wp-content\/uploads\/2025\/09\/halloween-krans-skrammande-pumpadesign-hostlov-ljuseffekter-plast-1.webp?fit=2000%2C2000&ssl=1","contentUrl":"https:\/\/i0.wp.com\/truusk.store\/wp-content\/uploads\/2025\/09\/halloween-krans-skrammande-pumpadesign-hostlov-ljuseffekter-plast-1.webp?fit=2000%2C2000&ssl=1","width":2000,"height":2000},{"@type":"BreadcrumbList","@id":"https:\/\/truusk.store\/sv\/produkt\/truusk-halloween-krans-skrammande-pumpadesign-hostlov-ljuseffekter-plast-for-festlig-dekoration-svart\/#breadcrumb","itemListElement":[{"@type":"ListItem","position":1,"name":"Home","item":"https:\/\/truusk.store\/sv\/"},{"@type":"ListItem","position":2,"name":"Shop","item":"https:\/\/truusk.store\/shop\/"},{"@type":"ListItem","position":3,"name":"TRUUSK Halloween-krans &#8211; Skr\u00e4mmande Pumpadesign &#8211; H\u00f6stl\u00f6v &#8211; Ljuseffekter &#8211; Plast &#8211; F\u00f6r Festlig Dekoration &#8211; Svart"}]},{"@type":"WebSite","@id":"https:\/\/truusk.store\/sv\/#website","url":"https:\/\/truusk.store\/sv\/","name":"TRUUSK - Hem, Tr\u00e4dg\u00e5rd & Fritid","description":"","publisher":{"@id":"https:\/\/truusk.store\/sv\/#organization"},"potentialAction":[{"@type":"SearchAction","target":{"@type":"EntryPoint","urlTemplate":"https:\/\/truusk.store\/sv\/?s={search_term_string}"},"query-input":{"@type":"PropertyValueSpecification","valueRequired":true,"valueName":"search_term_string"}}],"inLanguage":"sv-SE"},{"@type":"Organization","@id":"https:\/\/truusk.store\/sv\/#organization","name":"TRUUSK - Hem, Tr\u00e4dg\u00e5rd & Fritid","url":"https:\/\/truusk.store\/sv\/","logo":{"@type":"ImageObject","inLanguage":"sv-SE","@id":"https:\/\/truusk.store\/sv\/#\/schema\/logo\/image\/","url":"https:\/\/i0.wp.com\/truusk.store\/wp-content\/uploads\/2026\/03\/cropped-TRUUSK.png?fit=2032%2C917&ssl=1","contentUrl":"https:\/\/i0.wp.com\/truusk.store\/wp-content\/uploads\/2026\/03\/cropped-TRUUSK.png?fit=2032%2C917&ssl=1","width":2032,"height":917,"caption":"TRUUSK - Hem, Tr\u00e4dg\u00e5rd & Fritid"},"image":{"@id":"https:\/\/truusk.store\/sv\/#\/schema\/logo\/image\/"}}]}},"jetpack_sharing_enabled":true,"_links":{"self":[{"href":"https:\/\/truusk.store\/sv\/wp-json\/wp\/v2\/product\/91148","targetHints":{"allow":["GET"]}}],"collection":[{"href":"https:\/\/truusk.store\/sv\/wp-json\/wp\/v2\/product"}],"about":[{"href":"https:\/\/truusk.store\/sv\/wp-json\/wp\/v2\/types\/product"}],"wp:featuredmedia":[{"embeddable":true,"href":"https:\/\/truusk.store\/sv\/wp-json\/wp\/v2\/media\/91138"}],"wp:attachment":[{"href":"https:\/\/truusk.store\/sv\/wp-json\/wp\/v2\/media?parent=91148"}],"wp:term":[{"taxonomy":"product_brand","embeddable":true,"href":"https:\/\/truusk.store\/sv\/wp-json\/wp\/v2\/product_brand?post=91148"},{"taxonomy":"product_cat","embeddable":true,"href":"https:\/\/truusk.store\/sv\/wp-json\/wp\/v2\/product_cat?post=91148"},{"taxonomy":"product_tag","embeddable":true,"href":"https:\/\/truusk.store\/sv\/wp-json\/wp\/v2\/product_tag?post=91148"}],"curies":[{"name":"wp","href":"https:\/\/api.w.org\/{rel}","templated":true}]}}