{"id":91222,"date":"2025-09-23T05:34:00","date_gmt":"2025-09-23T04:34:00","guid":{"rendered":"https:\/\/truusk.store\/product\/aiyaplay-elektrisk-akbar-bil-for-barn-fjarrstyrd-musik-tuta-usb-sakerhetsbalte-for-3-5-ar-svart\/"},"modified":"2026-03-12T08:46:22","modified_gmt":"2026-03-12T07:46:22","slug":"truusk-elektrisk-akbil-for-barn-fjarrstyrd-musik-tuta-usb-sakerhetsbalte-svart-for-3-5-ar","status":"publish","type":"product","link":"https:\/\/truusk.store\/sv\/produkt\/truusk-elektrisk-akbil-for-barn-fjarrstyrd-musik-tuta-usb-sakerhetsbalte-svart-for-3-5-ar\/","title":{"rendered":"TRUUSK Elektrisk \u00c5kbil f\u00f6r Barn &#8211; Fj\u00e4rrstyrd &#8211; Musik &#8211; Tuta &#8211; USB &#8211; S\u00e4kerhetsb\u00e4lte &#8211; Svart &#8211; F\u00f6r 3-5 \u00e5r"},"content":{"rendered":"<p>Upplev str\u00e5lande barn\u00f6gon i denna officiellt licensierade RUF GT, en dr\u00f6mbil i barnstorlek. AIYAPLAYs elbil f\u00f6r barn erbjuder med en 2,4G fj\u00e4rrkontroll f\u00f6r f\u00f6r\u00e4ldrakontroll och ett mjukt startsystem f\u00f6r mjuk start s\u00e4kerhet vid varje \u00e4ventyr. Den bakre axelfj\u00e4dringen p\u00e5 elbilen klarar \u00e4ven oj\u00e4mna v\u00e4gar, s\u00e5 att varje resa blir trevlig och s\u00e4ker.<\/p>\n<p>Beskrivning:<\/p>\n<ul>\n<li> Officiellt licensierad RUF GT-design erbjuder en autentisk supersportbilsupplevelse<\/li>\n<li> Har dubbelstyrning med en fj\u00e4rrkontroll f\u00f6r f\u00f6rb\u00e4ttrad f\u00f6r\u00e4ldra\u00f6vervakning<\/li>\n<li> Flera hastighetsalternativ i manuellt och fj\u00e4rrkontroll\u00e4ge<\/li>\n<li> Den mjuka startfunktionen p\u00e5 elbilen och den bakre fj\u00e4dringen ger en mjuk, s\u00e4ker resa<\/li>\n<li> Prestandaindikatorn hj\u00e4lper till att hantera speltiden effektivt och utan avbrott<\/li>\n<li> Inbyggd musik och MP3\/USB-portar skapar en uppslukande k\u00f6rupplevelse<\/li>\n<li> Robust plastkropp och ett rymligt s\u00e4te p\u00e5 elbilen f\u00f6r barn med s\u00e4kerhetsb\u00e4lte<\/li>\n<li> Montering kr\u00e4vs<\/li>\n<\/ul>\n<p> Tekniska data:<\/p>\n<ul>\n<li> F\u00e4rg: Svart<\/li>\n<li> Material: Plast, Metall<\/li>\n<li> Totala dimensioner: 108L x 65,5B x 47H cm<\/li>\n<li> Sitsstorlek: 19L x 35B x 28T cm<\/li>\n<li> Plasthjulstorlek: \u00d8 19,5 cm<\/li>\n<li> Hastighet: 3-5 km\/h<\/li>\n<li> Batteri: 12V 4,5Ah<\/li>\n<li> Motor: 2 x 12V<\/li>\n<li> Laddare: 12V, 600mA<\/li>\n<li> Laddningstid: 8-12 timmar<\/li>\n<li> Drifttid: 45 minuter<\/li>\n<li> Fj\u00e4rrkontrollavst\u00e5nd: 20 m<\/li>\n<li> Maximal belastning: 30 kg<\/li>\n<li> Rekommenderad \u00e5lder: 37-60 m\u00e5nader<\/li>\n<\/ul>\n<p>Leveransinneh\u00e5ll:<\/p>\n<ul>\n<li> 1 x Elektrisk barnbil<\/li>\n<li> 1 x Manual<\/li>\n<\/ul>\n","protected":false},"excerpt":{"rendered":"<p>Upplev str\u00e5lande barn\u00f6gon i denna officiellt licensierade RUF GT, en dr\u00f6mbil i barnstorlek. AIYAPLAYs elbil f\u00f6r barn erbjuder med en&#8230;<\/p>\n","protected":false},"featured_media":91209,"template":"","meta":[],"product_brand":[],"product_cat":[880,610,1066],"product_tag":[],"class_list":{"0":"post-91222","1":"product","2":"type-product","3":"status-publish","4":"has-post-thumbnail","6":"product_cat-baby-barn-2","7":"product_cat-barnfordon","8":"product_cat-barns-elbilar","10":"first","11":"instock","12":"sale","13":"taxable","14":"shipping-taxable","15":"purchasable","16":"product-type-simple"},"yoast_head":"<!-- This site is optimized with the Yoast SEO plugin v25.4 - https:\/\/yoast.com\/wordpress\/plugins\/seo\/ -->\n<title>TRUUSK Elektrisk \u00c5kbil f\u00f6r Barn - Fj\u00e4rrstyrd - Musik - Tuta - USB - S\u00e4kerhetsb\u00e4lte - Svart - F\u00f6r 3-5 \u00e5r - TRUUSK - Hem, Tr\u00e4dg\u00e5rd &amp; Fritid<\/title>\n<meta name=\"robots\" content=\"index, follow, max-snippet:-1, max-image-preview:large, max-video-preview:-1\" \/>\n<link rel=\"canonical\" href=\"https:\/\/truusk.store\/sv\/produkt\/truusk-elektrisk-akbil-for-barn-fjarrstyrd-musik-tuta-usb-sakerhetsbalte-svart-for-3-5-ar\/\" \/>\n<meta property=\"og:locale\" content=\"sv_SE\" \/>\n<meta property=\"og:type\" content=\"article\" \/>\n<meta property=\"og:title\" content=\"TRUUSK Elektrisk \u00c5kbil f\u00f6r Barn - Fj\u00e4rrstyrd - Musik - Tuta - USB - S\u00e4kerhetsb\u00e4lte - Svart - F\u00f6r 3-5 \u00e5r - TRUUSK - Hem, Tr\u00e4dg\u00e5rd &amp; Fritid\" \/>\n<meta property=\"og:description\" content=\"Upplev str\u00e5lande barn\u00f6gon i denna officiellt licensierade RUF GT, en dr\u00f6mbil i barnstorlek. AIYAPLAYs elbil f\u00f6r barn erbjuder med en...\" \/>\n<meta property=\"og:url\" content=\"https:\/\/truusk.store\/sv\/produkt\/truusk-elektrisk-akbil-for-barn-fjarrstyrd-musik-tuta-usb-sakerhetsbalte-svart-for-3-5-ar\/\" \/>\n<meta property=\"og:site_name\" content=\"TRUUSK - Hem, Tr\u00e4dg\u00e5rd &amp; Fritid\" \/>\n<meta property=\"article:modified_time\" content=\"2026-03-12T07:46:22+00:00\" \/>\n<meta property=\"og:image\" content=\"https:\/\/i0.wp.com\/truusk.se\/wp-content\/uploads\/2025\/09\/aiyaplay-elektrisk-akbar-bil-for-barn-fjarrstyrd-musik-tuta-usb-sakerhetsbalte-for-3-5-ar-svart-1.webp?fit=2000%2C2000&ssl=1\" \/>\n\t<meta property=\"og:image:width\" content=\"2000\" \/>\n\t<meta property=\"og:image:height\" content=\"2000\" \/>\n\t<meta property=\"og:image:type\" content=\"image\/webp\" \/>\n<meta name=\"twitter:card\" content=\"summary_large_image\" \/>\n<meta name=\"twitter:label1\" content=\"Ber\u00e4knad l\u00e4stid\" \/>\n\t<meta name=\"twitter:data1\" content=\"1 minut\" \/>\n<!-- \/ Yoast SEO plugin. -->","yoast_head_json":{"title":"TRUUSK Elektrisk \u00c5kbil f\u00f6r Barn - Fj\u00e4rrstyrd - Musik - Tuta - USB - S\u00e4kerhetsb\u00e4lte - Svart - F\u00f6r 3-5 \u00e5r - TRUUSK - Hem, Tr\u00e4dg\u00e5rd &amp; Fritid","robots":{"index":"index","follow":"follow","max-snippet":"max-snippet:-1","max-image-preview":"max-image-preview:large","max-video-preview":"max-video-preview:-1"},"canonical":"https:\/\/truusk.store\/sv\/produkt\/truusk-elektrisk-akbil-for-barn-fjarrstyrd-musik-tuta-usb-sakerhetsbalte-svart-for-3-5-ar\/","og_locale":"sv_SE","og_type":"article","og_title":"TRUUSK Elektrisk \u00c5kbil f\u00f6r Barn - Fj\u00e4rrstyrd - Musik - Tuta - USB - S\u00e4kerhetsb\u00e4lte - Svart - F\u00f6r 3-5 \u00e5r - TRUUSK - Hem, Tr\u00e4dg\u00e5rd &amp; Fritid","og_description":"Upplev str\u00e5lande barn\u00f6gon i denna officiellt licensierade RUF GT, en dr\u00f6mbil i barnstorlek. AIYAPLAYs elbil f\u00f6r barn erbjuder med en...","og_url":"https:\/\/truusk.store\/sv\/produkt\/truusk-elektrisk-akbil-for-barn-fjarrstyrd-musik-tuta-usb-sakerhetsbalte-svart-for-3-5-ar\/","og_site_name":"TRUUSK - Hem, Tr\u00e4dg\u00e5rd &amp; Fritid","article_modified_time":"2026-03-12T07:46:22+00:00","og_image":[{"width":2000,"height":2000,"url":"https:\/\/i0.wp.com\/truusk.se\/wp-content\/uploads\/2025\/09\/aiyaplay-elektrisk-akbar-bil-for-barn-fjarrstyrd-musik-tuta-usb-sakerhetsbalte-for-3-5-ar-svart-1.webp?fit=2000%2C2000&ssl=1","type":"image\/webp"}],"twitter_card":"summary_large_image","twitter_misc":{"Ber\u00e4knad l\u00e4stid":"1 minut"},"schema":{"@context":"https:\/\/schema.org","@graph":[{"@type":"WebPage","@id":"https:\/\/truusk.store\/sv\/produkt\/truusk-elektrisk-akbil-for-barn-fjarrstyrd-musik-tuta-usb-sakerhetsbalte-svart-for-3-5-ar\/","url":"https:\/\/truusk.store\/sv\/produkt\/truusk-elektrisk-akbil-for-barn-fjarrstyrd-musik-tuta-usb-sakerhetsbalte-svart-for-3-5-ar\/","name":"TRUUSK Elektrisk \u00c5kbil f\u00f6r Barn - Fj\u00e4rrstyrd - Musik - Tuta - USB - S\u00e4kerhetsb\u00e4lte - Svart - F\u00f6r 3-5 \u00e5r - TRUUSK - Hem, Tr\u00e4dg\u00e5rd &amp; Fritid","isPartOf":{"@id":"https:\/\/truusk.store\/sv\/#website"},"primaryImageOfPage":{"@id":"https:\/\/truusk.store\/sv\/produkt\/truusk-elektrisk-akbil-for-barn-fjarrstyrd-musik-tuta-usb-sakerhetsbalte-svart-for-3-5-ar\/#primaryimage"},"image":{"@id":"https:\/\/truusk.store\/sv\/produkt\/truusk-elektrisk-akbil-for-barn-fjarrstyrd-musik-tuta-usb-sakerhetsbalte-svart-for-3-5-ar\/#primaryimage"},"thumbnailUrl":"https:\/\/i0.wp.com\/truusk.store\/wp-content\/uploads\/2025\/09\/aiyaplay-elektrisk-akbar-bil-for-barn-fjarrstyrd-musik-tuta-usb-sakerhetsbalte-for-3-5-ar-svart-1.webp?fit=2000%2C2000&ssl=1","datePublished":"2025-09-23T04:34:00+00:00","dateModified":"2026-03-12T07:46:22+00:00","breadcrumb":{"@id":"https:\/\/truusk.store\/sv\/produkt\/truusk-elektrisk-akbil-for-barn-fjarrstyrd-musik-tuta-usb-sakerhetsbalte-svart-for-3-5-ar\/#breadcrumb"},"inLanguage":"sv-SE","potentialAction":[{"@type":"ReadAction","target":["https:\/\/truusk.store\/sv\/produkt\/truusk-elektrisk-akbil-for-barn-fjarrstyrd-musik-tuta-usb-sakerhetsbalte-svart-for-3-5-ar\/"]}]},{"@type":"ImageObject","inLanguage":"sv-SE","@id":"https:\/\/truusk.store\/sv\/produkt\/truusk-elektrisk-akbil-for-barn-fjarrstyrd-musik-tuta-usb-sakerhetsbalte-svart-for-3-5-ar\/#primaryimage","url":"https:\/\/i0.wp.com\/truusk.store\/wp-content\/uploads\/2025\/09\/aiyaplay-elektrisk-akbar-bil-for-barn-fjarrstyrd-musik-tuta-usb-sakerhetsbalte-for-3-5-ar-svart-1.webp?fit=2000%2C2000&ssl=1","contentUrl":"https:\/\/i0.wp.com\/truusk.store\/wp-content\/uploads\/2025\/09\/aiyaplay-elektrisk-akbar-bil-for-barn-fjarrstyrd-musik-tuta-usb-sakerhetsbalte-for-3-5-ar-svart-1.webp?fit=2000%2C2000&ssl=1","width":2000,"height":2000},{"@type":"BreadcrumbList","@id":"https:\/\/truusk.store\/sv\/produkt\/truusk-elektrisk-akbil-for-barn-fjarrstyrd-musik-tuta-usb-sakerhetsbalte-svart-for-3-5-ar\/#breadcrumb","itemListElement":[{"@type":"ListItem","position":1,"name":"Home","item":"https:\/\/truusk.store\/sv\/"},{"@type":"ListItem","position":2,"name":"Shop","item":"https:\/\/truusk.store\/shop\/"},{"@type":"ListItem","position":3,"name":"TRUUSK Elektrisk \u00c5kbil f\u00f6r Barn &#8211; Fj\u00e4rrstyrd &#8211; Musik &#8211; Tuta &#8211; USB &#8211; S\u00e4kerhetsb\u00e4lte &#8211; Svart &#8211; F\u00f6r 3-5 \u00e5r"}]},{"@type":"WebSite","@id":"https:\/\/truusk.store\/sv\/#website","url":"https:\/\/truusk.store\/sv\/","name":"TRUUSK - Hem, Tr\u00e4dg\u00e5rd & Fritid","description":"","publisher":{"@id":"https:\/\/truusk.store\/sv\/#organization"},"potentialAction":[{"@type":"SearchAction","target":{"@type":"EntryPoint","urlTemplate":"https:\/\/truusk.store\/sv\/?s={search_term_string}"},"query-input":{"@type":"PropertyValueSpecification","valueRequired":true,"valueName":"search_term_string"}}],"inLanguage":"sv-SE"},{"@type":"Organization","@id":"https:\/\/truusk.store\/sv\/#organization","name":"TRUUSK - Hem, Tr\u00e4dg\u00e5rd & Fritid","url":"https:\/\/truusk.store\/sv\/","logo":{"@type":"ImageObject","inLanguage":"sv-SE","@id":"https:\/\/truusk.store\/sv\/#\/schema\/logo\/image\/","url":"https:\/\/i0.wp.com\/truusk.store\/wp-content\/uploads\/2026\/03\/cropped-TRUUSK.png?fit=2032%2C917&ssl=1","contentUrl":"https:\/\/i0.wp.com\/truusk.store\/wp-content\/uploads\/2026\/03\/cropped-TRUUSK.png?fit=2032%2C917&ssl=1","width":2032,"height":917,"caption":"TRUUSK - Hem, Tr\u00e4dg\u00e5rd & Fritid"},"image":{"@id":"https:\/\/truusk.store\/sv\/#\/schema\/logo\/image\/"}}]}},"jetpack_sharing_enabled":true,"_links":{"self":[{"href":"https:\/\/truusk.store\/sv\/wp-json\/wp\/v2\/product\/91222","targetHints":{"allow":["GET"]}}],"collection":[{"href":"https:\/\/truusk.store\/sv\/wp-json\/wp\/v2\/product"}],"about":[{"href":"https:\/\/truusk.store\/sv\/wp-json\/wp\/v2\/types\/product"}],"wp:featuredmedia":[{"embeddable":true,"href":"https:\/\/truusk.store\/sv\/wp-json\/wp\/v2\/media\/91209"}],"wp:attachment":[{"href":"https:\/\/truusk.store\/sv\/wp-json\/wp\/v2\/media?parent=91222"}],"wp:term":[{"taxonomy":"product_brand","embeddable":true,"href":"https:\/\/truusk.store\/sv\/wp-json\/wp\/v2\/product_brand?post=91222"},{"taxonomy":"product_cat","embeddable":true,"href":"https:\/\/truusk.store\/sv\/wp-json\/wp\/v2\/product_cat?post=91222"},{"taxonomy":"product_tag","embeddable":true,"href":"https:\/\/truusk.store\/sv\/wp-json\/wp\/v2\/product_tag?post=91222"}],"curies":[{"name":"wp","href":"https:\/\/api.w.org\/{rel}","templated":true}]}}