{"id":91268,"date":"2025-09-23T05:38:37","date_gmt":"2025-09-23T04:38:37","guid":{"rendered":"https:\/\/truusk.store\/product\/aiyaplay-maserati-elektrisk-bil-for-barn-2-sits-12v-batteridrift-fjarrkontroll-led-ljus-musikfunktion-vit\/"},"modified":"2026-03-12T08:46:32","modified_gmt":"2026-03-12T07:46:32","slug":"truusk-elektrisk-maserati-bil-for-barn-2-sits-12v-batteri-fjarrkontroll-led-ljus-musik-vit","status":"publish","type":"product","link":"https:\/\/truusk.store\/sv\/produkt\/truusk-elektrisk-maserati-bil-for-barn-2-sits-12v-batteri-fjarrkontroll-led-ljus-musik-vit\/","title":{"rendered":"TRUUSK Elektrisk Maserati Bil f\u00f6r Barn &#8211; 2-sits &#8211; 12V Batteri &#8211; Fj\u00e4rrkontroll &#8211; LED-ljus &#8211; Musik &#8211; Vit"},"content":{"rendered":"<p>Letar du efter ett sp\u00e4nnande leksak till ditt barn? AIYAPLAY Maserati barns elektriska bil erbjuder just det! Styr deras \u00e5ktur med en f\u00f6r\u00e4ldrafj\u00e4rrkontroll och lita p\u00e5 s\u00e4kerhetsfunktioner som mjuk start och s\u00e4kerhetsb\u00e4lten f\u00f6r en s\u00e4ker resa. Denna officiellt licensierade elektriska bil l\u00e5ter ditt barn s\u00e4kert styra en dr\u00f6mbil och uppleva stor k\u00f6rningssk\u00e4m.<\/p>\n<p>Beskrivning:<\/p>\n<ul>\n<li> Tv\u00e5 k\u00f6rl\u00e4gen f\u00f6r barns elektriska bil ger barn roligt och f\u00f6r\u00e4ldrar lugn<\/li>\n<li> Har en bred design med tv\u00e5 s\u00e4ten, s\u00e5 att tv\u00e5 barn kan ha kul tillsammans<\/li>\n<li> Kraftfulla dubbla motorer och ett 12V batteri m\u00f6jligg\u00f6r 1 timmes k\u00f6rning<\/li>\n<li> L\u00e4mplig f\u00f6r platta ytor som cement, asfalt och tegelv\u00e4gar<\/li>\n<li> Inklusive fj\u00e4dringshjul och s\u00e4kerhetsb\u00e4lte f\u00f6r en s\u00e4ker, bekv\u00e4m \u00e5ktur<\/li>\n<li> Inbyggd MP3-spelare med USB-port f\u00f6r musikunderh\u00e5llning<\/li>\n<li> Robust plastkropp och metallram f\u00f6r l\u00e5ngvarig anv\u00e4ndning och gl\u00e4dje<\/li>\n<li> Montering kr\u00e4vs<\/li>\n<\/ul>\n<p> Tekniska specifikationer:<\/p>\n<ul>\n<li> F\u00e4rg: Vit<\/li>\n<li> Material: Metall, plast<\/li>\n<li> Totala dimensioner: 120L x 72B x 50H cm<\/li>\n<li> Sitsstorlek: 47B x 20T cm<\/li>\n<li> Hjulstorlek: \u00d825 x 9,5B cm<\/li>\n<li> Batteri: 12V 7Ah<\/li>\n<li> Motor: 2 x 12V<\/li>\n<li> Hastighet: 3-8 km\/h<\/li>\n<li> Laddningstid: (F\u00f6rsta laddning) 4-6 timmar, (Regelbunden laddning) 8-12 timmar<\/li>\n<li> Drifttid: 1 timme<\/li>\n<li> Fj\u00e4rrstyrningsavst\u00e5nd: 15 m<\/li>\n<li> B\u00e4rkapacitet: 60 kg<\/li>\n<li> Rekommenderad \u00e5lder: 37-96 m\u00e5nader<\/li>\n<\/ul>\n<p>Leveransinneh\u00e5ll:<\/p>\n<ul>\n<li> 1 x Elektrisk bil f\u00f6r barn<\/li>\n<li> 1 x Bruksanvisning<\/li>\n<\/ul>\n","protected":false},"excerpt":{"rendered":"<p>Letar du efter ett sp\u00e4nnande leksak till ditt barn? AIYAPLAY Maserati barns elektriska bil erbjuder just det! Styr deras \u00e5ktur&#8230;<\/p>\n","protected":false},"featured_media":91259,"template":"","meta":[],"product_brand":[],"product_cat":[880,610,1066],"product_tag":[],"class_list":{"0":"post-91268","1":"product","2":"type-product","3":"status-publish","4":"has-post-thumbnail","6":"product_cat-baby-barn-2","7":"product_cat-barnfordon","8":"product_cat-barns-elbilar","10":"first","11":"instock","12":"sale","13":"taxable","14":"shipping-taxable","15":"purchasable","16":"product-type-simple"},"yoast_head":"<!-- This site is optimized with the Yoast SEO plugin v25.4 - https:\/\/yoast.com\/wordpress\/plugins\/seo\/ -->\n<title>TRUUSK Elektrisk Maserati Bil f\u00f6r Barn - 2-sits - 12V Batteri - Fj\u00e4rrkontroll - LED-ljus - Musik - Vit - TRUUSK - Hem, Tr\u00e4dg\u00e5rd &amp; Fritid<\/title>\n<meta name=\"robots\" content=\"index, follow, max-snippet:-1, max-image-preview:large, max-video-preview:-1\" \/>\n<link rel=\"canonical\" href=\"https:\/\/truusk.store\/sv\/produkt\/truusk-elektrisk-maserati-bil-for-barn-2-sits-12v-batteri-fjarrkontroll-led-ljus-musik-vit\/\" \/>\n<meta property=\"og:locale\" content=\"sv_SE\" \/>\n<meta property=\"og:type\" content=\"article\" \/>\n<meta property=\"og:title\" content=\"TRUUSK Elektrisk Maserati Bil f\u00f6r Barn - 2-sits - 12V Batteri - Fj\u00e4rrkontroll - LED-ljus - Musik - Vit - TRUUSK - Hem, Tr\u00e4dg\u00e5rd &amp; Fritid\" \/>\n<meta property=\"og:description\" content=\"Letar du efter ett sp\u00e4nnande leksak till ditt barn? AIYAPLAY Maserati barns elektriska bil erbjuder just det! Styr deras \u00e5ktur...\" \/>\n<meta property=\"og:url\" content=\"https:\/\/truusk.store\/sv\/produkt\/truusk-elektrisk-maserati-bil-for-barn-2-sits-12v-batteri-fjarrkontroll-led-ljus-musik-vit\/\" \/>\n<meta property=\"og:site_name\" content=\"TRUUSK - Hem, Tr\u00e4dg\u00e5rd &amp; Fritid\" \/>\n<meta property=\"article:modified_time\" content=\"2026-03-12T07:46:32+00:00\" \/>\n<meta property=\"og:image\" content=\"https:\/\/i0.wp.com\/truusk.se\/wp-content\/uploads\/2025\/09\/aiyaplay-maserati-elektrisk-bil-for-barn-2-sits-12v-batteridrift-fjarrkontroll-led-ljus-musikfunktion-vit-1.webp?fit=2000%2C2000&ssl=1\" \/>\n\t<meta property=\"og:image:width\" content=\"2000\" \/>\n\t<meta property=\"og:image:height\" content=\"2000\" \/>\n\t<meta property=\"og:image:type\" content=\"image\/webp\" \/>\n<meta name=\"twitter:card\" content=\"summary_large_image\" \/>\n<meta name=\"twitter:label1\" content=\"Ber\u00e4knad l\u00e4stid\" \/>\n\t<meta name=\"twitter:data1\" content=\"1 minut\" \/>\n<!-- \/ Yoast SEO plugin. -->","yoast_head_json":{"title":"TRUUSK Elektrisk Maserati Bil f\u00f6r Barn - 2-sits - 12V Batteri - Fj\u00e4rrkontroll - LED-ljus - Musik - Vit - TRUUSK - Hem, Tr\u00e4dg\u00e5rd &amp; Fritid","robots":{"index":"index","follow":"follow","max-snippet":"max-snippet:-1","max-image-preview":"max-image-preview:large","max-video-preview":"max-video-preview:-1"},"canonical":"https:\/\/truusk.store\/sv\/produkt\/truusk-elektrisk-maserati-bil-for-barn-2-sits-12v-batteri-fjarrkontroll-led-ljus-musik-vit\/","og_locale":"sv_SE","og_type":"article","og_title":"TRUUSK Elektrisk Maserati Bil f\u00f6r Barn - 2-sits - 12V Batteri - Fj\u00e4rrkontroll - LED-ljus - Musik - Vit - TRUUSK - Hem, Tr\u00e4dg\u00e5rd &amp; Fritid","og_description":"Letar du efter ett sp\u00e4nnande leksak till ditt barn? AIYAPLAY Maserati barns elektriska bil erbjuder just det! Styr deras \u00e5ktur...","og_url":"https:\/\/truusk.store\/sv\/produkt\/truusk-elektrisk-maserati-bil-for-barn-2-sits-12v-batteri-fjarrkontroll-led-ljus-musik-vit\/","og_site_name":"TRUUSK - Hem, Tr\u00e4dg\u00e5rd &amp; Fritid","article_modified_time":"2026-03-12T07:46:32+00:00","og_image":[{"width":2000,"height":2000,"url":"https:\/\/i0.wp.com\/truusk.se\/wp-content\/uploads\/2025\/09\/aiyaplay-maserati-elektrisk-bil-for-barn-2-sits-12v-batteridrift-fjarrkontroll-led-ljus-musikfunktion-vit-1.webp?fit=2000%2C2000&ssl=1","type":"image\/webp"}],"twitter_card":"summary_large_image","twitter_misc":{"Ber\u00e4knad l\u00e4stid":"1 minut"},"schema":{"@context":"https:\/\/schema.org","@graph":[{"@type":"WebPage","@id":"https:\/\/truusk.store\/sv\/produkt\/truusk-elektrisk-maserati-bil-for-barn-2-sits-12v-batteri-fjarrkontroll-led-ljus-musik-vit\/","url":"https:\/\/truusk.store\/sv\/produkt\/truusk-elektrisk-maserati-bil-for-barn-2-sits-12v-batteri-fjarrkontroll-led-ljus-musik-vit\/","name":"TRUUSK Elektrisk Maserati Bil f\u00f6r Barn - 2-sits - 12V Batteri - Fj\u00e4rrkontroll - LED-ljus - Musik - Vit - TRUUSK - Hem, Tr\u00e4dg\u00e5rd &amp; Fritid","isPartOf":{"@id":"https:\/\/truusk.store\/sv\/#website"},"primaryImageOfPage":{"@id":"https:\/\/truusk.store\/sv\/produkt\/truusk-elektrisk-maserati-bil-for-barn-2-sits-12v-batteri-fjarrkontroll-led-ljus-musik-vit\/#primaryimage"},"image":{"@id":"https:\/\/truusk.store\/sv\/produkt\/truusk-elektrisk-maserati-bil-for-barn-2-sits-12v-batteri-fjarrkontroll-led-ljus-musik-vit\/#primaryimage"},"thumbnailUrl":"https:\/\/i0.wp.com\/truusk.store\/wp-content\/uploads\/2025\/09\/aiyaplay-maserati-elektrisk-bil-for-barn-2-sits-12v-batteridrift-fjarrkontroll-led-ljus-musikfunktion-vit-1.webp?fit=2000%2C2000&ssl=1","datePublished":"2025-09-23T04:38:37+00:00","dateModified":"2026-03-12T07:46:32+00:00","breadcrumb":{"@id":"https:\/\/truusk.store\/sv\/produkt\/truusk-elektrisk-maserati-bil-for-barn-2-sits-12v-batteri-fjarrkontroll-led-ljus-musik-vit\/#breadcrumb"},"inLanguage":"sv-SE","potentialAction":[{"@type":"ReadAction","target":["https:\/\/truusk.store\/sv\/produkt\/truusk-elektrisk-maserati-bil-for-barn-2-sits-12v-batteri-fjarrkontroll-led-ljus-musik-vit\/"]}]},{"@type":"ImageObject","inLanguage":"sv-SE","@id":"https:\/\/truusk.store\/sv\/produkt\/truusk-elektrisk-maserati-bil-for-barn-2-sits-12v-batteri-fjarrkontroll-led-ljus-musik-vit\/#primaryimage","url":"https:\/\/i0.wp.com\/truusk.store\/wp-content\/uploads\/2025\/09\/aiyaplay-maserati-elektrisk-bil-for-barn-2-sits-12v-batteridrift-fjarrkontroll-led-ljus-musikfunktion-vit-1.webp?fit=2000%2C2000&ssl=1","contentUrl":"https:\/\/i0.wp.com\/truusk.store\/wp-content\/uploads\/2025\/09\/aiyaplay-maserati-elektrisk-bil-for-barn-2-sits-12v-batteridrift-fjarrkontroll-led-ljus-musikfunktion-vit-1.webp?fit=2000%2C2000&ssl=1","width":2000,"height":2000},{"@type":"BreadcrumbList","@id":"https:\/\/truusk.store\/sv\/produkt\/truusk-elektrisk-maserati-bil-for-barn-2-sits-12v-batteri-fjarrkontroll-led-ljus-musik-vit\/#breadcrumb","itemListElement":[{"@type":"ListItem","position":1,"name":"Home","item":"https:\/\/truusk.store\/sv\/"},{"@type":"ListItem","position":2,"name":"Shop","item":"https:\/\/truusk.store\/shop\/"},{"@type":"ListItem","position":3,"name":"TRUUSK Elektrisk Maserati Bil f\u00f6r Barn &#8211; 2-sits &#8211; 12V Batteri &#8211; Fj\u00e4rrkontroll &#8211; LED-ljus &#8211; Musik &#8211; Vit"}]},{"@type":"WebSite","@id":"https:\/\/truusk.store\/sv\/#website","url":"https:\/\/truusk.store\/sv\/","name":"TRUUSK - Hem, Tr\u00e4dg\u00e5rd & Fritid","description":"","publisher":{"@id":"https:\/\/truusk.store\/sv\/#organization"},"potentialAction":[{"@type":"SearchAction","target":{"@type":"EntryPoint","urlTemplate":"https:\/\/truusk.store\/sv\/?s={search_term_string}"},"query-input":{"@type":"PropertyValueSpecification","valueRequired":true,"valueName":"search_term_string"}}],"inLanguage":"sv-SE"},{"@type":"Organization","@id":"https:\/\/truusk.store\/sv\/#organization","name":"TRUUSK - Hem, Tr\u00e4dg\u00e5rd & Fritid","url":"https:\/\/truusk.store\/sv\/","logo":{"@type":"ImageObject","inLanguage":"sv-SE","@id":"https:\/\/truusk.store\/sv\/#\/schema\/logo\/image\/","url":"https:\/\/i0.wp.com\/truusk.store\/wp-content\/uploads\/2026\/03\/cropped-TRUUSK.png?fit=2032%2C917&ssl=1","contentUrl":"https:\/\/i0.wp.com\/truusk.store\/wp-content\/uploads\/2026\/03\/cropped-TRUUSK.png?fit=2032%2C917&ssl=1","width":2032,"height":917,"caption":"TRUUSK - Hem, Tr\u00e4dg\u00e5rd & Fritid"},"image":{"@id":"https:\/\/truusk.store\/sv\/#\/schema\/logo\/image\/"}}]}},"jetpack_sharing_enabled":true,"_links":{"self":[{"href":"https:\/\/truusk.store\/sv\/wp-json\/wp\/v2\/product\/91268","targetHints":{"allow":["GET"]}}],"collection":[{"href":"https:\/\/truusk.store\/sv\/wp-json\/wp\/v2\/product"}],"about":[{"href":"https:\/\/truusk.store\/sv\/wp-json\/wp\/v2\/types\/product"}],"wp:featuredmedia":[{"embeddable":true,"href":"https:\/\/truusk.store\/sv\/wp-json\/wp\/v2\/media\/91259"}],"wp:attachment":[{"href":"https:\/\/truusk.store\/sv\/wp-json\/wp\/v2\/media?parent=91268"}],"wp:term":[{"taxonomy":"product_brand","embeddable":true,"href":"https:\/\/truusk.store\/sv\/wp-json\/wp\/v2\/product_brand?post=91268"},{"taxonomy":"product_cat","embeddable":true,"href":"https:\/\/truusk.store\/sv\/wp-json\/wp\/v2\/product_cat?post=91268"},{"taxonomy":"product_tag","embeddable":true,"href":"https:\/\/truusk.store\/sv\/wp-json\/wp\/v2\/product_tag?post=91268"}],"curies":[{"name":"wp","href":"https:\/\/api.w.org\/{rel}","templated":true}]}}