{"id":91288,"date":"2025-09-23T05:40:41","date_gmt":"2025-09-23T04:40:41","guid":{"rendered":"https:\/\/truusk.store\/product\/aiyaplay-elektriskt-barnfordon-omvand-trehjulig-design-batteridrift-mp3-spelare-horn-2-hastigheter-led-ljus-3-8-ar-gul\/"},"modified":"2026-03-12T08:46:32","modified_gmt":"2026-03-12T07:46:32","slug":"truusk-elektrisk-barnfordon-batteridrift-mp3-spelare-led-ljus-3-8-ar-gul","status":"publish","type":"product","link":"https:\/\/truusk.store\/sv\/produkt\/truusk-elektrisk-barnfordon-batteridrift-mp3-spelare-led-ljus-3-8-ar-gul\/","title":{"rendered":"TRUUSK Elektrisk Barnfordon &#8211; Batteridrift &#8211; MP3-spelare &#8211; LED-ljus &#8211; 3-8 \u00e5r &#8211; Gul"},"content":{"rendered":"<p>Detta elektriska barnfordon inbjuder till \u00e4ventyr. Med sin l\u00e5ngsamma start och tv\u00e5 hastighetsniv\u00e5er garanteras s\u00e4kra resor. Tack vare de dubbla 12V-motorerna och det oberoende fj\u00e4dringssystemet kan olika underlag bem\u00e4stras. Barnets elektriska fyrhjuling med sitt distinkta omv\u00e4nda trehjuliga design ger mycket n\u00f6je.<\/p>\n<p>Beskrivning:<\/p>\n<ul>\n<li> L\u00e5ngsam start och tv\u00e5 hastighetsl\u00e4gen p\u00e5 barnets elektriska fyrhjuling ger en s\u00e4krare, mjukare \u00e5ktur<\/li>\n<li> Tv\u00e5 12V-motorer och oberoende fj\u00e4dring bem\u00e4strar alla terr\u00e4ngtyper utan anstr\u00e4ngning<\/li>\n<li> I\u00f6gonfallande omv\u00e4nd trehjulig design och kraftiga f\u00e4rger p\u00e5 den elektriska fyrhjulingen v\u00e4cker barnens nyfikenhet<\/li>\n<li> Starka LED-str\u00e5lkastare och bakljus f\u00f6rb\u00e4ttrar synligheten f\u00f6r nattspel<\/li>\n<li> Inbyggt MP3-system med USB-anslutning ger musik<\/li>\n<li> Robust metallram och plast b\u00e4r upp till 30 kg<\/li>\n<li> Montering kr\u00e4vs<\/li>\n<\/ul>\n<p> Tekniska data:<\/p>\n<ul>\n<li> F\u00e4rg: Gul<\/li>\n<li> Material: Plast, Metall<\/li>\n<li> Totala dimensioner: 113L x 74B x 63H cm<\/li>\n<li> Sitsstorlek: 39B x 21T cm<\/li>\n<li> Sitth\u00f6jd: 41 cm<\/li>\n<li> Storlek p\u00e5 framhjul: \u00d830 x 11 cm<\/li>\n<li> Storlek p\u00e5 bakhjul: \u00d830 x 14 cm<\/li>\n<li> Batteri: 12V 4,5AH<\/li>\n<li> 2 x Motor: 12V 390#<\/li>\n<li> Laddningstid: 8-10h (f\u00f6rsta g\u00e5ngen), 8-12h (regelbundet)<\/li>\n<li> Drifttid: 45 minuter<\/li>\n<li> Hastighet: 3-5 km\/h<\/li>\n<li> Rekommenderad \u00e5lder: 37-96 m\u00e5nader<\/li>\n<li> Maximal belastning: 30 kg<\/li>\n<\/ul>\n<p>Leveransinneh\u00e5ll:<\/p>\n<ul>\n<li> 1 x Elektrisk fyrhjuling<\/li>\n<li> 1 x Bruksanvisning<\/li>\n<\/ul>\n","protected":false},"excerpt":{"rendered":"<p>Detta elektriska barnfordon inbjuder till \u00e4ventyr. Med sin l\u00e5ngsamma start och tv\u00e5 hastighetsniv\u00e5er garanteras s\u00e4kra resor. Tack vare de dubbla&#8230;<\/p>\n","protected":false},"featured_media":91279,"template":"","meta":[],"product_brand":[],"product_cat":[880,610,1066],"product_tag":[],"class_list":{"0":"post-91288","1":"product","2":"type-product","3":"status-publish","4":"has-post-thumbnail","6":"product_cat-baby-barn-2","7":"product_cat-barnfordon","8":"product_cat-barns-elbilar","10":"first","11":"instock","12":"sale","13":"taxable","14":"shipping-taxable","15":"purchasable","16":"product-type-simple"},"yoast_head":"<!-- This site is optimized with the Yoast SEO plugin v25.4 - https:\/\/yoast.com\/wordpress\/plugins\/seo\/ -->\n<title>TRUUSK Elektrisk Barnfordon - Batteridrift - MP3-spelare - LED-ljus - 3-8 \u00e5r - Gul - TRUUSK - Hem, Tr\u00e4dg\u00e5rd &amp; Fritid<\/title>\n<meta name=\"robots\" content=\"index, follow, max-snippet:-1, max-image-preview:large, max-video-preview:-1\" \/>\n<link rel=\"canonical\" href=\"https:\/\/truusk.store\/sv\/produkt\/truusk-elektrisk-barnfordon-batteridrift-mp3-spelare-led-ljus-3-8-ar-gul\/\" \/>\n<meta property=\"og:locale\" content=\"sv_SE\" \/>\n<meta property=\"og:type\" content=\"article\" \/>\n<meta property=\"og:title\" content=\"TRUUSK Elektrisk Barnfordon - Batteridrift - MP3-spelare - LED-ljus - 3-8 \u00e5r - Gul - TRUUSK - Hem, Tr\u00e4dg\u00e5rd &amp; Fritid\" \/>\n<meta property=\"og:description\" content=\"Detta elektriska barnfordon inbjuder till \u00e4ventyr. Med sin l\u00e5ngsamma start och tv\u00e5 hastighetsniv\u00e5er garanteras s\u00e4kra resor. Tack vare de dubbla...\" \/>\n<meta property=\"og:url\" content=\"https:\/\/truusk.store\/sv\/produkt\/truusk-elektrisk-barnfordon-batteridrift-mp3-spelare-led-ljus-3-8-ar-gul\/\" \/>\n<meta property=\"og:site_name\" content=\"TRUUSK - Hem, Tr\u00e4dg\u00e5rd &amp; Fritid\" \/>\n<meta property=\"article:modified_time\" content=\"2026-03-12T07:46:32+00:00\" \/>\n<meta property=\"og:image\" content=\"https:\/\/i0.wp.com\/truusk.se\/wp-content\/uploads\/2025\/09\/aiyaplay-elektriskt-barnfordon-omvand-trehjulig-design-batteridrift-mp3-spelare-horn-2-hastigheter-led-ljus-3-8-ar-gul-1.webp?fit=2000%2C2000&ssl=1\" \/>\n\t<meta property=\"og:image:width\" content=\"2000\" \/>\n\t<meta property=\"og:image:height\" content=\"2000\" \/>\n\t<meta property=\"og:image:type\" content=\"image\/webp\" \/>\n<meta name=\"twitter:card\" content=\"summary_large_image\" \/>\n<meta name=\"twitter:label1\" content=\"Ber\u00e4knad l\u00e4stid\" \/>\n\t<meta name=\"twitter:data1\" content=\"1 minut\" \/>\n<!-- \/ Yoast SEO plugin. -->","yoast_head_json":{"title":"TRUUSK Elektrisk Barnfordon - Batteridrift - MP3-spelare - LED-ljus - 3-8 \u00e5r - Gul - TRUUSK - Hem, Tr\u00e4dg\u00e5rd &amp; Fritid","robots":{"index":"index","follow":"follow","max-snippet":"max-snippet:-1","max-image-preview":"max-image-preview:large","max-video-preview":"max-video-preview:-1"},"canonical":"https:\/\/truusk.store\/sv\/produkt\/truusk-elektrisk-barnfordon-batteridrift-mp3-spelare-led-ljus-3-8-ar-gul\/","og_locale":"sv_SE","og_type":"article","og_title":"TRUUSK Elektrisk Barnfordon - Batteridrift - MP3-spelare - LED-ljus - 3-8 \u00e5r - Gul - TRUUSK - Hem, Tr\u00e4dg\u00e5rd &amp; Fritid","og_description":"Detta elektriska barnfordon inbjuder till \u00e4ventyr. Med sin l\u00e5ngsamma start och tv\u00e5 hastighetsniv\u00e5er garanteras s\u00e4kra resor. Tack vare de dubbla...","og_url":"https:\/\/truusk.store\/sv\/produkt\/truusk-elektrisk-barnfordon-batteridrift-mp3-spelare-led-ljus-3-8-ar-gul\/","og_site_name":"TRUUSK - Hem, Tr\u00e4dg\u00e5rd &amp; Fritid","article_modified_time":"2026-03-12T07:46:32+00:00","og_image":[{"width":2000,"height":2000,"url":"https:\/\/i0.wp.com\/truusk.se\/wp-content\/uploads\/2025\/09\/aiyaplay-elektriskt-barnfordon-omvand-trehjulig-design-batteridrift-mp3-spelare-horn-2-hastigheter-led-ljus-3-8-ar-gul-1.webp?fit=2000%2C2000&ssl=1","type":"image\/webp"}],"twitter_card":"summary_large_image","twitter_misc":{"Ber\u00e4knad l\u00e4stid":"1 minut"},"schema":{"@context":"https:\/\/schema.org","@graph":[{"@type":"WebPage","@id":"https:\/\/truusk.store\/sv\/produkt\/truusk-elektrisk-barnfordon-batteridrift-mp3-spelare-led-ljus-3-8-ar-gul\/","url":"https:\/\/truusk.store\/sv\/produkt\/truusk-elektrisk-barnfordon-batteridrift-mp3-spelare-led-ljus-3-8-ar-gul\/","name":"TRUUSK Elektrisk Barnfordon - Batteridrift - MP3-spelare - LED-ljus - 3-8 \u00e5r - Gul - TRUUSK - Hem, Tr\u00e4dg\u00e5rd &amp; Fritid","isPartOf":{"@id":"https:\/\/truusk.store\/sv\/#website"},"primaryImageOfPage":{"@id":"https:\/\/truusk.store\/sv\/produkt\/truusk-elektrisk-barnfordon-batteridrift-mp3-spelare-led-ljus-3-8-ar-gul\/#primaryimage"},"image":{"@id":"https:\/\/truusk.store\/sv\/produkt\/truusk-elektrisk-barnfordon-batteridrift-mp3-spelare-led-ljus-3-8-ar-gul\/#primaryimage"},"thumbnailUrl":"https:\/\/i0.wp.com\/truusk.store\/wp-content\/uploads\/2025\/09\/aiyaplay-elektriskt-barnfordon-omvand-trehjulig-design-batteridrift-mp3-spelare-horn-2-hastigheter-led-ljus-3-8-ar-gul-1.webp?fit=2000%2C2000&ssl=1","datePublished":"2025-09-23T04:40:41+00:00","dateModified":"2026-03-12T07:46:32+00:00","breadcrumb":{"@id":"https:\/\/truusk.store\/sv\/produkt\/truusk-elektrisk-barnfordon-batteridrift-mp3-spelare-led-ljus-3-8-ar-gul\/#breadcrumb"},"inLanguage":"sv-SE","potentialAction":[{"@type":"ReadAction","target":["https:\/\/truusk.store\/sv\/produkt\/truusk-elektrisk-barnfordon-batteridrift-mp3-spelare-led-ljus-3-8-ar-gul\/"]}]},{"@type":"ImageObject","inLanguage":"sv-SE","@id":"https:\/\/truusk.store\/sv\/produkt\/truusk-elektrisk-barnfordon-batteridrift-mp3-spelare-led-ljus-3-8-ar-gul\/#primaryimage","url":"https:\/\/i0.wp.com\/truusk.store\/wp-content\/uploads\/2025\/09\/aiyaplay-elektriskt-barnfordon-omvand-trehjulig-design-batteridrift-mp3-spelare-horn-2-hastigheter-led-ljus-3-8-ar-gul-1.webp?fit=2000%2C2000&ssl=1","contentUrl":"https:\/\/i0.wp.com\/truusk.store\/wp-content\/uploads\/2025\/09\/aiyaplay-elektriskt-barnfordon-omvand-trehjulig-design-batteridrift-mp3-spelare-horn-2-hastigheter-led-ljus-3-8-ar-gul-1.webp?fit=2000%2C2000&ssl=1","width":2000,"height":2000},{"@type":"BreadcrumbList","@id":"https:\/\/truusk.store\/sv\/produkt\/truusk-elektrisk-barnfordon-batteridrift-mp3-spelare-led-ljus-3-8-ar-gul\/#breadcrumb","itemListElement":[{"@type":"ListItem","position":1,"name":"Home","item":"https:\/\/truusk.store\/sv\/"},{"@type":"ListItem","position":2,"name":"Shop","item":"https:\/\/truusk.store\/shop\/"},{"@type":"ListItem","position":3,"name":"TRUUSK Elektrisk Barnfordon &#8211; Batteridrift &#8211; MP3-spelare &#8211; LED-ljus &#8211; 3-8 \u00e5r &#8211; Gul"}]},{"@type":"WebSite","@id":"https:\/\/truusk.store\/sv\/#website","url":"https:\/\/truusk.store\/sv\/","name":"TRUUSK - Hem, Tr\u00e4dg\u00e5rd & Fritid","description":"","publisher":{"@id":"https:\/\/truusk.store\/sv\/#organization"},"potentialAction":[{"@type":"SearchAction","target":{"@type":"EntryPoint","urlTemplate":"https:\/\/truusk.store\/sv\/?s={search_term_string}"},"query-input":{"@type":"PropertyValueSpecification","valueRequired":true,"valueName":"search_term_string"}}],"inLanguage":"sv-SE"},{"@type":"Organization","@id":"https:\/\/truusk.store\/sv\/#organization","name":"TRUUSK - Hem, Tr\u00e4dg\u00e5rd & Fritid","url":"https:\/\/truusk.store\/sv\/","logo":{"@type":"ImageObject","inLanguage":"sv-SE","@id":"https:\/\/truusk.store\/sv\/#\/schema\/logo\/image\/","url":"https:\/\/i0.wp.com\/truusk.store\/wp-content\/uploads\/2026\/03\/cropped-TRUUSK.png?fit=2032%2C917&ssl=1","contentUrl":"https:\/\/i0.wp.com\/truusk.store\/wp-content\/uploads\/2026\/03\/cropped-TRUUSK.png?fit=2032%2C917&ssl=1","width":2032,"height":917,"caption":"TRUUSK - Hem, Tr\u00e4dg\u00e5rd & Fritid"},"image":{"@id":"https:\/\/truusk.store\/sv\/#\/schema\/logo\/image\/"}}]}},"jetpack_sharing_enabled":true,"_links":{"self":[{"href":"https:\/\/truusk.store\/sv\/wp-json\/wp\/v2\/product\/91288","targetHints":{"allow":["GET"]}}],"collection":[{"href":"https:\/\/truusk.store\/sv\/wp-json\/wp\/v2\/product"}],"about":[{"href":"https:\/\/truusk.store\/sv\/wp-json\/wp\/v2\/types\/product"}],"wp:featuredmedia":[{"embeddable":true,"href":"https:\/\/truusk.store\/sv\/wp-json\/wp\/v2\/media\/91279"}],"wp:attachment":[{"href":"https:\/\/truusk.store\/sv\/wp-json\/wp\/v2\/media?parent=91288"}],"wp:term":[{"taxonomy":"product_brand","embeddable":true,"href":"https:\/\/truusk.store\/sv\/wp-json\/wp\/v2\/product_brand?post=91288"},{"taxonomy":"product_cat","embeddable":true,"href":"https:\/\/truusk.store\/sv\/wp-json\/wp\/v2\/product_cat?post=91288"},{"taxonomy":"product_tag","embeddable":true,"href":"https:\/\/truusk.store\/sv\/wp-json\/wp\/v2\/product_tag?post=91288"}],"curies":[{"name":"wp","href":"https:\/\/api.w.org\/{rel}","templated":true}]}}