{"id":9133,"date":"2024-02-13T09:36:33","date_gmt":"2024-02-13T08:36:33","guid":{"rendered":"https:\/\/truusk.store\/product\/hantelset-4-par-hantlar-med-fodral-05-kg-1-kg-15-kg-2-kg-jarn-plast-rod-gul-gron-lila\/"},"modified":"2026-03-12T08:55:57","modified_gmt":"2026-03-12T07:55:57","slug":"truusk-hantelset-4-par-hantlar-med-fodral-05-kg-1-kg-15-kg-2-kg-jarn-plast-rod-gul-gron-lila","status":"publish","type":"product","link":"https:\/\/truusk.store\/sv\/produkt\/truusk-hantelset-4-par-hantlar-med-fodral-05-kg-1-kg-15-kg-2-kg-jarn-plast-rod-gul-gron-lila\/","title":{"rendered":"TRUUSK Hantelset 4 Par Hantlar Med Fodral &#8211; 0,5 Kg\/1 Kg\/1,5 Kg\/2 Kg J\u00e4rn + Plast &#8211; R\u00f6d Gul Gr\u00f6n Lila"},"content":{"rendered":"<p>Tr\u00e4na h\u00e4lsosamt och levande passform: med detta fantastiska hantelset blir det enkelt! Levereras i ett praktiskt hantelfodral f\u00e5r du fyra par hantlar med 0,5 kg, 1 kg, 1,5 kg och 2 kg per hantel. Oavsett om det \u00e4r uth\u00e5llighetstr\u00e4ning, kondition eller pilates &#8211; det finns inga gr\u00e4nser f\u00f6r m\u00e5ngfalden av applikationer! Hantlarna \u00e4r dekorerade i dj\u00e4rva f\u00e4rger och har stora viktmarkeringar f\u00f6r att g\u00f6ra dem l\u00e4tta att skilja fr\u00e5n varandra.<\/p>\n<h3>Beskrivning:<\/h3>\n<ul>\n<li>L\u00e4mplig f\u00f6r uth\u00e5llighetstr\u00e4ning, Pilates, kn\u00e4b\u00f6j mm.<\/li>\n<li>Setet inneh\u00e5ller fyra hantlar i fyra olika viktversioner: 0,5 kg, 1 kg, 1,5 kg och 2 kg<\/li>\n<li>Dj\u00e4rva f\u00e4rger och tydlig viktinformation p\u00e5 varje par hantlar<\/li>\n<li>Best\u00e5r av en robust metallk\u00e4rna och t\u00e4ckt med slitstark plast<\/li>\n<li>Hantlar \u00e4r s\u00e4rskilt l\u00e4tta att greppa och bekv\u00e4ma att h\u00e5lla i<\/li>\n<li>Inkluderar hantelfodral<\/li>\n<\/ul>\n<h3>Teknisk data:<\/h3>\n<ul>\n<li>F\u00e4rg: Hantel: R\u00f6d\/Gul\/Gr\u00f6n\/Lila, Fodral: Gr\u00e5<\/li>\n<li>Material: j\u00e4rn, PU<\/li>\n<li>\u00d6vergripande m\u00e5tt (fodral): 41L x 30W x 8H cm<\/li>\n<li>Hantelm\u00e5tt: (4,5 x 12H cm), (5,7 x 14H cm), (6,5 x 15H cm), (7 x 16,5H cm)<\/li>\n<li>Hantelvikt: (0,5 kg), (1 kg), (1,5 kg), (2 kg)<\/li>\n<li>Totalvikt: 10,5 kg<\/li>\n<\/ul>\n<h3>Leveransens omfattning:<\/h3>\n<ul>\n<li>1 x Hantelset<\/li>\n<li>1 x resv\u00e4ska<\/li>\n<\/ul>\n","protected":false},"excerpt":{"rendered":"<p>Tr\u00e4na h\u00e4lsosamt och levande passform: med detta fantastiska hantelset blir det enkelt! Levereras i ett praktiskt hantelfodral f\u00e5r du fyra&#8230;<\/p>\n","protected":false},"featured_media":9134,"template":"","meta":[],"product_brand":[],"product_cat":[668,661,647],"product_tag":[],"class_list":{"0":"post-9133","1":"product","2":"type-product","3":"status-publish","4":"has-post-thumbnail","6":"product_cat-hantlar","7":"product_cat-kondition-styrketraning","8":"product_cat-sport-fritid","10":"first","11":"instock","12":"sale","13":"taxable","14":"shipping-taxable","15":"purchasable","16":"product-type-simple"},"yoast_head":"<!-- This site is optimized with the Yoast SEO plugin v25.4 - https:\/\/yoast.com\/wordpress\/plugins\/seo\/ -->\n<title>TRUUSK Hantelset 4 Par Hantlar Med Fodral - 0,5 Kg\/1 Kg\/1,5 Kg\/2 Kg J\u00e4rn + Plast - R\u00f6d Gul Gr\u00f6n Lila - TRUUSK - Hem, Tr\u00e4dg\u00e5rd &amp; Fritid<\/title>\n<meta name=\"robots\" content=\"index, follow, max-snippet:-1, max-image-preview:large, max-video-preview:-1\" \/>\n<link rel=\"canonical\" href=\"https:\/\/truusk.store\/sv\/produkt\/truusk-hantelset-4-par-hantlar-med-fodral-05-kg-1-kg-15-kg-2-kg-jarn-plast-rod-gul-gron-lila\/\" \/>\n<meta property=\"og:locale\" content=\"sv_SE\" \/>\n<meta property=\"og:type\" content=\"article\" \/>\n<meta property=\"og:title\" content=\"TRUUSK Hantelset 4 Par Hantlar Med Fodral - 0,5 Kg\/1 Kg\/1,5 Kg\/2 Kg J\u00e4rn + Plast - R\u00f6d Gul Gr\u00f6n Lila - TRUUSK - Hem, Tr\u00e4dg\u00e5rd &amp; Fritid\" \/>\n<meta property=\"og:description\" content=\"Tr\u00e4na h\u00e4lsosamt och levande passform: med detta fantastiska hantelset blir det enkelt! Levereras i ett praktiskt hantelfodral f\u00e5r du fyra...\" \/>\n<meta property=\"og:url\" content=\"https:\/\/truusk.store\/sv\/produkt\/truusk-hantelset-4-par-hantlar-med-fodral-05-kg-1-kg-15-kg-2-kg-jarn-plast-rod-gul-gron-lila\/\" \/>\n<meta property=\"og:site_name\" content=\"TRUUSK - Hem, Tr\u00e4dg\u00e5rd &amp; Fritid\" \/>\n<meta property=\"article:modified_time\" content=\"2026-03-12T07:55:57+00:00\" \/>\n<meta property=\"og:image\" content=\"https:\/\/i0.wp.com\/truusk.se\/wp-content\/uploads\/2024\/02\/hantelset-4-par-hantlar-med-fodral-05-kg-1-kg-15-kg-2-kg-jarn-plast-rod-gul-gron-lila.webp?fit=800%2C800&ssl=1\" \/>\n\t<meta property=\"og:image:width\" content=\"800\" \/>\n\t<meta property=\"og:image:height\" content=\"800\" \/>\n\t<meta property=\"og:image:type\" content=\"image\/webp\" \/>\n<meta name=\"twitter:card\" content=\"summary_large_image\" \/>\n<meta name=\"twitter:label1\" content=\"Ber\u00e4knad l\u00e4stid\" \/>\n\t<meta name=\"twitter:data1\" content=\"1 minut\" \/>\n<!-- \/ Yoast SEO plugin. -->","yoast_head_json":{"title":"TRUUSK Hantelset 4 Par Hantlar Med Fodral - 0,5 Kg\/1 Kg\/1,5 Kg\/2 Kg J\u00e4rn + Plast - R\u00f6d Gul Gr\u00f6n Lila - TRUUSK - Hem, Tr\u00e4dg\u00e5rd &amp; Fritid","robots":{"index":"index","follow":"follow","max-snippet":"max-snippet:-1","max-image-preview":"max-image-preview:large","max-video-preview":"max-video-preview:-1"},"canonical":"https:\/\/truusk.store\/sv\/produkt\/truusk-hantelset-4-par-hantlar-med-fodral-05-kg-1-kg-15-kg-2-kg-jarn-plast-rod-gul-gron-lila\/","og_locale":"sv_SE","og_type":"article","og_title":"TRUUSK Hantelset 4 Par Hantlar Med Fodral - 0,5 Kg\/1 Kg\/1,5 Kg\/2 Kg J\u00e4rn + Plast - R\u00f6d Gul Gr\u00f6n Lila - TRUUSK - Hem, Tr\u00e4dg\u00e5rd &amp; Fritid","og_description":"Tr\u00e4na h\u00e4lsosamt och levande passform: med detta fantastiska hantelset blir det enkelt! Levereras i ett praktiskt hantelfodral f\u00e5r du fyra...","og_url":"https:\/\/truusk.store\/sv\/produkt\/truusk-hantelset-4-par-hantlar-med-fodral-05-kg-1-kg-15-kg-2-kg-jarn-plast-rod-gul-gron-lila\/","og_site_name":"TRUUSK - Hem, Tr\u00e4dg\u00e5rd &amp; Fritid","article_modified_time":"2026-03-12T07:55:57+00:00","og_image":[{"width":800,"height":800,"url":"https:\/\/i0.wp.com\/truusk.se\/wp-content\/uploads\/2024\/02\/hantelset-4-par-hantlar-med-fodral-05-kg-1-kg-15-kg-2-kg-jarn-plast-rod-gul-gron-lila.webp?fit=800%2C800&ssl=1","type":"image\/webp"}],"twitter_card":"summary_large_image","twitter_misc":{"Ber\u00e4knad l\u00e4stid":"1 minut"},"schema":{"@context":"https:\/\/schema.org","@graph":[{"@type":"WebPage","@id":"https:\/\/truusk.store\/sv\/produkt\/truusk-hantelset-4-par-hantlar-med-fodral-05-kg-1-kg-15-kg-2-kg-jarn-plast-rod-gul-gron-lila\/","url":"https:\/\/truusk.store\/sv\/produkt\/truusk-hantelset-4-par-hantlar-med-fodral-05-kg-1-kg-15-kg-2-kg-jarn-plast-rod-gul-gron-lila\/","name":"TRUUSK Hantelset 4 Par Hantlar Med Fodral - 0,5 Kg\/1 Kg\/1,5 Kg\/2 Kg J\u00e4rn + Plast - R\u00f6d Gul Gr\u00f6n Lila - TRUUSK - Hem, Tr\u00e4dg\u00e5rd &amp; Fritid","isPartOf":{"@id":"https:\/\/truusk.store\/sv\/#website"},"primaryImageOfPage":{"@id":"https:\/\/truusk.store\/sv\/produkt\/truusk-hantelset-4-par-hantlar-med-fodral-05-kg-1-kg-15-kg-2-kg-jarn-plast-rod-gul-gron-lila\/#primaryimage"},"image":{"@id":"https:\/\/truusk.store\/sv\/produkt\/truusk-hantelset-4-par-hantlar-med-fodral-05-kg-1-kg-15-kg-2-kg-jarn-plast-rod-gul-gron-lila\/#primaryimage"},"thumbnailUrl":"https:\/\/i0.wp.com\/truusk.store\/wp-content\/uploads\/2024\/02\/hantelset-4-par-hantlar-med-fodral-05-kg-1-kg-15-kg-2-kg-jarn-plast-rod-gul-gron-lila.webp?fit=800%2C800&ssl=1","datePublished":"2024-02-13T08:36:33+00:00","dateModified":"2026-03-12T07:55:57+00:00","breadcrumb":{"@id":"https:\/\/truusk.store\/sv\/produkt\/truusk-hantelset-4-par-hantlar-med-fodral-05-kg-1-kg-15-kg-2-kg-jarn-plast-rod-gul-gron-lila\/#breadcrumb"},"inLanguage":"sv-SE","potentialAction":[{"@type":"ReadAction","target":["https:\/\/truusk.store\/sv\/produkt\/truusk-hantelset-4-par-hantlar-med-fodral-05-kg-1-kg-15-kg-2-kg-jarn-plast-rod-gul-gron-lila\/"]}]},{"@type":"ImageObject","inLanguage":"sv-SE","@id":"https:\/\/truusk.store\/sv\/produkt\/truusk-hantelset-4-par-hantlar-med-fodral-05-kg-1-kg-15-kg-2-kg-jarn-plast-rod-gul-gron-lila\/#primaryimage","url":"https:\/\/i0.wp.com\/truusk.store\/wp-content\/uploads\/2024\/02\/hantelset-4-par-hantlar-med-fodral-05-kg-1-kg-15-kg-2-kg-jarn-plast-rod-gul-gron-lila.webp?fit=800%2C800&ssl=1","contentUrl":"https:\/\/i0.wp.com\/truusk.store\/wp-content\/uploads\/2024\/02\/hantelset-4-par-hantlar-med-fodral-05-kg-1-kg-15-kg-2-kg-jarn-plast-rod-gul-gron-lila.webp?fit=800%2C800&ssl=1","width":800,"height":800,"caption":"Hantelset 4 Par Hantlar Med Fodral 0,5 Kg\/1 Kg\/1,5 Kg\/2 Kg J\u00e4rn + Plast R\u00f6d Gul Gr\u00f6n Lila 1"},{"@type":"BreadcrumbList","@id":"https:\/\/truusk.store\/sv\/produkt\/truusk-hantelset-4-par-hantlar-med-fodral-05-kg-1-kg-15-kg-2-kg-jarn-plast-rod-gul-gron-lila\/#breadcrumb","itemListElement":[{"@type":"ListItem","position":1,"name":"Home","item":"https:\/\/truusk.store\/sv\/"},{"@type":"ListItem","position":2,"name":"Shop","item":"https:\/\/truusk.store\/shop\/"},{"@type":"ListItem","position":3,"name":"TRUUSK Hantelset 4 Par Hantlar Med Fodral &#8211; 0,5 Kg\/1 Kg\/1,5 Kg\/2 Kg J\u00e4rn + Plast &#8211; R\u00f6d Gul Gr\u00f6n Lila"}]},{"@type":"WebSite","@id":"https:\/\/truusk.store\/sv\/#website","url":"https:\/\/truusk.store\/sv\/","name":"TRUUSK - Hem, Tr\u00e4dg\u00e5rd & Fritid","description":"","publisher":{"@id":"https:\/\/truusk.store\/sv\/#organization"},"potentialAction":[{"@type":"SearchAction","target":{"@type":"EntryPoint","urlTemplate":"https:\/\/truusk.store\/sv\/?s={search_term_string}"},"query-input":{"@type":"PropertyValueSpecification","valueRequired":true,"valueName":"search_term_string"}}],"inLanguage":"sv-SE"},{"@type":"Organization","@id":"https:\/\/truusk.store\/sv\/#organization","name":"TRUUSK - Hem, Tr\u00e4dg\u00e5rd & Fritid","url":"https:\/\/truusk.store\/sv\/","logo":{"@type":"ImageObject","inLanguage":"sv-SE","@id":"https:\/\/truusk.store\/sv\/#\/schema\/logo\/image\/","url":"https:\/\/i0.wp.com\/truusk.store\/wp-content\/uploads\/2026\/03\/cropped-TRUUSK.png?fit=2032%2C917&ssl=1","contentUrl":"https:\/\/i0.wp.com\/truusk.store\/wp-content\/uploads\/2026\/03\/cropped-TRUUSK.png?fit=2032%2C917&ssl=1","width":2032,"height":917,"caption":"TRUUSK - Hem, Tr\u00e4dg\u00e5rd & Fritid"},"image":{"@id":"https:\/\/truusk.store\/sv\/#\/schema\/logo\/image\/"}}]}},"jetpack_sharing_enabled":true,"_links":{"self":[{"href":"https:\/\/truusk.store\/sv\/wp-json\/wp\/v2\/product\/9133","targetHints":{"allow":["GET"]}}],"collection":[{"href":"https:\/\/truusk.store\/sv\/wp-json\/wp\/v2\/product"}],"about":[{"href":"https:\/\/truusk.store\/sv\/wp-json\/wp\/v2\/types\/product"}],"wp:featuredmedia":[{"embeddable":true,"href":"https:\/\/truusk.store\/sv\/wp-json\/wp\/v2\/media\/9134"}],"wp:attachment":[{"href":"https:\/\/truusk.store\/sv\/wp-json\/wp\/v2\/media?parent=9133"}],"wp:term":[{"taxonomy":"product_brand","embeddable":true,"href":"https:\/\/truusk.store\/sv\/wp-json\/wp\/v2\/product_brand?post=9133"},{"taxonomy":"product_cat","embeddable":true,"href":"https:\/\/truusk.store\/sv\/wp-json\/wp\/v2\/product_cat?post=9133"},{"taxonomy":"product_tag","embeddable":true,"href":"https:\/\/truusk.store\/sv\/wp-json\/wp\/v2\/product_tag?post=9133"}],"curies":[{"name":"wp","href":"https:\/\/api.w.org\/{rel}","templated":true}]}}