{"id":91519,"date":"2025-09-23T06:03:47","date_gmt":"2025-09-23T05:03:47","guid":{"rendered":"https:\/\/truusk.store\/product\/eldstadsset-4-delat-eldstadsutrustning-med-borste-spade-eldjarn-och-korg-eldstadsutrustning-metall-svart\/"},"modified":"2026-03-12T08:47:13","modified_gmt":"2026-03-12T07:47:13","slug":"truusk-4-delat-eldstadsset-med-borste-spade-eldjarn-och-korg-metall-svart","status":"publish","type":"product","link":"https:\/\/truusk.store\/sv\/produkt\/truusk-4-delat-eldstadsset-med-borste-spade-eldjarn-och-korg-metall-svart\/","title":{"rendered":"TRUUSK 4-delat Eldstadsset &#8211; Med Borste, Spade, Eldj\u00e4rn Och Korg &#8211; Metall &#8211; Svart"},"content":{"rendered":"<p>V\u00e4rm ditt hem med det charmiga TRUUSK eldgaffelsetet, perfekt f\u00f6r inomhus och utomhus. Detta spis tillbeh\u00f6rsset inneh\u00e5ller fyra delar: kvast, spade, eldgaffel och hink, alla gjorda av metall med en elegant svart pulverbel\u00e4ggning. Se fram emot enkel v\u00e5rd och klassisk design med dessa essentiella spisverktyg.<\/p>\n<p>Beskrivning:<\/p>\n<ul>\n<li> Det fyrdelade spisverktygssetet inneh\u00e5ller en kvast, en spade, en eldgaffel och en metallhink<\/li>\n<li> Metallkonstruktion med pulverbel\u00e4ggning \u00f6kar h\u00e5llbarheten<\/li>\n<li> Svart yta p\u00e5 spisverktygen garanterar ett klassiskt, tidl\u00f6st utseende<\/li>\n<li> Kompakt design av spisverktygen sparar utrymme<\/li>\n<li> L\u00e4mplig f\u00f6r inomhus spisar samt f\u00f6r utomhus eldst\u00e4der<\/li>\n<li> Ingen montering kr\u00e4vs<\/li>\n<\/ul>\n<p> Tekniska data:<\/p>\n<ul>\n<li> F\u00e4rg: Silver+Svart<\/li>\n<li> Material: Metall<\/li>\n<li> Totala dimensioner: 20L x 20B x 65H cm<\/li>\n<li> Hinkstorlek: 20B x 20T x 56H cm<\/li>\n<li> Kvaststorlek: 55L x 12B cm<\/li>\n<li> Spadstorlek: 54L x 11B cm<\/li>\n<li> Eldgaffelstorlek: 54L x 5B cm<\/li>\n<\/ul>\n<p>Leveransinneh\u00e5ll:<\/p>\n<ul>\n<li> 1 x Hink<\/li>\n<li> 1 x Kvast<\/li>\n<li> 1 x Spade<\/li>\n<li> 1 x Eldgaffel<\/li>\n<\/ul>\n","protected":false},"excerpt":{"rendered":"<p>V\u00e4rm ditt hem med det charmiga TRUUSK eldgaffelsetet, perfekt f\u00f6r inomhus och utomhus. Detta spis tillbeh\u00f6rsset inneh\u00e5ller fyra delar: kvast,&#8230;<\/p>\n","protected":false},"featured_media":91509,"template":"","meta":[],"product_brand":[],"product_cat":[867,926,874],"product_tag":[],"class_list":{"0":"post-91519","1":"product","2":"type-product","3":"status-publish","4":"has-post-thumbnail","6":"product_cat-byggmarknad","7":"product_cat-kamin-tillbehor","8":"product_cat-spisar-ugnar","10":"first","11":"instock","12":"sale","13":"taxable","14":"shipping-taxable","15":"purchasable","16":"product-type-simple"},"yoast_head":"<!-- This site is optimized with the Yoast SEO plugin v25.4 - https:\/\/yoast.com\/wordpress\/plugins\/seo\/ -->\n<title>TRUUSK 4-delat Eldstadsset - Med Borste, Spade, Eldj\u00e4rn Och Korg - Metall - Svart - TRUUSK - Hem, Tr\u00e4dg\u00e5rd &amp; Fritid<\/title>\n<meta name=\"robots\" content=\"index, follow, max-snippet:-1, max-image-preview:large, max-video-preview:-1\" \/>\n<link rel=\"canonical\" href=\"https:\/\/truusk.store\/sv\/produkt\/truusk-4-delat-eldstadsset-med-borste-spade-eldjarn-och-korg-metall-svart\/\" \/>\n<meta property=\"og:locale\" content=\"sv_SE\" \/>\n<meta property=\"og:type\" content=\"article\" \/>\n<meta property=\"og:title\" content=\"TRUUSK 4-delat Eldstadsset - Med Borste, Spade, Eldj\u00e4rn Och Korg - Metall - Svart - TRUUSK - Hem, Tr\u00e4dg\u00e5rd &amp; Fritid\" \/>\n<meta property=\"og:description\" content=\"V\u00e4rm ditt hem med det charmiga TRUUSK eldgaffelsetet, perfekt f\u00f6r inomhus och utomhus. Detta spis tillbeh\u00f6rsset inneh\u00e5ller fyra delar: kvast,...\" \/>\n<meta property=\"og:url\" content=\"https:\/\/truusk.store\/sv\/produkt\/truusk-4-delat-eldstadsset-med-borste-spade-eldjarn-och-korg-metall-svart\/\" \/>\n<meta property=\"og:site_name\" content=\"TRUUSK - Hem, Tr\u00e4dg\u00e5rd &amp; Fritid\" \/>\n<meta property=\"article:modified_time\" content=\"2026-03-12T07:47:13+00:00\" \/>\n<meta property=\"og:image\" content=\"https:\/\/i0.wp.com\/truusk.se\/wp-content\/uploads\/2025\/09\/eldstadsset-4-delat-eldstadsutrustning-med-borste-spade-eldjarn-och-korg-eldstadsutrustning-metall-svart-1.webp?fit=2000%2C2000&ssl=1\" \/>\n\t<meta property=\"og:image:width\" content=\"2000\" \/>\n\t<meta property=\"og:image:height\" content=\"2000\" \/>\n\t<meta property=\"og:image:type\" content=\"image\/webp\" \/>\n<meta name=\"twitter:card\" content=\"summary_large_image\" \/>\n<meta name=\"twitter:label1\" content=\"Ber\u00e4knad l\u00e4stid\" \/>\n\t<meta name=\"twitter:data1\" content=\"1 minut\" \/>\n<!-- \/ Yoast SEO plugin. -->","yoast_head_json":{"title":"TRUUSK 4-delat Eldstadsset - Med Borste, Spade, Eldj\u00e4rn Och Korg - Metall - Svart - TRUUSK - Hem, Tr\u00e4dg\u00e5rd &amp; Fritid","robots":{"index":"index","follow":"follow","max-snippet":"max-snippet:-1","max-image-preview":"max-image-preview:large","max-video-preview":"max-video-preview:-1"},"canonical":"https:\/\/truusk.store\/sv\/produkt\/truusk-4-delat-eldstadsset-med-borste-spade-eldjarn-och-korg-metall-svart\/","og_locale":"sv_SE","og_type":"article","og_title":"TRUUSK 4-delat Eldstadsset - Med Borste, Spade, Eldj\u00e4rn Och Korg - Metall - Svart - TRUUSK - Hem, Tr\u00e4dg\u00e5rd &amp; Fritid","og_description":"V\u00e4rm ditt hem med det charmiga TRUUSK eldgaffelsetet, perfekt f\u00f6r inomhus och utomhus. Detta spis tillbeh\u00f6rsset inneh\u00e5ller fyra delar: kvast,...","og_url":"https:\/\/truusk.store\/sv\/produkt\/truusk-4-delat-eldstadsset-med-borste-spade-eldjarn-och-korg-metall-svart\/","og_site_name":"TRUUSK - Hem, Tr\u00e4dg\u00e5rd &amp; Fritid","article_modified_time":"2026-03-12T07:47:13+00:00","og_image":[{"width":2000,"height":2000,"url":"https:\/\/i0.wp.com\/truusk.se\/wp-content\/uploads\/2025\/09\/eldstadsset-4-delat-eldstadsutrustning-med-borste-spade-eldjarn-och-korg-eldstadsutrustning-metall-svart-1.webp?fit=2000%2C2000&ssl=1","type":"image\/webp"}],"twitter_card":"summary_large_image","twitter_misc":{"Ber\u00e4knad l\u00e4stid":"1 minut"},"schema":{"@context":"https:\/\/schema.org","@graph":[{"@type":"WebPage","@id":"https:\/\/truusk.store\/sv\/produkt\/truusk-4-delat-eldstadsset-med-borste-spade-eldjarn-och-korg-metall-svart\/","url":"https:\/\/truusk.store\/sv\/produkt\/truusk-4-delat-eldstadsset-med-borste-spade-eldjarn-och-korg-metall-svart\/","name":"TRUUSK 4-delat Eldstadsset - Med Borste, Spade, Eldj\u00e4rn Och Korg - Metall - Svart - TRUUSK - Hem, Tr\u00e4dg\u00e5rd &amp; Fritid","isPartOf":{"@id":"https:\/\/truusk.store\/sv\/#website"},"primaryImageOfPage":{"@id":"https:\/\/truusk.store\/sv\/produkt\/truusk-4-delat-eldstadsset-med-borste-spade-eldjarn-och-korg-metall-svart\/#primaryimage"},"image":{"@id":"https:\/\/truusk.store\/sv\/produkt\/truusk-4-delat-eldstadsset-med-borste-spade-eldjarn-och-korg-metall-svart\/#primaryimage"},"thumbnailUrl":"https:\/\/i0.wp.com\/truusk.store\/wp-content\/uploads\/2025\/09\/eldstadsset-4-delat-eldstadsutrustning-med-borste-spade-eldjarn-och-korg-eldstadsutrustning-metall-svart-1.webp?fit=2000%2C2000&ssl=1","datePublished":"2025-09-23T05:03:47+00:00","dateModified":"2026-03-12T07:47:13+00:00","breadcrumb":{"@id":"https:\/\/truusk.store\/sv\/produkt\/truusk-4-delat-eldstadsset-med-borste-spade-eldjarn-och-korg-metall-svart\/#breadcrumb"},"inLanguage":"sv-SE","potentialAction":[{"@type":"ReadAction","target":["https:\/\/truusk.store\/sv\/produkt\/truusk-4-delat-eldstadsset-med-borste-spade-eldjarn-och-korg-metall-svart\/"]}]},{"@type":"ImageObject","inLanguage":"sv-SE","@id":"https:\/\/truusk.store\/sv\/produkt\/truusk-4-delat-eldstadsset-med-borste-spade-eldjarn-och-korg-metall-svart\/#primaryimage","url":"https:\/\/i0.wp.com\/truusk.store\/wp-content\/uploads\/2025\/09\/eldstadsset-4-delat-eldstadsutrustning-med-borste-spade-eldjarn-och-korg-eldstadsutrustning-metall-svart-1.webp?fit=2000%2C2000&ssl=1","contentUrl":"https:\/\/i0.wp.com\/truusk.store\/wp-content\/uploads\/2025\/09\/eldstadsset-4-delat-eldstadsutrustning-med-borste-spade-eldjarn-och-korg-eldstadsutrustning-metall-svart-1.webp?fit=2000%2C2000&ssl=1","width":2000,"height":2000},{"@type":"BreadcrumbList","@id":"https:\/\/truusk.store\/sv\/produkt\/truusk-4-delat-eldstadsset-med-borste-spade-eldjarn-och-korg-metall-svart\/#breadcrumb","itemListElement":[{"@type":"ListItem","position":1,"name":"Home","item":"https:\/\/truusk.store\/sv\/"},{"@type":"ListItem","position":2,"name":"Shop","item":"https:\/\/truusk.store\/shop\/"},{"@type":"ListItem","position":3,"name":"TRUUSK 4-delat Eldstadsset &#8211; Med Borste, Spade, Eldj\u00e4rn Och Korg &#8211; Metall &#8211; Svart"}]},{"@type":"WebSite","@id":"https:\/\/truusk.store\/sv\/#website","url":"https:\/\/truusk.store\/sv\/","name":"TRUUSK - Hem, Tr\u00e4dg\u00e5rd & Fritid","description":"","publisher":{"@id":"https:\/\/truusk.store\/sv\/#organization"},"potentialAction":[{"@type":"SearchAction","target":{"@type":"EntryPoint","urlTemplate":"https:\/\/truusk.store\/sv\/?s={search_term_string}"},"query-input":{"@type":"PropertyValueSpecification","valueRequired":true,"valueName":"search_term_string"}}],"inLanguage":"sv-SE"},{"@type":"Organization","@id":"https:\/\/truusk.store\/sv\/#organization","name":"TRUUSK - Hem, Tr\u00e4dg\u00e5rd & Fritid","url":"https:\/\/truusk.store\/sv\/","logo":{"@type":"ImageObject","inLanguage":"sv-SE","@id":"https:\/\/truusk.store\/sv\/#\/schema\/logo\/image\/","url":"https:\/\/i0.wp.com\/truusk.store\/wp-content\/uploads\/2026\/03\/cropped-TRUUSK.png?fit=2032%2C917&ssl=1","contentUrl":"https:\/\/i0.wp.com\/truusk.store\/wp-content\/uploads\/2026\/03\/cropped-TRUUSK.png?fit=2032%2C917&ssl=1","width":2032,"height":917,"caption":"TRUUSK - Hem, Tr\u00e4dg\u00e5rd & Fritid"},"image":{"@id":"https:\/\/truusk.store\/sv\/#\/schema\/logo\/image\/"}}]}},"jetpack_sharing_enabled":true,"_links":{"self":[{"href":"https:\/\/truusk.store\/sv\/wp-json\/wp\/v2\/product\/91519","targetHints":{"allow":["GET"]}}],"collection":[{"href":"https:\/\/truusk.store\/sv\/wp-json\/wp\/v2\/product"}],"about":[{"href":"https:\/\/truusk.store\/sv\/wp-json\/wp\/v2\/types\/product"}],"wp:featuredmedia":[{"embeddable":true,"href":"https:\/\/truusk.store\/sv\/wp-json\/wp\/v2\/media\/91509"}],"wp:attachment":[{"href":"https:\/\/truusk.store\/sv\/wp-json\/wp\/v2\/media?parent=91519"}],"wp:term":[{"taxonomy":"product_brand","embeddable":true,"href":"https:\/\/truusk.store\/sv\/wp-json\/wp\/v2\/product_brand?post=91519"},{"taxonomy":"product_cat","embeddable":true,"href":"https:\/\/truusk.store\/sv\/wp-json\/wp\/v2\/product_cat?post=91519"},{"taxonomy":"product_tag","embeddable":true,"href":"https:\/\/truusk.store\/sv\/wp-json\/wp\/v2\/product_tag?post=91519"}],"curies":[{"name":"wp","href":"https:\/\/api.w.org\/{rel}","templated":true}]}}