{"id":91548,"date":"2025-09-23T06:06:16","date_gmt":"2025-09-23T05:06:16","guid":{"rendered":"https:\/\/truusk.store\/product\/160-x-50-cm-helkroppsspegel-mangsidigt-anvandbar-rektangular-design-med-ram-vit\/"},"modified":"2026-03-12T08:47:13","modified_gmt":"2026-03-12T07:47:13","slug":"truusk-160x50-cm-helkroppsspegel-mangsidigt-anvandbar-rektangular-design-med-ram-vit","status":"publish","type":"product","link":"https:\/\/truusk.store\/sv\/produkt\/truusk-160x50-cm-helkroppsspegel-mangsidigt-anvandbar-rektangular-design-med-ram-vit\/","title":{"rendered":"TRUUSK 160&#215;50 cm Helkroppsspegel &#8211; M\u00e5ngsidigt anv\u00e4ndbar &#8211; Rektangul\u00e4r design med ram &#8211; Vit"},"content":{"rendered":"<p>Sv\u00e5rt att se hela din outfit i en liten spegel? Morgonstressen \u00f6kar n\u00e4r du inte kan granska din look fullt ut. TRUUSK helkroppsspegeln ger en vy fr\u00e5n huvud till t\u00e5 och eliminerar os\u00e4kerheter. Anv\u00e4ndbar som st\u00e5ende spegel eller f\u00f6r v\u00e4ggmontering, ger den en bekv\u00e4m, fullst\u00e4ndig spegling i alla rum, s\u00e5 att du kan starta dagen elegant.<\/p>\n<p>Beskrivning:<\/p>\n<ul>\n<li> Den stora storleken p\u00e5 hallens spegel p\u00e5 160 x 50 cm ger en fullst\u00e4ndig vy fr\u00e5n huvud till t\u00e5<\/li>\n<li> Kan anv\u00e4ndas monterad p\u00e5 v\u00e4ggen, lutad mot v\u00e4ggen eller frist\u00e5ende med st\u00f6d<\/li>\n<li> Ramen p\u00e5 st\u00e5ende spegeln med konststenstextur ger ditt rum en elegant touch<\/li>\n<li> Tillverkad av splitterfritt s\u00e4kerhetsglas som garanterar din och din familjs s\u00e4kerhet<\/li>\n<li> H\u00f6guppl\u00f6st glas ger en kristallklar reflektion och f\u00e5r ditt rum att se st\u00f6rre ut<\/li>\n<li> Ingen montering kr\u00e4vs<\/li>\n<\/ul>\n<p> Tekniska data:<\/p>\n<ul>\n<li> F\u00e4rg: Vit<\/li>\n<li> Material: Plast, h\u00e4rdat glas<\/li>\n<li> Totala dimensioner: 50B x 4T x 160H cm (utan ben), 50B x 40T x 157,5H cm (med ben)<\/li>\n<li> Spegelstorlek: 43,4B x 153,4H cm<\/li>\n<\/ul>\n<p>Leveransinneh\u00e5ll:<\/p>\n<ul>\n<li> 1 x helkroppsspegel<\/li>\n<li> 1 x handbok<\/li>\n<\/ul>\n","protected":false},"excerpt":{"rendered":"<p>Sv\u00e5rt att se hela din outfit i en liten spegel? Morgonstressen \u00f6kar n\u00e4r du inte kan granska din look fullt&#8230;<\/p>\n","protected":false},"featured_media":91537,"template":"","meta":[],"product_brand":[],"product_cat":[893,871,966],"product_tag":[],"class_list":{"0":"post-91548","1":"product","2":"type-product","3":"status-publish","4":"has-post-thumbnail","6":"product_cat-garderob-hall","7":"product_cat-hus-hem","8":"product_cat-staende-speglar","10":"first","11":"instock","12":"sale","13":"taxable","14":"shipping-taxable","15":"purchasable","16":"product-type-simple"},"yoast_head":"<!-- This site is optimized with the Yoast SEO plugin v25.4 - https:\/\/yoast.com\/wordpress\/plugins\/seo\/ -->\n<title>TRUUSK 160x50 cm Helkroppsspegel - M\u00e5ngsidigt anv\u00e4ndbar - Rektangul\u00e4r design med ram - Vit - TRUUSK - Hem, Tr\u00e4dg\u00e5rd &amp; Fritid<\/title>\n<meta name=\"robots\" content=\"index, follow, max-snippet:-1, max-image-preview:large, max-video-preview:-1\" \/>\n<link rel=\"canonical\" href=\"https:\/\/truusk.store\/sv\/produkt\/truusk-160x50-cm-helkroppsspegel-mangsidigt-anvandbar-rektangular-design-med-ram-vit\/\" \/>\n<meta property=\"og:locale\" content=\"sv_SE\" \/>\n<meta property=\"og:type\" content=\"article\" \/>\n<meta property=\"og:title\" content=\"TRUUSK 160x50 cm Helkroppsspegel - M\u00e5ngsidigt anv\u00e4ndbar - Rektangul\u00e4r design med ram - Vit - TRUUSK - Hem, Tr\u00e4dg\u00e5rd &amp; Fritid\" \/>\n<meta property=\"og:description\" content=\"Sv\u00e5rt att se hela din outfit i en liten spegel? Morgonstressen \u00f6kar n\u00e4r du inte kan granska din look fullt...\" \/>\n<meta property=\"og:url\" content=\"https:\/\/truusk.store\/sv\/produkt\/truusk-160x50-cm-helkroppsspegel-mangsidigt-anvandbar-rektangular-design-med-ram-vit\/\" \/>\n<meta property=\"og:site_name\" content=\"TRUUSK - Hem, Tr\u00e4dg\u00e5rd &amp; Fritid\" \/>\n<meta property=\"article:modified_time\" content=\"2026-03-12T07:47:13+00:00\" \/>\n<meta property=\"og:image\" content=\"https:\/\/i0.wp.com\/truusk.se\/wp-content\/uploads\/2025\/09\/160-x-50-cm-helkroppsspegel-mangsidigt-anvandbar-rektangular-design-med-ram-vit-1.webp?fit=2000%2C2000&ssl=1\" \/>\n\t<meta property=\"og:image:width\" content=\"2000\" \/>\n\t<meta property=\"og:image:height\" content=\"2000\" \/>\n\t<meta property=\"og:image:type\" content=\"image\/webp\" \/>\n<meta name=\"twitter:card\" content=\"summary_large_image\" \/>\n<meta name=\"twitter:label1\" content=\"Ber\u00e4knad l\u00e4stid\" \/>\n\t<meta name=\"twitter:data1\" content=\"1 minut\" \/>\n<!-- \/ Yoast SEO plugin. -->","yoast_head_json":{"title":"TRUUSK 160x50 cm Helkroppsspegel - M\u00e5ngsidigt anv\u00e4ndbar - Rektangul\u00e4r design med ram - Vit - TRUUSK - Hem, Tr\u00e4dg\u00e5rd &amp; Fritid","robots":{"index":"index","follow":"follow","max-snippet":"max-snippet:-1","max-image-preview":"max-image-preview:large","max-video-preview":"max-video-preview:-1"},"canonical":"https:\/\/truusk.store\/sv\/produkt\/truusk-160x50-cm-helkroppsspegel-mangsidigt-anvandbar-rektangular-design-med-ram-vit\/","og_locale":"sv_SE","og_type":"article","og_title":"TRUUSK 160x50 cm Helkroppsspegel - M\u00e5ngsidigt anv\u00e4ndbar - Rektangul\u00e4r design med ram - Vit - TRUUSK - Hem, Tr\u00e4dg\u00e5rd &amp; Fritid","og_description":"Sv\u00e5rt att se hela din outfit i en liten spegel? Morgonstressen \u00f6kar n\u00e4r du inte kan granska din look fullt...","og_url":"https:\/\/truusk.store\/sv\/produkt\/truusk-160x50-cm-helkroppsspegel-mangsidigt-anvandbar-rektangular-design-med-ram-vit\/","og_site_name":"TRUUSK - Hem, Tr\u00e4dg\u00e5rd &amp; Fritid","article_modified_time":"2026-03-12T07:47:13+00:00","og_image":[{"width":2000,"height":2000,"url":"https:\/\/i0.wp.com\/truusk.se\/wp-content\/uploads\/2025\/09\/160-x-50-cm-helkroppsspegel-mangsidigt-anvandbar-rektangular-design-med-ram-vit-1.webp?fit=2000%2C2000&ssl=1","type":"image\/webp"}],"twitter_card":"summary_large_image","twitter_misc":{"Ber\u00e4knad l\u00e4stid":"1 minut"},"schema":{"@context":"https:\/\/schema.org","@graph":[{"@type":"WebPage","@id":"https:\/\/truusk.store\/sv\/produkt\/truusk-160x50-cm-helkroppsspegel-mangsidigt-anvandbar-rektangular-design-med-ram-vit\/","url":"https:\/\/truusk.store\/sv\/produkt\/truusk-160x50-cm-helkroppsspegel-mangsidigt-anvandbar-rektangular-design-med-ram-vit\/","name":"TRUUSK 160x50 cm Helkroppsspegel - M\u00e5ngsidigt anv\u00e4ndbar - Rektangul\u00e4r design med ram - Vit - TRUUSK - Hem, Tr\u00e4dg\u00e5rd &amp; Fritid","isPartOf":{"@id":"https:\/\/truusk.store\/sv\/#website"},"primaryImageOfPage":{"@id":"https:\/\/truusk.store\/sv\/produkt\/truusk-160x50-cm-helkroppsspegel-mangsidigt-anvandbar-rektangular-design-med-ram-vit\/#primaryimage"},"image":{"@id":"https:\/\/truusk.store\/sv\/produkt\/truusk-160x50-cm-helkroppsspegel-mangsidigt-anvandbar-rektangular-design-med-ram-vit\/#primaryimage"},"thumbnailUrl":"https:\/\/i0.wp.com\/truusk.store\/wp-content\/uploads\/2025\/09\/160-x-50-cm-helkroppsspegel-mangsidigt-anvandbar-rektangular-design-med-ram-vit-1.webp?fit=2000%2C2000&ssl=1","datePublished":"2025-09-23T05:06:16+00:00","dateModified":"2026-03-12T07:47:13+00:00","breadcrumb":{"@id":"https:\/\/truusk.store\/sv\/produkt\/truusk-160x50-cm-helkroppsspegel-mangsidigt-anvandbar-rektangular-design-med-ram-vit\/#breadcrumb"},"inLanguage":"sv-SE","potentialAction":[{"@type":"ReadAction","target":["https:\/\/truusk.store\/sv\/produkt\/truusk-160x50-cm-helkroppsspegel-mangsidigt-anvandbar-rektangular-design-med-ram-vit\/"]}]},{"@type":"ImageObject","inLanguage":"sv-SE","@id":"https:\/\/truusk.store\/sv\/produkt\/truusk-160x50-cm-helkroppsspegel-mangsidigt-anvandbar-rektangular-design-med-ram-vit\/#primaryimage","url":"https:\/\/i0.wp.com\/truusk.store\/wp-content\/uploads\/2025\/09\/160-x-50-cm-helkroppsspegel-mangsidigt-anvandbar-rektangular-design-med-ram-vit-1.webp?fit=2000%2C2000&ssl=1","contentUrl":"https:\/\/i0.wp.com\/truusk.store\/wp-content\/uploads\/2025\/09\/160-x-50-cm-helkroppsspegel-mangsidigt-anvandbar-rektangular-design-med-ram-vit-1.webp?fit=2000%2C2000&ssl=1","width":2000,"height":2000},{"@type":"BreadcrumbList","@id":"https:\/\/truusk.store\/sv\/produkt\/truusk-160x50-cm-helkroppsspegel-mangsidigt-anvandbar-rektangular-design-med-ram-vit\/#breadcrumb","itemListElement":[{"@type":"ListItem","position":1,"name":"Home","item":"https:\/\/truusk.store\/sv\/"},{"@type":"ListItem","position":2,"name":"Shop","item":"https:\/\/truusk.store\/shop\/"},{"@type":"ListItem","position":3,"name":"TRUUSK 160&#215;50 cm Helkroppsspegel &#8211; M\u00e5ngsidigt anv\u00e4ndbar &#8211; Rektangul\u00e4r design med ram &#8211; Vit"}]},{"@type":"WebSite","@id":"https:\/\/truusk.store\/sv\/#website","url":"https:\/\/truusk.store\/sv\/","name":"TRUUSK - Hem, Tr\u00e4dg\u00e5rd & Fritid","description":"","publisher":{"@id":"https:\/\/truusk.store\/sv\/#organization"},"potentialAction":[{"@type":"SearchAction","target":{"@type":"EntryPoint","urlTemplate":"https:\/\/truusk.store\/sv\/?s={search_term_string}"},"query-input":{"@type":"PropertyValueSpecification","valueRequired":true,"valueName":"search_term_string"}}],"inLanguage":"sv-SE"},{"@type":"Organization","@id":"https:\/\/truusk.store\/sv\/#organization","name":"TRUUSK - Hem, Tr\u00e4dg\u00e5rd & Fritid","url":"https:\/\/truusk.store\/sv\/","logo":{"@type":"ImageObject","inLanguage":"sv-SE","@id":"https:\/\/truusk.store\/sv\/#\/schema\/logo\/image\/","url":"https:\/\/i0.wp.com\/truusk.store\/wp-content\/uploads\/2026\/03\/cropped-TRUUSK.png?fit=2032%2C917&ssl=1","contentUrl":"https:\/\/i0.wp.com\/truusk.store\/wp-content\/uploads\/2026\/03\/cropped-TRUUSK.png?fit=2032%2C917&ssl=1","width":2032,"height":917,"caption":"TRUUSK - Hem, Tr\u00e4dg\u00e5rd & Fritid"},"image":{"@id":"https:\/\/truusk.store\/sv\/#\/schema\/logo\/image\/"}}]}},"jetpack_sharing_enabled":true,"_links":{"self":[{"href":"https:\/\/truusk.store\/sv\/wp-json\/wp\/v2\/product\/91548","targetHints":{"allow":["GET"]}}],"collection":[{"href":"https:\/\/truusk.store\/sv\/wp-json\/wp\/v2\/product"}],"about":[{"href":"https:\/\/truusk.store\/sv\/wp-json\/wp\/v2\/types\/product"}],"wp:featuredmedia":[{"embeddable":true,"href":"https:\/\/truusk.store\/sv\/wp-json\/wp\/v2\/media\/91537"}],"wp:attachment":[{"href":"https:\/\/truusk.store\/sv\/wp-json\/wp\/v2\/media?parent=91548"}],"wp:term":[{"taxonomy":"product_brand","embeddable":true,"href":"https:\/\/truusk.store\/sv\/wp-json\/wp\/v2\/product_brand?post=91548"},{"taxonomy":"product_cat","embeddable":true,"href":"https:\/\/truusk.store\/sv\/wp-json\/wp\/v2\/product_cat?post=91548"},{"taxonomy":"product_tag","embeddable":true,"href":"https:\/\/truusk.store\/sv\/wp-json\/wp\/v2\/product_tag?post=91548"}],"curies":[{"name":"wp","href":"https:\/\/api.w.org\/{rel}","templated":true}]}}