{"id":91578,"date":"2025-09-23T06:08:28","date_gmt":"2025-09-23T05:08:28","guid":{"rendered":"https:\/\/truusk.store\/product\/vedskjul-vedskydd-stal-upphojd-golv-lutande-tak-213-x-665-x-150-cm-morkgra\/"},"modified":"2026-03-12T08:47:14","modified_gmt":"2026-03-12T07:47:14","slug":"truusk-vedskjul-och-vedskydd-stalkonstruktion-upphojd-golv-lutande-tak-213-x-665-x-150-cm-morkgra","status":"publish","type":"product","link":"https:\/\/truusk.store\/sv\/produkt\/truusk-vedskjul-och-vedskydd-stalkonstruktion-upphojd-golv-lutande-tak-213-x-665-x-150-cm-morkgra\/","title":{"rendered":"TRUUSK Vedskjul och Vedskydd &#8211; St\u00e5lkonstruktion &#8211; Upph\u00f6jd golv &#8211; Lutande tak &#8211; 213 x 66,5 x 150 cm &#8211; M\u00f6rkgr\u00e5"},"content":{"rendered":"<p>F\u00f6rvara din ved torr och redo f\u00f6r eldstaden i TRUUSK vedbod! Vedboden har ett upph\u00f6jt golv f\u00f6r att optimera luftcirkulationen och en robust st\u00e5lkonstruktion med f\u00f6rst\u00e4rkningsst\u00e4nger. Det lutande korrugerade taket p\u00e5 vedlagret leder effektivt bort regnvatten och skyddar veden mot fukt. Idealisk f\u00f6r \u00f6versk\u00e5dlig och tillg\u00e4nglig f\u00f6rvaring utomhus.<\/p>\n<p>Beskrivning:<\/p>\n<ul>\n<li> Det upph\u00f6jda golvet i vedlagret f\u00f6rb\u00e4ttrar luftcirkulationen, minskar fuktigheten i vedklabbar<\/li>\n<li> St\u00e5lramen och f\u00f6rst\u00e4rkningsst\u00e4ngerna i vedst\u00e4llet garanterar en l\u00e5ngvarig struktur<\/li>\n<li> Det lutande korrugerade taket p\u00e5 vedlagret leder bort regnvatten, h\u00e5ller vedklabbar torra<\/li>\n<li> Idealisk f\u00f6r f\u00f6rvaring av tr\u00e4dg\u00e5rdsverktyg eller som en m\u00e5ngsidig sopf\u00f6rvaring<\/li>\n<li> Snabb montering, designad f\u00f6r enkel montering av en person inom en timme<\/li>\n<\/ul>\n<p> Tekniska data:<\/p>\n<ul>\n<li> F\u00e4rg: M\u00f6rkgr\u00e5<\/li>\n<li> Material: Galvaniserat st\u00e5l<\/li>\n<li> Totala dimensioner: 213L x 66,5B x 144\/150H cm<\/li>\n<li> Inre dimensioner: 200B x 50T x 135H cm<\/li>\n<li> Golvyta: 204B x 55T cm, 1,12 m\u00b2<\/li>\n<li> Sn\u00f6last: 25 kg\/m\u00b2<\/li>\n<\/ul>\n<p>Leveransinneh\u00e5ll:<\/p>\n<ul>\n<li> 1 x Vedbod<\/li>\n<li> 1 x Bruksanvisning<\/li>\n<\/ul>\n","protected":false},"excerpt":{"rendered":"<p>F\u00f6rvara din ved torr och redo f\u00f6r eldstaden i TRUUSK vedbod! Vedboden har ett upph\u00f6jt golv f\u00f6r att optimera luftcirkulationen&#8230;<\/p>\n","protected":false},"featured_media":91569,"template":"","meta":[],"product_brand":[],"product_cat":[867,926,874],"product_tag":[],"class_list":{"0":"post-91578","1":"product","2":"type-product","3":"status-publish","4":"has-post-thumbnail","6":"product_cat-byggmarknad","7":"product_cat-kamin-tillbehor","8":"product_cat-spisar-ugnar","10":"first","11":"instock","12":"sale","13":"taxable","14":"shipping-taxable","15":"purchasable","16":"product-type-simple"},"yoast_head":"<!-- This site is optimized with the Yoast SEO plugin v25.4 - https:\/\/yoast.com\/wordpress\/plugins\/seo\/ -->\n<title>TRUUSK Vedskjul och Vedskydd - St\u00e5lkonstruktion - Upph\u00f6jd golv - Lutande tak - 213 x 66,5 x 150 cm - M\u00f6rkgr\u00e5 - TRUUSK - Hem, Tr\u00e4dg\u00e5rd &amp; Fritid<\/title>\n<meta name=\"robots\" content=\"index, follow, max-snippet:-1, max-image-preview:large, max-video-preview:-1\" \/>\n<link rel=\"canonical\" href=\"https:\/\/truusk.store\/sv\/produkt\/truusk-vedskjul-och-vedskydd-stalkonstruktion-upphojd-golv-lutande-tak-213-x-665-x-150-cm-morkgra\/\" \/>\n<meta property=\"og:locale\" content=\"sv_SE\" \/>\n<meta property=\"og:type\" content=\"article\" \/>\n<meta property=\"og:title\" content=\"TRUUSK Vedskjul och Vedskydd - St\u00e5lkonstruktion - Upph\u00f6jd golv - Lutande tak - 213 x 66,5 x 150 cm - M\u00f6rkgr\u00e5 - TRUUSK - Hem, Tr\u00e4dg\u00e5rd &amp; Fritid\" \/>\n<meta property=\"og:description\" content=\"F\u00f6rvara din ved torr och redo f\u00f6r eldstaden i TRUUSK vedbod! Vedboden har ett upph\u00f6jt golv f\u00f6r att optimera luftcirkulationen...\" \/>\n<meta property=\"og:url\" content=\"https:\/\/truusk.store\/sv\/produkt\/truusk-vedskjul-och-vedskydd-stalkonstruktion-upphojd-golv-lutande-tak-213-x-665-x-150-cm-morkgra\/\" \/>\n<meta property=\"og:site_name\" content=\"TRUUSK - Hem, Tr\u00e4dg\u00e5rd &amp; Fritid\" \/>\n<meta property=\"article:modified_time\" content=\"2026-03-12T07:47:14+00:00\" \/>\n<meta property=\"og:image\" content=\"https:\/\/i0.wp.com\/truusk.se\/wp-content\/uploads\/2025\/09\/vedskjul-vedskydd-stal-upphojd-golv-lutande-tak-213-x-665-x-150-cm-morkgra-1.webp?fit=2000%2C2000&ssl=1\" \/>\n\t<meta property=\"og:image:width\" content=\"2000\" \/>\n\t<meta property=\"og:image:height\" content=\"2000\" \/>\n\t<meta property=\"og:image:type\" content=\"image\/webp\" \/>\n<meta name=\"twitter:card\" content=\"summary_large_image\" \/>\n<meta name=\"twitter:label1\" content=\"Ber\u00e4knad l\u00e4stid\" \/>\n\t<meta name=\"twitter:data1\" content=\"1 minut\" \/>\n<!-- \/ Yoast SEO plugin. -->","yoast_head_json":{"title":"TRUUSK Vedskjul och Vedskydd - St\u00e5lkonstruktion - Upph\u00f6jd golv - Lutande tak - 213 x 66,5 x 150 cm - M\u00f6rkgr\u00e5 - TRUUSK - Hem, Tr\u00e4dg\u00e5rd &amp; Fritid","robots":{"index":"index","follow":"follow","max-snippet":"max-snippet:-1","max-image-preview":"max-image-preview:large","max-video-preview":"max-video-preview:-1"},"canonical":"https:\/\/truusk.store\/sv\/produkt\/truusk-vedskjul-och-vedskydd-stalkonstruktion-upphojd-golv-lutande-tak-213-x-665-x-150-cm-morkgra\/","og_locale":"sv_SE","og_type":"article","og_title":"TRUUSK Vedskjul och Vedskydd - St\u00e5lkonstruktion - Upph\u00f6jd golv - Lutande tak - 213 x 66,5 x 150 cm - M\u00f6rkgr\u00e5 - TRUUSK - Hem, Tr\u00e4dg\u00e5rd &amp; Fritid","og_description":"F\u00f6rvara din ved torr och redo f\u00f6r eldstaden i TRUUSK vedbod! Vedboden har ett upph\u00f6jt golv f\u00f6r att optimera luftcirkulationen...","og_url":"https:\/\/truusk.store\/sv\/produkt\/truusk-vedskjul-och-vedskydd-stalkonstruktion-upphojd-golv-lutande-tak-213-x-665-x-150-cm-morkgra\/","og_site_name":"TRUUSK - Hem, Tr\u00e4dg\u00e5rd &amp; Fritid","article_modified_time":"2026-03-12T07:47:14+00:00","og_image":[{"width":2000,"height":2000,"url":"https:\/\/i0.wp.com\/truusk.se\/wp-content\/uploads\/2025\/09\/vedskjul-vedskydd-stal-upphojd-golv-lutande-tak-213-x-665-x-150-cm-morkgra-1.webp?fit=2000%2C2000&ssl=1","type":"image\/webp"}],"twitter_card":"summary_large_image","twitter_misc":{"Ber\u00e4knad l\u00e4stid":"1 minut"},"schema":{"@context":"https:\/\/schema.org","@graph":[{"@type":"WebPage","@id":"https:\/\/truusk.store\/sv\/produkt\/truusk-vedskjul-och-vedskydd-stalkonstruktion-upphojd-golv-lutande-tak-213-x-665-x-150-cm-morkgra\/","url":"https:\/\/truusk.store\/sv\/produkt\/truusk-vedskjul-och-vedskydd-stalkonstruktion-upphojd-golv-lutande-tak-213-x-665-x-150-cm-morkgra\/","name":"TRUUSK Vedskjul och Vedskydd - St\u00e5lkonstruktion - Upph\u00f6jd golv - Lutande tak - 213 x 66,5 x 150 cm - M\u00f6rkgr\u00e5 - TRUUSK - Hem, Tr\u00e4dg\u00e5rd &amp; Fritid","isPartOf":{"@id":"https:\/\/truusk.store\/sv\/#website"},"primaryImageOfPage":{"@id":"https:\/\/truusk.store\/sv\/produkt\/truusk-vedskjul-och-vedskydd-stalkonstruktion-upphojd-golv-lutande-tak-213-x-665-x-150-cm-morkgra\/#primaryimage"},"image":{"@id":"https:\/\/truusk.store\/sv\/produkt\/truusk-vedskjul-och-vedskydd-stalkonstruktion-upphojd-golv-lutande-tak-213-x-665-x-150-cm-morkgra\/#primaryimage"},"thumbnailUrl":"https:\/\/i0.wp.com\/truusk.store\/wp-content\/uploads\/2025\/09\/vedskjul-vedskydd-stal-upphojd-golv-lutande-tak-213-x-665-x-150-cm-morkgra-1.webp?fit=2000%2C2000&ssl=1","datePublished":"2025-09-23T05:08:28+00:00","dateModified":"2026-03-12T07:47:14+00:00","breadcrumb":{"@id":"https:\/\/truusk.store\/sv\/produkt\/truusk-vedskjul-och-vedskydd-stalkonstruktion-upphojd-golv-lutande-tak-213-x-665-x-150-cm-morkgra\/#breadcrumb"},"inLanguage":"sv-SE","potentialAction":[{"@type":"ReadAction","target":["https:\/\/truusk.store\/sv\/produkt\/truusk-vedskjul-och-vedskydd-stalkonstruktion-upphojd-golv-lutande-tak-213-x-665-x-150-cm-morkgra\/"]}]},{"@type":"ImageObject","inLanguage":"sv-SE","@id":"https:\/\/truusk.store\/sv\/produkt\/truusk-vedskjul-och-vedskydd-stalkonstruktion-upphojd-golv-lutande-tak-213-x-665-x-150-cm-morkgra\/#primaryimage","url":"https:\/\/i0.wp.com\/truusk.store\/wp-content\/uploads\/2025\/09\/vedskjul-vedskydd-stal-upphojd-golv-lutande-tak-213-x-665-x-150-cm-morkgra-1.webp?fit=2000%2C2000&ssl=1","contentUrl":"https:\/\/i0.wp.com\/truusk.store\/wp-content\/uploads\/2025\/09\/vedskjul-vedskydd-stal-upphojd-golv-lutande-tak-213-x-665-x-150-cm-morkgra-1.webp?fit=2000%2C2000&ssl=1","width":2000,"height":2000},{"@type":"BreadcrumbList","@id":"https:\/\/truusk.store\/sv\/produkt\/truusk-vedskjul-och-vedskydd-stalkonstruktion-upphojd-golv-lutande-tak-213-x-665-x-150-cm-morkgra\/#breadcrumb","itemListElement":[{"@type":"ListItem","position":1,"name":"Home","item":"https:\/\/truusk.store\/sv\/"},{"@type":"ListItem","position":2,"name":"Shop","item":"https:\/\/truusk.store\/shop\/"},{"@type":"ListItem","position":3,"name":"TRUUSK Vedskjul och Vedskydd &#8211; St\u00e5lkonstruktion &#8211; Upph\u00f6jd golv &#8211; Lutande tak &#8211; 213 x 66,5 x 150 cm &#8211; M\u00f6rkgr\u00e5"}]},{"@type":"WebSite","@id":"https:\/\/truusk.store\/sv\/#website","url":"https:\/\/truusk.store\/sv\/","name":"TRUUSK - Hem, Tr\u00e4dg\u00e5rd & Fritid","description":"","publisher":{"@id":"https:\/\/truusk.store\/sv\/#organization"},"potentialAction":[{"@type":"SearchAction","target":{"@type":"EntryPoint","urlTemplate":"https:\/\/truusk.store\/sv\/?s={search_term_string}"},"query-input":{"@type":"PropertyValueSpecification","valueRequired":true,"valueName":"search_term_string"}}],"inLanguage":"sv-SE"},{"@type":"Organization","@id":"https:\/\/truusk.store\/sv\/#organization","name":"TRUUSK - Hem, Tr\u00e4dg\u00e5rd & Fritid","url":"https:\/\/truusk.store\/sv\/","logo":{"@type":"ImageObject","inLanguage":"sv-SE","@id":"https:\/\/truusk.store\/sv\/#\/schema\/logo\/image\/","url":"https:\/\/i0.wp.com\/truusk.store\/wp-content\/uploads\/2026\/03\/cropped-TRUUSK.png?fit=2032%2C917&ssl=1","contentUrl":"https:\/\/i0.wp.com\/truusk.store\/wp-content\/uploads\/2026\/03\/cropped-TRUUSK.png?fit=2032%2C917&ssl=1","width":2032,"height":917,"caption":"TRUUSK - Hem, Tr\u00e4dg\u00e5rd & Fritid"},"image":{"@id":"https:\/\/truusk.store\/sv\/#\/schema\/logo\/image\/"}}]}},"jetpack_sharing_enabled":true,"_links":{"self":[{"href":"https:\/\/truusk.store\/sv\/wp-json\/wp\/v2\/product\/91578","targetHints":{"allow":["GET"]}}],"collection":[{"href":"https:\/\/truusk.store\/sv\/wp-json\/wp\/v2\/product"}],"about":[{"href":"https:\/\/truusk.store\/sv\/wp-json\/wp\/v2\/types\/product"}],"wp:featuredmedia":[{"embeddable":true,"href":"https:\/\/truusk.store\/sv\/wp-json\/wp\/v2\/media\/91569"}],"wp:attachment":[{"href":"https:\/\/truusk.store\/sv\/wp-json\/wp\/v2\/media?parent=91578"}],"wp:term":[{"taxonomy":"product_brand","embeddable":true,"href":"https:\/\/truusk.store\/sv\/wp-json\/wp\/v2\/product_brand?post=91578"},{"taxonomy":"product_cat","embeddable":true,"href":"https:\/\/truusk.store\/sv\/wp-json\/wp\/v2\/product_cat?post=91578"},{"taxonomy":"product_tag","embeddable":true,"href":"https:\/\/truusk.store\/sv\/wp-json\/wp\/v2\/product_tag?post=91578"}],"curies":[{"name":"wp","href":"https:\/\/api.w.org\/{rel}","templated":true}]}}