{"id":91598,"date":"2025-09-23T06:10:29","date_gmt":"2025-09-23T05:10:29","guid":{"rendered":"https:\/\/truusk.store\/product\/kladstallning-med-rullar-mobil-garderobsstallning-med-kladstang-5-krokar-skohylla-vit\/"},"modified":"2026-03-12T08:47:15","modified_gmt":"2026-03-12T07:47:15","slug":"truusk-kladstallning-med-rullar-mobil-garderobsstallning-kladstang-5-krokar-skohylla-vit","status":"publish","type":"product","link":"https:\/\/truusk.store\/sv\/produkt\/truusk-kladstallning-med-rullar-mobil-garderobsstallning-kladstang-5-krokar-skohylla-vit\/","title":{"rendered":"TRUUSK Kl\u00e4dst\u00e4llning Med Rullar &#8211; Mobil Garderobsst\u00e4llning &#8211; Kl\u00e4dst\u00e5ng &#8211; 5 Krokar &#8211; Skohylla Vit"},"content":{"rendered":"<p>Lider du av ett st\u00f6kigt sovrum och stressiga morgnar? N\u00e4r kl\u00e4der staplas upp och att s\u00e4tta ihop en outfit blir en s\u00f6kning, f\u00f6rvandlas ditt utrymme till en stresszon. TRUUSK kl\u00e4dst\u00e4llningen revolutionerar din rutin: Garderobsst\u00e4llningen erbjuder gott om plats f\u00f6r din garderob och h\u00e5ller skor och v\u00e4skor organiserade med sitt inbyggda rack och krokar, f\u00f6r en lugn, ordnad start p\u00e5 dagen.<\/p>\n<p>Beskrivning:<\/p>\n<ul>\n<li> Kl\u00e4dst\u00e4llningen erbjuder gener\u00f6st utrymme f\u00f6r att h\u00e4nga kl\u00e4der med en 61 cm st\u00e5ng f\u00f6r att h\u00e5lla kl\u00e4der ordnade<\/li>\n<li> Utrustad med 5 krokar och en skohylla f\u00f6r m\u00e5ngsidiga f\u00f6rvaringsm\u00f6jligheter<\/li>\n<li> Har 4 universalhjul, varav 2 \u00e4r l\u00e5sbara, f\u00f6r enkel r\u00f6relse och stabilitet<\/li>\n<li> Pulverlackerad metallram p\u00e5 kl\u00e4dst\u00e4llningen p\u00e5 hjul f\u00f6r stabilitet<\/li>\n<li> Utm\u00e4rker sig med en minimalistisk vit design som kompletterar inredningen i alla rum vackert<\/li>\n<li> Designad f\u00f6r snabb och enkel montering av en person p\u00e5 cirka 45 minuter.<\/li>\n<\/ul>\n<p> Tekniska specifikationer:<\/p>\n<ul>\n<li> F\u00e4rg: Vit<\/li>\n<li> Material: Metall<\/li>\n<li> Totala dimensioner: 68L x 43B x 171H cm<\/li>\n<li> L\u00e4ngd p\u00e5 kl\u00e4dst\u00e5ngen: 61 cm<\/li>\n<li> H\u00f6jd p\u00e5 h\u00e4ngutrymmet: 133 cm<\/li>\n<li> Hyllstorlek: 61B x 32T cm<\/li>\n<li> Hylla till golvh\u00f6jd: 5 cm<\/li>\n<li> Hjulstorlek: \u00d84,5 cm<\/li>\n<li> Maximal belastning: 9 kg (totalt), 3 kg (kl\u00e4dst\u00e5ng\/hylla\/krokar)<\/li>\n<\/ul>\n<p>Leverans inneh\u00e5ller:<\/p>\n<ul>\n<li> 1 x Kl\u00e4dst\u00e5ng<\/li>\n<li> 1 x Handbok<\/li>\n<\/ul>\n","protected":false},"excerpt":{"rendered":"<p>Lider du av ett st\u00f6kigt sovrum och stressiga morgnar? N\u00e4r kl\u00e4der staplas upp och att s\u00e4tta ihop en outfit blir&#8230;<\/p>\n","protected":false},"featured_media":91588,"template":"","meta":[],"product_brand":[],"product_cat":[986,871,560],"product_tag":[],"class_list":{"0":"post-91598","1":"product","2":"type-product","3":"status-publish","4":"has-post-thumbnail","6":"product_cat-garderob-korridor","7":"product_cat-hus-hem","8":"product_cat-kladhangare","10":"first","11":"instock","12":"sale","13":"taxable","14":"shipping-taxable","15":"purchasable","16":"product-type-simple"},"yoast_head":"<!-- This site is optimized with the Yoast SEO plugin v25.4 - https:\/\/yoast.com\/wordpress\/plugins\/seo\/ -->\n<title>TRUUSK Kl\u00e4dst\u00e4llning Med Rullar - Mobil Garderobsst\u00e4llning - Kl\u00e4dst\u00e5ng - 5 Krokar - Skohylla Vit - TRUUSK - Hem, Tr\u00e4dg\u00e5rd &amp; Fritid<\/title>\n<meta name=\"robots\" content=\"index, follow, max-snippet:-1, max-image-preview:large, max-video-preview:-1\" \/>\n<link rel=\"canonical\" href=\"https:\/\/truusk.store\/sv\/produkt\/truusk-kladstallning-med-rullar-mobil-garderobsstallning-kladstang-5-krokar-skohylla-vit\/\" \/>\n<meta property=\"og:locale\" content=\"sv_SE\" \/>\n<meta property=\"og:type\" content=\"article\" \/>\n<meta property=\"og:title\" content=\"TRUUSK Kl\u00e4dst\u00e4llning Med Rullar - Mobil Garderobsst\u00e4llning - Kl\u00e4dst\u00e5ng - 5 Krokar - Skohylla Vit - TRUUSK - Hem, Tr\u00e4dg\u00e5rd &amp; Fritid\" \/>\n<meta property=\"og:description\" content=\"Lider du av ett st\u00f6kigt sovrum och stressiga morgnar? N\u00e4r kl\u00e4der staplas upp och att s\u00e4tta ihop en outfit blir...\" \/>\n<meta property=\"og:url\" content=\"https:\/\/truusk.store\/sv\/produkt\/truusk-kladstallning-med-rullar-mobil-garderobsstallning-kladstang-5-krokar-skohylla-vit\/\" \/>\n<meta property=\"og:site_name\" content=\"TRUUSK - Hem, Tr\u00e4dg\u00e5rd &amp; Fritid\" \/>\n<meta property=\"article:modified_time\" content=\"2026-03-12T07:47:15+00:00\" \/>\n<meta property=\"og:image\" content=\"https:\/\/i0.wp.com\/truusk.se\/wp-content\/uploads\/2025\/09\/kladstallning-med-rullar-mobil-garderobsstallning-med-kladstang-5-krokar-skohylla-vit-1.webp?fit=2000%2C2000&ssl=1\" \/>\n\t<meta property=\"og:image:width\" content=\"2000\" \/>\n\t<meta property=\"og:image:height\" content=\"2000\" \/>\n\t<meta property=\"og:image:type\" content=\"image\/webp\" \/>\n<meta name=\"twitter:card\" content=\"summary_large_image\" \/>\n<meta name=\"twitter:label1\" content=\"Ber\u00e4knad l\u00e4stid\" \/>\n\t<meta name=\"twitter:data1\" content=\"1 minut\" \/>\n<!-- \/ Yoast SEO plugin. -->","yoast_head_json":{"title":"TRUUSK Kl\u00e4dst\u00e4llning Med Rullar - Mobil Garderobsst\u00e4llning - Kl\u00e4dst\u00e5ng - 5 Krokar - Skohylla Vit - TRUUSK - Hem, Tr\u00e4dg\u00e5rd &amp; Fritid","robots":{"index":"index","follow":"follow","max-snippet":"max-snippet:-1","max-image-preview":"max-image-preview:large","max-video-preview":"max-video-preview:-1"},"canonical":"https:\/\/truusk.store\/sv\/produkt\/truusk-kladstallning-med-rullar-mobil-garderobsstallning-kladstang-5-krokar-skohylla-vit\/","og_locale":"sv_SE","og_type":"article","og_title":"TRUUSK Kl\u00e4dst\u00e4llning Med Rullar - Mobil Garderobsst\u00e4llning - Kl\u00e4dst\u00e5ng - 5 Krokar - Skohylla Vit - TRUUSK - Hem, Tr\u00e4dg\u00e5rd &amp; Fritid","og_description":"Lider du av ett st\u00f6kigt sovrum och stressiga morgnar? N\u00e4r kl\u00e4der staplas upp och att s\u00e4tta ihop en outfit blir...","og_url":"https:\/\/truusk.store\/sv\/produkt\/truusk-kladstallning-med-rullar-mobil-garderobsstallning-kladstang-5-krokar-skohylla-vit\/","og_site_name":"TRUUSK - Hem, Tr\u00e4dg\u00e5rd &amp; Fritid","article_modified_time":"2026-03-12T07:47:15+00:00","og_image":[{"width":2000,"height":2000,"url":"https:\/\/i0.wp.com\/truusk.se\/wp-content\/uploads\/2025\/09\/kladstallning-med-rullar-mobil-garderobsstallning-med-kladstang-5-krokar-skohylla-vit-1.webp?fit=2000%2C2000&ssl=1","type":"image\/webp"}],"twitter_card":"summary_large_image","twitter_misc":{"Ber\u00e4knad l\u00e4stid":"1 minut"},"schema":{"@context":"https:\/\/schema.org","@graph":[{"@type":"WebPage","@id":"https:\/\/truusk.store\/sv\/produkt\/truusk-kladstallning-med-rullar-mobil-garderobsstallning-kladstang-5-krokar-skohylla-vit\/","url":"https:\/\/truusk.store\/sv\/produkt\/truusk-kladstallning-med-rullar-mobil-garderobsstallning-kladstang-5-krokar-skohylla-vit\/","name":"TRUUSK Kl\u00e4dst\u00e4llning Med Rullar - Mobil Garderobsst\u00e4llning - Kl\u00e4dst\u00e5ng - 5 Krokar - Skohylla Vit - TRUUSK - Hem, Tr\u00e4dg\u00e5rd &amp; Fritid","isPartOf":{"@id":"https:\/\/truusk.store\/sv\/#website"},"primaryImageOfPage":{"@id":"https:\/\/truusk.store\/sv\/produkt\/truusk-kladstallning-med-rullar-mobil-garderobsstallning-kladstang-5-krokar-skohylla-vit\/#primaryimage"},"image":{"@id":"https:\/\/truusk.store\/sv\/produkt\/truusk-kladstallning-med-rullar-mobil-garderobsstallning-kladstang-5-krokar-skohylla-vit\/#primaryimage"},"thumbnailUrl":"https:\/\/i0.wp.com\/truusk.store\/wp-content\/uploads\/2025\/09\/kladstallning-med-rullar-mobil-garderobsstallning-med-kladstang-5-krokar-skohylla-vit-1.webp?fit=2000%2C2000&ssl=1","datePublished":"2025-09-23T05:10:29+00:00","dateModified":"2026-03-12T07:47:15+00:00","breadcrumb":{"@id":"https:\/\/truusk.store\/sv\/produkt\/truusk-kladstallning-med-rullar-mobil-garderobsstallning-kladstang-5-krokar-skohylla-vit\/#breadcrumb"},"inLanguage":"sv-SE","potentialAction":[{"@type":"ReadAction","target":["https:\/\/truusk.store\/sv\/produkt\/truusk-kladstallning-med-rullar-mobil-garderobsstallning-kladstang-5-krokar-skohylla-vit\/"]}]},{"@type":"ImageObject","inLanguage":"sv-SE","@id":"https:\/\/truusk.store\/sv\/produkt\/truusk-kladstallning-med-rullar-mobil-garderobsstallning-kladstang-5-krokar-skohylla-vit\/#primaryimage","url":"https:\/\/i0.wp.com\/truusk.store\/wp-content\/uploads\/2025\/09\/kladstallning-med-rullar-mobil-garderobsstallning-med-kladstang-5-krokar-skohylla-vit-1.webp?fit=2000%2C2000&ssl=1","contentUrl":"https:\/\/i0.wp.com\/truusk.store\/wp-content\/uploads\/2025\/09\/kladstallning-med-rullar-mobil-garderobsstallning-med-kladstang-5-krokar-skohylla-vit-1.webp?fit=2000%2C2000&ssl=1","width":2000,"height":2000},{"@type":"BreadcrumbList","@id":"https:\/\/truusk.store\/sv\/produkt\/truusk-kladstallning-med-rullar-mobil-garderobsstallning-kladstang-5-krokar-skohylla-vit\/#breadcrumb","itemListElement":[{"@type":"ListItem","position":1,"name":"Home","item":"https:\/\/truusk.store\/sv\/"},{"@type":"ListItem","position":2,"name":"Shop","item":"https:\/\/truusk.store\/shop\/"},{"@type":"ListItem","position":3,"name":"TRUUSK Kl\u00e4dst\u00e4llning Med Rullar &#8211; Mobil Garderobsst\u00e4llning &#8211; Kl\u00e4dst\u00e5ng &#8211; 5 Krokar &#8211; Skohylla Vit"}]},{"@type":"WebSite","@id":"https:\/\/truusk.store\/sv\/#website","url":"https:\/\/truusk.store\/sv\/","name":"TRUUSK - Hem, Tr\u00e4dg\u00e5rd & Fritid","description":"","publisher":{"@id":"https:\/\/truusk.store\/sv\/#organization"},"potentialAction":[{"@type":"SearchAction","target":{"@type":"EntryPoint","urlTemplate":"https:\/\/truusk.store\/sv\/?s={search_term_string}"},"query-input":{"@type":"PropertyValueSpecification","valueRequired":true,"valueName":"search_term_string"}}],"inLanguage":"sv-SE"},{"@type":"Organization","@id":"https:\/\/truusk.store\/sv\/#organization","name":"TRUUSK - Hem, Tr\u00e4dg\u00e5rd & Fritid","url":"https:\/\/truusk.store\/sv\/","logo":{"@type":"ImageObject","inLanguage":"sv-SE","@id":"https:\/\/truusk.store\/sv\/#\/schema\/logo\/image\/","url":"https:\/\/i0.wp.com\/truusk.store\/wp-content\/uploads\/2026\/03\/cropped-TRUUSK.png?fit=2032%2C917&ssl=1","contentUrl":"https:\/\/i0.wp.com\/truusk.store\/wp-content\/uploads\/2026\/03\/cropped-TRUUSK.png?fit=2032%2C917&ssl=1","width":2032,"height":917,"caption":"TRUUSK - Hem, Tr\u00e4dg\u00e5rd & Fritid"},"image":{"@id":"https:\/\/truusk.store\/sv\/#\/schema\/logo\/image\/"}}]}},"jetpack_sharing_enabled":true,"_links":{"self":[{"href":"https:\/\/truusk.store\/sv\/wp-json\/wp\/v2\/product\/91598","targetHints":{"allow":["GET"]}}],"collection":[{"href":"https:\/\/truusk.store\/sv\/wp-json\/wp\/v2\/product"}],"about":[{"href":"https:\/\/truusk.store\/sv\/wp-json\/wp\/v2\/types\/product"}],"wp:featuredmedia":[{"embeddable":true,"href":"https:\/\/truusk.store\/sv\/wp-json\/wp\/v2\/media\/91588"}],"wp:attachment":[{"href":"https:\/\/truusk.store\/sv\/wp-json\/wp\/v2\/media?parent=91598"}],"wp:term":[{"taxonomy":"product_brand","embeddable":true,"href":"https:\/\/truusk.store\/sv\/wp-json\/wp\/v2\/product_brand?post=91598"},{"taxonomy":"product_cat","embeddable":true,"href":"https:\/\/truusk.store\/sv\/wp-json\/wp\/v2\/product_cat?post=91598"},{"taxonomy":"product_tag","embeddable":true,"href":"https:\/\/truusk.store\/sv\/wp-json\/wp\/v2\/product_tag?post=91598"}],"curies":[{"name":"wp","href":"https:\/\/api.w.org\/{rel}","templated":true}]}}