{"id":91628,"date":"2025-09-23T06:13:39","date_gmt":"2025-09-23T05:13:39","guid":{"rendered":"https:\/\/truusk.store\/product\/vaggfallbord-60x40-cm-fallbord-utrymmesbesparande-flytande-skrivbord-med-rundade-horn-for-hemmakontor-vardagsrum-sovrum-kok-ek\/"},"modified":"2026-03-12T08:48:12","modified_gmt":"2026-03-12T07:48:12","slug":"truusk-vaggfallbord-60x40-cm-utrymmesbesparande-och-flytande-skrivbord-rundade-horn-for-hemmakontor-vardagsrum-sovrum","status":"publish","type":"product","link":"https:\/\/truusk.store\/sv\/produkt\/truusk-vaggfallbord-60x40-cm-utrymmesbesparande-och-flytande-skrivbord-rundade-horn-for-hemmakontor-vardagsrum-sovrum\/","title":{"rendered":"TRUUSK V\u00e4ggf\u00e4llbord, 60&#215;40 cm &#8211; Utrymmesbesparande och Flytande Skrivbord &#8211; Rundade H\u00f6rn &#8211; F\u00f6r Hemmakontor, Vardagsrum, Sovrum,"},"content":{"rendered":"<p>Lider du av en tr\u00e5ng l\u00e4genhet utan plats f\u00f6r ett riktigt arbetsomr\u00e5de? Det st\u00e4ndiga kaoset k\u00e4nns \u00f6verv\u00e4ldigande och st\u00f6r koncentrationen och avkopplingen. Med v\u00e4ggf\u00e4llbordet fr\u00e5n TRUUSK f\u00e5r du tillbaka ditt utrymme. Detta redan monterade v\u00e4ggskrivbord kan enkelt f\u00e4stas p\u00e5 v\u00e4ggen, b\u00e4r upp till 8 kg och f\u00e4lls snyggt undan f\u00f6r att ge dig ett funktionellt och st\u00e4dat hem.<\/p>\n<p>Beskrivning:<\/p>\n<ul>\n<li> F\u00e4lls ihop till endast 4,5 cm tjocklek n\u00e4r det inte anv\u00e4nds<\/li>\n<li> V\u00e4ggmonterad design maximerar ditt v\u00e4rdefulla golvutrymme<\/li>\n<li> M\u00e5ngsidig design av v\u00e4ggbordet f\u00f6r hemmakontoret, vardagsrummet, sovrummet, tv\u00e4ttstugan eller k\u00f6ket<\/li>\n<li> Rundade h\u00f6rn p\u00e5 v\u00e4ggskrivbordet ger s\u00e4kerhet i daglig anv\u00e4ndning<\/li>\n<li> Melamin ytan p\u00e5 v\u00e4ggf\u00e4llbordet \u00e4r rept\u00e5lig och l\u00e4tt att reng\u00f6ra<\/li>\n<li> Modern ek- och vitfinish p\u00e5 v\u00e4ggbordet kompletterar en bred palett av inredningsstilar<\/li>\n<li> Ingen montering kr\u00e4vs<\/li>\n<\/ul>\n<p> Tekniska data:<\/p>\n<ul>\n<li> F\u00e4rg: Ek+Vit<\/li>\n<li> Material: Sp\u00e5nskiva, Metall<\/li>\n<li> Totala dimensioner: 60B x 40T x 16H cm<\/li>\n<li> Vikt vid hopf\u00e4llning: 60B x 40T x 4,5H cm<\/li>\n<li> Maximal belastning: 8 kg<\/li>\n<\/ul>\n<p>Leveransinneh\u00e5ll:<\/p>\n<ul>\n<li> 1 x V\u00e4ggmonterat f\u00e4llbord<\/li>\n<li> 1 x Bruksanvisning<\/li>\n<\/ul>\n","protected":false},"excerpt":{"rendered":"<p>Lider du av en tr\u00e5ng l\u00e4genhet utan plats f\u00f6r ett riktigt arbetsomr\u00e5de? Det st\u00e4ndiga kaoset k\u00e4nns \u00f6verv\u00e4ldigande och st\u00f6r koncentrationen&#8230;<\/p>\n","protected":false},"featured_media":91619,"template":"","meta":[],"product_brand":[],"product_cat":[872,871,502],"product_tag":[],"class_list":{"0":"post-91628","1":"product","2":"type-product","3":"status-publish","4":"has-post-thumbnail","6":"product_cat-hemmakontor-arbetsplats","7":"product_cat-hus-hem","8":"product_cat-skrivbord","10":"first","11":"instock","12":"sale","13":"taxable","14":"shipping-taxable","15":"purchasable","16":"product-type-simple"},"yoast_head":"<!-- This site is optimized with the Yoast SEO plugin v25.4 - https:\/\/yoast.com\/wordpress\/plugins\/seo\/ -->\n<title>TRUUSK V\u00e4ggf\u00e4llbord, 60x40 cm - Utrymmesbesparande och Flytande Skrivbord - Rundade H\u00f6rn - F\u00f6r Hemmakontor, Vardagsrum, Sovrum, - TRUUSK - Hem, Tr\u00e4dg\u00e5rd &amp; Fritid<\/title>\n<meta name=\"robots\" content=\"index, follow, max-snippet:-1, max-image-preview:large, max-video-preview:-1\" \/>\n<link rel=\"canonical\" href=\"https:\/\/truusk.store\/sv\/produkt\/truusk-vaggfallbord-60x40-cm-utrymmesbesparande-och-flytande-skrivbord-rundade-horn-for-hemmakontor-vardagsrum-sovrum\/\" \/>\n<meta property=\"og:locale\" content=\"sv_SE\" \/>\n<meta property=\"og:type\" content=\"article\" \/>\n<meta property=\"og:title\" content=\"TRUUSK V\u00e4ggf\u00e4llbord, 60x40 cm - Utrymmesbesparande och Flytande Skrivbord - Rundade H\u00f6rn - F\u00f6r Hemmakontor, Vardagsrum, Sovrum, - TRUUSK - Hem, Tr\u00e4dg\u00e5rd &amp; Fritid\" \/>\n<meta property=\"og:description\" content=\"Lider du av en tr\u00e5ng l\u00e4genhet utan plats f\u00f6r ett riktigt arbetsomr\u00e5de? Det st\u00e4ndiga kaoset k\u00e4nns \u00f6verv\u00e4ldigande och st\u00f6r koncentrationen...\" \/>\n<meta property=\"og:url\" content=\"https:\/\/truusk.store\/sv\/produkt\/truusk-vaggfallbord-60x40-cm-utrymmesbesparande-och-flytande-skrivbord-rundade-horn-for-hemmakontor-vardagsrum-sovrum\/\" \/>\n<meta property=\"og:site_name\" content=\"TRUUSK - Hem, Tr\u00e4dg\u00e5rd &amp; Fritid\" \/>\n<meta property=\"article:modified_time\" content=\"2026-03-12T07:48:12+00:00\" \/>\n<meta property=\"og:image\" content=\"https:\/\/i0.wp.com\/truusk.se\/wp-content\/uploads\/2025\/09\/vaggfallbord-60x40-cm-fallbord-utrymmesbesparande-flytande-skrivbord-med-rundade-horn-for-hemmakontor-vardagsrum-sovrum-kok-ek-1.webp?fit=2000%2C2000&ssl=1\" \/>\n\t<meta property=\"og:image:width\" content=\"2000\" \/>\n\t<meta property=\"og:image:height\" content=\"2000\" \/>\n\t<meta property=\"og:image:type\" content=\"image\/webp\" \/>\n<meta name=\"twitter:card\" content=\"summary_large_image\" \/>\n<meta name=\"twitter:label1\" content=\"Ber\u00e4knad l\u00e4stid\" \/>\n\t<meta name=\"twitter:data1\" content=\"1 minut\" \/>\n<!-- \/ Yoast SEO plugin. -->","yoast_head_json":{"title":"TRUUSK V\u00e4ggf\u00e4llbord, 60x40 cm - Utrymmesbesparande och Flytande Skrivbord - Rundade H\u00f6rn - F\u00f6r Hemmakontor, Vardagsrum, Sovrum, - TRUUSK - Hem, Tr\u00e4dg\u00e5rd &amp; Fritid","robots":{"index":"index","follow":"follow","max-snippet":"max-snippet:-1","max-image-preview":"max-image-preview:large","max-video-preview":"max-video-preview:-1"},"canonical":"https:\/\/truusk.store\/sv\/produkt\/truusk-vaggfallbord-60x40-cm-utrymmesbesparande-och-flytande-skrivbord-rundade-horn-for-hemmakontor-vardagsrum-sovrum\/","og_locale":"sv_SE","og_type":"article","og_title":"TRUUSK V\u00e4ggf\u00e4llbord, 60x40 cm - Utrymmesbesparande och Flytande Skrivbord - Rundade H\u00f6rn - F\u00f6r Hemmakontor, Vardagsrum, Sovrum, - TRUUSK - Hem, Tr\u00e4dg\u00e5rd &amp; Fritid","og_description":"Lider du av en tr\u00e5ng l\u00e4genhet utan plats f\u00f6r ett riktigt arbetsomr\u00e5de? Det st\u00e4ndiga kaoset k\u00e4nns \u00f6verv\u00e4ldigande och st\u00f6r koncentrationen...","og_url":"https:\/\/truusk.store\/sv\/produkt\/truusk-vaggfallbord-60x40-cm-utrymmesbesparande-och-flytande-skrivbord-rundade-horn-for-hemmakontor-vardagsrum-sovrum\/","og_site_name":"TRUUSK - Hem, Tr\u00e4dg\u00e5rd &amp; Fritid","article_modified_time":"2026-03-12T07:48:12+00:00","og_image":[{"width":2000,"height":2000,"url":"https:\/\/i0.wp.com\/truusk.se\/wp-content\/uploads\/2025\/09\/vaggfallbord-60x40-cm-fallbord-utrymmesbesparande-flytande-skrivbord-med-rundade-horn-for-hemmakontor-vardagsrum-sovrum-kok-ek-1.webp?fit=2000%2C2000&ssl=1","type":"image\/webp"}],"twitter_card":"summary_large_image","twitter_misc":{"Ber\u00e4knad l\u00e4stid":"1 minut"},"schema":{"@context":"https:\/\/schema.org","@graph":[{"@type":"WebPage","@id":"https:\/\/truusk.store\/sv\/produkt\/truusk-vaggfallbord-60x40-cm-utrymmesbesparande-och-flytande-skrivbord-rundade-horn-for-hemmakontor-vardagsrum-sovrum\/","url":"https:\/\/truusk.store\/sv\/produkt\/truusk-vaggfallbord-60x40-cm-utrymmesbesparande-och-flytande-skrivbord-rundade-horn-for-hemmakontor-vardagsrum-sovrum\/","name":"TRUUSK V\u00e4ggf\u00e4llbord, 60x40 cm - Utrymmesbesparande och Flytande Skrivbord - Rundade H\u00f6rn - F\u00f6r Hemmakontor, Vardagsrum, Sovrum, - TRUUSK - Hem, Tr\u00e4dg\u00e5rd &amp; Fritid","isPartOf":{"@id":"https:\/\/truusk.store\/sv\/#website"},"primaryImageOfPage":{"@id":"https:\/\/truusk.store\/sv\/produkt\/truusk-vaggfallbord-60x40-cm-utrymmesbesparande-och-flytande-skrivbord-rundade-horn-for-hemmakontor-vardagsrum-sovrum\/#primaryimage"},"image":{"@id":"https:\/\/truusk.store\/sv\/produkt\/truusk-vaggfallbord-60x40-cm-utrymmesbesparande-och-flytande-skrivbord-rundade-horn-for-hemmakontor-vardagsrum-sovrum\/#primaryimage"},"thumbnailUrl":"https:\/\/i0.wp.com\/truusk.store\/wp-content\/uploads\/2025\/09\/vaggfallbord-60x40-cm-fallbord-utrymmesbesparande-flytande-skrivbord-med-rundade-horn-for-hemmakontor-vardagsrum-sovrum-kok-ek-1.webp?fit=2000%2C2000&ssl=1","datePublished":"2025-09-23T05:13:39+00:00","dateModified":"2026-03-12T07:48:12+00:00","breadcrumb":{"@id":"https:\/\/truusk.store\/sv\/produkt\/truusk-vaggfallbord-60x40-cm-utrymmesbesparande-och-flytande-skrivbord-rundade-horn-for-hemmakontor-vardagsrum-sovrum\/#breadcrumb"},"inLanguage":"sv-SE","potentialAction":[{"@type":"ReadAction","target":["https:\/\/truusk.store\/sv\/produkt\/truusk-vaggfallbord-60x40-cm-utrymmesbesparande-och-flytande-skrivbord-rundade-horn-for-hemmakontor-vardagsrum-sovrum\/"]}]},{"@type":"ImageObject","inLanguage":"sv-SE","@id":"https:\/\/truusk.store\/sv\/produkt\/truusk-vaggfallbord-60x40-cm-utrymmesbesparande-och-flytande-skrivbord-rundade-horn-for-hemmakontor-vardagsrum-sovrum\/#primaryimage","url":"https:\/\/i0.wp.com\/truusk.store\/wp-content\/uploads\/2025\/09\/vaggfallbord-60x40-cm-fallbord-utrymmesbesparande-flytande-skrivbord-med-rundade-horn-for-hemmakontor-vardagsrum-sovrum-kok-ek-1.webp?fit=2000%2C2000&ssl=1","contentUrl":"https:\/\/i0.wp.com\/truusk.store\/wp-content\/uploads\/2025\/09\/vaggfallbord-60x40-cm-fallbord-utrymmesbesparande-flytande-skrivbord-med-rundade-horn-for-hemmakontor-vardagsrum-sovrum-kok-ek-1.webp?fit=2000%2C2000&ssl=1","width":2000,"height":2000},{"@type":"BreadcrumbList","@id":"https:\/\/truusk.store\/sv\/produkt\/truusk-vaggfallbord-60x40-cm-utrymmesbesparande-och-flytande-skrivbord-rundade-horn-for-hemmakontor-vardagsrum-sovrum\/#breadcrumb","itemListElement":[{"@type":"ListItem","position":1,"name":"Home","item":"https:\/\/truusk.store\/sv\/"},{"@type":"ListItem","position":2,"name":"Shop","item":"https:\/\/truusk.store\/shop\/"},{"@type":"ListItem","position":3,"name":"TRUUSK V\u00e4ggf\u00e4llbord, 60&#215;40 cm &#8211; Utrymmesbesparande och Flytande Skrivbord &#8211; Rundade H\u00f6rn &#8211; F\u00f6r Hemmakontor, Vardagsrum, Sovrum,"}]},{"@type":"WebSite","@id":"https:\/\/truusk.store\/sv\/#website","url":"https:\/\/truusk.store\/sv\/","name":"TRUUSK - Hem, Tr\u00e4dg\u00e5rd & Fritid","description":"","publisher":{"@id":"https:\/\/truusk.store\/sv\/#organization"},"potentialAction":[{"@type":"SearchAction","target":{"@type":"EntryPoint","urlTemplate":"https:\/\/truusk.store\/sv\/?s={search_term_string}"},"query-input":{"@type":"PropertyValueSpecification","valueRequired":true,"valueName":"search_term_string"}}],"inLanguage":"sv-SE"},{"@type":"Organization","@id":"https:\/\/truusk.store\/sv\/#organization","name":"TRUUSK - Hem, Tr\u00e4dg\u00e5rd & Fritid","url":"https:\/\/truusk.store\/sv\/","logo":{"@type":"ImageObject","inLanguage":"sv-SE","@id":"https:\/\/truusk.store\/sv\/#\/schema\/logo\/image\/","url":"https:\/\/i0.wp.com\/truusk.store\/wp-content\/uploads\/2026\/03\/cropped-TRUUSK.png?fit=2032%2C917&ssl=1","contentUrl":"https:\/\/i0.wp.com\/truusk.store\/wp-content\/uploads\/2026\/03\/cropped-TRUUSK.png?fit=2032%2C917&ssl=1","width":2032,"height":917,"caption":"TRUUSK - Hem, Tr\u00e4dg\u00e5rd & Fritid"},"image":{"@id":"https:\/\/truusk.store\/sv\/#\/schema\/logo\/image\/"}}]}},"jetpack_sharing_enabled":true,"_links":{"self":[{"href":"https:\/\/truusk.store\/sv\/wp-json\/wp\/v2\/product\/91628","targetHints":{"allow":["GET"]}}],"collection":[{"href":"https:\/\/truusk.store\/sv\/wp-json\/wp\/v2\/product"}],"about":[{"href":"https:\/\/truusk.store\/sv\/wp-json\/wp\/v2\/types\/product"}],"wp:featuredmedia":[{"embeddable":true,"href":"https:\/\/truusk.store\/sv\/wp-json\/wp\/v2\/media\/91619"}],"wp:attachment":[{"href":"https:\/\/truusk.store\/sv\/wp-json\/wp\/v2\/media?parent=91628"}],"wp:term":[{"taxonomy":"product_brand","embeddable":true,"href":"https:\/\/truusk.store\/sv\/wp-json\/wp\/v2\/product_brand?post=91628"},{"taxonomy":"product_cat","embeddable":true,"href":"https:\/\/truusk.store\/sv\/wp-json\/wp\/v2\/product_cat?post=91628"},{"taxonomy":"product_tag","embeddable":true,"href":"https:\/\/truusk.store\/sv\/wp-json\/wp\/v2\/product_tag?post=91628"}],"curies":[{"name":"wp","href":"https:\/\/api.w.org\/{rel}","templated":true}]}}