{"id":91658,"date":"2025-09-23T06:16:34","date_gmt":"2025-09-23T05:16:34","guid":{"rendered":"https:\/\/truusk.store\/product\/2-pack-barstolar-med-stoppad-sits-och-fotstod-fleeceoverdrag-metallram-svart\/"},"modified":"2026-03-12T08:48:14","modified_gmt":"2026-03-12T07:48:14","slug":"truusk-2-pack-barstolar-med-stoppad-sits-och-fotstod-fleeceoverdrag-metallram-svart","status":"publish","type":"product","link":"https:\/\/truusk.store\/sv\/produkt\/truusk-2-pack-barstolar-med-stoppad-sits-och-fotstod-fleeceoverdrag-metallram-svart\/","title":{"rendered":"TRUUSK 2-pack Barstolar Med Stoppad Sits Och Fotst\u00f6d &#8211; Fleece\u00f6verdrag &#8211; Metallram &#8211; Svart"},"content":{"rendered":"<p>TRUUSK barstolarna kombinerar stil och komfort. Med sin rundade form och mjuka sittk\u00e4nsla inbjuder de till att stanna kvar, oavsett om det \u00e4r f\u00f6r en kopp kaffe p\u00e5 morgonen eller en l\u00e5ng middag. Den gener\u00f6st stoppade sitsen, den sv\u00e4ngda ryggst\u00f6det och de praktiska fotst\u00f6den p\u00e5 k\u00f6ksstolen ger v\u00e4lbefinnande, medan deras enkla design sm\u00e4lter s\u00f6ml\u00f6st in i alla moderna k\u00f6k eller matvr\u00e5r.<\/p>\n<p>Beskrivning:<\/p>\n<ul>\n<li> Kommer i ett set om 2 f\u00f6r att skapa ett rent, koordinerat utseende<\/li>\n<li> B\u00f6jd ryggst\u00f6d och bred, tjock sits p\u00e5 barstolen ger total komfort och st\u00f6d<\/li>\n<li> Inbyggt fotst\u00f6d ger avkoppling f\u00f6r benen<\/li>\n<li> Stoppat med mjukt fleece och h\u00f6gdensitetsskum<\/li>\n<li> Robusta st\u00e5lben p\u00e5 bardisken med justerbara fotdynor h\u00e5ller stolarna stabila p\u00e5 alla ytor<\/li>\n<li> Enkel, modern stil passar s\u00f6ml\u00f6st in i ditt k\u00f6k eller matplats<\/li>\n<li> Idealisk f\u00f6r k\u00f6ks\u00f6ar, frukostbarer, matsalar eller hemmabar<\/li>\n<li> Enkel montering kr\u00e4vs<\/li>\n<\/ul>\n<p> Tekniska data:<\/p>\n<ul>\n<li> F\u00e4rg: Svart<\/li>\n<li> Material: Fleece (70 % polyester, 30 % akrylfiber), skum, plywood, st\u00e5l<\/li>\n<li> Totala dimensioner: 49B x 52T x 95H cm<\/li>\n<li> Sitsstorlek: \u00d846 x 68H cm<\/li>\n<li> Sittstjocklek: 10 cm<\/li>\n<li> Ryggst\u00f6dsdimensioner: 49B x 6T x 30H cm<\/li>\n<li> H\u00f6jd p\u00e5 fotst\u00f6d fr\u00e5n golvet: 21 cm<\/li>\n<li> L\u00e4mplig bardiskh\u00f6jd: 89-99 cm<\/li>\n<li> Maximal belastning: 120 kg (per stol)<\/li>\n<\/ul>\n<p>Leveransinneh\u00e5ll:<\/p>\n<ul>\n<li> 2 x barstolar<\/li>\n<li> 1 x bruksanvisning<\/li>\n<\/ul>\n","protected":false},"excerpt":{"rendered":"<p>TRUUSK barstolarna kombinerar stil och komfort. Med sin rundade form och mjuka sittk\u00e4nsla inbjuder de till att stanna kvar, oavsett&#8230;<\/p>\n","protected":false},"featured_media":91649,"template":"","meta":[],"product_brand":[],"product_cat":[643,871,889],"product_tag":[],"class_list":{"0":"post-91658","1":"product","2":"type-product","3":"status-publish","4":"has-post-thumbnail","6":"product_cat-barnstolar","7":"product_cat-hus-hem","8":"product_cat-kok-matsal","10":"first","11":"instock","12":"sale","13":"taxable","14":"shipping-taxable","15":"purchasable","16":"product-type-simple"},"yoast_head":"<!-- This site is optimized with the Yoast SEO plugin v25.4 - https:\/\/yoast.com\/wordpress\/plugins\/seo\/ -->\n<title>TRUUSK 2-pack Barstolar Med Stoppad Sits Och Fotst\u00f6d - Fleece\u00f6verdrag - Metallram - Svart - TRUUSK - Hem, Tr\u00e4dg\u00e5rd &amp; Fritid<\/title>\n<meta name=\"robots\" content=\"index, follow, max-snippet:-1, max-image-preview:large, max-video-preview:-1\" \/>\n<link rel=\"canonical\" href=\"https:\/\/truusk.store\/sv\/produkt\/truusk-2-pack-barstolar-med-stoppad-sits-och-fotstod-fleeceoverdrag-metallram-svart\/\" \/>\n<meta property=\"og:locale\" content=\"sv_SE\" \/>\n<meta property=\"og:type\" content=\"article\" \/>\n<meta property=\"og:title\" content=\"TRUUSK 2-pack Barstolar Med Stoppad Sits Och Fotst\u00f6d - Fleece\u00f6verdrag - Metallram - Svart - TRUUSK - Hem, Tr\u00e4dg\u00e5rd &amp; Fritid\" \/>\n<meta property=\"og:description\" content=\"TRUUSK barstolarna kombinerar stil och komfort. Med sin rundade form och mjuka sittk\u00e4nsla inbjuder de till att stanna kvar, oavsett...\" \/>\n<meta property=\"og:url\" content=\"https:\/\/truusk.store\/sv\/produkt\/truusk-2-pack-barstolar-med-stoppad-sits-och-fotstod-fleeceoverdrag-metallram-svart\/\" \/>\n<meta property=\"og:site_name\" content=\"TRUUSK - Hem, Tr\u00e4dg\u00e5rd &amp; Fritid\" \/>\n<meta property=\"article:modified_time\" content=\"2026-03-12T07:48:14+00:00\" \/>\n<meta property=\"og:image\" content=\"https:\/\/i0.wp.com\/truusk.se\/wp-content\/uploads\/2025\/09\/2-pack-barstolar-med-stoppad-sits-och-fotstod-fleeceoverdrag-metallram-svart-1.webp?fit=2000%2C2000&ssl=1\" \/>\n\t<meta property=\"og:image:width\" content=\"2000\" \/>\n\t<meta property=\"og:image:height\" content=\"2000\" \/>\n\t<meta property=\"og:image:type\" content=\"image\/webp\" \/>\n<meta name=\"twitter:card\" content=\"summary_large_image\" \/>\n<meta name=\"twitter:label1\" content=\"Ber\u00e4knad l\u00e4stid\" \/>\n\t<meta name=\"twitter:data1\" content=\"1 minut\" \/>\n<!-- \/ Yoast SEO plugin. -->","yoast_head_json":{"title":"TRUUSK 2-pack Barstolar Med Stoppad Sits Och Fotst\u00f6d - Fleece\u00f6verdrag - Metallram - Svart - TRUUSK - Hem, Tr\u00e4dg\u00e5rd &amp; Fritid","robots":{"index":"index","follow":"follow","max-snippet":"max-snippet:-1","max-image-preview":"max-image-preview:large","max-video-preview":"max-video-preview:-1"},"canonical":"https:\/\/truusk.store\/sv\/produkt\/truusk-2-pack-barstolar-med-stoppad-sits-och-fotstod-fleeceoverdrag-metallram-svart\/","og_locale":"sv_SE","og_type":"article","og_title":"TRUUSK 2-pack Barstolar Med Stoppad Sits Och Fotst\u00f6d - Fleece\u00f6verdrag - Metallram - Svart - TRUUSK - Hem, Tr\u00e4dg\u00e5rd &amp; Fritid","og_description":"TRUUSK barstolarna kombinerar stil och komfort. Med sin rundade form och mjuka sittk\u00e4nsla inbjuder de till att stanna kvar, oavsett...","og_url":"https:\/\/truusk.store\/sv\/produkt\/truusk-2-pack-barstolar-med-stoppad-sits-och-fotstod-fleeceoverdrag-metallram-svart\/","og_site_name":"TRUUSK - Hem, Tr\u00e4dg\u00e5rd &amp; Fritid","article_modified_time":"2026-03-12T07:48:14+00:00","og_image":[{"width":2000,"height":2000,"url":"https:\/\/i0.wp.com\/truusk.se\/wp-content\/uploads\/2025\/09\/2-pack-barstolar-med-stoppad-sits-och-fotstod-fleeceoverdrag-metallram-svart-1.webp?fit=2000%2C2000&ssl=1","type":"image\/webp"}],"twitter_card":"summary_large_image","twitter_misc":{"Ber\u00e4knad l\u00e4stid":"1 minut"},"schema":{"@context":"https:\/\/schema.org","@graph":[{"@type":"WebPage","@id":"https:\/\/truusk.store\/sv\/produkt\/truusk-2-pack-barstolar-med-stoppad-sits-och-fotstod-fleeceoverdrag-metallram-svart\/","url":"https:\/\/truusk.store\/sv\/produkt\/truusk-2-pack-barstolar-med-stoppad-sits-och-fotstod-fleeceoverdrag-metallram-svart\/","name":"TRUUSK 2-pack Barstolar Med Stoppad Sits Och Fotst\u00f6d - Fleece\u00f6verdrag - Metallram - Svart - TRUUSK - Hem, Tr\u00e4dg\u00e5rd &amp; Fritid","isPartOf":{"@id":"https:\/\/truusk.store\/sv\/#website"},"primaryImageOfPage":{"@id":"https:\/\/truusk.store\/sv\/produkt\/truusk-2-pack-barstolar-med-stoppad-sits-och-fotstod-fleeceoverdrag-metallram-svart\/#primaryimage"},"image":{"@id":"https:\/\/truusk.store\/sv\/produkt\/truusk-2-pack-barstolar-med-stoppad-sits-och-fotstod-fleeceoverdrag-metallram-svart\/#primaryimage"},"thumbnailUrl":"https:\/\/i0.wp.com\/truusk.store\/wp-content\/uploads\/2025\/09\/2-pack-barstolar-med-stoppad-sits-och-fotstod-fleeceoverdrag-metallram-svart-1.webp?fit=2000%2C2000&ssl=1","datePublished":"2025-09-23T05:16:34+00:00","dateModified":"2026-03-12T07:48:14+00:00","breadcrumb":{"@id":"https:\/\/truusk.store\/sv\/produkt\/truusk-2-pack-barstolar-med-stoppad-sits-och-fotstod-fleeceoverdrag-metallram-svart\/#breadcrumb"},"inLanguage":"sv-SE","potentialAction":[{"@type":"ReadAction","target":["https:\/\/truusk.store\/sv\/produkt\/truusk-2-pack-barstolar-med-stoppad-sits-och-fotstod-fleeceoverdrag-metallram-svart\/"]}]},{"@type":"ImageObject","inLanguage":"sv-SE","@id":"https:\/\/truusk.store\/sv\/produkt\/truusk-2-pack-barstolar-med-stoppad-sits-och-fotstod-fleeceoverdrag-metallram-svart\/#primaryimage","url":"https:\/\/i0.wp.com\/truusk.store\/wp-content\/uploads\/2025\/09\/2-pack-barstolar-med-stoppad-sits-och-fotstod-fleeceoverdrag-metallram-svart-1.webp?fit=2000%2C2000&ssl=1","contentUrl":"https:\/\/i0.wp.com\/truusk.store\/wp-content\/uploads\/2025\/09\/2-pack-barstolar-med-stoppad-sits-och-fotstod-fleeceoverdrag-metallram-svart-1.webp?fit=2000%2C2000&ssl=1","width":2000,"height":2000},{"@type":"BreadcrumbList","@id":"https:\/\/truusk.store\/sv\/produkt\/truusk-2-pack-barstolar-med-stoppad-sits-och-fotstod-fleeceoverdrag-metallram-svart\/#breadcrumb","itemListElement":[{"@type":"ListItem","position":1,"name":"Home","item":"https:\/\/truusk.store\/sv\/"},{"@type":"ListItem","position":2,"name":"Shop","item":"https:\/\/truusk.store\/shop\/"},{"@type":"ListItem","position":3,"name":"TRUUSK 2-pack Barstolar Med Stoppad Sits Och Fotst\u00f6d &#8211; Fleece\u00f6verdrag &#8211; Metallram &#8211; Svart"}]},{"@type":"WebSite","@id":"https:\/\/truusk.store\/sv\/#website","url":"https:\/\/truusk.store\/sv\/","name":"TRUUSK - Hem, Tr\u00e4dg\u00e5rd & Fritid","description":"","publisher":{"@id":"https:\/\/truusk.store\/sv\/#organization"},"potentialAction":[{"@type":"SearchAction","target":{"@type":"EntryPoint","urlTemplate":"https:\/\/truusk.store\/sv\/?s={search_term_string}"},"query-input":{"@type":"PropertyValueSpecification","valueRequired":true,"valueName":"search_term_string"}}],"inLanguage":"sv-SE"},{"@type":"Organization","@id":"https:\/\/truusk.store\/sv\/#organization","name":"TRUUSK - Hem, Tr\u00e4dg\u00e5rd & Fritid","url":"https:\/\/truusk.store\/sv\/","logo":{"@type":"ImageObject","inLanguage":"sv-SE","@id":"https:\/\/truusk.store\/sv\/#\/schema\/logo\/image\/","url":"https:\/\/i0.wp.com\/truusk.store\/wp-content\/uploads\/2026\/03\/cropped-TRUUSK.png?fit=2032%2C917&ssl=1","contentUrl":"https:\/\/i0.wp.com\/truusk.store\/wp-content\/uploads\/2026\/03\/cropped-TRUUSK.png?fit=2032%2C917&ssl=1","width":2032,"height":917,"caption":"TRUUSK - Hem, Tr\u00e4dg\u00e5rd & Fritid"},"image":{"@id":"https:\/\/truusk.store\/sv\/#\/schema\/logo\/image\/"}}]}},"jetpack_sharing_enabled":true,"_links":{"self":[{"href":"https:\/\/truusk.store\/sv\/wp-json\/wp\/v2\/product\/91658","targetHints":{"allow":["GET"]}}],"collection":[{"href":"https:\/\/truusk.store\/sv\/wp-json\/wp\/v2\/product"}],"about":[{"href":"https:\/\/truusk.store\/sv\/wp-json\/wp\/v2\/types\/product"}],"wp:featuredmedia":[{"embeddable":true,"href":"https:\/\/truusk.store\/sv\/wp-json\/wp\/v2\/media\/91649"}],"wp:attachment":[{"href":"https:\/\/truusk.store\/sv\/wp-json\/wp\/v2\/media?parent=91658"}],"wp:term":[{"taxonomy":"product_brand","embeddable":true,"href":"https:\/\/truusk.store\/sv\/wp-json\/wp\/v2\/product_brand?post=91658"},{"taxonomy":"product_cat","embeddable":true,"href":"https:\/\/truusk.store\/sv\/wp-json\/wp\/v2\/product_cat?post=91658"},{"taxonomy":"product_tag","embeddable":true,"href":"https:\/\/truusk.store\/sv\/wp-json\/wp\/v2\/product_tag?post=91658"}],"curies":[{"name":"wp","href":"https:\/\/api.w.org\/{rel}","templated":true}]}}