{"id":91678,"date":"2025-09-23T06:18:27","date_gmt":"2025-09-23T05:18:27","guid":{"rendered":"https:\/\/truusk.store\/product\/vedhylla-for-inomhus-46-x-36-x-41cm-vedhylla-for-kamin-ugn-metall-guld\/"},"modified":"2026-03-12T08:48:15","modified_gmt":"2026-03-12T07:48:15","slug":"truusk-vedhylla-for-inomhus-metall-guld-46x36x41cm-for-kamin-ugn-stilren-design-hog-kvalitet","status":"publish","type":"product","link":"https:\/\/truusk.store\/sv\/produkt\/truusk-vedhylla-for-inomhus-metall-guld-46x36x41cm-for-kamin-ugn-stilren-design-hog-kvalitet\/","title":{"rendered":"TRUUSK Vedhylla F\u00f6r Inomhus &#8211; Metall Guld &#8211; 46x36x41cm &#8211; F\u00f6r Kamin Ugn &#8211; Stilren Design &#8211; H\u00f6g Kvalitet"},"content":{"rendered":"<p>En r\u00f6rig vedh\u00f6g kan minska den mysiga atmosf\u00e4ren i ditt hem. Denna TRUUSK vedhylla f\u00f6rvandlar ditt utrymme, lagrar ordentligt kv\u00e4llens ved och dess guldiga bikakem\u00f6nster ger en lyxig touch. Denna multifunktionella inomhus vedhylla fungerar ocks\u00e5 som en elegant h\u00e5llare f\u00f6r tidningar eller skivspelare och f\u00f6rvandlar ditt vardagsrum till en plats f\u00f6r stilfull och varm g\u00e4stfrihet.<\/p>\n<p>Beskrivning:<\/p>\n<ul>\n<li> Denna inomhus vedhylla erbjuder plats f\u00f6r en hel natts ved vid 46 x 36 x 41 cm och sparar plats bredvid din kamin<\/li>\n<li> Har ett snyggt, guldigt bikakem\u00f6nster som ger din inredning en stilfull touch<\/li>\n<li> Denna inomhus vedhylla fungerar ocks\u00e5 som en elegant h\u00e5llare f\u00f6r tidningar eller skivspelare f\u00f6r m\u00e5ngsidig ordning i huset<\/li>\n<li> Tillverkad av pulverlackerat metall, motst\u00e5r repor och rost f\u00f6r l\u00e5ngvarig h\u00e5llbarhet<\/li>\n<li> Den upph\u00f6jda basen p\u00e5 vedhyllan h\u00e5ller veden torr och m\u00f6jligg\u00f6r enkel golvreng\u00f6ring<\/li>\n<li> Enkel struktur m\u00f6jligg\u00f6r snabb och enkel montering.<\/li>\n<\/ul>\n<p> Tekniska data:<\/p>\n<ul>\n<li> F\u00e4rg: Guld<\/li>\n<li> Material: Metall<\/li>\n<li> Totala dimensioner: 46L x 36B x 41H cm<\/li>\n<li> Nedre hyllan till golvet: 11 cm<\/li>\n<li> Maximal belastning: 20 kg<\/li>\n<\/ul>\n<p>Leveransinneh\u00e5ll:<\/p>\n<ul>\n<li> 1 x vedhylla<\/li>\n<li> 1 x bruksanvisning<\/li>\n<\/ul>\n","protected":false},"excerpt":{"rendered":"<p>En r\u00f6rig vedh\u00f6g kan minska den mysiga atmosf\u00e4ren i ditt hem. Denna TRUUSK vedhylla f\u00f6rvandlar ditt utrymme, lagrar ordentligt kv\u00e4llens&#8230;<\/p>\n","protected":false},"featured_media":91666,"template":"","meta":[],"product_brand":[],"product_cat":[867,926,874],"product_tag":[],"class_list":{"0":"post-91678","1":"product","2":"type-product","3":"status-publish","4":"has-post-thumbnail","6":"product_cat-byggmarknad","7":"product_cat-kamin-tillbehor","8":"product_cat-spisar-ugnar","10":"first","11":"instock","12":"sale","13":"taxable","14":"shipping-taxable","15":"purchasable","16":"product-type-simple"},"yoast_head":"<!-- This site is optimized with the Yoast SEO plugin v25.4 - https:\/\/yoast.com\/wordpress\/plugins\/seo\/ -->\n<title>TRUUSK Vedhylla F\u00f6r Inomhus - Metall Guld - 46x36x41cm - F\u00f6r Kamin Ugn - Stilren Design - H\u00f6g Kvalitet - TRUUSK - Hem, Tr\u00e4dg\u00e5rd &amp; Fritid<\/title>\n<meta name=\"robots\" content=\"index, follow, max-snippet:-1, max-image-preview:large, max-video-preview:-1\" \/>\n<link rel=\"canonical\" href=\"https:\/\/truusk.store\/sv\/produkt\/truusk-vedhylla-for-inomhus-metall-guld-46x36x41cm-for-kamin-ugn-stilren-design-hog-kvalitet\/\" \/>\n<meta property=\"og:locale\" content=\"sv_SE\" \/>\n<meta property=\"og:type\" content=\"article\" \/>\n<meta property=\"og:title\" content=\"TRUUSK Vedhylla F\u00f6r Inomhus - Metall Guld - 46x36x41cm - F\u00f6r Kamin Ugn - Stilren Design - H\u00f6g Kvalitet - TRUUSK - Hem, Tr\u00e4dg\u00e5rd &amp; Fritid\" \/>\n<meta property=\"og:description\" content=\"En r\u00f6rig vedh\u00f6g kan minska den mysiga atmosf\u00e4ren i ditt hem. Denna TRUUSK vedhylla f\u00f6rvandlar ditt utrymme, lagrar ordentligt kv\u00e4llens...\" \/>\n<meta property=\"og:url\" content=\"https:\/\/truusk.store\/sv\/produkt\/truusk-vedhylla-for-inomhus-metall-guld-46x36x41cm-for-kamin-ugn-stilren-design-hog-kvalitet\/\" \/>\n<meta property=\"og:site_name\" content=\"TRUUSK - Hem, Tr\u00e4dg\u00e5rd &amp; Fritid\" \/>\n<meta property=\"article:modified_time\" content=\"2026-03-12T07:48:15+00:00\" \/>\n<meta property=\"og:image\" content=\"https:\/\/i0.wp.com\/truusk.se\/wp-content\/uploads\/2025\/09\/vedhylla-for-inomhus-46-x-36-x-41cm-vedhylla-for-kamin-ugn-metall-guld-1.webp?fit=2000%2C2000&ssl=1\" \/>\n\t<meta property=\"og:image:width\" content=\"2000\" \/>\n\t<meta property=\"og:image:height\" content=\"2000\" \/>\n\t<meta property=\"og:image:type\" content=\"image\/webp\" \/>\n<meta name=\"twitter:card\" content=\"summary_large_image\" \/>\n<meta name=\"twitter:label1\" content=\"Ber\u00e4knad l\u00e4stid\" \/>\n\t<meta name=\"twitter:data1\" content=\"1 minut\" \/>\n<!-- \/ Yoast SEO plugin. -->","yoast_head_json":{"title":"TRUUSK Vedhylla F\u00f6r Inomhus - Metall Guld - 46x36x41cm - F\u00f6r Kamin Ugn - Stilren Design - H\u00f6g Kvalitet - TRUUSK - Hem, Tr\u00e4dg\u00e5rd &amp; Fritid","robots":{"index":"index","follow":"follow","max-snippet":"max-snippet:-1","max-image-preview":"max-image-preview:large","max-video-preview":"max-video-preview:-1"},"canonical":"https:\/\/truusk.store\/sv\/produkt\/truusk-vedhylla-for-inomhus-metall-guld-46x36x41cm-for-kamin-ugn-stilren-design-hog-kvalitet\/","og_locale":"sv_SE","og_type":"article","og_title":"TRUUSK Vedhylla F\u00f6r Inomhus - Metall Guld - 46x36x41cm - F\u00f6r Kamin Ugn - Stilren Design - H\u00f6g Kvalitet - TRUUSK - Hem, Tr\u00e4dg\u00e5rd &amp; Fritid","og_description":"En r\u00f6rig vedh\u00f6g kan minska den mysiga atmosf\u00e4ren i ditt hem. Denna TRUUSK vedhylla f\u00f6rvandlar ditt utrymme, lagrar ordentligt kv\u00e4llens...","og_url":"https:\/\/truusk.store\/sv\/produkt\/truusk-vedhylla-for-inomhus-metall-guld-46x36x41cm-for-kamin-ugn-stilren-design-hog-kvalitet\/","og_site_name":"TRUUSK - Hem, Tr\u00e4dg\u00e5rd &amp; Fritid","article_modified_time":"2026-03-12T07:48:15+00:00","og_image":[{"width":2000,"height":2000,"url":"https:\/\/i0.wp.com\/truusk.se\/wp-content\/uploads\/2025\/09\/vedhylla-for-inomhus-46-x-36-x-41cm-vedhylla-for-kamin-ugn-metall-guld-1.webp?fit=2000%2C2000&ssl=1","type":"image\/webp"}],"twitter_card":"summary_large_image","twitter_misc":{"Ber\u00e4knad l\u00e4stid":"1 minut"},"schema":{"@context":"https:\/\/schema.org","@graph":[{"@type":"WebPage","@id":"https:\/\/truusk.store\/sv\/produkt\/truusk-vedhylla-for-inomhus-metall-guld-46x36x41cm-for-kamin-ugn-stilren-design-hog-kvalitet\/","url":"https:\/\/truusk.store\/sv\/produkt\/truusk-vedhylla-for-inomhus-metall-guld-46x36x41cm-for-kamin-ugn-stilren-design-hog-kvalitet\/","name":"TRUUSK Vedhylla F\u00f6r Inomhus - Metall Guld - 46x36x41cm - F\u00f6r Kamin Ugn - Stilren Design - H\u00f6g Kvalitet - TRUUSK - Hem, Tr\u00e4dg\u00e5rd &amp; Fritid","isPartOf":{"@id":"https:\/\/truusk.store\/sv\/#website"},"primaryImageOfPage":{"@id":"https:\/\/truusk.store\/sv\/produkt\/truusk-vedhylla-for-inomhus-metall-guld-46x36x41cm-for-kamin-ugn-stilren-design-hog-kvalitet\/#primaryimage"},"image":{"@id":"https:\/\/truusk.store\/sv\/produkt\/truusk-vedhylla-for-inomhus-metall-guld-46x36x41cm-for-kamin-ugn-stilren-design-hog-kvalitet\/#primaryimage"},"thumbnailUrl":"https:\/\/i0.wp.com\/truusk.store\/wp-content\/uploads\/2025\/09\/vedhylla-for-inomhus-46-x-36-x-41cm-vedhylla-for-kamin-ugn-metall-guld-1.webp?fit=2000%2C2000&ssl=1","datePublished":"2025-09-23T05:18:27+00:00","dateModified":"2026-03-12T07:48:15+00:00","breadcrumb":{"@id":"https:\/\/truusk.store\/sv\/produkt\/truusk-vedhylla-for-inomhus-metall-guld-46x36x41cm-for-kamin-ugn-stilren-design-hog-kvalitet\/#breadcrumb"},"inLanguage":"sv-SE","potentialAction":[{"@type":"ReadAction","target":["https:\/\/truusk.store\/sv\/produkt\/truusk-vedhylla-for-inomhus-metall-guld-46x36x41cm-for-kamin-ugn-stilren-design-hog-kvalitet\/"]}]},{"@type":"ImageObject","inLanguage":"sv-SE","@id":"https:\/\/truusk.store\/sv\/produkt\/truusk-vedhylla-for-inomhus-metall-guld-46x36x41cm-for-kamin-ugn-stilren-design-hog-kvalitet\/#primaryimage","url":"https:\/\/i0.wp.com\/truusk.store\/wp-content\/uploads\/2025\/09\/vedhylla-for-inomhus-46-x-36-x-41cm-vedhylla-for-kamin-ugn-metall-guld-1.webp?fit=2000%2C2000&ssl=1","contentUrl":"https:\/\/i0.wp.com\/truusk.store\/wp-content\/uploads\/2025\/09\/vedhylla-for-inomhus-46-x-36-x-41cm-vedhylla-for-kamin-ugn-metall-guld-1.webp?fit=2000%2C2000&ssl=1","width":2000,"height":2000},{"@type":"BreadcrumbList","@id":"https:\/\/truusk.store\/sv\/produkt\/truusk-vedhylla-for-inomhus-metall-guld-46x36x41cm-for-kamin-ugn-stilren-design-hog-kvalitet\/#breadcrumb","itemListElement":[{"@type":"ListItem","position":1,"name":"Home","item":"https:\/\/truusk.store\/sv\/"},{"@type":"ListItem","position":2,"name":"Shop","item":"https:\/\/truusk.store\/shop\/"},{"@type":"ListItem","position":3,"name":"TRUUSK Vedhylla F\u00f6r Inomhus &#8211; Metall Guld &#8211; 46x36x41cm &#8211; F\u00f6r Kamin Ugn &#8211; Stilren Design &#8211; H\u00f6g Kvalitet"}]},{"@type":"WebSite","@id":"https:\/\/truusk.store\/sv\/#website","url":"https:\/\/truusk.store\/sv\/","name":"TRUUSK - Hem, Tr\u00e4dg\u00e5rd & Fritid","description":"","publisher":{"@id":"https:\/\/truusk.store\/sv\/#organization"},"potentialAction":[{"@type":"SearchAction","target":{"@type":"EntryPoint","urlTemplate":"https:\/\/truusk.store\/sv\/?s={search_term_string}"},"query-input":{"@type":"PropertyValueSpecification","valueRequired":true,"valueName":"search_term_string"}}],"inLanguage":"sv-SE"},{"@type":"Organization","@id":"https:\/\/truusk.store\/sv\/#organization","name":"TRUUSK - Hem, Tr\u00e4dg\u00e5rd & Fritid","url":"https:\/\/truusk.store\/sv\/","logo":{"@type":"ImageObject","inLanguage":"sv-SE","@id":"https:\/\/truusk.store\/sv\/#\/schema\/logo\/image\/","url":"https:\/\/i0.wp.com\/truusk.store\/wp-content\/uploads\/2026\/03\/cropped-TRUUSK.png?fit=2032%2C917&ssl=1","contentUrl":"https:\/\/i0.wp.com\/truusk.store\/wp-content\/uploads\/2026\/03\/cropped-TRUUSK.png?fit=2032%2C917&ssl=1","width":2032,"height":917,"caption":"TRUUSK - Hem, Tr\u00e4dg\u00e5rd & Fritid"},"image":{"@id":"https:\/\/truusk.store\/sv\/#\/schema\/logo\/image\/"}}]}},"jetpack_sharing_enabled":true,"_links":{"self":[{"href":"https:\/\/truusk.store\/sv\/wp-json\/wp\/v2\/product\/91678","targetHints":{"allow":["GET"]}}],"collection":[{"href":"https:\/\/truusk.store\/sv\/wp-json\/wp\/v2\/product"}],"about":[{"href":"https:\/\/truusk.store\/sv\/wp-json\/wp\/v2\/types\/product"}],"wp:featuredmedia":[{"embeddable":true,"href":"https:\/\/truusk.store\/sv\/wp-json\/wp\/v2\/media\/91666"}],"wp:attachment":[{"href":"https:\/\/truusk.store\/sv\/wp-json\/wp\/v2\/media?parent=91678"}],"wp:term":[{"taxonomy":"product_brand","embeddable":true,"href":"https:\/\/truusk.store\/sv\/wp-json\/wp\/v2\/product_brand?post=91678"},{"taxonomy":"product_cat","embeddable":true,"href":"https:\/\/truusk.store\/sv\/wp-json\/wp\/v2\/product_cat?post=91678"},{"taxonomy":"product_tag","embeddable":true,"href":"https:\/\/truusk.store\/sv\/wp-json\/wp\/v2\/product_tag?post=91678"}],"curies":[{"name":"wp","href":"https:\/\/api.w.org\/{rel}","templated":true}]}}