{"id":91698,"date":"2025-09-23T06:20:30","date_gmt":"2025-09-23T05:20:30","guid":{"rendered":"https:\/\/truusk.store\/product\/matstol-cordkladsel-skalform-metallben-fotdyna-gra\/"},"modified":"2026-03-12T08:48:16","modified_gmt":"2026-03-12T07:48:16","slug":"truusk-matstol-med-cordkladsel-skalformad-metallben-fotdyna-gra","status":"publish","type":"product","link":"https:\/\/truusk.store\/sv\/produkt\/truusk-matstol-med-cordkladsel-skalformad-metallben-fotdyna-gra\/","title":{"rendered":"TRUUSK Matstol med Cordkl\u00e4dsel &#8211; Sk\u00e5lformad &#8211; Metallben &#8211; Fotdyna &#8211; Gr\u00e5"},"content":{"rendered":"<p>TRUUSK matstolen kombinerar stilfull design med komfort. Omsluten av mjuk manchester och stoppad med st\u00f6djande skum, i en ergonomisk skalform, inbjuder matstolen till l\u00e5nga kv\u00e4llar &#8211; vare sig det \u00e4r middag med familjen eller kaffeklatsch med v\u00e4nner. De robusta st\u00e5lbenen och justerbara f\u00f6tterna p\u00e5 matstolen garanterar alltid en fast st\u00e5ndpunkt.<\/p>\n<p>Beskrivning:<\/p>\n<ul>\n<li> Den mjuka manchesterduken p\u00e5 den stoppade stolen ger varje milj\u00f6 en mysig textur och v\u00e4rme<\/li>\n<li> Den rymliga, tjockt stoppade s\u00e4tet p\u00e5 matstolen med h\u00f6gdensitetsskum garanterar varaktig komfort<\/li>\n<li> Det badkarsformade designet p\u00e5 matstolen med integrerad ryggst\u00f6d och armst\u00f6d ger en st\u00f6djande, omslutande k\u00e4nsla<\/li>\n<li> Fyra st\u00e5lben med justerbara fotdynor och halkfria fotdynor ger p\u00e5litligt grepp och extra stabilitet<\/li>\n<li> Den diskreta urtagningen i ryggst\u00f6det ger en modern touch och ger en l\u00e4ttare, mer \u00f6ppen k\u00e4nsla<\/li>\n<li> Den m\u00e5ngsidiga stilen p\u00e5 k\u00f6ksstolen passar enkelt in i matsalar, sovrum, sminkomr\u00e5den eller l\u00e4sh\u00f6rnor<\/li>\n<li> Snabb och enkel montering kr\u00e4vs<\/li>\n<\/ul>\n<p> Tekniska data:<\/p>\n<ul>\n<li> F\u00e4rg: Gr\u00e5<\/li>\n<li> Material: Manchester (70% polyester, 30% akrylfiber), st\u00e5l, skum, plywood<\/li>\n<li> Totala dimensioner: 57B x 62,5T x 85,5H cm<\/li>\n<li> Sitsstorlek: 49B x 47T x 48H cm<\/li>\n<li> Ryggst\u00f6dets storlek: 45B x 40H cm<\/li>\n<li> Kuddtjocklek: 7 cm (sits), 6 cm (rygg)<\/li>\n<li> Armst\u00f6dets storlek: 25L x 6B cm<\/li>\n<li> Benh\u00f6jd: 41H cm<\/li>\n<li> Maximal belastning: 120 kg<\/li>\n<\/ul>\n<p>Leveransinneh\u00e5ll:<\/p>\n<ul>\n<li> 1 x matstol<\/li>\n<li> 1 x bruksanvisning<\/li>\n<\/ul>\n","protected":false},"excerpt":{"rendered":"<p>TRUUSK matstolen kombinerar stilfull design med komfort. Omsluten av mjuk manchester och stoppad med st\u00f6djande skum, i en ergonomisk skalform,&#8230;<\/p>\n","protected":false},"featured_media":91689,"template":"","meta":[],"product_brand":[],"product_cat":[871,889,518],"product_tag":[],"class_list":{"0":"post-91698","1":"product","2":"type-product","3":"status-publish","4":"has-post-thumbnail","6":"product_cat-hus-hem","7":"product_cat-kok-matsal","8":"product_cat-matsalsstolar","10":"first","11":"instock","12":"sale","13":"taxable","14":"shipping-taxable","15":"purchasable","16":"product-type-simple"},"yoast_head":"<!-- This site is optimized with the Yoast SEO plugin v25.4 - https:\/\/yoast.com\/wordpress\/plugins\/seo\/ -->\n<title>TRUUSK Matstol med Cordkl\u00e4dsel - Sk\u00e5lformad - Metallben - Fotdyna - Gr\u00e5 - TRUUSK - Hem, Tr\u00e4dg\u00e5rd &amp; Fritid<\/title>\n<meta name=\"robots\" content=\"index, follow, max-snippet:-1, max-image-preview:large, max-video-preview:-1\" \/>\n<link rel=\"canonical\" href=\"https:\/\/truusk.store\/sv\/produkt\/truusk-matstol-med-cordkladsel-skalformad-metallben-fotdyna-gra\/\" \/>\n<meta property=\"og:locale\" content=\"sv_SE\" \/>\n<meta property=\"og:type\" content=\"article\" \/>\n<meta property=\"og:title\" content=\"TRUUSK Matstol med Cordkl\u00e4dsel - Sk\u00e5lformad - Metallben - Fotdyna - Gr\u00e5 - TRUUSK - Hem, Tr\u00e4dg\u00e5rd &amp; Fritid\" \/>\n<meta property=\"og:description\" content=\"TRUUSK matstolen kombinerar stilfull design med komfort. Omsluten av mjuk manchester och stoppad med st\u00f6djande skum, i en ergonomisk skalform,...\" \/>\n<meta property=\"og:url\" content=\"https:\/\/truusk.store\/sv\/produkt\/truusk-matstol-med-cordkladsel-skalformad-metallben-fotdyna-gra\/\" \/>\n<meta property=\"og:site_name\" content=\"TRUUSK - Hem, Tr\u00e4dg\u00e5rd &amp; Fritid\" \/>\n<meta property=\"article:modified_time\" content=\"2026-03-12T07:48:16+00:00\" \/>\n<meta property=\"og:image\" content=\"https:\/\/i0.wp.com\/truusk.se\/wp-content\/uploads\/2025\/09\/matstol-cordkladsel-skalform-metallben-fotdyna-gra-1.webp?fit=2000%2C2000&ssl=1\" \/>\n\t<meta property=\"og:image:width\" content=\"2000\" \/>\n\t<meta property=\"og:image:height\" content=\"2000\" \/>\n\t<meta property=\"og:image:type\" content=\"image\/webp\" \/>\n<meta name=\"twitter:card\" content=\"summary_large_image\" \/>\n<meta name=\"twitter:label1\" content=\"Ber\u00e4knad l\u00e4stid\" \/>\n\t<meta name=\"twitter:data1\" content=\"1 minut\" \/>\n<!-- \/ Yoast SEO plugin. -->","yoast_head_json":{"title":"TRUUSK Matstol med Cordkl\u00e4dsel - Sk\u00e5lformad - Metallben - Fotdyna - Gr\u00e5 - TRUUSK - Hem, Tr\u00e4dg\u00e5rd &amp; Fritid","robots":{"index":"index","follow":"follow","max-snippet":"max-snippet:-1","max-image-preview":"max-image-preview:large","max-video-preview":"max-video-preview:-1"},"canonical":"https:\/\/truusk.store\/sv\/produkt\/truusk-matstol-med-cordkladsel-skalformad-metallben-fotdyna-gra\/","og_locale":"sv_SE","og_type":"article","og_title":"TRUUSK Matstol med Cordkl\u00e4dsel - Sk\u00e5lformad - Metallben - Fotdyna - Gr\u00e5 - TRUUSK - Hem, Tr\u00e4dg\u00e5rd &amp; Fritid","og_description":"TRUUSK matstolen kombinerar stilfull design med komfort. Omsluten av mjuk manchester och stoppad med st\u00f6djande skum, i en ergonomisk skalform,...","og_url":"https:\/\/truusk.store\/sv\/produkt\/truusk-matstol-med-cordkladsel-skalformad-metallben-fotdyna-gra\/","og_site_name":"TRUUSK - Hem, Tr\u00e4dg\u00e5rd &amp; Fritid","article_modified_time":"2026-03-12T07:48:16+00:00","og_image":[{"width":2000,"height":2000,"url":"https:\/\/i0.wp.com\/truusk.se\/wp-content\/uploads\/2025\/09\/matstol-cordkladsel-skalform-metallben-fotdyna-gra-1.webp?fit=2000%2C2000&ssl=1","type":"image\/webp"}],"twitter_card":"summary_large_image","twitter_misc":{"Ber\u00e4knad l\u00e4stid":"1 minut"},"schema":{"@context":"https:\/\/schema.org","@graph":[{"@type":"WebPage","@id":"https:\/\/truusk.store\/sv\/produkt\/truusk-matstol-med-cordkladsel-skalformad-metallben-fotdyna-gra\/","url":"https:\/\/truusk.store\/sv\/produkt\/truusk-matstol-med-cordkladsel-skalformad-metallben-fotdyna-gra\/","name":"TRUUSK Matstol med Cordkl\u00e4dsel - Sk\u00e5lformad - Metallben - Fotdyna - Gr\u00e5 - TRUUSK - Hem, Tr\u00e4dg\u00e5rd &amp; Fritid","isPartOf":{"@id":"https:\/\/truusk.store\/sv\/#website"},"primaryImageOfPage":{"@id":"https:\/\/truusk.store\/sv\/produkt\/truusk-matstol-med-cordkladsel-skalformad-metallben-fotdyna-gra\/#primaryimage"},"image":{"@id":"https:\/\/truusk.store\/sv\/produkt\/truusk-matstol-med-cordkladsel-skalformad-metallben-fotdyna-gra\/#primaryimage"},"thumbnailUrl":"https:\/\/i0.wp.com\/truusk.store\/wp-content\/uploads\/2025\/09\/matstol-cordkladsel-skalform-metallben-fotdyna-gra-1.webp?fit=2000%2C2000&ssl=1","datePublished":"2025-09-23T05:20:30+00:00","dateModified":"2026-03-12T07:48:16+00:00","breadcrumb":{"@id":"https:\/\/truusk.store\/sv\/produkt\/truusk-matstol-med-cordkladsel-skalformad-metallben-fotdyna-gra\/#breadcrumb"},"inLanguage":"sv-SE","potentialAction":[{"@type":"ReadAction","target":["https:\/\/truusk.store\/sv\/produkt\/truusk-matstol-med-cordkladsel-skalformad-metallben-fotdyna-gra\/"]}]},{"@type":"ImageObject","inLanguage":"sv-SE","@id":"https:\/\/truusk.store\/sv\/produkt\/truusk-matstol-med-cordkladsel-skalformad-metallben-fotdyna-gra\/#primaryimage","url":"https:\/\/i0.wp.com\/truusk.store\/wp-content\/uploads\/2025\/09\/matstol-cordkladsel-skalform-metallben-fotdyna-gra-1.webp?fit=2000%2C2000&ssl=1","contentUrl":"https:\/\/i0.wp.com\/truusk.store\/wp-content\/uploads\/2025\/09\/matstol-cordkladsel-skalform-metallben-fotdyna-gra-1.webp?fit=2000%2C2000&ssl=1","width":2000,"height":2000},{"@type":"BreadcrumbList","@id":"https:\/\/truusk.store\/sv\/produkt\/truusk-matstol-med-cordkladsel-skalformad-metallben-fotdyna-gra\/#breadcrumb","itemListElement":[{"@type":"ListItem","position":1,"name":"Home","item":"https:\/\/truusk.store\/sv\/"},{"@type":"ListItem","position":2,"name":"Shop","item":"https:\/\/truusk.store\/shop\/"},{"@type":"ListItem","position":3,"name":"TRUUSK Matstol med Cordkl\u00e4dsel &#8211; Sk\u00e5lformad &#8211; Metallben &#8211; Fotdyna &#8211; Gr\u00e5"}]},{"@type":"WebSite","@id":"https:\/\/truusk.store\/sv\/#website","url":"https:\/\/truusk.store\/sv\/","name":"TRUUSK - Hem, Tr\u00e4dg\u00e5rd & Fritid","description":"","publisher":{"@id":"https:\/\/truusk.store\/sv\/#organization"},"potentialAction":[{"@type":"SearchAction","target":{"@type":"EntryPoint","urlTemplate":"https:\/\/truusk.store\/sv\/?s={search_term_string}"},"query-input":{"@type":"PropertyValueSpecification","valueRequired":true,"valueName":"search_term_string"}}],"inLanguage":"sv-SE"},{"@type":"Organization","@id":"https:\/\/truusk.store\/sv\/#organization","name":"TRUUSK - Hem, Tr\u00e4dg\u00e5rd & Fritid","url":"https:\/\/truusk.store\/sv\/","logo":{"@type":"ImageObject","inLanguage":"sv-SE","@id":"https:\/\/truusk.store\/sv\/#\/schema\/logo\/image\/","url":"https:\/\/i0.wp.com\/truusk.store\/wp-content\/uploads\/2026\/03\/cropped-TRUUSK.png?fit=2032%2C917&ssl=1","contentUrl":"https:\/\/i0.wp.com\/truusk.store\/wp-content\/uploads\/2026\/03\/cropped-TRUUSK.png?fit=2032%2C917&ssl=1","width":2032,"height":917,"caption":"TRUUSK - Hem, Tr\u00e4dg\u00e5rd & Fritid"},"image":{"@id":"https:\/\/truusk.store\/sv\/#\/schema\/logo\/image\/"}}]}},"jetpack_sharing_enabled":true,"_links":{"self":[{"href":"https:\/\/truusk.store\/sv\/wp-json\/wp\/v2\/product\/91698","targetHints":{"allow":["GET"]}}],"collection":[{"href":"https:\/\/truusk.store\/sv\/wp-json\/wp\/v2\/product"}],"about":[{"href":"https:\/\/truusk.store\/sv\/wp-json\/wp\/v2\/types\/product"}],"wp:featuredmedia":[{"embeddable":true,"href":"https:\/\/truusk.store\/sv\/wp-json\/wp\/v2\/media\/91689"}],"wp:attachment":[{"href":"https:\/\/truusk.store\/sv\/wp-json\/wp\/v2\/media?parent=91698"}],"wp:term":[{"taxonomy":"product_brand","embeddable":true,"href":"https:\/\/truusk.store\/sv\/wp-json\/wp\/v2\/product_brand?post=91698"},{"taxonomy":"product_cat","embeddable":true,"href":"https:\/\/truusk.store\/sv\/wp-json\/wp\/v2\/product_cat?post=91698"},{"taxonomy":"product_tag","embeddable":true,"href":"https:\/\/truusk.store\/sv\/wp-json\/wp\/v2\/product_tag?post=91698"}],"curies":[{"name":"wp","href":"https:\/\/api.w.org\/{rel}","templated":true}]}}