{"id":91738,"date":"2025-09-23T06:24:30","date_gmt":"2025-09-23T05:24:30","guid":{"rendered":"https:\/\/truusk.store\/product\/massagestol-8-vibrationspunkter-5-lagen-landvarme-justerbar-roterbar-stoppad-stol-brun\/"},"modified":"2026-03-12T08:48:21","modified_gmt":"2026-03-12T07:48:21","slug":"truusk-massagestol-8-vibrationspunkter-5-lagen-landvarme-justerbar-roterbar-stoppad-stol-brun","status":"publish","type":"product","link":"https:\/\/truusk.store\/sv\/produkt\/truusk-massagestol-8-vibrationspunkter-5-lagen-landvarme-justerbar-roterbar-stoppad-stol-brun\/","title":{"rendered":"TRUUSK Massagestol &#8211; 8 Vibrationspunkter &#8211; 5 L\u00e4gen &#8211; L\u00e4ndv\u00e4rme &#8211; Justerbar &#8211; Roterbar &#8211; Stoppad Stol &#8211; Brun"},"content":{"rendered":"<p>Slappna av djupt i denna TRUUSK massagestol! \u00c5tta vibrationspunkter och en l\u00e4ndv\u00e4rmare ger individuell komfort, styrd av fem massage-l\u00e4gen via en kabelbunden fj\u00e4rrkontroll. Justera ryggst\u00f6det p\u00e5 relaxstolen med ett drag upp till en 150-graders lutning. Hitta din ideala position i denna bekv\u00e4ma stol, perfekt f\u00f6r varje mysigt h\u00f6rn!<\/p>\n<p>Beskrivning:<\/p>\n<ul>\n<li> \u00c5tta vibrationsmassagepunkter lugnar effektivt musklerna<\/li>\n<li> Fem massageprogram med l\u00e4ndv\u00e4rme \u00f6kar avkopplingen, styrd av en kabelbunden fj\u00e4rrkontroll<\/li>\n<li> Uppr\u00e4tta eller 150 graders liggalternativ genom att dra i den sidofliken<\/li>\n<li> Gung- och 360\u00b0-rotationsfunktion av TV-stolen f\u00f6r dynamiska r\u00f6relser<\/li>\n<li> Tv\u00e5 sidofickor erbjuder praktisk f\u00f6rvaring f\u00f6r fj\u00e4rrkontroller och sm\u00e5 f\u00f6rem\u00e5l<\/li>\n<li> \u00d6verdimensionerad design av biostolen med tjocka kuddar erbjuder \u00f6verl\u00e4gsen komfort<\/li>\n<li> \u00d6verfylld fj\u00e4derk\u00e4rndesign f\u00f6r elastisk sittning<\/li>\n<li> Montering kr\u00e4vs<\/li>\n<\/ul>\n<p> Tekniska data:<\/p>\n<ul>\n<li> F\u00e4rg: Brun<\/li>\n<li> Material: Sammetliknande tyg (100% polyester), skum, metall<\/li>\n<li> Uppr\u00e4tta dimensioner: 92B x 92T x 102H cm<\/li>\n<li> Liggande dimensioner: 96B x 160T x 80H cm<\/li>\n<li> Sitsstorlek: 52B x 54T x 50H cm<\/li>\n<li> Ryggstorlek: 67L x 77B x 24,9T cm<\/li>\n<li> Armst\u00f6dsstorlek: 77L x 23B x 14H cm<\/li>\n<li> Fickstorlek: 33B x 29H cm<\/li>\n<li> L\u00e4ngd p\u00e5 str\u00f6mkabel: 1,8 m<\/li>\n<li> Ing\u00e5ng: 100-240V 50\/60Hz<\/li>\n<li> Utg\u00e5ng: 12V, 1A, 12W<\/li>\n<li> Belastningskapacitet: 135 kg<\/li>\n<\/ul>\n<p>Leveransinneh\u00e5ll:<\/p>\n<ul>\n<li> 1 x Massagestol<\/li>\n<li> 1 x Fj\u00e4rrkontroll<\/li>\n<li> 1 x Bruksanvisning<\/li>\n<\/ul>\n","protected":false},"excerpt":{"rendered":"<p>Slappna av djupt i denna TRUUSK massagestol! \u00c5tta vibrationspunkter och en l\u00e4ndv\u00e4rmare ger individuell komfort, styrd av fem massage-l\u00e4gen via&#8230;<\/p>\n","protected":false},"featured_media":91729,"template":"","meta":[],"product_brand":[],"product_cat":[521,871,912,910],"product_tag":[],"class_list":{"0":"post-91738","1":"product","2":"type-product","3":"status-publish","4":"has-post-thumbnail","6":"product_cat-fatolj","7":"product_cat-hus-hem","8":"product_cat-massagesessel","9":"product_cat-vardagsrum","11":"first","12":"instock","13":"sale","14":"taxable","15":"shipping-taxable","16":"purchasable","17":"product-type-simple"},"yoast_head":"<!-- This site is optimized with the Yoast SEO plugin v25.4 - https:\/\/yoast.com\/wordpress\/plugins\/seo\/ -->\n<title>TRUUSK Massagestol - 8 Vibrationspunkter - 5 L\u00e4gen - L\u00e4ndv\u00e4rme - Justerbar - Roterbar - Stoppad Stol - Brun - TRUUSK - Hem, Tr\u00e4dg\u00e5rd &amp; Fritid<\/title>\n<meta name=\"robots\" content=\"index, follow, max-snippet:-1, max-image-preview:large, max-video-preview:-1\" \/>\n<link rel=\"canonical\" href=\"https:\/\/truusk.store\/sv\/produkt\/truusk-massagestol-8-vibrationspunkter-5-lagen-landvarme-justerbar-roterbar-stoppad-stol-brun\/\" \/>\n<meta property=\"og:locale\" content=\"sv_SE\" \/>\n<meta property=\"og:type\" content=\"article\" \/>\n<meta property=\"og:title\" content=\"TRUUSK Massagestol - 8 Vibrationspunkter - 5 L\u00e4gen - L\u00e4ndv\u00e4rme - Justerbar - Roterbar - Stoppad Stol - Brun - TRUUSK - Hem, Tr\u00e4dg\u00e5rd &amp; Fritid\" \/>\n<meta property=\"og:description\" content=\"Slappna av djupt i denna TRUUSK massagestol! \u00c5tta vibrationspunkter och en l\u00e4ndv\u00e4rmare ger individuell komfort, styrd av fem massage-l\u00e4gen via...\" \/>\n<meta property=\"og:url\" content=\"https:\/\/truusk.store\/sv\/produkt\/truusk-massagestol-8-vibrationspunkter-5-lagen-landvarme-justerbar-roterbar-stoppad-stol-brun\/\" \/>\n<meta property=\"og:site_name\" content=\"TRUUSK - Hem, Tr\u00e4dg\u00e5rd &amp; Fritid\" \/>\n<meta property=\"article:modified_time\" content=\"2026-03-12T07:48:21+00:00\" \/>\n<meta property=\"og:image\" content=\"https:\/\/i0.wp.com\/truusk.se\/wp-content\/uploads\/2025\/09\/massagestol-8-vibrationspunkter-5-lagen-landvarme-justerbar-roterbar-stoppad-stol-brun-1.webp?fit=2000%2C2000&ssl=1\" \/>\n\t<meta property=\"og:image:width\" content=\"2000\" \/>\n\t<meta property=\"og:image:height\" content=\"2000\" \/>\n\t<meta property=\"og:image:type\" content=\"image\/webp\" \/>\n<meta name=\"twitter:card\" content=\"summary_large_image\" \/>\n<meta name=\"twitter:label1\" content=\"Ber\u00e4knad l\u00e4stid\" \/>\n\t<meta name=\"twitter:data1\" content=\"1 minut\" \/>\n<!-- \/ Yoast SEO plugin. -->","yoast_head_json":{"title":"TRUUSK Massagestol - 8 Vibrationspunkter - 5 L\u00e4gen - L\u00e4ndv\u00e4rme - Justerbar - Roterbar - Stoppad Stol - Brun - TRUUSK - Hem, Tr\u00e4dg\u00e5rd &amp; Fritid","robots":{"index":"index","follow":"follow","max-snippet":"max-snippet:-1","max-image-preview":"max-image-preview:large","max-video-preview":"max-video-preview:-1"},"canonical":"https:\/\/truusk.store\/sv\/produkt\/truusk-massagestol-8-vibrationspunkter-5-lagen-landvarme-justerbar-roterbar-stoppad-stol-brun\/","og_locale":"sv_SE","og_type":"article","og_title":"TRUUSK Massagestol - 8 Vibrationspunkter - 5 L\u00e4gen - L\u00e4ndv\u00e4rme - Justerbar - Roterbar - Stoppad Stol - Brun - TRUUSK - Hem, Tr\u00e4dg\u00e5rd &amp; Fritid","og_description":"Slappna av djupt i denna TRUUSK massagestol! \u00c5tta vibrationspunkter och en l\u00e4ndv\u00e4rmare ger individuell komfort, styrd av fem massage-l\u00e4gen via...","og_url":"https:\/\/truusk.store\/sv\/produkt\/truusk-massagestol-8-vibrationspunkter-5-lagen-landvarme-justerbar-roterbar-stoppad-stol-brun\/","og_site_name":"TRUUSK - Hem, Tr\u00e4dg\u00e5rd &amp; Fritid","article_modified_time":"2026-03-12T07:48:21+00:00","og_image":[{"width":2000,"height":2000,"url":"https:\/\/i0.wp.com\/truusk.se\/wp-content\/uploads\/2025\/09\/massagestol-8-vibrationspunkter-5-lagen-landvarme-justerbar-roterbar-stoppad-stol-brun-1.webp?fit=2000%2C2000&ssl=1","type":"image\/webp"}],"twitter_card":"summary_large_image","twitter_misc":{"Ber\u00e4knad l\u00e4stid":"1 minut"},"schema":{"@context":"https:\/\/schema.org","@graph":[{"@type":"WebPage","@id":"https:\/\/truusk.store\/sv\/produkt\/truusk-massagestol-8-vibrationspunkter-5-lagen-landvarme-justerbar-roterbar-stoppad-stol-brun\/","url":"https:\/\/truusk.store\/sv\/produkt\/truusk-massagestol-8-vibrationspunkter-5-lagen-landvarme-justerbar-roterbar-stoppad-stol-brun\/","name":"TRUUSK Massagestol - 8 Vibrationspunkter - 5 L\u00e4gen - L\u00e4ndv\u00e4rme - Justerbar - Roterbar - Stoppad Stol - Brun - TRUUSK - Hem, Tr\u00e4dg\u00e5rd &amp; Fritid","isPartOf":{"@id":"https:\/\/truusk.store\/sv\/#website"},"primaryImageOfPage":{"@id":"https:\/\/truusk.store\/sv\/produkt\/truusk-massagestol-8-vibrationspunkter-5-lagen-landvarme-justerbar-roterbar-stoppad-stol-brun\/#primaryimage"},"image":{"@id":"https:\/\/truusk.store\/sv\/produkt\/truusk-massagestol-8-vibrationspunkter-5-lagen-landvarme-justerbar-roterbar-stoppad-stol-brun\/#primaryimage"},"thumbnailUrl":"https:\/\/i0.wp.com\/truusk.store\/wp-content\/uploads\/2025\/09\/massagestol-8-vibrationspunkter-5-lagen-landvarme-justerbar-roterbar-stoppad-stol-brun-1.webp?fit=2000%2C2000&ssl=1","datePublished":"2025-09-23T05:24:30+00:00","dateModified":"2026-03-12T07:48:21+00:00","breadcrumb":{"@id":"https:\/\/truusk.store\/sv\/produkt\/truusk-massagestol-8-vibrationspunkter-5-lagen-landvarme-justerbar-roterbar-stoppad-stol-brun\/#breadcrumb"},"inLanguage":"sv-SE","potentialAction":[{"@type":"ReadAction","target":["https:\/\/truusk.store\/sv\/produkt\/truusk-massagestol-8-vibrationspunkter-5-lagen-landvarme-justerbar-roterbar-stoppad-stol-brun\/"]}]},{"@type":"ImageObject","inLanguage":"sv-SE","@id":"https:\/\/truusk.store\/sv\/produkt\/truusk-massagestol-8-vibrationspunkter-5-lagen-landvarme-justerbar-roterbar-stoppad-stol-brun\/#primaryimage","url":"https:\/\/i0.wp.com\/truusk.store\/wp-content\/uploads\/2025\/09\/massagestol-8-vibrationspunkter-5-lagen-landvarme-justerbar-roterbar-stoppad-stol-brun-1.webp?fit=2000%2C2000&ssl=1","contentUrl":"https:\/\/i0.wp.com\/truusk.store\/wp-content\/uploads\/2025\/09\/massagestol-8-vibrationspunkter-5-lagen-landvarme-justerbar-roterbar-stoppad-stol-brun-1.webp?fit=2000%2C2000&ssl=1","width":2000,"height":2000},{"@type":"BreadcrumbList","@id":"https:\/\/truusk.store\/sv\/produkt\/truusk-massagestol-8-vibrationspunkter-5-lagen-landvarme-justerbar-roterbar-stoppad-stol-brun\/#breadcrumb","itemListElement":[{"@type":"ListItem","position":1,"name":"Home","item":"https:\/\/truusk.store\/sv\/"},{"@type":"ListItem","position":2,"name":"Shop","item":"https:\/\/truusk.store\/shop\/"},{"@type":"ListItem","position":3,"name":"TRUUSK Massagestol &#8211; 8 Vibrationspunkter &#8211; 5 L\u00e4gen &#8211; L\u00e4ndv\u00e4rme &#8211; Justerbar &#8211; Roterbar &#8211; Stoppad Stol &#8211; Brun"}]},{"@type":"WebSite","@id":"https:\/\/truusk.store\/sv\/#website","url":"https:\/\/truusk.store\/sv\/","name":"TRUUSK - Hem, Tr\u00e4dg\u00e5rd & Fritid","description":"","publisher":{"@id":"https:\/\/truusk.store\/sv\/#organization"},"potentialAction":[{"@type":"SearchAction","target":{"@type":"EntryPoint","urlTemplate":"https:\/\/truusk.store\/sv\/?s={search_term_string}"},"query-input":{"@type":"PropertyValueSpecification","valueRequired":true,"valueName":"search_term_string"}}],"inLanguage":"sv-SE"},{"@type":"Organization","@id":"https:\/\/truusk.store\/sv\/#organization","name":"TRUUSK - Hem, Tr\u00e4dg\u00e5rd & Fritid","url":"https:\/\/truusk.store\/sv\/","logo":{"@type":"ImageObject","inLanguage":"sv-SE","@id":"https:\/\/truusk.store\/sv\/#\/schema\/logo\/image\/","url":"https:\/\/i0.wp.com\/truusk.store\/wp-content\/uploads\/2026\/03\/cropped-TRUUSK.png?fit=2032%2C917&ssl=1","contentUrl":"https:\/\/i0.wp.com\/truusk.store\/wp-content\/uploads\/2026\/03\/cropped-TRUUSK.png?fit=2032%2C917&ssl=1","width":2032,"height":917,"caption":"TRUUSK - Hem, Tr\u00e4dg\u00e5rd & Fritid"},"image":{"@id":"https:\/\/truusk.store\/sv\/#\/schema\/logo\/image\/"}}]}},"jetpack_sharing_enabled":true,"_links":{"self":[{"href":"https:\/\/truusk.store\/sv\/wp-json\/wp\/v2\/product\/91738","targetHints":{"allow":["GET"]}}],"collection":[{"href":"https:\/\/truusk.store\/sv\/wp-json\/wp\/v2\/product"}],"about":[{"href":"https:\/\/truusk.store\/sv\/wp-json\/wp\/v2\/types\/product"}],"wp:featuredmedia":[{"embeddable":true,"href":"https:\/\/truusk.store\/sv\/wp-json\/wp\/v2\/media\/91729"}],"wp:attachment":[{"href":"https:\/\/truusk.store\/sv\/wp-json\/wp\/v2\/media?parent=91738"}],"wp:term":[{"taxonomy":"product_brand","embeddable":true,"href":"https:\/\/truusk.store\/sv\/wp-json\/wp\/v2\/product_brand?post=91738"},{"taxonomy":"product_cat","embeddable":true,"href":"https:\/\/truusk.store\/sv\/wp-json\/wp\/v2\/product_cat?post=91738"},{"taxonomy":"product_tag","embeddable":true,"href":"https:\/\/truusk.store\/sv\/wp-json\/wp\/v2\/product_tag?post=91738"}],"curies":[{"name":"wp","href":"https:\/\/api.w.org\/{rel}","templated":true}]}}