{"id":91768,"date":"2025-09-23T06:27:46","date_gmt":"2025-09-23T05:27:46","guid":{"rendered":"https:\/\/truusk.store\/product\/skoldpaddsbox-utomhus-skoldpaddsbur-design-utan-botten-latt-att-oppna-skoldpaddshus-natur\/"},"modified":"2026-03-12T08:48:31","modified_gmt":"2026-03-12T07:48:31","slug":"truusk-skoldpaddsbox-utomhus-skoldpaddsbur-design-utan-botten-latt-att-oppna-skoldpaddshus-natur","status":"publish","type":"product","link":"https:\/\/truusk.store\/sv\/produkt\/truusk-skoldpaddsbox-utomhus-skoldpaddsbur-design-utan-botten-latt-att-oppna-skoldpaddshus-natur\/","title":{"rendered":"TRUUSK Sk\u00f6ldpaddsbox &#8211; Utomhus Sk\u00f6ldpaddsbur &#8211; Design Utan Botten &#8211; L\u00e4tt Att \u00f6ppna &#8211; Sk\u00f6ldpaddshus &#8211; Natur"},"content":{"rendered":"<p>TRUUSK sk\u00f6ldpaddshus kan fast f\u00f6rankras i marken och h\u00e5ller d\u00e4rmed o\u00f6nskade g\u00e4ster eller str\u00f6vande husdjur borta. Det innovativa, bottenl\u00f6sa designen p\u00e5 sk\u00f6ldpaddsomr\u00e5det delas upp i ett solomr\u00e5de och huvudhuset, vilket ger dina sk\u00f6ldpaddor direkt kontakt med gr\u00e4s, jord eller lera. Dessutom g\u00f6r de l\u00e4tt att \u00f6ppna locken reng\u00f6ringen till ett barnspel!<\/p>\n<p>Beskrivning:<\/p>\n<ul>\n<li> Designen p\u00e5 sk\u00f6ldpaddsomr\u00e5det utan botten m\u00f6jligg\u00f6r kontakt med gr\u00e4s, jord och lera<\/li>\n<li> Uppdelade omr\u00e5den f\u00f6r solbad och skyddande huvudhus f\u00f6rb\u00e4ttrar husdjurets komfort<\/li>\n<li> L\u00e4tt att \u00f6ppna toppar med l\u00e5s underl\u00e4ttar reng\u00f6ringen<\/li>\n<li> Framd\u00f6rren till sk\u00f6ldpaddshuset i solomr\u00e5det kan kombineras med en frig\u00e5ende inh\u00e4gnad f\u00f6r att ut\u00f6ka livsmilj\u00f6n<\/li>\n<li> Tillverkad av massivt tr\u00e4 och galvaniserat st\u00e5l f\u00f6r h\u00e5llbarhet<\/li>\n<li> L\u00e4mplig f\u00f6r sk\u00f6ldpaddor<\/li>\n<li> Montering kr\u00e4vs<\/li>\n<\/ul>\n<p> Tekniska data:<\/p>\n<ul>\n<li> F\u00e4rg: Natur<\/li>\n<li> Material: Grantr\u00e4, Galvaniserat st\u00e5l<\/li>\n<li> Totala dimensioner: 120L x 55B x 20\/50H cm (Fram-\/Baksida)<\/li>\n<li> Huvudhus: 37,5B x 51T cm (Inuti), 0,23 m\u00b2<\/li>\n<li> Solomr\u00e5de: 76,5B x 51T cm (Inuti), 0,43 m\u00b2<\/li>\n<li> Genomg\u00e5ngsd\u00f6rr: 18B x 17H cm<\/li>\n<li> Framd\u00f6rr: 35,5B x 13,5H cm<\/li>\n<li> Solomr\u00e5de Uppe: 80B x 46,5T cm<\/li>\n<li> Huvudhus Uppe: 39,5B x 46,5T cm<\/li>\n<\/ul>\n<p>Leveransinneh\u00e5ll:<\/p>\n<ul>\n<li> 1 x Sk\u00f6ldpaddsbox<\/li>\n<li> 1 x Bruksanvisning<\/li>\n<\/ul>\n","protected":false},"excerpt":{"rendered":"<p>TRUUSK sk\u00f6ldpaddshus kan fast f\u00f6rankras i marken och h\u00e5ller d\u00e4rmed o\u00f6nskade g\u00e4ster eller str\u00f6vande husdjur borta. Det innovativa, bottenl\u00f6sa designen&#8230;<\/p>\n","protected":false},"featured_media":91759,"template":"","meta":[],"product_brand":[],"product_cat":[878,598,597],"product_tag":[],"class_list":{"0":"post-91768","1":"product","2":"type-product","3":"status-publish","4":"has-post-thumbnail","6":"product_cat-djurbehov","7":"product_cat-sma-djurstallar","8":"product_cat-sma-djurtillbehor","10":"first","11":"instock","12":"sale","13":"taxable","14":"shipping-taxable","15":"purchasable","16":"product-type-simple"},"yoast_head":"<!-- This site is optimized with the Yoast SEO plugin v25.4 - https:\/\/yoast.com\/wordpress\/plugins\/seo\/ -->\n<title>TRUUSK Sk\u00f6ldpaddsbox - Utomhus Sk\u00f6ldpaddsbur - Design Utan Botten - L\u00e4tt Att \u00f6ppna - Sk\u00f6ldpaddshus - Natur - TRUUSK - Hem, Tr\u00e4dg\u00e5rd &amp; Fritid<\/title>\n<meta name=\"robots\" content=\"index, follow, max-snippet:-1, max-image-preview:large, max-video-preview:-1\" \/>\n<link rel=\"canonical\" href=\"https:\/\/truusk.store\/sv\/produkt\/truusk-skoldpaddsbox-utomhus-skoldpaddsbur-design-utan-botten-latt-att-oppna-skoldpaddshus-natur\/\" \/>\n<meta property=\"og:locale\" content=\"sv_SE\" \/>\n<meta property=\"og:type\" content=\"article\" \/>\n<meta property=\"og:title\" content=\"TRUUSK Sk\u00f6ldpaddsbox - Utomhus Sk\u00f6ldpaddsbur - Design Utan Botten - L\u00e4tt Att \u00f6ppna - Sk\u00f6ldpaddshus - Natur - TRUUSK - Hem, Tr\u00e4dg\u00e5rd &amp; Fritid\" \/>\n<meta property=\"og:description\" content=\"TRUUSK sk\u00f6ldpaddshus kan fast f\u00f6rankras i marken och h\u00e5ller d\u00e4rmed o\u00f6nskade g\u00e4ster eller str\u00f6vande husdjur borta. Det innovativa, bottenl\u00f6sa designen...\" \/>\n<meta property=\"og:url\" content=\"https:\/\/truusk.store\/sv\/produkt\/truusk-skoldpaddsbox-utomhus-skoldpaddsbur-design-utan-botten-latt-att-oppna-skoldpaddshus-natur\/\" \/>\n<meta property=\"og:site_name\" content=\"TRUUSK - Hem, Tr\u00e4dg\u00e5rd &amp; Fritid\" \/>\n<meta property=\"article:modified_time\" content=\"2026-03-12T07:48:31+00:00\" \/>\n<meta property=\"og:image\" content=\"https:\/\/i0.wp.com\/truusk.se\/wp-content\/uploads\/2025\/09\/skoldpaddsbox-utomhus-skoldpaddsbur-design-utan-botten-latt-att-oppna-skoldpaddshus-natur-1.webp?fit=2000%2C2000&ssl=1\" \/>\n\t<meta property=\"og:image:width\" content=\"2000\" \/>\n\t<meta property=\"og:image:height\" content=\"2000\" \/>\n\t<meta property=\"og:image:type\" content=\"image\/webp\" \/>\n<meta name=\"twitter:card\" content=\"summary_large_image\" \/>\n<meta name=\"twitter:label1\" content=\"Ber\u00e4knad l\u00e4stid\" \/>\n\t<meta name=\"twitter:data1\" content=\"1 minut\" \/>\n<!-- \/ Yoast SEO plugin. -->","yoast_head_json":{"title":"TRUUSK Sk\u00f6ldpaddsbox - Utomhus Sk\u00f6ldpaddsbur - Design Utan Botten - L\u00e4tt Att \u00f6ppna - Sk\u00f6ldpaddshus - Natur - TRUUSK - Hem, Tr\u00e4dg\u00e5rd &amp; Fritid","robots":{"index":"index","follow":"follow","max-snippet":"max-snippet:-1","max-image-preview":"max-image-preview:large","max-video-preview":"max-video-preview:-1"},"canonical":"https:\/\/truusk.store\/sv\/produkt\/truusk-skoldpaddsbox-utomhus-skoldpaddsbur-design-utan-botten-latt-att-oppna-skoldpaddshus-natur\/","og_locale":"sv_SE","og_type":"article","og_title":"TRUUSK Sk\u00f6ldpaddsbox - Utomhus Sk\u00f6ldpaddsbur - Design Utan Botten - L\u00e4tt Att \u00f6ppna - Sk\u00f6ldpaddshus - Natur - TRUUSK - Hem, Tr\u00e4dg\u00e5rd &amp; Fritid","og_description":"TRUUSK sk\u00f6ldpaddshus kan fast f\u00f6rankras i marken och h\u00e5ller d\u00e4rmed o\u00f6nskade g\u00e4ster eller str\u00f6vande husdjur borta. Det innovativa, bottenl\u00f6sa designen...","og_url":"https:\/\/truusk.store\/sv\/produkt\/truusk-skoldpaddsbox-utomhus-skoldpaddsbur-design-utan-botten-latt-att-oppna-skoldpaddshus-natur\/","og_site_name":"TRUUSK - Hem, Tr\u00e4dg\u00e5rd &amp; Fritid","article_modified_time":"2026-03-12T07:48:31+00:00","og_image":[{"width":2000,"height":2000,"url":"https:\/\/i0.wp.com\/truusk.se\/wp-content\/uploads\/2025\/09\/skoldpaddsbox-utomhus-skoldpaddsbur-design-utan-botten-latt-att-oppna-skoldpaddshus-natur-1.webp?fit=2000%2C2000&ssl=1","type":"image\/webp"}],"twitter_card":"summary_large_image","twitter_misc":{"Ber\u00e4knad l\u00e4stid":"1 minut"},"schema":{"@context":"https:\/\/schema.org","@graph":[{"@type":"WebPage","@id":"https:\/\/truusk.store\/sv\/produkt\/truusk-skoldpaddsbox-utomhus-skoldpaddsbur-design-utan-botten-latt-att-oppna-skoldpaddshus-natur\/","url":"https:\/\/truusk.store\/sv\/produkt\/truusk-skoldpaddsbox-utomhus-skoldpaddsbur-design-utan-botten-latt-att-oppna-skoldpaddshus-natur\/","name":"TRUUSK Sk\u00f6ldpaddsbox - Utomhus Sk\u00f6ldpaddsbur - Design Utan Botten - L\u00e4tt Att \u00f6ppna - Sk\u00f6ldpaddshus - Natur - TRUUSK - Hem, Tr\u00e4dg\u00e5rd &amp; Fritid","isPartOf":{"@id":"https:\/\/truusk.store\/sv\/#website"},"primaryImageOfPage":{"@id":"https:\/\/truusk.store\/sv\/produkt\/truusk-skoldpaddsbox-utomhus-skoldpaddsbur-design-utan-botten-latt-att-oppna-skoldpaddshus-natur\/#primaryimage"},"image":{"@id":"https:\/\/truusk.store\/sv\/produkt\/truusk-skoldpaddsbox-utomhus-skoldpaddsbur-design-utan-botten-latt-att-oppna-skoldpaddshus-natur\/#primaryimage"},"thumbnailUrl":"https:\/\/i0.wp.com\/truusk.store\/wp-content\/uploads\/2025\/09\/skoldpaddsbox-utomhus-skoldpaddsbur-design-utan-botten-latt-att-oppna-skoldpaddshus-natur-1.webp?fit=2000%2C2000&ssl=1","datePublished":"2025-09-23T05:27:46+00:00","dateModified":"2026-03-12T07:48:31+00:00","breadcrumb":{"@id":"https:\/\/truusk.store\/sv\/produkt\/truusk-skoldpaddsbox-utomhus-skoldpaddsbur-design-utan-botten-latt-att-oppna-skoldpaddshus-natur\/#breadcrumb"},"inLanguage":"sv-SE","potentialAction":[{"@type":"ReadAction","target":["https:\/\/truusk.store\/sv\/produkt\/truusk-skoldpaddsbox-utomhus-skoldpaddsbur-design-utan-botten-latt-att-oppna-skoldpaddshus-natur\/"]}]},{"@type":"ImageObject","inLanguage":"sv-SE","@id":"https:\/\/truusk.store\/sv\/produkt\/truusk-skoldpaddsbox-utomhus-skoldpaddsbur-design-utan-botten-latt-att-oppna-skoldpaddshus-natur\/#primaryimage","url":"https:\/\/i0.wp.com\/truusk.store\/wp-content\/uploads\/2025\/09\/skoldpaddsbox-utomhus-skoldpaddsbur-design-utan-botten-latt-att-oppna-skoldpaddshus-natur-1.webp?fit=2000%2C2000&ssl=1","contentUrl":"https:\/\/i0.wp.com\/truusk.store\/wp-content\/uploads\/2025\/09\/skoldpaddsbox-utomhus-skoldpaddsbur-design-utan-botten-latt-att-oppna-skoldpaddshus-natur-1.webp?fit=2000%2C2000&ssl=1","width":2000,"height":2000},{"@type":"BreadcrumbList","@id":"https:\/\/truusk.store\/sv\/produkt\/truusk-skoldpaddsbox-utomhus-skoldpaddsbur-design-utan-botten-latt-att-oppna-skoldpaddshus-natur\/#breadcrumb","itemListElement":[{"@type":"ListItem","position":1,"name":"Home","item":"https:\/\/truusk.store\/sv\/"},{"@type":"ListItem","position":2,"name":"Shop","item":"https:\/\/truusk.store\/shop\/"},{"@type":"ListItem","position":3,"name":"TRUUSK Sk\u00f6ldpaddsbox &#8211; Utomhus Sk\u00f6ldpaddsbur &#8211; Design Utan Botten &#8211; L\u00e4tt Att \u00f6ppna &#8211; Sk\u00f6ldpaddshus &#8211; Natur"}]},{"@type":"WebSite","@id":"https:\/\/truusk.store\/sv\/#website","url":"https:\/\/truusk.store\/sv\/","name":"TRUUSK - Hem, Tr\u00e4dg\u00e5rd & Fritid","description":"","publisher":{"@id":"https:\/\/truusk.store\/sv\/#organization"},"potentialAction":[{"@type":"SearchAction","target":{"@type":"EntryPoint","urlTemplate":"https:\/\/truusk.store\/sv\/?s={search_term_string}"},"query-input":{"@type":"PropertyValueSpecification","valueRequired":true,"valueName":"search_term_string"}}],"inLanguage":"sv-SE"},{"@type":"Organization","@id":"https:\/\/truusk.store\/sv\/#organization","name":"TRUUSK - Hem, Tr\u00e4dg\u00e5rd & Fritid","url":"https:\/\/truusk.store\/sv\/","logo":{"@type":"ImageObject","inLanguage":"sv-SE","@id":"https:\/\/truusk.store\/sv\/#\/schema\/logo\/image\/","url":"https:\/\/i0.wp.com\/truusk.store\/wp-content\/uploads\/2026\/03\/cropped-TRUUSK.png?fit=2032%2C917&ssl=1","contentUrl":"https:\/\/i0.wp.com\/truusk.store\/wp-content\/uploads\/2026\/03\/cropped-TRUUSK.png?fit=2032%2C917&ssl=1","width":2032,"height":917,"caption":"TRUUSK - Hem, Tr\u00e4dg\u00e5rd & Fritid"},"image":{"@id":"https:\/\/truusk.store\/sv\/#\/schema\/logo\/image\/"}}]}},"jetpack_sharing_enabled":true,"_links":{"self":[{"href":"https:\/\/truusk.store\/sv\/wp-json\/wp\/v2\/product\/91768","targetHints":{"allow":["GET"]}}],"collection":[{"href":"https:\/\/truusk.store\/sv\/wp-json\/wp\/v2\/product"}],"about":[{"href":"https:\/\/truusk.store\/sv\/wp-json\/wp\/v2\/types\/product"}],"wp:featuredmedia":[{"embeddable":true,"href":"https:\/\/truusk.store\/sv\/wp-json\/wp\/v2\/media\/91759"}],"wp:attachment":[{"href":"https:\/\/truusk.store\/sv\/wp-json\/wp\/v2\/media?parent=91768"}],"wp:term":[{"taxonomy":"product_brand","embeddable":true,"href":"https:\/\/truusk.store\/sv\/wp-json\/wp\/v2\/product_brand?post=91768"},{"taxonomy":"product_cat","embeddable":true,"href":"https:\/\/truusk.store\/sv\/wp-json\/wp\/v2\/product_cat?post=91768"},{"taxonomy":"product_tag","embeddable":true,"href":"https:\/\/truusk.store\/sv\/wp-json\/wp\/v2\/product_tag?post=91768"}],"curies":[{"name":"wp","href":"https:\/\/api.w.org\/{rel}","templated":true}]}}