{"id":91798,"date":"2025-09-23T06:30:23","date_gmt":"2025-09-23T05:30:23","guid":{"rendered":"https:\/\/truusk.store\/product\/matbord-fallbart-bord-utdragbart-koksbord-matsalsbord-spanskiva-60-180-x-85-x-75-cm-natur\/"},"modified":"2026-03-12T08:48:35","modified_gmt":"2026-03-12T07:48:35","slug":"truusk-matbord-fallbart-och-utdragbart-spanskiva-60-180-x-85-x-75-cm-natur","status":"publish","type":"product","link":"https:\/\/truusk.store\/sv\/produkt\/truusk-matbord-fallbart-och-utdragbart-spanskiva-60-180-x-85-x-75-cm-natur\/","title":{"rendered":"TRUUSK Matbord &#8211; F\u00e4llbart och Utdragbart &#8211; Sp\u00e5nskiva &#8211; 60-180 x 85 x 75 cm &#8211; Natur"},"content":{"rendered":"<p>Berika ditt matrum med praktisk elegans! Tack vare sin innovativa mekanism kan detta utdragbara matbord fr\u00e5n TRUUSK justeras fr\u00e5n 60 cm till 180 cm och rymmer upp till sex personer. Den anpassningsbara storleken p\u00e5 matbordet g\u00f6r det idealiskt f\u00f6r sm\u00e5 utrymmen. Det sl\u00e4ta ytan p\u00e5 k\u00f6ksbordet underl\u00e4ttar reng\u00f6ring, s\u00e5 att fl\u00e4ckar snabbt kan torkas bort.<\/p>\n<p>Beskrivning:<\/p>\n<ul>\n<li> Detta matbord \u00e4r mellan 60 cm och 180 cm l\u00e5ngt och rymmer upp till 6 personer<\/li>\n<li> Det kan l\u00e4tt minskas till storleken p\u00e5 ett k\u00f6ksbord<\/li>\n<li> Separera bordsskivan fr\u00e5n k\u00f6ksbordet och dra ut den helt<\/li>\n<li>l\u00e4gg sedan till flera plattor ovanp\u00e5 skenorna<\/li>\n<li> Plattorna kan f\u00f6rvaras under matbordet n\u00e4r de inte anv\u00e4nds<\/li>\n<li> St\u00e5lskenorna \u00e4r l\u00e4tta att dra ut<\/li>\n<li> Tillverkad av tr\u00e4material, d\u00e4rf\u00f6r l\u00e4tt att reng\u00f6ra<\/li>\n<li> Montering kr\u00e4vs<\/li>\n<\/ul>\n<p> Tekniska data:<\/p>\n<ul>\n<li> F\u00e4rg: Natur<\/li>\n<li> Material: Sp\u00e5nskiva, St\u00e5l<\/li>\n<li> Totala dimensioner: 180L x 85B x 75H cm (utbredd)<\/li>\n<li> Totala dimensioner: 60L x 85B x 75H cm (hopf\u00e4lld)<\/li>\n<li> Viktkapacitet: 60 kg<\/li>\n<\/ul>\n<p>Leveransinneh\u00e5ll:<\/p>\n<ul>\n<li> 1 x Bord<\/li>\n<li> 1 x Instruktioner<\/li>\n<\/ul>\n","protected":false},"excerpt":{"rendered":"<p>Berika ditt matrum med praktisk elegans! Tack vare sin innovativa mekanism kan detta utdragbara matbord fr\u00e5n TRUUSK justeras fr\u00e5n 60&#8230;<\/p>\n","protected":false},"featured_media":91789,"template":"","meta":[],"product_brand":[],"product_cat":[871,889,509],"product_tag":[],"class_list":{"0":"post-91798","1":"product","2":"type-product","3":"status-publish","4":"has-post-thumbnail","6":"product_cat-hus-hem","7":"product_cat-kok-matsal","8":"product_cat-matbord","10":"first","11":"instock","12":"sale","13":"taxable","14":"shipping-taxable","15":"purchasable","16":"product-type-simple"},"yoast_head":"<!-- This site is optimized with the Yoast SEO plugin v25.4 - https:\/\/yoast.com\/wordpress\/plugins\/seo\/ -->\n<title>TRUUSK Matbord - F\u00e4llbart och Utdragbart - Sp\u00e5nskiva - 60-180 x 85 x 75 cm - Natur - TRUUSK - Hem, Tr\u00e4dg\u00e5rd &amp; Fritid<\/title>\n<meta name=\"robots\" content=\"index, follow, max-snippet:-1, max-image-preview:large, max-video-preview:-1\" \/>\n<link rel=\"canonical\" href=\"https:\/\/truusk.store\/sv\/produkt\/truusk-matbord-fallbart-och-utdragbart-spanskiva-60-180-x-85-x-75-cm-natur\/\" \/>\n<meta property=\"og:locale\" content=\"sv_SE\" \/>\n<meta property=\"og:type\" content=\"article\" \/>\n<meta property=\"og:title\" content=\"TRUUSK Matbord - F\u00e4llbart och Utdragbart - Sp\u00e5nskiva - 60-180 x 85 x 75 cm - Natur - TRUUSK - Hem, Tr\u00e4dg\u00e5rd &amp; Fritid\" \/>\n<meta property=\"og:description\" content=\"Berika ditt matrum med praktisk elegans! Tack vare sin innovativa mekanism kan detta utdragbara matbord fr\u00e5n TRUUSK justeras fr\u00e5n 60...\" \/>\n<meta property=\"og:url\" content=\"https:\/\/truusk.store\/sv\/produkt\/truusk-matbord-fallbart-och-utdragbart-spanskiva-60-180-x-85-x-75-cm-natur\/\" \/>\n<meta property=\"og:site_name\" content=\"TRUUSK - Hem, Tr\u00e4dg\u00e5rd &amp; Fritid\" \/>\n<meta property=\"article:modified_time\" content=\"2026-03-12T07:48:35+00:00\" \/>\n<meta property=\"og:image\" content=\"https:\/\/i0.wp.com\/truusk.se\/wp-content\/uploads\/2025\/09\/matbord-fallbart-bord-utdragbart-koksbord-matsalsbord-spanskiva-60-180-x-85-x-75-cm-natur-1.webp?fit=2000%2C2000&ssl=1\" \/>\n\t<meta property=\"og:image:width\" content=\"2000\" \/>\n\t<meta property=\"og:image:height\" content=\"2000\" \/>\n\t<meta property=\"og:image:type\" content=\"image\/webp\" \/>\n<meta name=\"twitter:card\" content=\"summary_large_image\" \/>\n<meta name=\"twitter:label1\" content=\"Ber\u00e4knad l\u00e4stid\" \/>\n\t<meta name=\"twitter:data1\" content=\"1 minut\" \/>\n<!-- \/ Yoast SEO plugin. -->","yoast_head_json":{"title":"TRUUSK Matbord - F\u00e4llbart och Utdragbart - Sp\u00e5nskiva - 60-180 x 85 x 75 cm - Natur - TRUUSK - Hem, Tr\u00e4dg\u00e5rd &amp; Fritid","robots":{"index":"index","follow":"follow","max-snippet":"max-snippet:-1","max-image-preview":"max-image-preview:large","max-video-preview":"max-video-preview:-1"},"canonical":"https:\/\/truusk.store\/sv\/produkt\/truusk-matbord-fallbart-och-utdragbart-spanskiva-60-180-x-85-x-75-cm-natur\/","og_locale":"sv_SE","og_type":"article","og_title":"TRUUSK Matbord - F\u00e4llbart och Utdragbart - Sp\u00e5nskiva - 60-180 x 85 x 75 cm - Natur - TRUUSK - Hem, Tr\u00e4dg\u00e5rd &amp; Fritid","og_description":"Berika ditt matrum med praktisk elegans! Tack vare sin innovativa mekanism kan detta utdragbara matbord fr\u00e5n TRUUSK justeras fr\u00e5n 60...","og_url":"https:\/\/truusk.store\/sv\/produkt\/truusk-matbord-fallbart-och-utdragbart-spanskiva-60-180-x-85-x-75-cm-natur\/","og_site_name":"TRUUSK - Hem, Tr\u00e4dg\u00e5rd &amp; Fritid","article_modified_time":"2026-03-12T07:48:35+00:00","og_image":[{"width":2000,"height":2000,"url":"https:\/\/i0.wp.com\/truusk.se\/wp-content\/uploads\/2025\/09\/matbord-fallbart-bord-utdragbart-koksbord-matsalsbord-spanskiva-60-180-x-85-x-75-cm-natur-1.webp?fit=2000%2C2000&ssl=1","type":"image\/webp"}],"twitter_card":"summary_large_image","twitter_misc":{"Ber\u00e4knad l\u00e4stid":"1 minut"},"schema":{"@context":"https:\/\/schema.org","@graph":[{"@type":"WebPage","@id":"https:\/\/truusk.store\/sv\/produkt\/truusk-matbord-fallbart-och-utdragbart-spanskiva-60-180-x-85-x-75-cm-natur\/","url":"https:\/\/truusk.store\/sv\/produkt\/truusk-matbord-fallbart-och-utdragbart-spanskiva-60-180-x-85-x-75-cm-natur\/","name":"TRUUSK Matbord - F\u00e4llbart och Utdragbart - Sp\u00e5nskiva - 60-180 x 85 x 75 cm - Natur - TRUUSK - Hem, Tr\u00e4dg\u00e5rd &amp; Fritid","isPartOf":{"@id":"https:\/\/truusk.store\/sv\/#website"},"primaryImageOfPage":{"@id":"https:\/\/truusk.store\/sv\/produkt\/truusk-matbord-fallbart-och-utdragbart-spanskiva-60-180-x-85-x-75-cm-natur\/#primaryimage"},"image":{"@id":"https:\/\/truusk.store\/sv\/produkt\/truusk-matbord-fallbart-och-utdragbart-spanskiva-60-180-x-85-x-75-cm-natur\/#primaryimage"},"thumbnailUrl":"https:\/\/i0.wp.com\/truusk.store\/wp-content\/uploads\/2025\/09\/matbord-fallbart-bord-utdragbart-koksbord-matsalsbord-spanskiva-60-180-x-85-x-75-cm-natur-1.webp?fit=2000%2C2000&ssl=1","datePublished":"2025-09-23T05:30:23+00:00","dateModified":"2026-03-12T07:48:35+00:00","breadcrumb":{"@id":"https:\/\/truusk.store\/sv\/produkt\/truusk-matbord-fallbart-och-utdragbart-spanskiva-60-180-x-85-x-75-cm-natur\/#breadcrumb"},"inLanguage":"sv-SE","potentialAction":[{"@type":"ReadAction","target":["https:\/\/truusk.store\/sv\/produkt\/truusk-matbord-fallbart-och-utdragbart-spanskiva-60-180-x-85-x-75-cm-natur\/"]}]},{"@type":"ImageObject","inLanguage":"sv-SE","@id":"https:\/\/truusk.store\/sv\/produkt\/truusk-matbord-fallbart-och-utdragbart-spanskiva-60-180-x-85-x-75-cm-natur\/#primaryimage","url":"https:\/\/i0.wp.com\/truusk.store\/wp-content\/uploads\/2025\/09\/matbord-fallbart-bord-utdragbart-koksbord-matsalsbord-spanskiva-60-180-x-85-x-75-cm-natur-1.webp?fit=2000%2C2000&ssl=1","contentUrl":"https:\/\/i0.wp.com\/truusk.store\/wp-content\/uploads\/2025\/09\/matbord-fallbart-bord-utdragbart-koksbord-matsalsbord-spanskiva-60-180-x-85-x-75-cm-natur-1.webp?fit=2000%2C2000&ssl=1","width":2000,"height":2000},{"@type":"BreadcrumbList","@id":"https:\/\/truusk.store\/sv\/produkt\/truusk-matbord-fallbart-och-utdragbart-spanskiva-60-180-x-85-x-75-cm-natur\/#breadcrumb","itemListElement":[{"@type":"ListItem","position":1,"name":"Home","item":"https:\/\/truusk.store\/sv\/"},{"@type":"ListItem","position":2,"name":"Shop","item":"https:\/\/truusk.store\/shop\/"},{"@type":"ListItem","position":3,"name":"TRUUSK Matbord &#8211; F\u00e4llbart och Utdragbart &#8211; Sp\u00e5nskiva &#8211; 60-180 x 85 x 75 cm &#8211; Natur"}]},{"@type":"WebSite","@id":"https:\/\/truusk.store\/sv\/#website","url":"https:\/\/truusk.store\/sv\/","name":"TRUUSK - Hem, Tr\u00e4dg\u00e5rd & Fritid","description":"","publisher":{"@id":"https:\/\/truusk.store\/sv\/#organization"},"potentialAction":[{"@type":"SearchAction","target":{"@type":"EntryPoint","urlTemplate":"https:\/\/truusk.store\/sv\/?s={search_term_string}"},"query-input":{"@type":"PropertyValueSpecification","valueRequired":true,"valueName":"search_term_string"}}],"inLanguage":"sv-SE"},{"@type":"Organization","@id":"https:\/\/truusk.store\/sv\/#organization","name":"TRUUSK - Hem, Tr\u00e4dg\u00e5rd & Fritid","url":"https:\/\/truusk.store\/sv\/","logo":{"@type":"ImageObject","inLanguage":"sv-SE","@id":"https:\/\/truusk.store\/sv\/#\/schema\/logo\/image\/","url":"https:\/\/i0.wp.com\/truusk.store\/wp-content\/uploads\/2026\/03\/cropped-TRUUSK.png?fit=2032%2C917&ssl=1","contentUrl":"https:\/\/i0.wp.com\/truusk.store\/wp-content\/uploads\/2026\/03\/cropped-TRUUSK.png?fit=2032%2C917&ssl=1","width":2032,"height":917,"caption":"TRUUSK - Hem, Tr\u00e4dg\u00e5rd & Fritid"},"image":{"@id":"https:\/\/truusk.store\/sv\/#\/schema\/logo\/image\/"}}]}},"jetpack_sharing_enabled":true,"_links":{"self":[{"href":"https:\/\/truusk.store\/sv\/wp-json\/wp\/v2\/product\/91798","targetHints":{"allow":["GET"]}}],"collection":[{"href":"https:\/\/truusk.store\/sv\/wp-json\/wp\/v2\/product"}],"about":[{"href":"https:\/\/truusk.store\/sv\/wp-json\/wp\/v2\/types\/product"}],"wp:featuredmedia":[{"embeddable":true,"href":"https:\/\/truusk.store\/sv\/wp-json\/wp\/v2\/media\/91789"}],"wp:attachment":[{"href":"https:\/\/truusk.store\/sv\/wp-json\/wp\/v2\/media?parent=91798"}],"wp:term":[{"taxonomy":"product_brand","embeddable":true,"href":"https:\/\/truusk.store\/sv\/wp-json\/wp\/v2\/product_brand?post=91798"},{"taxonomy":"product_cat","embeddable":true,"href":"https:\/\/truusk.store\/sv\/wp-json\/wp\/v2\/product_cat?post=91798"},{"taxonomy":"product_tag","embeddable":true,"href":"https:\/\/truusk.store\/sv\/wp-json\/wp\/v2\/product_tag?post=91798"}],"curies":[{"name":"wp","href":"https:\/\/api.w.org\/{rel}","templated":true}]}}