{"id":9180,"date":"2024-02-13T09:37:53","date_gmt":"2024-02-13T08:37:53","guid":{"rendered":"https:\/\/truusk.store\/product\/gungstol-ergonomisk-2-i-1-gungstol-tradgardsstol-gungstol-metall-textlinje-sfarisk-morkgra-145-x-74-x-86-cm\/"},"modified":"2026-03-12T08:55:57","modified_gmt":"2026-03-12T07:55:57","slug":"truusk-ergonomisk-gungstol-2-i-1-metallram-sfarisk-design-morkgra-145-x-74-x-86-cm","status":"publish","type":"product","link":"https:\/\/truusk.store\/sv\/produkt\/truusk-ergonomisk-gungstol-2-i-1-metallram-sfarisk-design-morkgra-145-x-74-x-86-cm\/","title":{"rendered":"TRUUSK Ergonomisk Gungstol 2 i 1 &#8211; Metallram &#8211; Sf\u00e4risk Design &#8211; M\u00f6rkgr\u00e5 &#8211; 145 x 74 x 86 cm"},"content":{"rendered":"<p>Denna sf\u00e4riska utomhusgungstol kommer att l\u00e4gga till en modern och futuristisk k\u00e4nsla till ditt befintliga utomhus- eller inomhusutrymme. Den sf\u00e4riska ramen har inte bara en unik designk\u00e4nsla, utan \u00e4r ocks\u00e5 ergonomiskt utformad, vilket kan ge dig absolut avkoppling. Den andningsbara textlinjen och mjuka kuddar i fuskmocka ger dig olika upplevelser som m\u00f6ter dina behov under olika \u00e5rstider.<\/p>\n<h3>Beskrivning:<\/h3>\n<ul>\n<li>Konstgjord mockakudde fylld med skum gav dig en varm k\u00e4nsla i kallt v\u00e4der<\/li>\n<li>Textline tyg och kudden som ing\u00e5r g\u00f6r att du kan f\u00e5 en annorlunda cool upplevelse<\/li>\n<li>EVA-\u00f6verdraget p\u00e5 undersidan kan inte slitas s\u00f6nder och kan skydda ditt golv fr\u00e5n repor<\/li>\n<li>Ergonomisk design kan ge din kropp ett mer passande och bekv\u00e4mt st\u00f6d<\/li>\n<li>Proppen p\u00e5 botten kan begr\u00e4nsa sv\u00e4ngomr\u00e5det v\u00e4l och s\u00e4kerst\u00e4lla m\u00e5ttlig och skonsam sv\u00e4ngning<\/li>\n<li>N\u00e4r den inte anv\u00e4nds kan denna solstol f\u00e4llas ihop f\u00f6r att spara utrymme<\/li>\n<li>Perfekt f\u00f6r pooler, uteplatser, bakg\u00e5rdar och mer<\/li>\n<\/ul>\n<h3>Teknisk data:<\/h3>\n<ul>\n<li>F\u00e4rg: Silver-vit+Svart+M\u00f6rkgr\u00e5<\/li>\n<li>Material: metall, textline, fuskmocka, skum<\/li>\n<li>Totala m\u00e5tt: 145L x 74W x 86H cm<\/li>\n<li>Vikbara m\u00e5tt: 145L x 40W x 97H cm<\/li>\n<li>Sittbredd (breddaste punkten): 48 cm<\/li>\n<li>Sittbredd (smalaste punkten): 39 cm<\/li>\n<li>Sitth\u00f6jd: 36 cm<\/li>\n<li>Kuddens m\u00e5tt: 166L x 40\/49W x 5D cm<\/li>\n<li>Viktkapacitet: 120 kg<\/li>\n<li>Artikelnamn: 84A-159<\/li>\n<\/ul>\n<h3>Leveransens omfattning:<\/h3>\n<ul>\n<li>1 x gungstol<\/li>\n<li>1 x kudde<\/li>\n<li>1 x Instruktioner VIKTIGT: Vi levererar varan till trottoarkanten utan kostnad. Se till att du anger r\u00e4tt adress och telefonnummer.<\/li>\n<\/ul>\n","protected":false},"excerpt":{"rendered":"<p>Denna sf\u00e4riska utomhusgungstol kommer att l\u00e4gga till en modern och futuristisk k\u00e4nsla till ditt befintliga utomhus- eller inomhusutrymme. Den sf\u00e4riska&#8230;<\/p>\n","protected":false},"featured_media":9181,"template":"","meta":[],"product_brand":[],"product_cat":[435,450,452],"product_tag":[],"class_list":{"0":"post-9180","1":"product","2":"type-product","3":"status-publish","4":"has-post-thumbnail","6":"product_cat-tradgard-och-terrass","7":"product_cat-tradgardsmobler","8":"product_cat-tradgardsstolar","10":"first","11":"instock","12":"sale","13":"taxable","14":"shipping-taxable","15":"purchasable","16":"product-type-simple"},"yoast_head":"<!-- This site is optimized with the Yoast SEO plugin v25.4 - https:\/\/yoast.com\/wordpress\/plugins\/seo\/ -->\n<title>TRUUSK Ergonomisk Gungstol 2 i 1 - Metallram - Sf\u00e4risk Design - M\u00f6rkgr\u00e5 - 145 x 74 x 86 cm - TRUUSK - Hem, Tr\u00e4dg\u00e5rd &amp; Fritid<\/title>\n<meta name=\"robots\" content=\"index, follow, max-snippet:-1, max-image-preview:large, max-video-preview:-1\" \/>\n<link rel=\"canonical\" href=\"https:\/\/truusk.store\/sv\/produkt\/truusk-ergonomisk-gungstol-2-i-1-metallram-sfarisk-design-morkgra-145-x-74-x-86-cm\/\" \/>\n<meta property=\"og:locale\" content=\"sv_SE\" \/>\n<meta property=\"og:type\" content=\"article\" \/>\n<meta property=\"og:title\" content=\"TRUUSK Ergonomisk Gungstol 2 i 1 - Metallram - Sf\u00e4risk Design - M\u00f6rkgr\u00e5 - 145 x 74 x 86 cm - TRUUSK - Hem, Tr\u00e4dg\u00e5rd &amp; Fritid\" \/>\n<meta property=\"og:description\" content=\"Denna sf\u00e4riska utomhusgungstol kommer att l\u00e4gga till en modern och futuristisk k\u00e4nsla till ditt befintliga utomhus- eller inomhusutrymme. Den sf\u00e4riska...\" \/>\n<meta property=\"og:url\" content=\"https:\/\/truusk.store\/sv\/produkt\/truusk-ergonomisk-gungstol-2-i-1-metallram-sfarisk-design-morkgra-145-x-74-x-86-cm\/\" \/>\n<meta property=\"og:site_name\" content=\"TRUUSK - Hem, Tr\u00e4dg\u00e5rd &amp; Fritid\" \/>\n<meta property=\"article:modified_time\" content=\"2026-03-12T07:55:57+00:00\" \/>\n<meta property=\"og:image\" content=\"https:\/\/i0.wp.com\/truusk.se\/wp-content\/uploads\/2024\/02\/gungstol-ergonomisk-2-i-1-gungstol-tradgardsstol-gungstol-metall-textlinje-sfarisk-morkgra-145-x-74-x-86-cm.webp?fit=800%2C800&ssl=1\" \/>\n\t<meta property=\"og:image:width\" content=\"800\" \/>\n\t<meta property=\"og:image:height\" content=\"800\" \/>\n\t<meta property=\"og:image:type\" content=\"image\/webp\" \/>\n<meta name=\"twitter:card\" content=\"summary_large_image\" \/>\n<meta name=\"twitter:label1\" content=\"Ber\u00e4knad l\u00e4stid\" \/>\n\t<meta name=\"twitter:data1\" content=\"1 minut\" \/>\n<!-- \/ Yoast SEO plugin. -->","yoast_head_json":{"title":"TRUUSK Ergonomisk Gungstol 2 i 1 - Metallram - Sf\u00e4risk Design - M\u00f6rkgr\u00e5 - 145 x 74 x 86 cm - TRUUSK - Hem, Tr\u00e4dg\u00e5rd &amp; Fritid","robots":{"index":"index","follow":"follow","max-snippet":"max-snippet:-1","max-image-preview":"max-image-preview:large","max-video-preview":"max-video-preview:-1"},"canonical":"https:\/\/truusk.store\/sv\/produkt\/truusk-ergonomisk-gungstol-2-i-1-metallram-sfarisk-design-morkgra-145-x-74-x-86-cm\/","og_locale":"sv_SE","og_type":"article","og_title":"TRUUSK Ergonomisk Gungstol 2 i 1 - Metallram - Sf\u00e4risk Design - M\u00f6rkgr\u00e5 - 145 x 74 x 86 cm - TRUUSK - Hem, Tr\u00e4dg\u00e5rd &amp; Fritid","og_description":"Denna sf\u00e4riska utomhusgungstol kommer att l\u00e4gga till en modern och futuristisk k\u00e4nsla till ditt befintliga utomhus- eller inomhusutrymme. Den sf\u00e4riska...","og_url":"https:\/\/truusk.store\/sv\/produkt\/truusk-ergonomisk-gungstol-2-i-1-metallram-sfarisk-design-morkgra-145-x-74-x-86-cm\/","og_site_name":"TRUUSK - Hem, Tr\u00e4dg\u00e5rd &amp; Fritid","article_modified_time":"2026-03-12T07:55:57+00:00","og_image":[{"width":800,"height":800,"url":"https:\/\/i0.wp.com\/truusk.se\/wp-content\/uploads\/2024\/02\/gungstol-ergonomisk-2-i-1-gungstol-tradgardsstol-gungstol-metall-textlinje-sfarisk-morkgra-145-x-74-x-86-cm.webp?fit=800%2C800&ssl=1","type":"image\/webp"}],"twitter_card":"summary_large_image","twitter_misc":{"Ber\u00e4knad l\u00e4stid":"1 minut"},"schema":{"@context":"https:\/\/schema.org","@graph":[{"@type":"WebPage","@id":"https:\/\/truusk.store\/sv\/produkt\/truusk-ergonomisk-gungstol-2-i-1-metallram-sfarisk-design-morkgra-145-x-74-x-86-cm\/","url":"https:\/\/truusk.store\/sv\/produkt\/truusk-ergonomisk-gungstol-2-i-1-metallram-sfarisk-design-morkgra-145-x-74-x-86-cm\/","name":"TRUUSK Ergonomisk Gungstol 2 i 1 - Metallram - Sf\u00e4risk Design - M\u00f6rkgr\u00e5 - 145 x 74 x 86 cm - TRUUSK - Hem, Tr\u00e4dg\u00e5rd &amp; Fritid","isPartOf":{"@id":"https:\/\/truusk.store\/sv\/#website"},"primaryImageOfPage":{"@id":"https:\/\/truusk.store\/sv\/produkt\/truusk-ergonomisk-gungstol-2-i-1-metallram-sfarisk-design-morkgra-145-x-74-x-86-cm\/#primaryimage"},"image":{"@id":"https:\/\/truusk.store\/sv\/produkt\/truusk-ergonomisk-gungstol-2-i-1-metallram-sfarisk-design-morkgra-145-x-74-x-86-cm\/#primaryimage"},"thumbnailUrl":"https:\/\/i0.wp.com\/truusk.store\/wp-content\/uploads\/2024\/02\/gungstol-ergonomisk-2-i-1-gungstol-tradgardsstol-gungstol-metall-textlinje-sfarisk-morkgra-145-x-74-x-86-cm.webp?fit=800%2C800&ssl=1","datePublished":"2024-02-13T08:37:53+00:00","dateModified":"2026-03-12T07:55:57+00:00","breadcrumb":{"@id":"https:\/\/truusk.store\/sv\/produkt\/truusk-ergonomisk-gungstol-2-i-1-metallram-sfarisk-design-morkgra-145-x-74-x-86-cm\/#breadcrumb"},"inLanguage":"sv-SE","potentialAction":[{"@type":"ReadAction","target":["https:\/\/truusk.store\/sv\/produkt\/truusk-ergonomisk-gungstol-2-i-1-metallram-sfarisk-design-morkgra-145-x-74-x-86-cm\/"]}]},{"@type":"ImageObject","inLanguage":"sv-SE","@id":"https:\/\/truusk.store\/sv\/produkt\/truusk-ergonomisk-gungstol-2-i-1-metallram-sfarisk-design-morkgra-145-x-74-x-86-cm\/#primaryimage","url":"https:\/\/i0.wp.com\/truusk.store\/wp-content\/uploads\/2024\/02\/gungstol-ergonomisk-2-i-1-gungstol-tradgardsstol-gungstol-metall-textlinje-sfarisk-morkgra-145-x-74-x-86-cm.webp?fit=800%2C800&ssl=1","contentUrl":"https:\/\/i0.wp.com\/truusk.store\/wp-content\/uploads\/2024\/02\/gungstol-ergonomisk-2-i-1-gungstol-tradgardsstol-gungstol-metall-textlinje-sfarisk-morkgra-145-x-74-x-86-cm.webp?fit=800%2C800&ssl=1","width":800,"height":800,"caption":"Gungstol Ergonomisk 2 I 1 Gungstol Tr\u00e4dg\u00e5rdsstol Gungstol Metall Textlinje Sf\u00e4risk M\u00f6rkgr\u00e5 145 X 74 X 86 Cm 1"},{"@type":"BreadcrumbList","@id":"https:\/\/truusk.store\/sv\/produkt\/truusk-ergonomisk-gungstol-2-i-1-metallram-sfarisk-design-morkgra-145-x-74-x-86-cm\/#breadcrumb","itemListElement":[{"@type":"ListItem","position":1,"name":"Home","item":"https:\/\/truusk.store\/sv\/"},{"@type":"ListItem","position":2,"name":"Shop","item":"https:\/\/truusk.store\/shop\/"},{"@type":"ListItem","position":3,"name":"TRUUSK Ergonomisk Gungstol 2 i 1 &#8211; Metallram &#8211; Sf\u00e4risk Design &#8211; M\u00f6rkgr\u00e5 &#8211; 145 x 74 x 86 cm"}]},{"@type":"WebSite","@id":"https:\/\/truusk.store\/sv\/#website","url":"https:\/\/truusk.store\/sv\/","name":"TRUUSK - Hem, Tr\u00e4dg\u00e5rd & Fritid","description":"","publisher":{"@id":"https:\/\/truusk.store\/sv\/#organization"},"potentialAction":[{"@type":"SearchAction","target":{"@type":"EntryPoint","urlTemplate":"https:\/\/truusk.store\/sv\/?s={search_term_string}"},"query-input":{"@type":"PropertyValueSpecification","valueRequired":true,"valueName":"search_term_string"}}],"inLanguage":"sv-SE"},{"@type":"Organization","@id":"https:\/\/truusk.store\/sv\/#organization","name":"TRUUSK - Hem, Tr\u00e4dg\u00e5rd & Fritid","url":"https:\/\/truusk.store\/sv\/","logo":{"@type":"ImageObject","inLanguage":"sv-SE","@id":"https:\/\/truusk.store\/sv\/#\/schema\/logo\/image\/","url":"https:\/\/i0.wp.com\/truusk.store\/wp-content\/uploads\/2026\/03\/cropped-TRUUSK.png?fit=2032%2C917&ssl=1","contentUrl":"https:\/\/i0.wp.com\/truusk.store\/wp-content\/uploads\/2026\/03\/cropped-TRUUSK.png?fit=2032%2C917&ssl=1","width":2032,"height":917,"caption":"TRUUSK - Hem, Tr\u00e4dg\u00e5rd & Fritid"},"image":{"@id":"https:\/\/truusk.store\/sv\/#\/schema\/logo\/image\/"}}]}},"jetpack_sharing_enabled":true,"_links":{"self":[{"href":"https:\/\/truusk.store\/sv\/wp-json\/wp\/v2\/product\/9180","targetHints":{"allow":["GET"]}}],"collection":[{"href":"https:\/\/truusk.store\/sv\/wp-json\/wp\/v2\/product"}],"about":[{"href":"https:\/\/truusk.store\/sv\/wp-json\/wp\/v2\/types\/product"}],"wp:featuredmedia":[{"embeddable":true,"href":"https:\/\/truusk.store\/sv\/wp-json\/wp\/v2\/media\/9181"}],"wp:attachment":[{"href":"https:\/\/truusk.store\/sv\/wp-json\/wp\/v2\/media?parent=9180"}],"wp:term":[{"taxonomy":"product_brand","embeddable":true,"href":"https:\/\/truusk.store\/sv\/wp-json\/wp\/v2\/product_brand?post=9180"},{"taxonomy":"product_cat","embeddable":true,"href":"https:\/\/truusk.store\/sv\/wp-json\/wp\/v2\/product_cat?post=9180"},{"taxonomy":"product_tag","embeddable":true,"href":"https:\/\/truusk.store\/sv\/wp-json\/wp\/v2\/product_tag?post=9180"}],"curies":[{"name":"wp","href":"https:\/\/api.w.org\/{rel}","templated":true}]}}