{"id":91838,"date":"2025-09-23T06:34:25","date_gmt":"2025-09-23T05:34:25","guid":{"rendered":"https:\/\/truusk.store\/product\/3-i-1-hopfallbar-shoppingvagn-med-40l-kapacitet-belastbar-vagn-upp-till-25kg-med-kylfack-svart\/"},"modified":"2026-03-12T08:48:39","modified_gmt":"2026-03-12T07:48:39","slug":"truusk-3-i-1-hopfallbar-shoppingvagn-40l-kapacitet-upp-till-25kg-kylfack-svart","status":"publish","type":"product","link":"https:\/\/truusk.store\/sv\/produkt\/truusk-3-i-1-hopfallbar-shoppingvagn-40l-kapacitet-upp-till-25kg-kylfack-svart\/","title":{"rendered":"TRUUSK 3-i-1 Hopf\u00e4llbar Shoppingvagn &#8211; 40L Kapacitet &#8211; Upp Till 25kg &#8211; Kylfack &#8211; Svart"},"content":{"rendered":"<p>Lider du av tunga v\u00e4skor och pressen att snabbt f\u00e5 hem fryst mat? Med TRUUSK shoppingvagn blir det annorlunda: Den isolerade inredningen i shoppingvagnen skyddar dina ink\u00f6p fr\u00e5n att f\u00f6rd\u00e4rvas och det justerbara, vadderade handtaget ger individuell komfort. Denna flexibla shoppingvagn underl\u00e4ttar dina shoppingturer och l\u00e4gger till en lyxig touch till dina vardags\u00e4renden.<\/p>\n<p>Beskrivning:<\/p>\n<ul>\n<li> Fungerar som en shoppingvagn, en 40L axelv\u00e4ska eller som en nyttofordon f\u00f6r olika shoppingbehov<\/li>\n<li> Har ett isolerat dragkedjelager som h\u00e5ller dina livsmedel varma eller kalla<\/li>\n<li> Den vinkeljusterbara mjuka handtaget p\u00e5 shoppingvagnen ger ett bekv\u00e4mt grepp f\u00f6r anv\u00e4ndare av alla storlekar<\/li>\n<li> Vattent\u00e4t 600D Oxford-tyg skyddar dina saker fr\u00e5n regn och spill<\/li>\n<li> Aluminiumramen p\u00e5 shoppingvagnen b\u00e4r upp till 25kg f\u00f6r p\u00e5litlig, tung anv\u00e4ndning<\/li>\n<li> F\u00e4lls ihop med ett klick f\u00f6r kompakt f\u00f6rvaring i sm\u00e5 utrymmen<\/li>\n<li> Stora 21cm hjul med smutsf\u00e5ngare ger en smidig, ren \u00e5ktur \u00f6verallt<\/li>\n<li> Enkel montering kr\u00e4vs<\/li>\n<\/ul>\n<p> Tekniska data:<\/p>\n<ul>\n<li> F\u00e4rg: Svart+Silver<\/li>\n<li> Material: Oxford-tyg, Aluminium, Plast<\/li>\n<li> Totala dimensioner: 45,5L x 35,5B x 97H cm<\/li>\n<li> F\u00e4llstorlek: 52L x 45B x 21H cm<\/li>\n<li> Inre storlek p\u00e5 shoppingv\u00e4skan: 30L x 24B x 55H cm (40L)<\/li>\n<li> Kylv\u00e4skstorlek: 31B x 6,5T x 26,5H cm<\/li>\n<li> Hjulstorlek: \u00d821 cm<\/li>\n<li> Maximal belastning: 25 kg<\/li>\n<\/ul>\n<p>Leveransinneh\u00e5ll:<\/p>\n<ul>\n<li> 1 x Shoppingvagn<\/li>\n<li> 1 x Axelrem<\/li>\n<li> 1 x Bruksanvisning<\/li>\n<\/ul>\n","protected":false},"excerpt":{"rendered":"<p>Lider du av tunga v\u00e4skor och pressen att snabbt f\u00e5 hem fryst mat? Med TRUUSK shoppingvagn blir det annorlunda: Den&#8230;<\/p>\n","protected":false},"featured_media":91827,"template":"","meta":[],"product_brand":[],"product_cat":[867,965,693],"product_tag":[],"class_list":{"0":"post-91838","1":"product","2":"type-product","3":"status-publish","4":"has-post-thumbnail","6":"product_cat-byggmarknad","7":"product_cat-dragvagnar","8":"product_cat-transport","10":"first","11":"instock","12":"sale","13":"taxable","14":"shipping-taxable","15":"purchasable","16":"product-type-simple"},"yoast_head":"<!-- This site is optimized with the Yoast SEO plugin v25.4 - https:\/\/yoast.com\/wordpress\/plugins\/seo\/ -->\n<title>TRUUSK 3-i-1 Hopf\u00e4llbar Shoppingvagn - 40L Kapacitet - Upp Till 25kg - Kylfack - Svart - TRUUSK - Hem, Tr\u00e4dg\u00e5rd &amp; Fritid<\/title>\n<meta name=\"robots\" content=\"index, follow, max-snippet:-1, max-image-preview:large, max-video-preview:-1\" \/>\n<link rel=\"canonical\" href=\"https:\/\/truusk.store\/sv\/produkt\/truusk-3-i-1-hopfallbar-shoppingvagn-40l-kapacitet-upp-till-25kg-kylfack-svart\/\" \/>\n<meta property=\"og:locale\" content=\"sv_SE\" \/>\n<meta property=\"og:type\" content=\"article\" \/>\n<meta property=\"og:title\" content=\"TRUUSK 3-i-1 Hopf\u00e4llbar Shoppingvagn - 40L Kapacitet - Upp Till 25kg - Kylfack - Svart - TRUUSK - Hem, Tr\u00e4dg\u00e5rd &amp; Fritid\" \/>\n<meta property=\"og:description\" content=\"Lider du av tunga v\u00e4skor och pressen att snabbt f\u00e5 hem fryst mat? Med TRUUSK shoppingvagn blir det annorlunda: Den...\" \/>\n<meta property=\"og:url\" content=\"https:\/\/truusk.store\/sv\/produkt\/truusk-3-i-1-hopfallbar-shoppingvagn-40l-kapacitet-upp-till-25kg-kylfack-svart\/\" \/>\n<meta property=\"og:site_name\" content=\"TRUUSK - Hem, Tr\u00e4dg\u00e5rd &amp; Fritid\" \/>\n<meta property=\"article:modified_time\" content=\"2026-03-12T07:48:39+00:00\" \/>\n<meta property=\"og:image\" content=\"https:\/\/i0.wp.com\/truusk.se\/wp-content\/uploads\/2025\/09\/3-i-1-hopfallbar-shoppingvagn-med-40l-kapacitet-belastbar-vagn-upp-till-25kg-med-kylfack-svart-1.webp?fit=2000%2C2000&ssl=1\" \/>\n\t<meta property=\"og:image:width\" content=\"2000\" \/>\n\t<meta property=\"og:image:height\" content=\"2000\" \/>\n\t<meta property=\"og:image:type\" content=\"image\/webp\" \/>\n<meta name=\"twitter:card\" content=\"summary_large_image\" \/>\n<meta name=\"twitter:label1\" content=\"Ber\u00e4knad l\u00e4stid\" \/>\n\t<meta name=\"twitter:data1\" content=\"1 minut\" \/>\n<!-- \/ Yoast SEO plugin. -->","yoast_head_json":{"title":"TRUUSK 3-i-1 Hopf\u00e4llbar Shoppingvagn - 40L Kapacitet - Upp Till 25kg - Kylfack - Svart - TRUUSK - Hem, Tr\u00e4dg\u00e5rd &amp; Fritid","robots":{"index":"index","follow":"follow","max-snippet":"max-snippet:-1","max-image-preview":"max-image-preview:large","max-video-preview":"max-video-preview:-1"},"canonical":"https:\/\/truusk.store\/sv\/produkt\/truusk-3-i-1-hopfallbar-shoppingvagn-40l-kapacitet-upp-till-25kg-kylfack-svart\/","og_locale":"sv_SE","og_type":"article","og_title":"TRUUSK 3-i-1 Hopf\u00e4llbar Shoppingvagn - 40L Kapacitet - Upp Till 25kg - Kylfack - Svart - TRUUSK - Hem, Tr\u00e4dg\u00e5rd &amp; Fritid","og_description":"Lider du av tunga v\u00e4skor och pressen att snabbt f\u00e5 hem fryst mat? Med TRUUSK shoppingvagn blir det annorlunda: Den...","og_url":"https:\/\/truusk.store\/sv\/produkt\/truusk-3-i-1-hopfallbar-shoppingvagn-40l-kapacitet-upp-till-25kg-kylfack-svart\/","og_site_name":"TRUUSK - Hem, Tr\u00e4dg\u00e5rd &amp; Fritid","article_modified_time":"2026-03-12T07:48:39+00:00","og_image":[{"width":2000,"height":2000,"url":"https:\/\/i0.wp.com\/truusk.se\/wp-content\/uploads\/2025\/09\/3-i-1-hopfallbar-shoppingvagn-med-40l-kapacitet-belastbar-vagn-upp-till-25kg-med-kylfack-svart-1.webp?fit=2000%2C2000&ssl=1","type":"image\/webp"}],"twitter_card":"summary_large_image","twitter_misc":{"Ber\u00e4knad l\u00e4stid":"1 minut"},"schema":{"@context":"https:\/\/schema.org","@graph":[{"@type":"WebPage","@id":"https:\/\/truusk.store\/sv\/produkt\/truusk-3-i-1-hopfallbar-shoppingvagn-40l-kapacitet-upp-till-25kg-kylfack-svart\/","url":"https:\/\/truusk.store\/sv\/produkt\/truusk-3-i-1-hopfallbar-shoppingvagn-40l-kapacitet-upp-till-25kg-kylfack-svart\/","name":"TRUUSK 3-i-1 Hopf\u00e4llbar Shoppingvagn - 40L Kapacitet - Upp Till 25kg - Kylfack - Svart - TRUUSK - Hem, Tr\u00e4dg\u00e5rd &amp; Fritid","isPartOf":{"@id":"https:\/\/truusk.store\/sv\/#website"},"primaryImageOfPage":{"@id":"https:\/\/truusk.store\/sv\/produkt\/truusk-3-i-1-hopfallbar-shoppingvagn-40l-kapacitet-upp-till-25kg-kylfack-svart\/#primaryimage"},"image":{"@id":"https:\/\/truusk.store\/sv\/produkt\/truusk-3-i-1-hopfallbar-shoppingvagn-40l-kapacitet-upp-till-25kg-kylfack-svart\/#primaryimage"},"thumbnailUrl":"https:\/\/i0.wp.com\/truusk.store\/wp-content\/uploads\/2025\/09\/3-i-1-hopfallbar-shoppingvagn-med-40l-kapacitet-belastbar-vagn-upp-till-25kg-med-kylfack-svart-1.webp?fit=2000%2C2000&ssl=1","datePublished":"2025-09-23T05:34:25+00:00","dateModified":"2026-03-12T07:48:39+00:00","breadcrumb":{"@id":"https:\/\/truusk.store\/sv\/produkt\/truusk-3-i-1-hopfallbar-shoppingvagn-40l-kapacitet-upp-till-25kg-kylfack-svart\/#breadcrumb"},"inLanguage":"sv-SE","potentialAction":[{"@type":"ReadAction","target":["https:\/\/truusk.store\/sv\/produkt\/truusk-3-i-1-hopfallbar-shoppingvagn-40l-kapacitet-upp-till-25kg-kylfack-svart\/"]}]},{"@type":"ImageObject","inLanguage":"sv-SE","@id":"https:\/\/truusk.store\/sv\/produkt\/truusk-3-i-1-hopfallbar-shoppingvagn-40l-kapacitet-upp-till-25kg-kylfack-svart\/#primaryimage","url":"https:\/\/i0.wp.com\/truusk.store\/wp-content\/uploads\/2025\/09\/3-i-1-hopfallbar-shoppingvagn-med-40l-kapacitet-belastbar-vagn-upp-till-25kg-med-kylfack-svart-1.webp?fit=2000%2C2000&ssl=1","contentUrl":"https:\/\/i0.wp.com\/truusk.store\/wp-content\/uploads\/2025\/09\/3-i-1-hopfallbar-shoppingvagn-med-40l-kapacitet-belastbar-vagn-upp-till-25kg-med-kylfack-svart-1.webp?fit=2000%2C2000&ssl=1","width":2000,"height":2000},{"@type":"BreadcrumbList","@id":"https:\/\/truusk.store\/sv\/produkt\/truusk-3-i-1-hopfallbar-shoppingvagn-40l-kapacitet-upp-till-25kg-kylfack-svart\/#breadcrumb","itemListElement":[{"@type":"ListItem","position":1,"name":"Home","item":"https:\/\/truusk.store\/sv\/"},{"@type":"ListItem","position":2,"name":"Shop","item":"https:\/\/truusk.store\/shop\/"},{"@type":"ListItem","position":3,"name":"TRUUSK 3-i-1 Hopf\u00e4llbar Shoppingvagn &#8211; 40L Kapacitet &#8211; Upp Till 25kg &#8211; Kylfack &#8211; Svart"}]},{"@type":"WebSite","@id":"https:\/\/truusk.store\/sv\/#website","url":"https:\/\/truusk.store\/sv\/","name":"TRUUSK - Hem, Tr\u00e4dg\u00e5rd & Fritid","description":"","publisher":{"@id":"https:\/\/truusk.store\/sv\/#organization"},"potentialAction":[{"@type":"SearchAction","target":{"@type":"EntryPoint","urlTemplate":"https:\/\/truusk.store\/sv\/?s={search_term_string}"},"query-input":{"@type":"PropertyValueSpecification","valueRequired":true,"valueName":"search_term_string"}}],"inLanguage":"sv-SE"},{"@type":"Organization","@id":"https:\/\/truusk.store\/sv\/#organization","name":"TRUUSK - Hem, Tr\u00e4dg\u00e5rd & Fritid","url":"https:\/\/truusk.store\/sv\/","logo":{"@type":"ImageObject","inLanguage":"sv-SE","@id":"https:\/\/truusk.store\/sv\/#\/schema\/logo\/image\/","url":"https:\/\/i0.wp.com\/truusk.store\/wp-content\/uploads\/2026\/03\/cropped-TRUUSK.png?fit=2032%2C917&ssl=1","contentUrl":"https:\/\/i0.wp.com\/truusk.store\/wp-content\/uploads\/2026\/03\/cropped-TRUUSK.png?fit=2032%2C917&ssl=1","width":2032,"height":917,"caption":"TRUUSK - Hem, Tr\u00e4dg\u00e5rd & Fritid"},"image":{"@id":"https:\/\/truusk.store\/sv\/#\/schema\/logo\/image\/"}}]}},"jetpack_sharing_enabled":true,"_links":{"self":[{"href":"https:\/\/truusk.store\/sv\/wp-json\/wp\/v2\/product\/91838","targetHints":{"allow":["GET"]}}],"collection":[{"href":"https:\/\/truusk.store\/sv\/wp-json\/wp\/v2\/product"}],"about":[{"href":"https:\/\/truusk.store\/sv\/wp-json\/wp\/v2\/types\/product"}],"wp:featuredmedia":[{"embeddable":true,"href":"https:\/\/truusk.store\/sv\/wp-json\/wp\/v2\/media\/91827"}],"wp:attachment":[{"href":"https:\/\/truusk.store\/sv\/wp-json\/wp\/v2\/media?parent=91838"}],"wp:term":[{"taxonomy":"product_brand","embeddable":true,"href":"https:\/\/truusk.store\/sv\/wp-json\/wp\/v2\/product_brand?post=91838"},{"taxonomy":"product_cat","embeddable":true,"href":"https:\/\/truusk.store\/sv\/wp-json\/wp\/v2\/product_cat?post=91838"},{"taxonomy":"product_tag","embeddable":true,"href":"https:\/\/truusk.store\/sv\/wp-json\/wp\/v2\/product_tag?post=91838"}],"curies":[{"name":"wp","href":"https:\/\/api.w.org\/{rel}","templated":true}]}}