{"id":91869,"date":"2025-09-23T06:37:51","date_gmt":"2025-09-23T05:37:51","guid":{"rendered":"https:\/\/truusk.store\/product\/forvaringspall-sittpall-med-lock-och-forvaringsutrymme-stalbens-stoppad-pall-med-fleeceoverdrag-kramvit\/"},"modified":"2026-03-12T08:49:15","modified_gmt":"2026-03-12T07:49:15","slug":"truusk-forvaringspall-med-lock-stalbens-stoppad-med-fleeceoverdrag-kramvit","status":"publish","type":"product","link":"https:\/\/truusk.store\/sv\/produkt\/truusk-forvaringspall-med-lock-stalbens-stoppad-med-fleeceoverdrag-kramvit\/","title":{"rendered":"TRUUSK F\u00f6rvaringspall med lock &#8211; St\u00e5lbens &#8211; Stoppad med fleece\u00f6verdrag &#8211; Kr\u00e4mvit"},"content":{"rendered":"<p>St\u00f6rd av oordning i vardagsrummet? Ett kaotiskt rum kan vara st\u00f6rande, s\u00e4rskilt n\u00e4r det \u00e4r dags att koppla av. TRUUSKs stoppade b\u00e4nk \u00e4r den idealiska l\u00f6sningen. B\u00e4nken d\u00f6ljer inte bara dina saker och skapar ordning, utan fungerar ocks\u00e5 som en bekv\u00e4m fotpall som ger komfort och lugn till ditt hem.<\/p>\n<p>Beskrivning:<\/p>\n<ul>\n<li> Rymligt dolt f\u00f6rvaringsutrymme hj\u00e4lper till att h\u00e5lla ditt hem snyggt och fritt fr\u00e5n oordning<\/li>\n<li> Andningsbart fleece med tjock skumstoppning erbjuder mjuk, mysig komfort<\/li>\n<li> Robust konstruktion och st\u00e5lbensf\u00f6rvaringskista b\u00e4r s\u00e4kert upp till 220 kg<\/li>\n<li> Modern, stilfull design p\u00e5 kistb\u00e4nken passar s\u00f6ml\u00f6st in i alla inredningar<\/li>\n<li> Erbjuder extra sittplatser, fotst\u00f6d eller en b\u00e4nk i slutet av s\u00e4ngen<\/li>\n<li> Enkel montering sparar tid och anstr\u00e4ngning<\/li>\n<\/ul>\n<p> Tekniska data:<\/p>\n<ul>\n<li> F\u00e4rg: Kr\u00e4mvit<\/li>\n<li> Material: Fleece (100% polyester), skum, flerskiktsplatta, st\u00e5l<\/li>\n<li> Totala dimensioner: 114,5B x 40T x 48H cm<\/li>\n<li> F\u00f6rvaringsdimensioner: 100B x 30T x 23H cm<\/li>\n<li> Benh\u00f6jd: 14 cm<\/li>\n<li> B\u00e4rkapacitet: 220 kg<\/li>\n<\/ul>\n<p>Leveransinneh\u00e5ll:<\/p>\n<ul>\n<li> 1 x F\u00f6rvaringsb\u00e4nk<\/li>\n<li> 1 x Bruksanvisning<\/li>\n<\/ul>\n","protected":false},"excerpt":{"rendered":"<p>St\u00f6rd av oordning i vardagsrummet? Ett kaotiskt rum kan vara st\u00f6rande, s\u00e4rskilt n\u00e4r det \u00e4r dags att koppla av. TRUUSKs&#8230;<\/p>\n","protected":false},"featured_media":91859,"template":"","meta":[],"product_brand":[],"product_cat":[936,897,540],"product_tag":[],"class_list":{"0":"post-91869","1":"product","2":"type-product","3":"status-publish","4":"has-post-thumbnail","6":"product_cat-hem-boende","7":"product_cat-sovrum","8":"product_cat-stoppade-bankar","10":"first","11":"instock","12":"sale","13":"taxable","14":"shipping-taxable","15":"purchasable","16":"product-type-simple"},"yoast_head":"<!-- This site is optimized with the Yoast SEO plugin v25.4 - https:\/\/yoast.com\/wordpress\/plugins\/seo\/ -->\n<title>TRUUSK F\u00f6rvaringspall med lock - St\u00e5lbens - Stoppad med fleece\u00f6verdrag - Kr\u00e4mvit - TRUUSK - Hem, Tr\u00e4dg\u00e5rd &amp; Fritid<\/title>\n<meta name=\"robots\" content=\"index, follow, max-snippet:-1, max-image-preview:large, max-video-preview:-1\" \/>\n<link rel=\"canonical\" href=\"https:\/\/truusk.store\/sv\/produkt\/truusk-forvaringspall-med-lock-stalbens-stoppad-med-fleeceoverdrag-kramvit\/\" \/>\n<meta property=\"og:locale\" content=\"sv_SE\" \/>\n<meta property=\"og:type\" content=\"article\" \/>\n<meta property=\"og:title\" content=\"TRUUSK F\u00f6rvaringspall med lock - St\u00e5lbens - Stoppad med fleece\u00f6verdrag - Kr\u00e4mvit - TRUUSK - Hem, Tr\u00e4dg\u00e5rd &amp; Fritid\" \/>\n<meta property=\"og:description\" content=\"St\u00f6rd av oordning i vardagsrummet? Ett kaotiskt rum kan vara st\u00f6rande, s\u00e4rskilt n\u00e4r det \u00e4r dags att koppla av. TRUUSKs...\" \/>\n<meta property=\"og:url\" content=\"https:\/\/truusk.store\/sv\/produkt\/truusk-forvaringspall-med-lock-stalbens-stoppad-med-fleeceoverdrag-kramvit\/\" \/>\n<meta property=\"og:site_name\" content=\"TRUUSK - Hem, Tr\u00e4dg\u00e5rd &amp; Fritid\" \/>\n<meta property=\"article:modified_time\" content=\"2026-03-12T07:49:15+00:00\" \/>\n<meta property=\"og:image\" content=\"https:\/\/i0.wp.com\/truusk.se\/wp-content\/uploads\/2025\/09\/forvaringspall-sittpall-med-lock-och-forvaringsutrymme-stalbens-stoppad-pall-med-fleeceoverdrag-kramvit-1.webp?fit=2000%2C2000&ssl=1\" \/>\n\t<meta property=\"og:image:width\" content=\"2000\" \/>\n\t<meta property=\"og:image:height\" content=\"2000\" \/>\n\t<meta property=\"og:image:type\" content=\"image\/webp\" \/>\n<meta name=\"twitter:card\" content=\"summary_large_image\" \/>\n<meta name=\"twitter:label1\" content=\"Ber\u00e4knad l\u00e4stid\" \/>\n\t<meta name=\"twitter:data1\" content=\"1 minut\" \/>\n<!-- \/ Yoast SEO plugin. -->","yoast_head_json":{"title":"TRUUSK F\u00f6rvaringspall med lock - St\u00e5lbens - Stoppad med fleece\u00f6verdrag - Kr\u00e4mvit - TRUUSK - Hem, Tr\u00e4dg\u00e5rd &amp; Fritid","robots":{"index":"index","follow":"follow","max-snippet":"max-snippet:-1","max-image-preview":"max-image-preview:large","max-video-preview":"max-video-preview:-1"},"canonical":"https:\/\/truusk.store\/sv\/produkt\/truusk-forvaringspall-med-lock-stalbens-stoppad-med-fleeceoverdrag-kramvit\/","og_locale":"sv_SE","og_type":"article","og_title":"TRUUSK F\u00f6rvaringspall med lock - St\u00e5lbens - Stoppad med fleece\u00f6verdrag - Kr\u00e4mvit - TRUUSK - Hem, Tr\u00e4dg\u00e5rd &amp; Fritid","og_description":"St\u00f6rd av oordning i vardagsrummet? Ett kaotiskt rum kan vara st\u00f6rande, s\u00e4rskilt n\u00e4r det \u00e4r dags att koppla av. TRUUSKs...","og_url":"https:\/\/truusk.store\/sv\/produkt\/truusk-forvaringspall-med-lock-stalbens-stoppad-med-fleeceoverdrag-kramvit\/","og_site_name":"TRUUSK - Hem, Tr\u00e4dg\u00e5rd &amp; Fritid","article_modified_time":"2026-03-12T07:49:15+00:00","og_image":[{"width":2000,"height":2000,"url":"https:\/\/i0.wp.com\/truusk.se\/wp-content\/uploads\/2025\/09\/forvaringspall-sittpall-med-lock-och-forvaringsutrymme-stalbens-stoppad-pall-med-fleeceoverdrag-kramvit-1.webp?fit=2000%2C2000&ssl=1","type":"image\/webp"}],"twitter_card":"summary_large_image","twitter_misc":{"Ber\u00e4knad l\u00e4stid":"1 minut"},"schema":{"@context":"https:\/\/schema.org","@graph":[{"@type":"WebPage","@id":"https:\/\/truusk.store\/sv\/produkt\/truusk-forvaringspall-med-lock-stalbens-stoppad-med-fleeceoverdrag-kramvit\/","url":"https:\/\/truusk.store\/sv\/produkt\/truusk-forvaringspall-med-lock-stalbens-stoppad-med-fleeceoverdrag-kramvit\/","name":"TRUUSK F\u00f6rvaringspall med lock - St\u00e5lbens - Stoppad med fleece\u00f6verdrag - Kr\u00e4mvit - TRUUSK - Hem, Tr\u00e4dg\u00e5rd &amp; Fritid","isPartOf":{"@id":"https:\/\/truusk.store\/sv\/#website"},"primaryImageOfPage":{"@id":"https:\/\/truusk.store\/sv\/produkt\/truusk-forvaringspall-med-lock-stalbens-stoppad-med-fleeceoverdrag-kramvit\/#primaryimage"},"image":{"@id":"https:\/\/truusk.store\/sv\/produkt\/truusk-forvaringspall-med-lock-stalbens-stoppad-med-fleeceoverdrag-kramvit\/#primaryimage"},"thumbnailUrl":"https:\/\/i0.wp.com\/truusk.store\/wp-content\/uploads\/2025\/09\/forvaringspall-sittpall-med-lock-och-forvaringsutrymme-stalbens-stoppad-pall-med-fleeceoverdrag-kramvit-1.webp?fit=2000%2C2000&ssl=1","datePublished":"2025-09-23T05:37:51+00:00","dateModified":"2026-03-12T07:49:15+00:00","breadcrumb":{"@id":"https:\/\/truusk.store\/sv\/produkt\/truusk-forvaringspall-med-lock-stalbens-stoppad-med-fleeceoverdrag-kramvit\/#breadcrumb"},"inLanguage":"sv-SE","potentialAction":[{"@type":"ReadAction","target":["https:\/\/truusk.store\/sv\/produkt\/truusk-forvaringspall-med-lock-stalbens-stoppad-med-fleeceoverdrag-kramvit\/"]}]},{"@type":"ImageObject","inLanguage":"sv-SE","@id":"https:\/\/truusk.store\/sv\/produkt\/truusk-forvaringspall-med-lock-stalbens-stoppad-med-fleeceoverdrag-kramvit\/#primaryimage","url":"https:\/\/i0.wp.com\/truusk.store\/wp-content\/uploads\/2025\/09\/forvaringspall-sittpall-med-lock-och-forvaringsutrymme-stalbens-stoppad-pall-med-fleeceoverdrag-kramvit-1.webp?fit=2000%2C2000&ssl=1","contentUrl":"https:\/\/i0.wp.com\/truusk.store\/wp-content\/uploads\/2025\/09\/forvaringspall-sittpall-med-lock-och-forvaringsutrymme-stalbens-stoppad-pall-med-fleeceoverdrag-kramvit-1.webp?fit=2000%2C2000&ssl=1","width":2000,"height":2000},{"@type":"BreadcrumbList","@id":"https:\/\/truusk.store\/sv\/produkt\/truusk-forvaringspall-med-lock-stalbens-stoppad-med-fleeceoverdrag-kramvit\/#breadcrumb","itemListElement":[{"@type":"ListItem","position":1,"name":"Home","item":"https:\/\/truusk.store\/sv\/"},{"@type":"ListItem","position":2,"name":"Shop","item":"https:\/\/truusk.store\/shop\/"},{"@type":"ListItem","position":3,"name":"TRUUSK F\u00f6rvaringspall med lock &#8211; St\u00e5lbens &#8211; Stoppad med fleece\u00f6verdrag &#8211; Kr\u00e4mvit"}]},{"@type":"WebSite","@id":"https:\/\/truusk.store\/sv\/#website","url":"https:\/\/truusk.store\/sv\/","name":"TRUUSK - Hem, Tr\u00e4dg\u00e5rd & Fritid","description":"","publisher":{"@id":"https:\/\/truusk.store\/sv\/#organization"},"potentialAction":[{"@type":"SearchAction","target":{"@type":"EntryPoint","urlTemplate":"https:\/\/truusk.store\/sv\/?s={search_term_string}"},"query-input":{"@type":"PropertyValueSpecification","valueRequired":true,"valueName":"search_term_string"}}],"inLanguage":"sv-SE"},{"@type":"Organization","@id":"https:\/\/truusk.store\/sv\/#organization","name":"TRUUSK - Hem, Tr\u00e4dg\u00e5rd & Fritid","url":"https:\/\/truusk.store\/sv\/","logo":{"@type":"ImageObject","inLanguage":"sv-SE","@id":"https:\/\/truusk.store\/sv\/#\/schema\/logo\/image\/","url":"https:\/\/i0.wp.com\/truusk.store\/wp-content\/uploads\/2026\/03\/cropped-TRUUSK.png?fit=2032%2C917&ssl=1","contentUrl":"https:\/\/i0.wp.com\/truusk.store\/wp-content\/uploads\/2026\/03\/cropped-TRUUSK.png?fit=2032%2C917&ssl=1","width":2032,"height":917,"caption":"TRUUSK - Hem, Tr\u00e4dg\u00e5rd & Fritid"},"image":{"@id":"https:\/\/truusk.store\/sv\/#\/schema\/logo\/image\/"}}]}},"jetpack_sharing_enabled":true,"_links":{"self":[{"href":"https:\/\/truusk.store\/sv\/wp-json\/wp\/v2\/product\/91869","targetHints":{"allow":["GET"]}}],"collection":[{"href":"https:\/\/truusk.store\/sv\/wp-json\/wp\/v2\/product"}],"about":[{"href":"https:\/\/truusk.store\/sv\/wp-json\/wp\/v2\/types\/product"}],"wp:featuredmedia":[{"embeddable":true,"href":"https:\/\/truusk.store\/sv\/wp-json\/wp\/v2\/media\/91859"}],"wp:attachment":[{"href":"https:\/\/truusk.store\/sv\/wp-json\/wp\/v2\/media?parent=91869"}],"wp:term":[{"taxonomy":"product_brand","embeddable":true,"href":"https:\/\/truusk.store\/sv\/wp-json\/wp\/v2\/product_brand?post=91869"},{"taxonomy":"product_cat","embeddable":true,"href":"https:\/\/truusk.store\/sv\/wp-json\/wp\/v2\/product_cat?post=91869"},{"taxonomy":"product_tag","embeddable":true,"href":"https:\/\/truusk.store\/sv\/wp-json\/wp\/v2\/product_tag?post=91869"}],"curies":[{"name":"wp","href":"https:\/\/api.w.org\/{rel}","templated":true}]}}