{"id":91878,"date":"2025-09-23T06:38:27","date_gmt":"2025-09-23T05:38:27","guid":{"rendered":"https:\/\/truusk.store\/product\/rullande-kontorsstol-med-guldaccenter-datorstol-med-metallbas-tygoverdrag-i-sammetlook-kramvit\/"},"modified":"2026-03-12T08:50:34","modified_gmt":"2026-03-12T07:50:34","slug":"truusk-rullande-kontorsstol-med-guldaccenter-datorstol-med-metallbas-sammetlook-tygoverdrag-kramvit","status":"publish","type":"product","link":"https:\/\/truusk.store\/sv\/produkt\/truusk-rullande-kontorsstol-med-guldaccenter-datorstol-med-metallbas-sammetlook-tygoverdrag-kramvit\/","title":{"rendered":"TRUUSK Rullande Kontorsstol Med Guldaccenter &#8211; Datorstol Med Metallbas &#8211; Sammetlook Tyg\u00f6verdrag &#8211; Kr\u00e4mvit"},"content":{"rendered":"<p>Lider du av obehag och monotoni under l\u00e5nga arbetsdagar? En obekv\u00e4m skrivbordsstol kan s\u00e4nka koncentrationen och g\u00f6ra arbetsplatsen tr\u00e5kig. \u00d6ka ditt v\u00e4lbefinnande med TRUUSK kontorsstol. Dess mjuka sammets\u00f6verdrag och eleganta guldaccent ger elegans, medan det t\u00e4ta skummet s\u00e4kerst\u00e4ller l\u00e5ngvarig komfort. Den 360\u00b0 roterande funktionen p\u00e5 sminkbordsstolen garanterar en st\u00f6rningsfri arbetsfl\u00f6de.<\/p>\n<p>Beskrivning:<\/p>\n<ul>\n<li> Njut av komfort hela dagen med h\u00f6gdensitetsskum och fj\u00e4derpaket p\u00e5 den roterande stolen f\u00f6r att f\u00f6rebygga ryggsm\u00e4rtor och tr\u00f6tthet<\/li>\n<li> Kippfunktionen p\u00e5 datorstolen hj\u00e4lper dig att koppla av och lindra tr\u00f6tthet, vilket \u00f6kar produktiviteten<\/li>\n<li> Den justerbara sitth\u00f6jden p\u00e5 skrivbordsstolen kan anpassas till olika anv\u00e4ndare f\u00f6r att erbjuda individuell komfort<\/li>\n<li> Utrustad med guldaccent och ett tyg som k\u00e4nns mjukt som sammet<\/li>\n<li> PU-hjulen p\u00e5 kontorsstolen ger en mjuk, tyst r\u00f6relse och skyddar golvet mot repor<\/li>\n<li> St\u00e5lbasen b\u00e4r s\u00e4kert upp till 120 kg f\u00f6r p\u00e5litlig stabilitet<\/li>\n<\/ul>\n<p> Tekniska data:<\/p>\n<ul>\n<li> F\u00e4rg: Kr\u00e4mvit+Guld<\/li>\n<li> Material: Sammetstyg (100% polyester), skum, flerskiktsplatta, st\u00e5l<\/li>\n<li> Totala dimensioner: 57B x 64T x 80-90H cm<\/li>\n<li> Sitsstorlek: 51B x 45T cm<\/li>\n<li> Sitth\u00f6jd: 47-57 cm<\/li>\n<li> Ryggst\u00f6dsstorlek: 50L x 38B cm<\/li>\n<li> Armst\u00f6dsh\u00f6jd (till sits): 19 cm<\/li>\n<li> Maximal belastning: 120 kg<\/li>\n<\/ul>\n<p>Leveransinneh\u00e5ll:<\/p>\n<ul>\n<li> 1 x Kontorsstol<\/li>\n<li> 1 x Handbok<\/li>\n<\/ul>\n","protected":false},"excerpt":{"rendered":"<p>Lider du av obehag och monotoni under l\u00e5nga arbetsdagar? En obekv\u00e4m skrivbordsstol kan s\u00e4nka koncentrationen och g\u00f6ra arbetsplatsen tr\u00e5kig. \u00d6ka&#8230;<\/p>\n","protected":false},"featured_media":91868,"template":"","meta":[],"product_brand":[],"product_cat":[872,871,516],"product_tag":[],"class_list":{"0":"post-91878","1":"product","2":"type-product","3":"status-publish","4":"has-post-thumbnail","6":"product_cat-hemmakontor-arbetsplats","7":"product_cat-hus-hem","8":"product_cat-kontorsstolar","10":"first","11":"instock","12":"sale","13":"taxable","14":"shipping-taxable","15":"purchasable","16":"product-type-simple"},"yoast_head":"<!-- This site is optimized with the Yoast SEO plugin v25.4 - https:\/\/yoast.com\/wordpress\/plugins\/seo\/ -->\n<title>TRUUSK Rullande Kontorsstol Med Guldaccenter - Datorstol Med Metallbas - Sammetlook Tyg\u00f6verdrag - Kr\u00e4mvit - TRUUSK - Hem, Tr\u00e4dg\u00e5rd &amp; Fritid<\/title>\n<meta name=\"robots\" content=\"index, follow, max-snippet:-1, max-image-preview:large, max-video-preview:-1\" \/>\n<link rel=\"canonical\" href=\"https:\/\/truusk.store\/sv\/produkt\/truusk-rullande-kontorsstol-med-guldaccenter-datorstol-med-metallbas-sammetlook-tygoverdrag-kramvit\/\" \/>\n<meta property=\"og:locale\" content=\"sv_SE\" \/>\n<meta property=\"og:type\" content=\"article\" \/>\n<meta property=\"og:title\" content=\"TRUUSK Rullande Kontorsstol Med Guldaccenter - Datorstol Med Metallbas - Sammetlook Tyg\u00f6verdrag - Kr\u00e4mvit - TRUUSK - Hem, Tr\u00e4dg\u00e5rd &amp; Fritid\" \/>\n<meta property=\"og:description\" content=\"Lider du av obehag och monotoni under l\u00e5nga arbetsdagar? En obekv\u00e4m skrivbordsstol kan s\u00e4nka koncentrationen och g\u00f6ra arbetsplatsen tr\u00e5kig. \u00d6ka...\" \/>\n<meta property=\"og:url\" content=\"https:\/\/truusk.store\/sv\/produkt\/truusk-rullande-kontorsstol-med-guldaccenter-datorstol-med-metallbas-sammetlook-tygoverdrag-kramvit\/\" \/>\n<meta property=\"og:site_name\" content=\"TRUUSK - Hem, Tr\u00e4dg\u00e5rd &amp; Fritid\" \/>\n<meta property=\"article:modified_time\" content=\"2026-03-12T07:50:34+00:00\" \/>\n<meta property=\"og:image\" content=\"https:\/\/i0.wp.com\/truusk.se\/wp-content\/uploads\/2025\/09\/rullande-kontorsstol-med-guldaccenter-datorstol-med-metallbas-tygoverdrag-i-sammetlook-kramvit-1.webp?fit=2000%2C2000&ssl=1\" \/>\n\t<meta property=\"og:image:width\" content=\"2000\" \/>\n\t<meta property=\"og:image:height\" content=\"2000\" \/>\n\t<meta property=\"og:image:type\" content=\"image\/webp\" \/>\n<meta name=\"twitter:card\" content=\"summary_large_image\" \/>\n<meta name=\"twitter:label1\" content=\"Ber\u00e4knad l\u00e4stid\" \/>\n\t<meta name=\"twitter:data1\" content=\"1 minut\" \/>\n<!-- \/ Yoast SEO plugin. -->","yoast_head_json":{"title":"TRUUSK Rullande Kontorsstol Med Guldaccenter - Datorstol Med Metallbas - Sammetlook Tyg\u00f6verdrag - Kr\u00e4mvit - TRUUSK - Hem, Tr\u00e4dg\u00e5rd &amp; Fritid","robots":{"index":"index","follow":"follow","max-snippet":"max-snippet:-1","max-image-preview":"max-image-preview:large","max-video-preview":"max-video-preview:-1"},"canonical":"https:\/\/truusk.store\/sv\/produkt\/truusk-rullande-kontorsstol-med-guldaccenter-datorstol-med-metallbas-sammetlook-tygoverdrag-kramvit\/","og_locale":"sv_SE","og_type":"article","og_title":"TRUUSK Rullande Kontorsstol Med Guldaccenter - Datorstol Med Metallbas - Sammetlook Tyg\u00f6verdrag - Kr\u00e4mvit - TRUUSK - Hem, Tr\u00e4dg\u00e5rd &amp; Fritid","og_description":"Lider du av obehag och monotoni under l\u00e5nga arbetsdagar? En obekv\u00e4m skrivbordsstol kan s\u00e4nka koncentrationen och g\u00f6ra arbetsplatsen tr\u00e5kig. \u00d6ka...","og_url":"https:\/\/truusk.store\/sv\/produkt\/truusk-rullande-kontorsstol-med-guldaccenter-datorstol-med-metallbas-sammetlook-tygoverdrag-kramvit\/","og_site_name":"TRUUSK - Hem, Tr\u00e4dg\u00e5rd &amp; Fritid","article_modified_time":"2026-03-12T07:50:34+00:00","og_image":[{"width":2000,"height":2000,"url":"https:\/\/i0.wp.com\/truusk.se\/wp-content\/uploads\/2025\/09\/rullande-kontorsstol-med-guldaccenter-datorstol-med-metallbas-tygoverdrag-i-sammetlook-kramvit-1.webp?fit=2000%2C2000&ssl=1","type":"image\/webp"}],"twitter_card":"summary_large_image","twitter_misc":{"Ber\u00e4knad l\u00e4stid":"1 minut"},"schema":{"@context":"https:\/\/schema.org","@graph":[{"@type":"WebPage","@id":"https:\/\/truusk.store\/sv\/produkt\/truusk-rullande-kontorsstol-med-guldaccenter-datorstol-med-metallbas-sammetlook-tygoverdrag-kramvit\/","url":"https:\/\/truusk.store\/sv\/produkt\/truusk-rullande-kontorsstol-med-guldaccenter-datorstol-med-metallbas-sammetlook-tygoverdrag-kramvit\/","name":"TRUUSK Rullande Kontorsstol Med Guldaccenter - Datorstol Med Metallbas - Sammetlook Tyg\u00f6verdrag - Kr\u00e4mvit - TRUUSK - Hem, Tr\u00e4dg\u00e5rd &amp; Fritid","isPartOf":{"@id":"https:\/\/truusk.store\/sv\/#website"},"primaryImageOfPage":{"@id":"https:\/\/truusk.store\/sv\/produkt\/truusk-rullande-kontorsstol-med-guldaccenter-datorstol-med-metallbas-sammetlook-tygoverdrag-kramvit\/#primaryimage"},"image":{"@id":"https:\/\/truusk.store\/sv\/produkt\/truusk-rullande-kontorsstol-med-guldaccenter-datorstol-med-metallbas-sammetlook-tygoverdrag-kramvit\/#primaryimage"},"thumbnailUrl":"https:\/\/i0.wp.com\/truusk.store\/wp-content\/uploads\/2025\/09\/rullande-kontorsstol-med-guldaccenter-datorstol-med-metallbas-tygoverdrag-i-sammetlook-kramvit-1.webp?fit=2000%2C2000&ssl=1","datePublished":"2025-09-23T05:38:27+00:00","dateModified":"2026-03-12T07:50:34+00:00","breadcrumb":{"@id":"https:\/\/truusk.store\/sv\/produkt\/truusk-rullande-kontorsstol-med-guldaccenter-datorstol-med-metallbas-sammetlook-tygoverdrag-kramvit\/#breadcrumb"},"inLanguage":"sv-SE","potentialAction":[{"@type":"ReadAction","target":["https:\/\/truusk.store\/sv\/produkt\/truusk-rullande-kontorsstol-med-guldaccenter-datorstol-med-metallbas-sammetlook-tygoverdrag-kramvit\/"]}]},{"@type":"ImageObject","inLanguage":"sv-SE","@id":"https:\/\/truusk.store\/sv\/produkt\/truusk-rullande-kontorsstol-med-guldaccenter-datorstol-med-metallbas-sammetlook-tygoverdrag-kramvit\/#primaryimage","url":"https:\/\/i0.wp.com\/truusk.store\/wp-content\/uploads\/2025\/09\/rullande-kontorsstol-med-guldaccenter-datorstol-med-metallbas-tygoverdrag-i-sammetlook-kramvit-1.webp?fit=2000%2C2000&ssl=1","contentUrl":"https:\/\/i0.wp.com\/truusk.store\/wp-content\/uploads\/2025\/09\/rullande-kontorsstol-med-guldaccenter-datorstol-med-metallbas-tygoverdrag-i-sammetlook-kramvit-1.webp?fit=2000%2C2000&ssl=1","width":2000,"height":2000},{"@type":"BreadcrumbList","@id":"https:\/\/truusk.store\/sv\/produkt\/truusk-rullande-kontorsstol-med-guldaccenter-datorstol-med-metallbas-sammetlook-tygoverdrag-kramvit\/#breadcrumb","itemListElement":[{"@type":"ListItem","position":1,"name":"Home","item":"https:\/\/truusk.store\/sv\/"},{"@type":"ListItem","position":2,"name":"Shop","item":"https:\/\/truusk.store\/shop\/"},{"@type":"ListItem","position":3,"name":"TRUUSK Rullande Kontorsstol Med Guldaccenter &#8211; Datorstol Med Metallbas &#8211; Sammetlook Tyg\u00f6verdrag &#8211; Kr\u00e4mvit"}]},{"@type":"WebSite","@id":"https:\/\/truusk.store\/sv\/#website","url":"https:\/\/truusk.store\/sv\/","name":"TRUUSK - Hem, Tr\u00e4dg\u00e5rd & Fritid","description":"","publisher":{"@id":"https:\/\/truusk.store\/sv\/#organization"},"potentialAction":[{"@type":"SearchAction","target":{"@type":"EntryPoint","urlTemplate":"https:\/\/truusk.store\/sv\/?s={search_term_string}"},"query-input":{"@type":"PropertyValueSpecification","valueRequired":true,"valueName":"search_term_string"}}],"inLanguage":"sv-SE"},{"@type":"Organization","@id":"https:\/\/truusk.store\/sv\/#organization","name":"TRUUSK - Hem, Tr\u00e4dg\u00e5rd & Fritid","url":"https:\/\/truusk.store\/sv\/","logo":{"@type":"ImageObject","inLanguage":"sv-SE","@id":"https:\/\/truusk.store\/sv\/#\/schema\/logo\/image\/","url":"https:\/\/i0.wp.com\/truusk.store\/wp-content\/uploads\/2026\/03\/cropped-TRUUSK.png?fit=2032%2C917&ssl=1","contentUrl":"https:\/\/i0.wp.com\/truusk.store\/wp-content\/uploads\/2026\/03\/cropped-TRUUSK.png?fit=2032%2C917&ssl=1","width":2032,"height":917,"caption":"TRUUSK - Hem, Tr\u00e4dg\u00e5rd & Fritid"},"image":{"@id":"https:\/\/truusk.store\/sv\/#\/schema\/logo\/image\/"}}]}},"jetpack_sharing_enabled":true,"_links":{"self":[{"href":"https:\/\/truusk.store\/sv\/wp-json\/wp\/v2\/product\/91878","targetHints":{"allow":["GET"]}}],"collection":[{"href":"https:\/\/truusk.store\/sv\/wp-json\/wp\/v2\/product"}],"about":[{"href":"https:\/\/truusk.store\/sv\/wp-json\/wp\/v2\/types\/product"}],"wp:featuredmedia":[{"embeddable":true,"href":"https:\/\/truusk.store\/sv\/wp-json\/wp\/v2\/media\/91868"}],"wp:attachment":[{"href":"https:\/\/truusk.store\/sv\/wp-json\/wp\/v2\/media?parent=91878"}],"wp:term":[{"taxonomy":"product_brand","embeddable":true,"href":"https:\/\/truusk.store\/sv\/wp-json\/wp\/v2\/product_brand?post=91878"},{"taxonomy":"product_cat","embeddable":true,"href":"https:\/\/truusk.store\/sv\/wp-json\/wp\/v2\/product_cat?post=91878"},{"taxonomy":"product_tag","embeddable":true,"href":"https:\/\/truusk.store\/sv\/wp-json\/wp\/v2\/product_tag?post=91878"}],"curies":[{"name":"wp","href":"https:\/\/api.w.org\/{rel}","templated":true}]}}