{"id":91890,"date":"2025-09-23T06:39:57","date_gmt":"2025-09-23T05:39:57","guid":{"rendered":"https:\/\/truusk.store\/product\/massagestol-med-ryggstodsfunktion-konstlader-elektriskt-justerbar-fotstod-sidoficka-stalkarm-gra\/"},"modified":"2026-03-12T08:50:43","modified_gmt":"2026-03-12T07:50:43","slug":"truusk-massagestol-med-ryggstodsfunktion-elektriskt-justerbar-konstlader-fotstod-sidoficka-stalkarm-gra","status":"publish","type":"product","link":"https:\/\/truusk.store\/sv\/produkt\/truusk-massagestol-med-ryggstodsfunktion-elektriskt-justerbar-konstlader-fotstod-sidoficka-stalkarm-gra\/","title":{"rendered":"TRUUSK Massagestol med Ryggst\u00f6dsfunktion &#8211; Elektriskt Justerbar &#8211; Konstl\u00e4der &#8211; Fotst\u00f6d &#8211; Sidoficka &#8211; St\u00e5lkarm &#8211; Gr\u00e5"},"content":{"rendered":"<p>K\u00e4nner du dig sp\u00e4nd i axlar, midja och rygg efter en anstr\u00e4ngande dag? TRUUSK massagestolen hj\u00e4lper till att lindra muskelsp\u00e4nningar med speciella kn\u00e5dningstekniker. Luta dig tillbaka i det mjuka l\u00e4dret (\u00e4kta och konstl\u00e4der) av den elektriska avkopplingsstolen, st\u00e4ll in den upp till 135 grader och upplev hur de skr\u00e4ddarsydda massageprogrammen l\u00f6ser upp din sp\u00e4nning och \u00f6kar ditt v\u00e4lbefinnande.<\/p>\n<p>Beskrivning:<\/p>\n<ul>\n<li> Har kn\u00e5dande massagefunktioner p\u00e5 TV-stolen med tre omr\u00e5den (axel, l\u00e4ndrygg eller hela ryggen) och timer f\u00f6r att effektivt lindra muskelv\u00e4rk och tr\u00f6tthet<\/li>\n<li> Yta av konstl\u00e4der, andas, slitstark, l\u00e4tt att reng\u00f6ra<\/li>\n<li> 135\u00b0 stegl\u00f6s elektrisk ligfunktion med fotst\u00f6d<\/li>\n<li> Endast 20 cm v\u00e4ggavst\u00e5nd f\u00f6r att ligga, h\u00e5ller ditt rum snyggt<\/li>\n<li> Tjock stoppning av avkopplingsstolen med fj\u00e4derpaket f\u00f6r st\u00f6djande komfort<\/li>\n<li> Montering kr\u00e4vs, snabbt och enkelt att utf\u00f6ra av tv\u00e5 personer p\u00e5 bara 10 minuter<\/li>\n<li> Inneh\u00e5ller en praktisk sidoficka f\u00f6r att h\u00e5lla din fj\u00e4rrkontroll och det mest n\u00f6dv\u00e4ndiga inom r\u00e4ckh\u00e5ll<\/li>\n<\/ul>\n<p> Tekniska data:<\/p>\n<ul>\n<li> F\u00e4rg: Gr\u00e5<\/li>\n<li> Material: L\u00e4derblandning (20 % n\u00f6tl\u00e4der, 80 % polyuretan), skum, st\u00e5l, flerskiktsplatta<\/li>\n<li> Totala dimensioner: 77B x 89T x 107H cm<\/li>\n<li> Liggande dimensioner: 71B x 163T x 83H cm<\/li>\n<li> Sitsstorlek: 54B x 50T x 46H cm<\/li>\n<li> Ryggst\u00f6dsstorlek: 68B x 68H cm<\/li>\n<li> Tjocklek: 12 cm (sits), 29 cm (rygg)<\/li>\n<li> Armst\u00f6dsh\u00f6jd till sits: 17 cm<\/li>\n<li> Kabell\u00e4ngd: 1,8 m<\/li>\n<li> Maximal belastningskapacitet: 120 kg<\/li>\n<li> L\u00e4mplig f\u00f6r max. anv\u00e4ndarstorlek: 185 cm<\/li>\n<li> Ing\u00e5ng: AC 100-240V, 50\/60Hz<\/li>\n<li> Utg\u00e5ng: DC 29V, 1,8A, 52,2W<\/li>\n<\/ul>\n<p>Leveransinneh\u00e5ll:<\/p>\n<ul>\n<li> 1 x Massagestol<\/li>\n<li> 1 x Fj\u00e4rrkontroll<\/li>\n<li> 1 x Bruksanvisning<\/li>\n<\/ul>\n","protected":false},"excerpt":{"rendered":"<p>K\u00e4nner du dig sp\u00e4nd i axlar, midja och rygg efter en anstr\u00e4ngande dag? TRUUSK massagestolen hj\u00e4lper till att lindra muskelsp\u00e4nningar&#8230;<\/p>\n","protected":false},"featured_media":91879,"template":"","meta":[],"product_brand":[],"product_cat":[521,871,912,910],"product_tag":[],"class_list":{"0":"post-91890","1":"product","2":"type-product","3":"status-publish","4":"has-post-thumbnail","6":"product_cat-fatolj","7":"product_cat-hus-hem","8":"product_cat-massagesessel","9":"product_cat-vardagsrum","11":"first","12":"instock","13":"sale","14":"taxable","15":"shipping-taxable","16":"purchasable","17":"product-type-simple"},"yoast_head":"<!-- This site is optimized with the Yoast SEO plugin v25.4 - https:\/\/yoast.com\/wordpress\/plugins\/seo\/ -->\n<title>TRUUSK Massagestol med Ryggst\u00f6dsfunktion - Elektriskt Justerbar - Konstl\u00e4der - Fotst\u00f6d - Sidoficka - St\u00e5lkarm - Gr\u00e5 - TRUUSK - Hem, Tr\u00e4dg\u00e5rd &amp; Fritid<\/title>\n<meta name=\"robots\" content=\"index, follow, max-snippet:-1, max-image-preview:large, max-video-preview:-1\" \/>\n<link rel=\"canonical\" href=\"https:\/\/truusk.store\/sv\/produkt\/truusk-massagestol-med-ryggstodsfunktion-elektriskt-justerbar-konstlader-fotstod-sidoficka-stalkarm-gra\/\" \/>\n<meta property=\"og:locale\" content=\"sv_SE\" \/>\n<meta property=\"og:type\" content=\"article\" \/>\n<meta property=\"og:title\" content=\"TRUUSK Massagestol med Ryggst\u00f6dsfunktion - Elektriskt Justerbar - Konstl\u00e4der - Fotst\u00f6d - Sidoficka - St\u00e5lkarm - Gr\u00e5 - TRUUSK - Hem, Tr\u00e4dg\u00e5rd &amp; Fritid\" \/>\n<meta property=\"og:description\" content=\"K\u00e4nner du dig sp\u00e4nd i axlar, midja och rygg efter en anstr\u00e4ngande dag? TRUUSK massagestolen hj\u00e4lper till att lindra muskelsp\u00e4nningar...\" \/>\n<meta property=\"og:url\" content=\"https:\/\/truusk.store\/sv\/produkt\/truusk-massagestol-med-ryggstodsfunktion-elektriskt-justerbar-konstlader-fotstod-sidoficka-stalkarm-gra\/\" \/>\n<meta property=\"og:site_name\" content=\"TRUUSK - Hem, Tr\u00e4dg\u00e5rd &amp; Fritid\" \/>\n<meta property=\"article:modified_time\" content=\"2026-03-12T07:50:43+00:00\" \/>\n<meta property=\"og:image\" content=\"https:\/\/i0.wp.com\/truusk.se\/wp-content\/uploads\/2025\/09\/massagestol-med-ryggstodsfunktion-konstlader-elektriskt-justerbar-fotstod-sidoficka-stalkarm-gra-1.webp?fit=2000%2C2000&ssl=1\" \/>\n\t<meta property=\"og:image:width\" content=\"2000\" \/>\n\t<meta property=\"og:image:height\" content=\"2000\" \/>\n\t<meta property=\"og:image:type\" content=\"image\/webp\" \/>\n<meta name=\"twitter:card\" content=\"summary_large_image\" \/>\n<meta name=\"twitter:label1\" content=\"Ber\u00e4knad l\u00e4stid\" \/>\n\t<meta name=\"twitter:data1\" content=\"1 minut\" \/>\n<!-- \/ Yoast SEO plugin. -->","yoast_head_json":{"title":"TRUUSK Massagestol med Ryggst\u00f6dsfunktion - Elektriskt Justerbar - Konstl\u00e4der - Fotst\u00f6d - Sidoficka - St\u00e5lkarm - Gr\u00e5 - TRUUSK - Hem, Tr\u00e4dg\u00e5rd &amp; Fritid","robots":{"index":"index","follow":"follow","max-snippet":"max-snippet:-1","max-image-preview":"max-image-preview:large","max-video-preview":"max-video-preview:-1"},"canonical":"https:\/\/truusk.store\/sv\/produkt\/truusk-massagestol-med-ryggstodsfunktion-elektriskt-justerbar-konstlader-fotstod-sidoficka-stalkarm-gra\/","og_locale":"sv_SE","og_type":"article","og_title":"TRUUSK Massagestol med Ryggst\u00f6dsfunktion - Elektriskt Justerbar - Konstl\u00e4der - Fotst\u00f6d - Sidoficka - St\u00e5lkarm - Gr\u00e5 - TRUUSK - Hem, Tr\u00e4dg\u00e5rd &amp; Fritid","og_description":"K\u00e4nner du dig sp\u00e4nd i axlar, midja och rygg efter en anstr\u00e4ngande dag? TRUUSK massagestolen hj\u00e4lper till att lindra muskelsp\u00e4nningar...","og_url":"https:\/\/truusk.store\/sv\/produkt\/truusk-massagestol-med-ryggstodsfunktion-elektriskt-justerbar-konstlader-fotstod-sidoficka-stalkarm-gra\/","og_site_name":"TRUUSK - Hem, Tr\u00e4dg\u00e5rd &amp; Fritid","article_modified_time":"2026-03-12T07:50:43+00:00","og_image":[{"width":2000,"height":2000,"url":"https:\/\/i0.wp.com\/truusk.se\/wp-content\/uploads\/2025\/09\/massagestol-med-ryggstodsfunktion-konstlader-elektriskt-justerbar-fotstod-sidoficka-stalkarm-gra-1.webp?fit=2000%2C2000&ssl=1","type":"image\/webp"}],"twitter_card":"summary_large_image","twitter_misc":{"Ber\u00e4knad l\u00e4stid":"1 minut"},"schema":{"@context":"https:\/\/schema.org","@graph":[{"@type":"WebPage","@id":"https:\/\/truusk.store\/sv\/produkt\/truusk-massagestol-med-ryggstodsfunktion-elektriskt-justerbar-konstlader-fotstod-sidoficka-stalkarm-gra\/","url":"https:\/\/truusk.store\/sv\/produkt\/truusk-massagestol-med-ryggstodsfunktion-elektriskt-justerbar-konstlader-fotstod-sidoficka-stalkarm-gra\/","name":"TRUUSK Massagestol med Ryggst\u00f6dsfunktion - Elektriskt Justerbar - Konstl\u00e4der - Fotst\u00f6d - Sidoficka - St\u00e5lkarm - Gr\u00e5 - TRUUSK - Hem, Tr\u00e4dg\u00e5rd &amp; Fritid","isPartOf":{"@id":"https:\/\/truusk.store\/sv\/#website"},"primaryImageOfPage":{"@id":"https:\/\/truusk.store\/sv\/produkt\/truusk-massagestol-med-ryggstodsfunktion-elektriskt-justerbar-konstlader-fotstod-sidoficka-stalkarm-gra\/#primaryimage"},"image":{"@id":"https:\/\/truusk.store\/sv\/produkt\/truusk-massagestol-med-ryggstodsfunktion-elektriskt-justerbar-konstlader-fotstod-sidoficka-stalkarm-gra\/#primaryimage"},"thumbnailUrl":"https:\/\/i0.wp.com\/truusk.store\/wp-content\/uploads\/2025\/09\/massagestol-med-ryggstodsfunktion-konstlader-elektriskt-justerbar-fotstod-sidoficka-stalkarm-gra-1.webp?fit=2000%2C2000&ssl=1","datePublished":"2025-09-23T05:39:57+00:00","dateModified":"2026-03-12T07:50:43+00:00","breadcrumb":{"@id":"https:\/\/truusk.store\/sv\/produkt\/truusk-massagestol-med-ryggstodsfunktion-elektriskt-justerbar-konstlader-fotstod-sidoficka-stalkarm-gra\/#breadcrumb"},"inLanguage":"sv-SE","potentialAction":[{"@type":"ReadAction","target":["https:\/\/truusk.store\/sv\/produkt\/truusk-massagestol-med-ryggstodsfunktion-elektriskt-justerbar-konstlader-fotstod-sidoficka-stalkarm-gra\/"]}]},{"@type":"ImageObject","inLanguage":"sv-SE","@id":"https:\/\/truusk.store\/sv\/produkt\/truusk-massagestol-med-ryggstodsfunktion-elektriskt-justerbar-konstlader-fotstod-sidoficka-stalkarm-gra\/#primaryimage","url":"https:\/\/i0.wp.com\/truusk.store\/wp-content\/uploads\/2025\/09\/massagestol-med-ryggstodsfunktion-konstlader-elektriskt-justerbar-fotstod-sidoficka-stalkarm-gra-1.webp?fit=2000%2C2000&ssl=1","contentUrl":"https:\/\/i0.wp.com\/truusk.store\/wp-content\/uploads\/2025\/09\/massagestol-med-ryggstodsfunktion-konstlader-elektriskt-justerbar-fotstod-sidoficka-stalkarm-gra-1.webp?fit=2000%2C2000&ssl=1","width":2000,"height":2000},{"@type":"BreadcrumbList","@id":"https:\/\/truusk.store\/sv\/produkt\/truusk-massagestol-med-ryggstodsfunktion-elektriskt-justerbar-konstlader-fotstod-sidoficka-stalkarm-gra\/#breadcrumb","itemListElement":[{"@type":"ListItem","position":1,"name":"Home","item":"https:\/\/truusk.store\/sv\/"},{"@type":"ListItem","position":2,"name":"Shop","item":"https:\/\/truusk.store\/shop\/"},{"@type":"ListItem","position":3,"name":"TRUUSK Massagestol med Ryggst\u00f6dsfunktion &#8211; Elektriskt Justerbar &#8211; Konstl\u00e4der &#8211; Fotst\u00f6d &#8211; Sidoficka &#8211; St\u00e5lkarm &#8211; Gr\u00e5"}]},{"@type":"WebSite","@id":"https:\/\/truusk.store\/sv\/#website","url":"https:\/\/truusk.store\/sv\/","name":"TRUUSK - Hem, Tr\u00e4dg\u00e5rd & Fritid","description":"","publisher":{"@id":"https:\/\/truusk.store\/sv\/#organization"},"potentialAction":[{"@type":"SearchAction","target":{"@type":"EntryPoint","urlTemplate":"https:\/\/truusk.store\/sv\/?s={search_term_string}"},"query-input":{"@type":"PropertyValueSpecification","valueRequired":true,"valueName":"search_term_string"}}],"inLanguage":"sv-SE"},{"@type":"Organization","@id":"https:\/\/truusk.store\/sv\/#organization","name":"TRUUSK - Hem, Tr\u00e4dg\u00e5rd & Fritid","url":"https:\/\/truusk.store\/sv\/","logo":{"@type":"ImageObject","inLanguage":"sv-SE","@id":"https:\/\/truusk.store\/sv\/#\/schema\/logo\/image\/","url":"https:\/\/i0.wp.com\/truusk.store\/wp-content\/uploads\/2026\/03\/cropped-TRUUSK.png?fit=2032%2C917&ssl=1","contentUrl":"https:\/\/i0.wp.com\/truusk.store\/wp-content\/uploads\/2026\/03\/cropped-TRUUSK.png?fit=2032%2C917&ssl=1","width":2032,"height":917,"caption":"TRUUSK - Hem, Tr\u00e4dg\u00e5rd & Fritid"},"image":{"@id":"https:\/\/truusk.store\/sv\/#\/schema\/logo\/image\/"}}]}},"jetpack_sharing_enabled":true,"_links":{"self":[{"href":"https:\/\/truusk.store\/sv\/wp-json\/wp\/v2\/product\/91890","targetHints":{"allow":["GET"]}}],"collection":[{"href":"https:\/\/truusk.store\/sv\/wp-json\/wp\/v2\/product"}],"about":[{"href":"https:\/\/truusk.store\/sv\/wp-json\/wp\/v2\/types\/product"}],"wp:featuredmedia":[{"embeddable":true,"href":"https:\/\/truusk.store\/sv\/wp-json\/wp\/v2\/media\/91879"}],"wp:attachment":[{"href":"https:\/\/truusk.store\/sv\/wp-json\/wp\/v2\/media?parent=91890"}],"wp:term":[{"taxonomy":"product_brand","embeddable":true,"href":"https:\/\/truusk.store\/sv\/wp-json\/wp\/v2\/product_brand?post=91890"},{"taxonomy":"product_cat","embeddable":true,"href":"https:\/\/truusk.store\/sv\/wp-json\/wp\/v2\/product_cat?post=91890"},{"taxonomy":"product_tag","embeddable":true,"href":"https:\/\/truusk.store\/sv\/wp-json\/wp\/v2\/product_tag?post=91890"}],"curies":[{"name":"wp","href":"https:\/\/api.w.org\/{rel}","templated":true}]}}