{"id":91912,"date":"2025-09-23T06:42:01","date_gmt":"2025-09-23T05:42:01","guid":{"rendered":"https:\/\/truusk.store\/product\/hundtrappa-3-steg-365-cm-hog-husdjurstrappa-for-sma-hundar-hopfallbar-for-sang-soffa-soffa-bil-kramvit\/"},"modified":"2026-03-12T08:50:45","modified_gmt":"2026-03-12T07:50:45","slug":"truusk-hundtrappa-3-steg-365-cm-hopfallbar-for-sma-hundar-kramvit","status":"publish","type":"product","link":"https:\/\/truusk.store\/sv\/produkt\/truusk-hundtrappa-3-steg-365-cm-hopfallbar-for-sma-hundar-kramvit\/","title":{"rendered":"TRUUSK Hundtrappa 3 Steg 36,5 cm &#8211; Hopf\u00e4llbar &#8211; F\u00f6r Sm\u00e5 Hundar &#8211; Kr\u00e4mvit"},"content":{"rendered":"<p>Det \u00e4r sv\u00e5rt att se ditt husdjur k\u00e4mpa f\u00f6r att komma upp p\u00e5 soffan. Det finns alltid en r\u00e4dsla f\u00f6r ledskador eller risk f\u00f6r att halka. TRUUSK hundtrappan erbjuder en stabil och s\u00e4ker l\u00f6sning. Tack vare den halkfria ytan och en robust ram som b\u00e4r upp till 10 kg, g\u00f6r dessa katttrappor det m\u00f6jligt f\u00f6r ditt djur att kl\u00e4ttra s\u00e4kert, vilket ger dig v\u00e4rdefull lugn och fler gemensamma mysstunder.<\/p>\n<p>Beskrivning:<\/p>\n<ul>\n<li> Det trestegsdesignen p\u00e5 husdjurstrappan underl\u00e4ttar f\u00f6r sm\u00e5 eller \u00e4ldre husdjur att n\u00e5 h\u00f6ga platser<\/li>\n<li> Den halkfria ytan p\u00e5 varje steg s\u00e4kerst\u00e4ller ditt husdjurs s\u00e4kerhet vid kl\u00e4ttring<\/li>\n<li> Tillverkad av plastmaterial, b\u00e4r det upp till 10 kg utan att vackla<\/li>\n<li> Hopf\u00e4llbar och l\u00e4tt design av hundtrappan f\u00f6r sm\u00e5 hundar m\u00f6jligg\u00f6r enkel f\u00f6rvaring och bekv\u00e4m transport<\/li>\n<li> Den klassiska f\u00e4rgs\u00e4ttningen p\u00e5 hundrampen sm\u00e4lter s\u00f6ml\u00f6st in i din befintliga heminredning<\/li>\n<li> Robust konstruktion av hundtrappan av plastmaterial garanterar l\u00e5ngvarig anv\u00e4ndning<\/li>\n<li> Dimensionerad f\u00f6r sm\u00e5 hundar och katter, minskar det belastningen p\u00e5 lederna genom att hoppa<\/li>\n<li> Ingen montering kr\u00e4vs<\/li>\n<\/ul>\n<p> Tekniska data:<\/p>\n<ul>\n<li> F\u00e4rg: Kr\u00e4mvit+Svart<\/li>\n<li> Material: Plast, EVA<\/li>\n<li> Totala dimensioner: 53L x 30,5B x 36,5H cm<\/li>\n<li> Hopf\u00e4llbar storlek: 63L x 30,5B x 11,3H cm<\/li>\n<li> Stegstorlek: 25L x 16B cm (F\u00f6rsta\/Andra)<\/li>\n<li> Stegstorlek: 26L x 15B cm (Tredje)<\/li>\n<li> Maximal belastning: 10 kg<\/li>\n<\/ul>\n<p>Leveransinneh\u00e5ll:<\/p>\n<ul>\n<li> 1 x Husdjurstrappa<\/li>\n<li> 1 x Bruksanvisning<\/li>\n<\/ul>\n","protected":false},"excerpt":{"rendered":"<p>Det \u00e4r sv\u00e5rt att se ditt husdjur k\u00e4mpa f\u00f6r att komma upp p\u00e5 soffan. Det finns alltid en r\u00e4dsla f\u00f6r&#8230;<\/p>\n","protected":false},"featured_media":91899,"template":"","meta":[],"product_brand":[],"product_cat":[878,574,1055],"product_tag":[],"class_list":{"0":"post-91912","1":"product","2":"type-product","3":"status-publish","4":"has-post-thumbnail","6":"product_cat-djurbehov","7":"product_cat-hundtillbehor","8":"product_cat-hundtrappor-hundrampar","10":"first","11":"instock","12":"sale","13":"taxable","14":"shipping-taxable","15":"purchasable","16":"product-type-simple"},"yoast_head":"<!-- This site is optimized with the Yoast SEO plugin v25.4 - https:\/\/yoast.com\/wordpress\/plugins\/seo\/ -->\n<title>TRUUSK Hundtrappa 3 Steg 36,5 cm - Hopf\u00e4llbar - F\u00f6r Sm\u00e5 Hundar - Kr\u00e4mvit - TRUUSK - Hem, Tr\u00e4dg\u00e5rd &amp; Fritid<\/title>\n<meta name=\"robots\" content=\"index, follow, max-snippet:-1, max-image-preview:large, max-video-preview:-1\" \/>\n<link rel=\"canonical\" href=\"https:\/\/truusk.store\/sv\/produkt\/truusk-hundtrappa-3-steg-365-cm-hopfallbar-for-sma-hundar-kramvit\/\" \/>\n<meta property=\"og:locale\" content=\"sv_SE\" \/>\n<meta property=\"og:type\" content=\"article\" \/>\n<meta property=\"og:title\" content=\"TRUUSK Hundtrappa 3 Steg 36,5 cm - Hopf\u00e4llbar - F\u00f6r Sm\u00e5 Hundar - Kr\u00e4mvit - TRUUSK - Hem, Tr\u00e4dg\u00e5rd &amp; Fritid\" \/>\n<meta property=\"og:description\" content=\"Det \u00e4r sv\u00e5rt att se ditt husdjur k\u00e4mpa f\u00f6r att komma upp p\u00e5 soffan. Det finns alltid en r\u00e4dsla f\u00f6r...\" \/>\n<meta property=\"og:url\" content=\"https:\/\/truusk.store\/sv\/produkt\/truusk-hundtrappa-3-steg-365-cm-hopfallbar-for-sma-hundar-kramvit\/\" \/>\n<meta property=\"og:site_name\" content=\"TRUUSK - Hem, Tr\u00e4dg\u00e5rd &amp; Fritid\" \/>\n<meta property=\"article:modified_time\" content=\"2026-03-12T07:50:45+00:00\" \/>\n<meta property=\"og:image\" content=\"https:\/\/i0.wp.com\/truusk.se\/wp-content\/uploads\/2025\/09\/hundtrappa-3-steg-365-cm-hog-husdjurstrappa-for-sma-hundar-hopfallbar-for-sang-soffa-soffa-bil-kramvit-1.webp?fit=2000%2C2000&ssl=1\" \/>\n\t<meta property=\"og:image:width\" content=\"2000\" \/>\n\t<meta property=\"og:image:height\" content=\"2000\" \/>\n\t<meta property=\"og:image:type\" content=\"image\/webp\" \/>\n<meta name=\"twitter:card\" content=\"summary_large_image\" \/>\n<meta name=\"twitter:label1\" content=\"Ber\u00e4knad l\u00e4stid\" \/>\n\t<meta name=\"twitter:data1\" content=\"1 minut\" \/>\n<!-- \/ Yoast SEO plugin. -->","yoast_head_json":{"title":"TRUUSK Hundtrappa 3 Steg 36,5 cm - Hopf\u00e4llbar - F\u00f6r Sm\u00e5 Hundar - Kr\u00e4mvit - TRUUSK - Hem, Tr\u00e4dg\u00e5rd &amp; Fritid","robots":{"index":"index","follow":"follow","max-snippet":"max-snippet:-1","max-image-preview":"max-image-preview:large","max-video-preview":"max-video-preview:-1"},"canonical":"https:\/\/truusk.store\/sv\/produkt\/truusk-hundtrappa-3-steg-365-cm-hopfallbar-for-sma-hundar-kramvit\/","og_locale":"sv_SE","og_type":"article","og_title":"TRUUSK Hundtrappa 3 Steg 36,5 cm - Hopf\u00e4llbar - F\u00f6r Sm\u00e5 Hundar - Kr\u00e4mvit - TRUUSK - Hem, Tr\u00e4dg\u00e5rd &amp; Fritid","og_description":"Det \u00e4r sv\u00e5rt att se ditt husdjur k\u00e4mpa f\u00f6r att komma upp p\u00e5 soffan. Det finns alltid en r\u00e4dsla f\u00f6r...","og_url":"https:\/\/truusk.store\/sv\/produkt\/truusk-hundtrappa-3-steg-365-cm-hopfallbar-for-sma-hundar-kramvit\/","og_site_name":"TRUUSK - Hem, Tr\u00e4dg\u00e5rd &amp; Fritid","article_modified_time":"2026-03-12T07:50:45+00:00","og_image":[{"width":2000,"height":2000,"url":"https:\/\/i0.wp.com\/truusk.se\/wp-content\/uploads\/2025\/09\/hundtrappa-3-steg-365-cm-hog-husdjurstrappa-for-sma-hundar-hopfallbar-for-sang-soffa-soffa-bil-kramvit-1.webp?fit=2000%2C2000&ssl=1","type":"image\/webp"}],"twitter_card":"summary_large_image","twitter_misc":{"Ber\u00e4knad l\u00e4stid":"1 minut"},"schema":{"@context":"https:\/\/schema.org","@graph":[{"@type":"WebPage","@id":"https:\/\/truusk.store\/sv\/produkt\/truusk-hundtrappa-3-steg-365-cm-hopfallbar-for-sma-hundar-kramvit\/","url":"https:\/\/truusk.store\/sv\/produkt\/truusk-hundtrappa-3-steg-365-cm-hopfallbar-for-sma-hundar-kramvit\/","name":"TRUUSK Hundtrappa 3 Steg 36,5 cm - Hopf\u00e4llbar - F\u00f6r Sm\u00e5 Hundar - Kr\u00e4mvit - TRUUSK - Hem, Tr\u00e4dg\u00e5rd &amp; Fritid","isPartOf":{"@id":"https:\/\/truusk.store\/sv\/#website"},"primaryImageOfPage":{"@id":"https:\/\/truusk.store\/sv\/produkt\/truusk-hundtrappa-3-steg-365-cm-hopfallbar-for-sma-hundar-kramvit\/#primaryimage"},"image":{"@id":"https:\/\/truusk.store\/sv\/produkt\/truusk-hundtrappa-3-steg-365-cm-hopfallbar-for-sma-hundar-kramvit\/#primaryimage"},"thumbnailUrl":"https:\/\/i0.wp.com\/truusk.store\/wp-content\/uploads\/2025\/09\/hundtrappa-3-steg-365-cm-hog-husdjurstrappa-for-sma-hundar-hopfallbar-for-sang-soffa-soffa-bil-kramvit-1.webp?fit=2000%2C2000&ssl=1","datePublished":"2025-09-23T05:42:01+00:00","dateModified":"2026-03-12T07:50:45+00:00","breadcrumb":{"@id":"https:\/\/truusk.store\/sv\/produkt\/truusk-hundtrappa-3-steg-365-cm-hopfallbar-for-sma-hundar-kramvit\/#breadcrumb"},"inLanguage":"sv-SE","potentialAction":[{"@type":"ReadAction","target":["https:\/\/truusk.store\/sv\/produkt\/truusk-hundtrappa-3-steg-365-cm-hopfallbar-for-sma-hundar-kramvit\/"]}]},{"@type":"ImageObject","inLanguage":"sv-SE","@id":"https:\/\/truusk.store\/sv\/produkt\/truusk-hundtrappa-3-steg-365-cm-hopfallbar-for-sma-hundar-kramvit\/#primaryimage","url":"https:\/\/i0.wp.com\/truusk.store\/wp-content\/uploads\/2025\/09\/hundtrappa-3-steg-365-cm-hog-husdjurstrappa-for-sma-hundar-hopfallbar-for-sang-soffa-soffa-bil-kramvit-1.webp?fit=2000%2C2000&ssl=1","contentUrl":"https:\/\/i0.wp.com\/truusk.store\/wp-content\/uploads\/2025\/09\/hundtrappa-3-steg-365-cm-hog-husdjurstrappa-for-sma-hundar-hopfallbar-for-sang-soffa-soffa-bil-kramvit-1.webp?fit=2000%2C2000&ssl=1","width":2000,"height":2000},{"@type":"BreadcrumbList","@id":"https:\/\/truusk.store\/sv\/produkt\/truusk-hundtrappa-3-steg-365-cm-hopfallbar-for-sma-hundar-kramvit\/#breadcrumb","itemListElement":[{"@type":"ListItem","position":1,"name":"Home","item":"https:\/\/truusk.store\/sv\/"},{"@type":"ListItem","position":2,"name":"Shop","item":"https:\/\/truusk.store\/shop\/"},{"@type":"ListItem","position":3,"name":"TRUUSK Hundtrappa 3 Steg 36,5 cm &#8211; Hopf\u00e4llbar &#8211; F\u00f6r Sm\u00e5 Hundar &#8211; Kr\u00e4mvit"}]},{"@type":"WebSite","@id":"https:\/\/truusk.store\/sv\/#website","url":"https:\/\/truusk.store\/sv\/","name":"TRUUSK - Hem, Tr\u00e4dg\u00e5rd & Fritid","description":"","publisher":{"@id":"https:\/\/truusk.store\/sv\/#organization"},"potentialAction":[{"@type":"SearchAction","target":{"@type":"EntryPoint","urlTemplate":"https:\/\/truusk.store\/sv\/?s={search_term_string}"},"query-input":{"@type":"PropertyValueSpecification","valueRequired":true,"valueName":"search_term_string"}}],"inLanguage":"sv-SE"},{"@type":"Organization","@id":"https:\/\/truusk.store\/sv\/#organization","name":"TRUUSK - Hem, Tr\u00e4dg\u00e5rd & Fritid","url":"https:\/\/truusk.store\/sv\/","logo":{"@type":"ImageObject","inLanguage":"sv-SE","@id":"https:\/\/truusk.store\/sv\/#\/schema\/logo\/image\/","url":"https:\/\/i0.wp.com\/truusk.store\/wp-content\/uploads\/2026\/03\/cropped-TRUUSK.png?fit=2032%2C917&ssl=1","contentUrl":"https:\/\/i0.wp.com\/truusk.store\/wp-content\/uploads\/2026\/03\/cropped-TRUUSK.png?fit=2032%2C917&ssl=1","width":2032,"height":917,"caption":"TRUUSK - Hem, Tr\u00e4dg\u00e5rd & Fritid"},"image":{"@id":"https:\/\/truusk.store\/sv\/#\/schema\/logo\/image\/"}}]}},"jetpack_sharing_enabled":true,"_links":{"self":[{"href":"https:\/\/truusk.store\/sv\/wp-json\/wp\/v2\/product\/91912","targetHints":{"allow":["GET"]}}],"collection":[{"href":"https:\/\/truusk.store\/sv\/wp-json\/wp\/v2\/product"}],"about":[{"href":"https:\/\/truusk.store\/sv\/wp-json\/wp\/v2\/types\/product"}],"wp:featuredmedia":[{"embeddable":true,"href":"https:\/\/truusk.store\/sv\/wp-json\/wp\/v2\/media\/91899"}],"wp:attachment":[{"href":"https:\/\/truusk.store\/sv\/wp-json\/wp\/v2\/media?parent=91912"}],"wp:term":[{"taxonomy":"product_brand","embeddable":true,"href":"https:\/\/truusk.store\/sv\/wp-json\/wp\/v2\/product_brand?post=91912"},{"taxonomy":"product_cat","embeddable":true,"href":"https:\/\/truusk.store\/sv\/wp-json\/wp\/v2\/product_cat?post=91912"},{"taxonomy":"product_tag","embeddable":true,"href":"https:\/\/truusk.store\/sv\/wp-json\/wp\/v2\/product_tag?post=91912"}],"curies":[{"name":"wp","href":"https:\/\/api.w.org\/{rel}","templated":true}]}}