{"id":91918,"date":"2025-09-23T06:42:27","date_gmt":"2025-09-23T05:42:27","guid":{"rendered":"https:\/\/truusk.store\/product\/elektrisk-barnbil-12v-elbil-audi-e-tron-med-fjarrkontroll-sakerhetsbalte-for-3-5-ar\/"},"modified":"2026-03-12T08:50:52","modified_gmt":"2026-03-12T07:50:52","slug":"truusk-elektrisk-barnbil-12v-audi-e-tron-med-fjarrkontroll-sakerhetsbalte-for-3-5-ar","status":"publish","type":"product","link":"https:\/\/truusk.store\/sv\/produkt\/truusk-elektrisk-barnbil-12v-audi-e-tron-med-fjarrkontroll-sakerhetsbalte-for-3-5-ar\/","title":{"rendered":"TRUUSK Elektrisk Barnbil 12V Audi E-tron &#8211; Med Fj\u00e4rrkontroll &#8211; S\u00e4kerhetsb\u00e4lte &#8211; F\u00f6r 3-5 \u00e5r"},"content":{"rendered":"<p>Ge ditt barn den oj\u00e4mf\u00f6rliga gl\u00e4djen att k\u00f6ra en sportbil sj\u00e4lv! Denna elektriska bil k\u00f6r upp till 5 km\/h och \u00e4r n\u00e4stan som en riktig sportbil: med fungerande str\u00e5lkastare, en musikspelare, samt ett ratt med horn, s\u00e5 att dina barn kan \u00f6va p\u00e5 att k\u00f6ra och l\u00e4ra sig trafikreglerna p\u00e5 ett lekfullt s\u00e4tt. Tack vare s\u00e4kerhetsb\u00e4ltet och de extra breda, sl\u00e4ta hjulen, kommer ditt barn att uppleva en s\u00e4ker och s\u00e4rskilt mjuk, f\u00f6rsta k\u00f6rning.<\/p>\n<p>Beskrivning:<\/p>\n<ul>\n<li> Fantastisk utrustning: horn, musik, LED-str\u00e5lkastare, bakljus och str\u00f6mlinjeformad design<\/li>\n<li> Justerbar hastighet fr\u00e5n 3 till 5 km\/h<\/li>\n<li> Extra breda d\u00e4ck, fyra-hjuls fj\u00e4dring f\u00f6r s\u00e4ker och mjuk k\u00f6rning<\/li>\n<li> 12V dubbelmotor, 45 minuters kontinuerlig drift med en enda laddning<\/li>\n<li> Inkluderar instruktioner och fj\u00e4rrkontroll, s\u00e5 att barn eller f\u00f6r\u00e4ldrar kan styra fordonet<\/li>\n<li> USB-, MP3- och TF-kortplats f\u00f6r musik<\/li>\n<li> Separata knappar f\u00f6r horn och musik f\u00f6r h\u00f6gt och klart ljud<\/li>\n<li> Energivisaren visar hur mycket energi som finns kvar<\/li>\n<\/ul>\n<p> Tekniska data:<\/p>\n<ul>\n<li> F\u00e4rg: Rosa<\/li>\n<li> Material: Plast, st\u00e5l<\/li>\n<li> Totala m\u00e5tt: 108L x 60B x 47H cm<\/li>\n<li> Sitsstorlek: 32L x 19B x 25H cm<\/li>\n<li> Hjulstorlek: \u00d822 x 8B cm<\/li>\n<li> Laddning: 8-12 timmar<\/li>\n<li> Drifttid: 45 minuter (beroende p\u00e5 anv\u00e4ndning)<\/li>\n<li> Hastighet: 3-5 km\/h<\/li>\n<li> Batteri: 12V 4,5AH x 1<\/li>\n<li> Belastningskapacitet: 25 kg<\/li>\n<li> Rekommenderad \u00e5lder: 3 till 5 \u00e5r<\/li>\n<li> Certifierad \u00e5lder: 3 till 8 \u00e5r<\/li>\n<li> Obs: \u00d6vervaka alltid ditt barn under k\u00f6rning. 2 x AAA-batterier ing\u00e5r inte<\/li>\n<\/ul>\n<p>Leveransinneh\u00e5ll:<\/p>\n<ul>\n<li> 1 x Barnfordon<\/li>\n<li> 1 x Instruktioner<\/li>\n<\/ul>\n","protected":false},"excerpt":{"rendered":"<p>Ge ditt barn den oj\u00e4mf\u00f6rliga gl\u00e4djen att k\u00f6ra en sportbil sj\u00e4lv! Denna elektriska bil k\u00f6r upp till 5 km\/h och&#8230;<\/p>\n","protected":false},"featured_media":91905,"template":"","meta":[],"product_brand":[],"product_cat":[880,610,1066],"product_tag":[],"class_list":{"0":"post-91918","1":"product","2":"type-product","3":"status-publish","4":"has-post-thumbnail","6":"product_cat-baby-barn-2","7":"product_cat-barnfordon","8":"product_cat-barns-elbilar","10":"first","11":"instock","12":"sale","13":"taxable","14":"shipping-taxable","15":"purchasable","16":"product-type-simple"},"yoast_head":"<!-- This site is optimized with the Yoast SEO plugin v25.4 - https:\/\/yoast.com\/wordpress\/plugins\/seo\/ -->\n<title>TRUUSK Elektrisk Barnbil 12V Audi E-tron - Med Fj\u00e4rrkontroll - S\u00e4kerhetsb\u00e4lte - F\u00f6r 3-5 \u00e5r - TRUUSK - Hem, Tr\u00e4dg\u00e5rd &amp; Fritid<\/title>\n<meta name=\"robots\" content=\"index, follow, max-snippet:-1, max-image-preview:large, max-video-preview:-1\" \/>\n<link rel=\"canonical\" href=\"https:\/\/truusk.store\/sv\/produkt\/truusk-elektrisk-barnbil-12v-audi-e-tron-med-fjarrkontroll-sakerhetsbalte-for-3-5-ar\/\" \/>\n<meta property=\"og:locale\" content=\"sv_SE\" \/>\n<meta property=\"og:type\" content=\"article\" \/>\n<meta property=\"og:title\" content=\"TRUUSK Elektrisk Barnbil 12V Audi E-tron - Med Fj\u00e4rrkontroll - S\u00e4kerhetsb\u00e4lte - F\u00f6r 3-5 \u00e5r - TRUUSK - Hem, Tr\u00e4dg\u00e5rd &amp; Fritid\" \/>\n<meta property=\"og:description\" content=\"Ge ditt barn den oj\u00e4mf\u00f6rliga gl\u00e4djen att k\u00f6ra en sportbil sj\u00e4lv! Denna elektriska bil k\u00f6r upp till 5 km\/h och...\" \/>\n<meta property=\"og:url\" content=\"https:\/\/truusk.store\/sv\/produkt\/truusk-elektrisk-barnbil-12v-audi-e-tron-med-fjarrkontroll-sakerhetsbalte-for-3-5-ar\/\" \/>\n<meta property=\"og:site_name\" content=\"TRUUSK - Hem, Tr\u00e4dg\u00e5rd &amp; Fritid\" \/>\n<meta property=\"article:modified_time\" content=\"2026-03-12T07:50:52+00:00\" \/>\n<meta property=\"og:image\" content=\"https:\/\/i0.wp.com\/truusk.se\/wp-content\/uploads\/2025\/09\/elektrisk-barnbil-12v-elbil-audi-e-tron-med-fjarrkontroll-sakerhetsbalte-for-3-5-ar-1.webp?fit=2000%2C2000&ssl=1\" \/>\n\t<meta property=\"og:image:width\" content=\"2000\" \/>\n\t<meta property=\"og:image:height\" content=\"2000\" \/>\n\t<meta property=\"og:image:type\" content=\"image\/webp\" \/>\n<meta name=\"twitter:card\" content=\"summary_large_image\" \/>\n<meta name=\"twitter:label1\" content=\"Ber\u00e4knad l\u00e4stid\" \/>\n\t<meta name=\"twitter:data1\" content=\"1 minut\" \/>\n<!-- \/ Yoast SEO plugin. -->","yoast_head_json":{"title":"TRUUSK Elektrisk Barnbil 12V Audi E-tron - Med Fj\u00e4rrkontroll - S\u00e4kerhetsb\u00e4lte - F\u00f6r 3-5 \u00e5r - TRUUSK - Hem, Tr\u00e4dg\u00e5rd &amp; Fritid","robots":{"index":"index","follow":"follow","max-snippet":"max-snippet:-1","max-image-preview":"max-image-preview:large","max-video-preview":"max-video-preview:-1"},"canonical":"https:\/\/truusk.store\/sv\/produkt\/truusk-elektrisk-barnbil-12v-audi-e-tron-med-fjarrkontroll-sakerhetsbalte-for-3-5-ar\/","og_locale":"sv_SE","og_type":"article","og_title":"TRUUSK Elektrisk Barnbil 12V Audi E-tron - Med Fj\u00e4rrkontroll - S\u00e4kerhetsb\u00e4lte - F\u00f6r 3-5 \u00e5r - TRUUSK - Hem, Tr\u00e4dg\u00e5rd &amp; Fritid","og_description":"Ge ditt barn den oj\u00e4mf\u00f6rliga gl\u00e4djen att k\u00f6ra en sportbil sj\u00e4lv! Denna elektriska bil k\u00f6r upp till 5 km\/h och...","og_url":"https:\/\/truusk.store\/sv\/produkt\/truusk-elektrisk-barnbil-12v-audi-e-tron-med-fjarrkontroll-sakerhetsbalte-for-3-5-ar\/","og_site_name":"TRUUSK - Hem, Tr\u00e4dg\u00e5rd &amp; Fritid","article_modified_time":"2026-03-12T07:50:52+00:00","og_image":[{"width":2000,"height":2000,"url":"https:\/\/i0.wp.com\/truusk.se\/wp-content\/uploads\/2025\/09\/elektrisk-barnbil-12v-elbil-audi-e-tron-med-fjarrkontroll-sakerhetsbalte-for-3-5-ar-1.webp?fit=2000%2C2000&ssl=1","type":"image\/webp"}],"twitter_card":"summary_large_image","twitter_misc":{"Ber\u00e4knad l\u00e4stid":"1 minut"},"schema":{"@context":"https:\/\/schema.org","@graph":[{"@type":"WebPage","@id":"https:\/\/truusk.store\/sv\/produkt\/truusk-elektrisk-barnbil-12v-audi-e-tron-med-fjarrkontroll-sakerhetsbalte-for-3-5-ar\/","url":"https:\/\/truusk.store\/sv\/produkt\/truusk-elektrisk-barnbil-12v-audi-e-tron-med-fjarrkontroll-sakerhetsbalte-for-3-5-ar\/","name":"TRUUSK Elektrisk Barnbil 12V Audi E-tron - Med Fj\u00e4rrkontroll - S\u00e4kerhetsb\u00e4lte - F\u00f6r 3-5 \u00e5r - TRUUSK - Hem, Tr\u00e4dg\u00e5rd &amp; Fritid","isPartOf":{"@id":"https:\/\/truusk.store\/sv\/#website"},"primaryImageOfPage":{"@id":"https:\/\/truusk.store\/sv\/produkt\/truusk-elektrisk-barnbil-12v-audi-e-tron-med-fjarrkontroll-sakerhetsbalte-for-3-5-ar\/#primaryimage"},"image":{"@id":"https:\/\/truusk.store\/sv\/produkt\/truusk-elektrisk-barnbil-12v-audi-e-tron-med-fjarrkontroll-sakerhetsbalte-for-3-5-ar\/#primaryimage"},"thumbnailUrl":"https:\/\/i0.wp.com\/truusk.store\/wp-content\/uploads\/2025\/09\/elektrisk-barnbil-12v-elbil-audi-e-tron-med-fjarrkontroll-sakerhetsbalte-for-3-5-ar-1.webp?fit=2000%2C2000&ssl=1","datePublished":"2025-09-23T05:42:27+00:00","dateModified":"2026-03-12T07:50:52+00:00","breadcrumb":{"@id":"https:\/\/truusk.store\/sv\/produkt\/truusk-elektrisk-barnbil-12v-audi-e-tron-med-fjarrkontroll-sakerhetsbalte-for-3-5-ar\/#breadcrumb"},"inLanguage":"sv-SE","potentialAction":[{"@type":"ReadAction","target":["https:\/\/truusk.store\/sv\/produkt\/truusk-elektrisk-barnbil-12v-audi-e-tron-med-fjarrkontroll-sakerhetsbalte-for-3-5-ar\/"]}]},{"@type":"ImageObject","inLanguage":"sv-SE","@id":"https:\/\/truusk.store\/sv\/produkt\/truusk-elektrisk-barnbil-12v-audi-e-tron-med-fjarrkontroll-sakerhetsbalte-for-3-5-ar\/#primaryimage","url":"https:\/\/i0.wp.com\/truusk.store\/wp-content\/uploads\/2025\/09\/elektrisk-barnbil-12v-elbil-audi-e-tron-med-fjarrkontroll-sakerhetsbalte-for-3-5-ar-1.webp?fit=2000%2C2000&ssl=1","contentUrl":"https:\/\/i0.wp.com\/truusk.store\/wp-content\/uploads\/2025\/09\/elektrisk-barnbil-12v-elbil-audi-e-tron-med-fjarrkontroll-sakerhetsbalte-for-3-5-ar-1.webp?fit=2000%2C2000&ssl=1","width":2000,"height":2000},{"@type":"BreadcrumbList","@id":"https:\/\/truusk.store\/sv\/produkt\/truusk-elektrisk-barnbil-12v-audi-e-tron-med-fjarrkontroll-sakerhetsbalte-for-3-5-ar\/#breadcrumb","itemListElement":[{"@type":"ListItem","position":1,"name":"Home","item":"https:\/\/truusk.store\/sv\/"},{"@type":"ListItem","position":2,"name":"Shop","item":"https:\/\/truusk.store\/shop\/"},{"@type":"ListItem","position":3,"name":"TRUUSK Elektrisk Barnbil 12V Audi E-tron &#8211; Med Fj\u00e4rrkontroll &#8211; S\u00e4kerhetsb\u00e4lte &#8211; F\u00f6r 3-5 \u00e5r"}]},{"@type":"WebSite","@id":"https:\/\/truusk.store\/sv\/#website","url":"https:\/\/truusk.store\/sv\/","name":"TRUUSK - Hem, Tr\u00e4dg\u00e5rd & Fritid","description":"","publisher":{"@id":"https:\/\/truusk.store\/sv\/#organization"},"potentialAction":[{"@type":"SearchAction","target":{"@type":"EntryPoint","urlTemplate":"https:\/\/truusk.store\/sv\/?s={search_term_string}"},"query-input":{"@type":"PropertyValueSpecification","valueRequired":true,"valueName":"search_term_string"}}],"inLanguage":"sv-SE"},{"@type":"Organization","@id":"https:\/\/truusk.store\/sv\/#organization","name":"TRUUSK - Hem, Tr\u00e4dg\u00e5rd & Fritid","url":"https:\/\/truusk.store\/sv\/","logo":{"@type":"ImageObject","inLanguage":"sv-SE","@id":"https:\/\/truusk.store\/sv\/#\/schema\/logo\/image\/","url":"https:\/\/i0.wp.com\/truusk.store\/wp-content\/uploads\/2026\/03\/cropped-TRUUSK.png?fit=2032%2C917&ssl=1","contentUrl":"https:\/\/i0.wp.com\/truusk.store\/wp-content\/uploads\/2026\/03\/cropped-TRUUSK.png?fit=2032%2C917&ssl=1","width":2032,"height":917,"caption":"TRUUSK - Hem, Tr\u00e4dg\u00e5rd & Fritid"},"image":{"@id":"https:\/\/truusk.store\/sv\/#\/schema\/logo\/image\/"}}]}},"jetpack_sharing_enabled":true,"_links":{"self":[{"href":"https:\/\/truusk.store\/sv\/wp-json\/wp\/v2\/product\/91918","targetHints":{"allow":["GET"]}}],"collection":[{"href":"https:\/\/truusk.store\/sv\/wp-json\/wp\/v2\/product"}],"about":[{"href":"https:\/\/truusk.store\/sv\/wp-json\/wp\/v2\/types\/product"}],"wp:featuredmedia":[{"embeddable":true,"href":"https:\/\/truusk.store\/sv\/wp-json\/wp\/v2\/media\/91905"}],"wp:attachment":[{"href":"https:\/\/truusk.store\/sv\/wp-json\/wp\/v2\/media?parent=91918"}],"wp:term":[{"taxonomy":"product_brand","embeddable":true,"href":"https:\/\/truusk.store\/sv\/wp-json\/wp\/v2\/product_brand?post=91918"},{"taxonomy":"product_cat","embeddable":true,"href":"https:\/\/truusk.store\/sv\/wp-json\/wp\/v2\/product_cat?post=91918"},{"taxonomy":"product_tag","embeddable":true,"href":"https:\/\/truusk.store\/sv\/wp-json\/wp\/v2\/product_tag?post=91918"}],"curies":[{"name":"wp","href":"https:\/\/api.w.org\/{rel}","templated":true}]}}