{"id":91938,"date":"2025-09-23T06:44:26","date_gmt":"2025-09-23T05:44:26","guid":{"rendered":"https:\/\/truusk.store\/product\/2-delat-set-med-forvaringspallar-pallar-med-lock-rund-fotpall-med-sammet-utseende-36-x-36-x-415-cm-kramvit\/"},"modified":"2026-03-12T08:50:58","modified_gmt":"2026-03-12T07:50:58","slug":"truusk-2-delat-set-med-forvaringspallar-pallar-med-lock-rund-fotpall-med-sammet-utseende-36-x-36-x-415-cm-kramvit","status":"publish","type":"product","link":"https:\/\/truusk.store\/sv\/produkt\/truusk-2-delat-set-med-forvaringspallar-pallar-med-lock-rund-fotpall-med-sammet-utseende-36-x-36-x-415-cm-kramvit\/","title":{"rendered":"TRUUSK 2-delat Set med F\u00f6rvaringspallar &#8211; Pallar med Lock &#8211; Rund Fotpall med Sammet Utseende &#8211; 36 x 36 x 41,5 cm &#8211; Kr\u00e4mvit"},"content":{"rendered":"<p>Lider du av ett \u00f6verbelastat vardagsrum som saknar utrymme och stil? Detta st\u00e4ndiga kaos g\u00f6r ditt hem mer kaotiskt \u00e4n avkopplande. TRUUSK pallsetet \u00e4r den idealiska l\u00f6sningen. Den f\u00f6rskjutna designen av pallen sparar utrymme, medan den st\u00f6rre pallen med f\u00f6rvaringsutrymme diskret f\u00f6rvarar filtar eller andra viktiga saker. Den eleganta veckade designen f\u00f6rb\u00e4ttrar din dekoration och skapar en k\u00e4nsla av strukturerad elegans.<\/p>\n<p>Beskrivning:<\/p>\n<ul>\n<li> Levereras med tv\u00e5 pallar, d\u00e4r den mindre kan f\u00f6rvaras platsbesparande i den st\u00f6rre<\/li>\n<li> Den stora ottomanen erbjuder 34,8L dold f\u00f6rvaring f\u00f6r organisering<\/li>\n<li> Den eleganta veckade designen p\u00e5 pallen med f\u00f6rvaringsutrymme ger varje rum en stilfull touch<\/li>\n<li> H\u00f6g densitet skumvaddering av pallen med f\u00f6rvaringsutrymme ger en bekv\u00e4m sittplats<\/li>\n<li> Robust ram b\u00e4r upp till 120 kg f\u00f6r s\u00e4kert sittande<\/li>\n<li> Filtpads f\u00f6rhindrar repor och minskar buller<\/li>\n<li> Ingen montering kr\u00e4vs<\/li>\n<\/ul>\n<p> Tekniska data:<\/p>\n<ul>\n<li> F\u00e4rg: Kr\u00e4m vit<\/li>\n<li> Material: Sammet (100% polyester), skum, flerskiktsplatta<\/li>\n<li> Totala dimensioner: 36L x 36B x 41,5H cm (Stor), 32L x 32B x 33,5H cm (Liten)<\/li>\n<li> Lagringsdimensioner: 32B x 32T x 34H cm<\/li>\n<li> B\u00e4rkapacitet: 120 kg (varje)<\/li>\n<\/ul>\n<p>Leveransinneh\u00e5ll:<\/p>\n<ul>\n<li> 1 x stor ottoman<\/li>\n<li> 1 x liten ottoman<\/li>\n<li> 1 x handbok<\/li>\n<\/ul>\n","protected":false},"excerpt":{"rendered":"<p>Lider du av ett \u00f6verbelastat vardagsrum som saknar utrymme och stil? Detta st\u00e4ndiga kaos g\u00f6r ditt hem mer kaotiskt \u00e4n&#8230;<\/p>\n","protected":false},"featured_media":91928,"template":"","meta":[],"product_brand":[],"product_cat":[871,944,910],"product_tag":[],"class_list":{"0":"post-91938","1":"product","2":"type-product","3":"status-publish","4":"has-post-thumbnail","6":"product_cat-hus-hem","7":"product_cat-pallar-fotpallar","8":"product_cat-vardagsrum","10":"first","11":"instock","12":"sale","13":"taxable","14":"shipping-taxable","15":"purchasable","16":"product-type-simple"},"yoast_head":"<!-- This site is optimized with the Yoast SEO plugin v25.4 - https:\/\/yoast.com\/wordpress\/plugins\/seo\/ -->\n<title>TRUUSK 2-delat Set med F\u00f6rvaringspallar - Pallar med Lock - Rund Fotpall med Sammet Utseende - 36 x 36 x 41,5 cm - Kr\u00e4mvit - TRUUSK - Hem, Tr\u00e4dg\u00e5rd &amp; Fritid<\/title>\n<meta name=\"robots\" content=\"index, follow, max-snippet:-1, max-image-preview:large, max-video-preview:-1\" \/>\n<link rel=\"canonical\" href=\"https:\/\/truusk.store\/sv\/produkt\/truusk-2-delat-set-med-forvaringspallar-pallar-med-lock-rund-fotpall-med-sammet-utseende-36-x-36-x-415-cm-kramvit\/\" \/>\n<meta property=\"og:locale\" content=\"sv_SE\" \/>\n<meta property=\"og:type\" content=\"article\" \/>\n<meta property=\"og:title\" content=\"TRUUSK 2-delat Set med F\u00f6rvaringspallar - Pallar med Lock - Rund Fotpall med Sammet Utseende - 36 x 36 x 41,5 cm - Kr\u00e4mvit - TRUUSK - Hem, Tr\u00e4dg\u00e5rd &amp; Fritid\" \/>\n<meta property=\"og:description\" content=\"Lider du av ett \u00f6verbelastat vardagsrum som saknar utrymme och stil? Detta st\u00e4ndiga kaos g\u00f6r ditt hem mer kaotiskt \u00e4n...\" \/>\n<meta property=\"og:url\" content=\"https:\/\/truusk.store\/sv\/produkt\/truusk-2-delat-set-med-forvaringspallar-pallar-med-lock-rund-fotpall-med-sammet-utseende-36-x-36-x-415-cm-kramvit\/\" \/>\n<meta property=\"og:site_name\" content=\"TRUUSK - Hem, Tr\u00e4dg\u00e5rd &amp; Fritid\" \/>\n<meta property=\"article:modified_time\" content=\"2026-03-12T07:50:58+00:00\" \/>\n<meta property=\"og:image\" content=\"https:\/\/i0.wp.com\/truusk.se\/wp-content\/uploads\/2025\/09\/2-delat-set-med-forvaringspallar-pallar-med-lock-rund-fotpall-med-sammet-utseende-36-x-36-x-415-cm-kramvit-1.webp?fit=2000%2C2000&ssl=1\" \/>\n\t<meta property=\"og:image:width\" content=\"2000\" \/>\n\t<meta property=\"og:image:height\" content=\"2000\" \/>\n\t<meta property=\"og:image:type\" content=\"image\/webp\" \/>\n<meta name=\"twitter:card\" content=\"summary_large_image\" \/>\n<meta name=\"twitter:label1\" content=\"Ber\u00e4knad l\u00e4stid\" \/>\n\t<meta name=\"twitter:data1\" content=\"1 minut\" \/>\n<!-- \/ Yoast SEO plugin. -->","yoast_head_json":{"title":"TRUUSK 2-delat Set med F\u00f6rvaringspallar - Pallar med Lock - Rund Fotpall med Sammet Utseende - 36 x 36 x 41,5 cm - Kr\u00e4mvit - TRUUSK - Hem, Tr\u00e4dg\u00e5rd &amp; Fritid","robots":{"index":"index","follow":"follow","max-snippet":"max-snippet:-1","max-image-preview":"max-image-preview:large","max-video-preview":"max-video-preview:-1"},"canonical":"https:\/\/truusk.store\/sv\/produkt\/truusk-2-delat-set-med-forvaringspallar-pallar-med-lock-rund-fotpall-med-sammet-utseende-36-x-36-x-415-cm-kramvit\/","og_locale":"sv_SE","og_type":"article","og_title":"TRUUSK 2-delat Set med F\u00f6rvaringspallar - Pallar med Lock - Rund Fotpall med Sammet Utseende - 36 x 36 x 41,5 cm - Kr\u00e4mvit - TRUUSK - Hem, Tr\u00e4dg\u00e5rd &amp; Fritid","og_description":"Lider du av ett \u00f6verbelastat vardagsrum som saknar utrymme och stil? Detta st\u00e4ndiga kaos g\u00f6r ditt hem mer kaotiskt \u00e4n...","og_url":"https:\/\/truusk.store\/sv\/produkt\/truusk-2-delat-set-med-forvaringspallar-pallar-med-lock-rund-fotpall-med-sammet-utseende-36-x-36-x-415-cm-kramvit\/","og_site_name":"TRUUSK - Hem, Tr\u00e4dg\u00e5rd &amp; Fritid","article_modified_time":"2026-03-12T07:50:58+00:00","og_image":[{"width":2000,"height":2000,"url":"https:\/\/i0.wp.com\/truusk.se\/wp-content\/uploads\/2025\/09\/2-delat-set-med-forvaringspallar-pallar-med-lock-rund-fotpall-med-sammet-utseende-36-x-36-x-415-cm-kramvit-1.webp?fit=2000%2C2000&ssl=1","type":"image\/webp"}],"twitter_card":"summary_large_image","twitter_misc":{"Ber\u00e4knad l\u00e4stid":"1 minut"},"schema":{"@context":"https:\/\/schema.org","@graph":[{"@type":"WebPage","@id":"https:\/\/truusk.store\/sv\/produkt\/truusk-2-delat-set-med-forvaringspallar-pallar-med-lock-rund-fotpall-med-sammet-utseende-36-x-36-x-415-cm-kramvit\/","url":"https:\/\/truusk.store\/sv\/produkt\/truusk-2-delat-set-med-forvaringspallar-pallar-med-lock-rund-fotpall-med-sammet-utseende-36-x-36-x-415-cm-kramvit\/","name":"TRUUSK 2-delat Set med F\u00f6rvaringspallar - Pallar med Lock - Rund Fotpall med Sammet Utseende - 36 x 36 x 41,5 cm - Kr\u00e4mvit - TRUUSK - Hem, Tr\u00e4dg\u00e5rd &amp; Fritid","isPartOf":{"@id":"https:\/\/truusk.store\/sv\/#website"},"primaryImageOfPage":{"@id":"https:\/\/truusk.store\/sv\/produkt\/truusk-2-delat-set-med-forvaringspallar-pallar-med-lock-rund-fotpall-med-sammet-utseende-36-x-36-x-415-cm-kramvit\/#primaryimage"},"image":{"@id":"https:\/\/truusk.store\/sv\/produkt\/truusk-2-delat-set-med-forvaringspallar-pallar-med-lock-rund-fotpall-med-sammet-utseende-36-x-36-x-415-cm-kramvit\/#primaryimage"},"thumbnailUrl":"https:\/\/i0.wp.com\/truusk.store\/wp-content\/uploads\/2025\/09\/2-delat-set-med-forvaringspallar-pallar-med-lock-rund-fotpall-med-sammet-utseende-36-x-36-x-415-cm-kramvit-1.webp?fit=2000%2C2000&ssl=1","datePublished":"2025-09-23T05:44:26+00:00","dateModified":"2026-03-12T07:50:58+00:00","breadcrumb":{"@id":"https:\/\/truusk.store\/sv\/produkt\/truusk-2-delat-set-med-forvaringspallar-pallar-med-lock-rund-fotpall-med-sammet-utseende-36-x-36-x-415-cm-kramvit\/#breadcrumb"},"inLanguage":"sv-SE","potentialAction":[{"@type":"ReadAction","target":["https:\/\/truusk.store\/sv\/produkt\/truusk-2-delat-set-med-forvaringspallar-pallar-med-lock-rund-fotpall-med-sammet-utseende-36-x-36-x-415-cm-kramvit\/"]}]},{"@type":"ImageObject","inLanguage":"sv-SE","@id":"https:\/\/truusk.store\/sv\/produkt\/truusk-2-delat-set-med-forvaringspallar-pallar-med-lock-rund-fotpall-med-sammet-utseende-36-x-36-x-415-cm-kramvit\/#primaryimage","url":"https:\/\/i0.wp.com\/truusk.store\/wp-content\/uploads\/2025\/09\/2-delat-set-med-forvaringspallar-pallar-med-lock-rund-fotpall-med-sammet-utseende-36-x-36-x-415-cm-kramvit-1.webp?fit=2000%2C2000&ssl=1","contentUrl":"https:\/\/i0.wp.com\/truusk.store\/wp-content\/uploads\/2025\/09\/2-delat-set-med-forvaringspallar-pallar-med-lock-rund-fotpall-med-sammet-utseende-36-x-36-x-415-cm-kramvit-1.webp?fit=2000%2C2000&ssl=1","width":2000,"height":2000},{"@type":"BreadcrumbList","@id":"https:\/\/truusk.store\/sv\/produkt\/truusk-2-delat-set-med-forvaringspallar-pallar-med-lock-rund-fotpall-med-sammet-utseende-36-x-36-x-415-cm-kramvit\/#breadcrumb","itemListElement":[{"@type":"ListItem","position":1,"name":"Home","item":"https:\/\/truusk.store\/sv\/"},{"@type":"ListItem","position":2,"name":"Shop","item":"https:\/\/truusk.store\/shop\/"},{"@type":"ListItem","position":3,"name":"TRUUSK 2-delat Set med F\u00f6rvaringspallar &#8211; Pallar med Lock &#8211; Rund Fotpall med Sammet Utseende &#8211; 36 x 36 x 41,5 cm &#8211; Kr\u00e4mvit"}]},{"@type":"WebSite","@id":"https:\/\/truusk.store\/sv\/#website","url":"https:\/\/truusk.store\/sv\/","name":"TRUUSK - Hem, Tr\u00e4dg\u00e5rd & Fritid","description":"","publisher":{"@id":"https:\/\/truusk.store\/sv\/#organization"},"potentialAction":[{"@type":"SearchAction","target":{"@type":"EntryPoint","urlTemplate":"https:\/\/truusk.store\/sv\/?s={search_term_string}"},"query-input":{"@type":"PropertyValueSpecification","valueRequired":true,"valueName":"search_term_string"}}],"inLanguage":"sv-SE"},{"@type":"Organization","@id":"https:\/\/truusk.store\/sv\/#organization","name":"TRUUSK - Hem, Tr\u00e4dg\u00e5rd & Fritid","url":"https:\/\/truusk.store\/sv\/","logo":{"@type":"ImageObject","inLanguage":"sv-SE","@id":"https:\/\/truusk.store\/sv\/#\/schema\/logo\/image\/","url":"https:\/\/i0.wp.com\/truusk.store\/wp-content\/uploads\/2026\/03\/cropped-TRUUSK.png?fit=2032%2C917&ssl=1","contentUrl":"https:\/\/i0.wp.com\/truusk.store\/wp-content\/uploads\/2026\/03\/cropped-TRUUSK.png?fit=2032%2C917&ssl=1","width":2032,"height":917,"caption":"TRUUSK - Hem, Tr\u00e4dg\u00e5rd & Fritid"},"image":{"@id":"https:\/\/truusk.store\/sv\/#\/schema\/logo\/image\/"}}]}},"jetpack_sharing_enabled":true,"_links":{"self":[{"href":"https:\/\/truusk.store\/sv\/wp-json\/wp\/v2\/product\/91938","targetHints":{"allow":["GET"]}}],"collection":[{"href":"https:\/\/truusk.store\/sv\/wp-json\/wp\/v2\/product"}],"about":[{"href":"https:\/\/truusk.store\/sv\/wp-json\/wp\/v2\/types\/product"}],"wp:featuredmedia":[{"embeddable":true,"href":"https:\/\/truusk.store\/sv\/wp-json\/wp\/v2\/media\/91928"}],"wp:attachment":[{"href":"https:\/\/truusk.store\/sv\/wp-json\/wp\/v2\/media?parent=91938"}],"wp:term":[{"taxonomy":"product_brand","embeddable":true,"href":"https:\/\/truusk.store\/sv\/wp-json\/wp\/v2\/product_brand?post=91938"},{"taxonomy":"product_cat","embeddable":true,"href":"https:\/\/truusk.store\/sv\/wp-json\/wp\/v2\/product_cat?post=91938"},{"taxonomy":"product_tag","embeddable":true,"href":"https:\/\/truusk.store\/sv\/wp-json\/wp\/v2\/product_tag?post=91938"}],"curies":[{"name":"wp","href":"https:\/\/api.w.org\/{rel}","templated":true}]}}