{"id":91990,"date":"2025-09-23T06:50:02","date_gmt":"2025-09-23T05:50:02","guid":{"rendered":"https:\/\/truusk.store\/product\/kattrum-klostrad-med-2-nivaer-hoppplattform-utsiktspunkt-klosmatta-for-vila-och-lek-beige\/"},"modified":"2026-03-12T08:52:26","modified_gmt":"2026-03-12T07:52:26","slug":"truusk-kattrum-med-2-nivaer-hoppplattform-utsiktspunkt-klosmatta-beige","status":"publish","type":"product","link":"https:\/\/truusk.store\/sv\/produkt\/truusk-kattrum-med-2-nivaer-hoppplattform-utsiktspunkt-klosmatta-beige\/","title":{"rendered":"TRUUSK Kattrum med 2 niv\u00e5er &#8211; Hoppplattform &#8211; Utsiktspunkt &#8211; Kl\u00f6smatta &#8211; Beige"},"content":{"rendered":"<p>K\u00e4nner du dig hj\u00e4lpl\u00f6s p\u00e5 grund av din katts r\u00e4dsla och kl\u00f6sande, medan dina m\u00f6bler ligger i trasor? F\u00f6rest\u00e4ll dig ett hem d\u00e4r din soffa f\u00f6rblir intakt och din katt k\u00e4nner sig trygg. TRUUSK katttunna erbjuder tv\u00e5 grottor. Varje niv\u00e5 av katttornet \u00e4r utrustat med mjuka plyschkuddar och sidorna kl\u00e4dda med sisal m\u00f6jligg\u00f6r omfattande kl\u00f6sande utan att skada din inredning.<\/p>\n<p>Beskrivning:<\/p>\n<ul>\n<li> Har en tv\u00e5v\u00e5nings kattgrotta som tillfredsst\u00e4ller din katts utforskningslust<\/li>\n<li> Robust sisal ytterh\u00f6lje skyddar dina m\u00f6bler fr\u00e5n kl\u00f6sskador<\/li>\n<li> T\u00e4ckt med mjukt plyschtyg, erbjuder en varm och mysig tillflyktsort<\/li>\n<li> Inneh\u00e5ller en hoppplattform f\u00f6r enkel kl\u00e4ttring och en bra utsiktspunkt<\/li>\n<li> En stor \u00d859 cm bas av kl\u00f6stunnan ger stabilitet, \u00e4ven f\u00f6r de mest aktiva katterna<\/li>\n<li> Stilren design passar s\u00f6ml\u00f6st in i alla inredningar<\/li>\n<li> Dess kompakta, raka design av katttunnan \u00e4r idealisk f\u00f6r att spara utrymme i sm\u00e5 rum<\/li>\n<li> Montering kr\u00e4vs<\/li>\n<\/ul>\n<p> Tekniska data:<\/p>\n<ul>\n<li> F\u00e4rg: Beige+Brun<\/li>\n<li> Material: Sp\u00e5nskiva, plysch (100% polyester), sisal<\/li>\n<li> Totala dimensioner: 60L x 60B x 61H cm<\/li>\n<li> Kattstugans dimensioner: \u00d835 x 59,5H cm<\/li>\n<li> D\u00f6rrstorlek p\u00e5 kattstugan: 17,5B x 19,5H cm<\/li>\n<li> Plattformsstorlek: 30L x 18B cm<\/li>\n<li> M\u00e5tt p\u00e5 den \u00f6vre liggytan: \u00d835 x 2H cm<\/li>\n<li> Stolpdiameter: \u00d87,1 cm<\/li>\n<li> Basdimensioner: \u00d859 cm<\/li>\n<li> Rekommenderad kattvikt: 5 kg<\/li>\n<\/ul>\n<p>Leverans inneh\u00e5ller:<\/p>\n<ul>\n<li> 1 x Katttunna<\/li>\n<li> 1 x Plattform<\/li>\n<li> 1 x Katts\u00e4ng<\/li>\n<li> 1 x Bruksanvisning<\/li>\n<\/ul>\n","protected":false},"excerpt":{"rendered":"<p>K\u00e4nner du dig hj\u00e4lpl\u00f6s p\u00e5 grund av din katts r\u00e4dsla och kl\u00f6sande, medan dina m\u00f6bler ligger i trasor? F\u00f6rest\u00e4ll dig&#8230;<\/p>\n","protected":false},"featured_media":91979,"template":"","meta":[],"product_brand":[],"product_cat":[895,588,879],"product_tag":[],"class_list":{"0":"post-91990","1":"product","2":"type-product","3":"status-publish","4":"has-post-thumbnail","6":"product_cat-djurutrustning","7":"product_cat-katttillbehor","8":"product_cat-klostrad","10":"first","11":"instock","12":"sale","13":"taxable","14":"shipping-taxable","15":"purchasable","16":"product-type-simple"},"yoast_head":"<!-- This site is optimized with the Yoast SEO plugin v25.4 - https:\/\/yoast.com\/wordpress\/plugins\/seo\/ -->\n<title>TRUUSK Kattrum med 2 niv\u00e5er - Hoppplattform - Utsiktspunkt - Kl\u00f6smatta - Beige - TRUUSK - Hem, Tr\u00e4dg\u00e5rd &amp; Fritid<\/title>\n<meta name=\"robots\" content=\"index, follow, max-snippet:-1, max-image-preview:large, max-video-preview:-1\" \/>\n<link rel=\"canonical\" href=\"https:\/\/truusk.store\/sv\/produkt\/truusk-kattrum-med-2-nivaer-hoppplattform-utsiktspunkt-klosmatta-beige\/\" \/>\n<meta property=\"og:locale\" content=\"sv_SE\" \/>\n<meta property=\"og:type\" content=\"article\" \/>\n<meta property=\"og:title\" content=\"TRUUSK Kattrum med 2 niv\u00e5er - Hoppplattform - Utsiktspunkt - Kl\u00f6smatta - Beige - TRUUSK - Hem, Tr\u00e4dg\u00e5rd &amp; Fritid\" \/>\n<meta property=\"og:description\" content=\"K\u00e4nner du dig hj\u00e4lpl\u00f6s p\u00e5 grund av din katts r\u00e4dsla och kl\u00f6sande, medan dina m\u00f6bler ligger i trasor? F\u00f6rest\u00e4ll dig...\" \/>\n<meta property=\"og:url\" content=\"https:\/\/truusk.store\/sv\/produkt\/truusk-kattrum-med-2-nivaer-hoppplattform-utsiktspunkt-klosmatta-beige\/\" \/>\n<meta property=\"og:site_name\" content=\"TRUUSK - Hem, Tr\u00e4dg\u00e5rd &amp; Fritid\" \/>\n<meta property=\"article:modified_time\" content=\"2026-03-12T07:52:26+00:00\" \/>\n<meta property=\"og:image\" content=\"https:\/\/i0.wp.com\/truusk.se\/wp-content\/uploads\/2025\/09\/kattrum-klostrad-med-2-nivaer-hoppplattform-utsiktspunkt-klosmatta-for-vila-och-lek-beige-1.webp?fit=2000%2C2000&ssl=1\" \/>\n\t<meta property=\"og:image:width\" content=\"2000\" \/>\n\t<meta property=\"og:image:height\" content=\"2000\" \/>\n\t<meta property=\"og:image:type\" content=\"image\/webp\" \/>\n<meta name=\"twitter:card\" content=\"summary_large_image\" \/>\n<meta name=\"twitter:label1\" content=\"Ber\u00e4knad l\u00e4stid\" \/>\n\t<meta name=\"twitter:data1\" content=\"1 minut\" \/>\n<!-- \/ Yoast SEO plugin. -->","yoast_head_json":{"title":"TRUUSK Kattrum med 2 niv\u00e5er - Hoppplattform - Utsiktspunkt - Kl\u00f6smatta - Beige - TRUUSK - Hem, Tr\u00e4dg\u00e5rd &amp; Fritid","robots":{"index":"index","follow":"follow","max-snippet":"max-snippet:-1","max-image-preview":"max-image-preview:large","max-video-preview":"max-video-preview:-1"},"canonical":"https:\/\/truusk.store\/sv\/produkt\/truusk-kattrum-med-2-nivaer-hoppplattform-utsiktspunkt-klosmatta-beige\/","og_locale":"sv_SE","og_type":"article","og_title":"TRUUSK Kattrum med 2 niv\u00e5er - Hoppplattform - Utsiktspunkt - Kl\u00f6smatta - Beige - TRUUSK - Hem, Tr\u00e4dg\u00e5rd &amp; Fritid","og_description":"K\u00e4nner du dig hj\u00e4lpl\u00f6s p\u00e5 grund av din katts r\u00e4dsla och kl\u00f6sande, medan dina m\u00f6bler ligger i trasor? F\u00f6rest\u00e4ll dig...","og_url":"https:\/\/truusk.store\/sv\/produkt\/truusk-kattrum-med-2-nivaer-hoppplattform-utsiktspunkt-klosmatta-beige\/","og_site_name":"TRUUSK - Hem, Tr\u00e4dg\u00e5rd &amp; Fritid","article_modified_time":"2026-03-12T07:52:26+00:00","og_image":[{"width":2000,"height":2000,"url":"https:\/\/i0.wp.com\/truusk.se\/wp-content\/uploads\/2025\/09\/kattrum-klostrad-med-2-nivaer-hoppplattform-utsiktspunkt-klosmatta-for-vila-och-lek-beige-1.webp?fit=2000%2C2000&ssl=1","type":"image\/webp"}],"twitter_card":"summary_large_image","twitter_misc":{"Ber\u00e4knad l\u00e4stid":"1 minut"},"schema":{"@context":"https:\/\/schema.org","@graph":[{"@type":"WebPage","@id":"https:\/\/truusk.store\/sv\/produkt\/truusk-kattrum-med-2-nivaer-hoppplattform-utsiktspunkt-klosmatta-beige\/","url":"https:\/\/truusk.store\/sv\/produkt\/truusk-kattrum-med-2-nivaer-hoppplattform-utsiktspunkt-klosmatta-beige\/","name":"TRUUSK Kattrum med 2 niv\u00e5er - Hoppplattform - Utsiktspunkt - Kl\u00f6smatta - Beige - TRUUSK - Hem, Tr\u00e4dg\u00e5rd &amp; Fritid","isPartOf":{"@id":"https:\/\/truusk.store\/sv\/#website"},"primaryImageOfPage":{"@id":"https:\/\/truusk.store\/sv\/produkt\/truusk-kattrum-med-2-nivaer-hoppplattform-utsiktspunkt-klosmatta-beige\/#primaryimage"},"image":{"@id":"https:\/\/truusk.store\/sv\/produkt\/truusk-kattrum-med-2-nivaer-hoppplattform-utsiktspunkt-klosmatta-beige\/#primaryimage"},"thumbnailUrl":"https:\/\/i0.wp.com\/truusk.store\/wp-content\/uploads\/2025\/09\/kattrum-klostrad-med-2-nivaer-hoppplattform-utsiktspunkt-klosmatta-for-vila-och-lek-beige-1.webp?fit=2000%2C2000&ssl=1","datePublished":"2025-09-23T05:50:02+00:00","dateModified":"2026-03-12T07:52:26+00:00","breadcrumb":{"@id":"https:\/\/truusk.store\/sv\/produkt\/truusk-kattrum-med-2-nivaer-hoppplattform-utsiktspunkt-klosmatta-beige\/#breadcrumb"},"inLanguage":"sv-SE","potentialAction":[{"@type":"ReadAction","target":["https:\/\/truusk.store\/sv\/produkt\/truusk-kattrum-med-2-nivaer-hoppplattform-utsiktspunkt-klosmatta-beige\/"]}]},{"@type":"ImageObject","inLanguage":"sv-SE","@id":"https:\/\/truusk.store\/sv\/produkt\/truusk-kattrum-med-2-nivaer-hoppplattform-utsiktspunkt-klosmatta-beige\/#primaryimage","url":"https:\/\/i0.wp.com\/truusk.store\/wp-content\/uploads\/2025\/09\/kattrum-klostrad-med-2-nivaer-hoppplattform-utsiktspunkt-klosmatta-for-vila-och-lek-beige-1.webp?fit=2000%2C2000&ssl=1","contentUrl":"https:\/\/i0.wp.com\/truusk.store\/wp-content\/uploads\/2025\/09\/kattrum-klostrad-med-2-nivaer-hoppplattform-utsiktspunkt-klosmatta-for-vila-och-lek-beige-1.webp?fit=2000%2C2000&ssl=1","width":2000,"height":2000},{"@type":"BreadcrumbList","@id":"https:\/\/truusk.store\/sv\/produkt\/truusk-kattrum-med-2-nivaer-hoppplattform-utsiktspunkt-klosmatta-beige\/#breadcrumb","itemListElement":[{"@type":"ListItem","position":1,"name":"Home","item":"https:\/\/truusk.store\/sv\/"},{"@type":"ListItem","position":2,"name":"Shop","item":"https:\/\/truusk.store\/shop\/"},{"@type":"ListItem","position":3,"name":"TRUUSK Kattrum med 2 niv\u00e5er &#8211; Hoppplattform &#8211; Utsiktspunkt &#8211; Kl\u00f6smatta &#8211; Beige"}]},{"@type":"WebSite","@id":"https:\/\/truusk.store\/sv\/#website","url":"https:\/\/truusk.store\/sv\/","name":"TRUUSK - Hem, Tr\u00e4dg\u00e5rd & Fritid","description":"","publisher":{"@id":"https:\/\/truusk.store\/sv\/#organization"},"potentialAction":[{"@type":"SearchAction","target":{"@type":"EntryPoint","urlTemplate":"https:\/\/truusk.store\/sv\/?s={search_term_string}"},"query-input":{"@type":"PropertyValueSpecification","valueRequired":true,"valueName":"search_term_string"}}],"inLanguage":"sv-SE"},{"@type":"Organization","@id":"https:\/\/truusk.store\/sv\/#organization","name":"TRUUSK - Hem, Tr\u00e4dg\u00e5rd & Fritid","url":"https:\/\/truusk.store\/sv\/","logo":{"@type":"ImageObject","inLanguage":"sv-SE","@id":"https:\/\/truusk.store\/sv\/#\/schema\/logo\/image\/","url":"https:\/\/i0.wp.com\/truusk.store\/wp-content\/uploads\/2026\/03\/cropped-TRUUSK.png?fit=2032%2C917&ssl=1","contentUrl":"https:\/\/i0.wp.com\/truusk.store\/wp-content\/uploads\/2026\/03\/cropped-TRUUSK.png?fit=2032%2C917&ssl=1","width":2032,"height":917,"caption":"TRUUSK - Hem, Tr\u00e4dg\u00e5rd & Fritid"},"image":{"@id":"https:\/\/truusk.store\/sv\/#\/schema\/logo\/image\/"}}]}},"jetpack_sharing_enabled":true,"_links":{"self":[{"href":"https:\/\/truusk.store\/sv\/wp-json\/wp\/v2\/product\/91990","targetHints":{"allow":["GET"]}}],"collection":[{"href":"https:\/\/truusk.store\/sv\/wp-json\/wp\/v2\/product"}],"about":[{"href":"https:\/\/truusk.store\/sv\/wp-json\/wp\/v2\/types\/product"}],"wp:featuredmedia":[{"embeddable":true,"href":"https:\/\/truusk.store\/sv\/wp-json\/wp\/v2\/media\/91979"}],"wp:attachment":[{"href":"https:\/\/truusk.store\/sv\/wp-json\/wp\/v2\/media?parent=91990"}],"wp:term":[{"taxonomy":"product_brand","embeddable":true,"href":"https:\/\/truusk.store\/sv\/wp-json\/wp\/v2\/product_brand?post=91990"},{"taxonomy":"product_cat","embeddable":true,"href":"https:\/\/truusk.store\/sv\/wp-json\/wp\/v2\/product_cat?post=91990"},{"taxonomy":"product_tag","embeddable":true,"href":"https:\/\/truusk.store\/sv\/wp-json\/wp\/v2\/product_tag?post=91990"}],"curies":[{"name":"wp","href":"https:\/\/api.w.org\/{rel}","templated":true}]}}