{"id":91998,"date":"2025-09-23T06:50:36","date_gmt":"2025-09-23T05:50:36","guid":{"rendered":"https:\/\/truusk.store\/product\/klostrad-49-cm-hogt-o355-cm-tvavanings-katttrad-med-plyschkant-klosmatta-2-grottor-khakikaffe\/"},"modified":"2026-03-12T08:52:27","modified_gmt":"2026-03-12T07:52:27","slug":"truusk-katttrad-2-vaningar-plyschkant-klosmatta-2-grottor-khakikaffe","status":"publish","type":"product","link":"https:\/\/truusk.store\/sv\/produkt\/truusk-katttrad-2-vaningar-plyschkant-klosmatta-2-grottor-khakikaffe\/","title":{"rendered":"TRUUSK Katttr\u00e4d &#8211; 2 v\u00e5ningar &#8211; Plyschkant &#8211; Kl\u00f6smatta &#8211; 2 grottor &#8211; Khaki+Kaffe"},"content":{"rendered":"<p>Den h\u00e4r kattrullen fr\u00e5n TRUUSK, \u00f6verdragen med sisal- och sj\u00f6gr\u00e4srep, kommer s\u00e4kert att bli din katts nya favoritplats. Den erbjuder en fantastisk plats att leka, sova och g\u00f6mma sig. \u00d6verd\u00e4cket p\u00e5 kattrullen \u00e4r t\u00e4ckt med mjukt och smidigt material f\u00f6r underbar komfort vid tuppluren.<\/p>\n<p>Beskrivning:<\/p>\n<ul>\n<li> Mjuk plysch p\u00e5 kattrullen ger mysig komfort<\/li>\n<li> Tv\u00e5 grottomr\u00e5den<\/li>\n<li> Kattrullens skrapmatta av sisal och sj\u00f6gr\u00e4s inbjuder till kloslipning<\/li>\n<li> Den robusta lamellstrukturen \u00e4r icke-toxisk och djurv\u00e4nlig<\/li>\n<li> L\u00e4mplig f\u00f6r katter under 4 kg<\/li>\n<\/ul>\n<p> Tekniska data:<\/p>\n<ul>\n<li> F\u00e4rg: Khaki+Kaffe<\/li>\n<li> Material: Sp\u00e5nskiva, plysch (100% polyester), sisal, sj\u00f6gr\u00e4s<\/li>\n<li> Totala m\u00e5tt: 35,5L x 35,5B x 49H cm<\/li>\n<li> Ing\u00e5ngsstorlek: \u00d814 cm<\/li>\n<li> B\u00e4rkapacitet: 20 kg<\/li>\n<\/ul>\n<p>Leveransinneh\u00e5ll:<\/p>\n<ul>\n<li> 1 x Kattrulle<\/li>\n<li> 1 x Instruktioner<\/li>\n<\/ul>\n","protected":false},"excerpt":{"rendered":"<p>Den h\u00e4r kattrullen fr\u00e5n TRUUSK, \u00f6verdragen med sisal- och sj\u00f6gr\u00e4srep, kommer s\u00e4kert att bli din katts nya favoritplats. Den erbjuder&#8230;<\/p>\n","protected":false},"featured_media":91986,"template":"","meta":[],"product_brand":[],"product_cat":[878,588,879],"product_tag":[],"class_list":{"0":"post-91998","1":"product","2":"type-product","3":"status-publish","4":"has-post-thumbnail","6":"product_cat-djurbehov","7":"product_cat-katttillbehor","8":"product_cat-klostrad","10":"first","11":"instock","12":"sale","13":"taxable","14":"shipping-taxable","15":"purchasable","16":"product-type-simple"},"yoast_head":"<!-- This site is optimized with the Yoast SEO plugin v25.4 - https:\/\/yoast.com\/wordpress\/plugins\/seo\/ -->\n<title>TRUUSK Katttr\u00e4d - 2 v\u00e5ningar - Plyschkant - Kl\u00f6smatta - 2 grottor - Khaki+Kaffe - TRUUSK - Hem, Tr\u00e4dg\u00e5rd &amp; Fritid<\/title>\n<meta name=\"robots\" content=\"index, follow, max-snippet:-1, max-image-preview:large, max-video-preview:-1\" \/>\n<link rel=\"canonical\" href=\"https:\/\/truusk.store\/sv\/produkt\/truusk-katttrad-2-vaningar-plyschkant-klosmatta-2-grottor-khakikaffe\/\" \/>\n<meta property=\"og:locale\" content=\"sv_SE\" \/>\n<meta property=\"og:type\" content=\"article\" \/>\n<meta property=\"og:title\" content=\"TRUUSK Katttr\u00e4d - 2 v\u00e5ningar - Plyschkant - Kl\u00f6smatta - 2 grottor - Khaki+Kaffe - TRUUSK - Hem, Tr\u00e4dg\u00e5rd &amp; Fritid\" \/>\n<meta property=\"og:description\" content=\"Den h\u00e4r kattrullen fr\u00e5n TRUUSK, \u00f6verdragen med sisal- och sj\u00f6gr\u00e4srep, kommer s\u00e4kert att bli din katts nya favoritplats. Den erbjuder...\" \/>\n<meta property=\"og:url\" content=\"https:\/\/truusk.store\/sv\/produkt\/truusk-katttrad-2-vaningar-plyschkant-klosmatta-2-grottor-khakikaffe\/\" \/>\n<meta property=\"og:site_name\" content=\"TRUUSK - Hem, Tr\u00e4dg\u00e5rd &amp; Fritid\" \/>\n<meta property=\"article:modified_time\" content=\"2026-03-12T07:52:27+00:00\" \/>\n<meta property=\"og:image\" content=\"https:\/\/i0.wp.com\/truusk.se\/wp-content\/uploads\/2025\/09\/klostrad-49-cm-hogt-o355-cm-tvavanings-katttrad-med-plyschkant-klosmatta-2-grottor-khakikaffe-1.webp?fit=2000%2C2000&ssl=1\" \/>\n\t<meta property=\"og:image:width\" content=\"2000\" \/>\n\t<meta property=\"og:image:height\" content=\"2000\" \/>\n\t<meta property=\"og:image:type\" content=\"image\/webp\" \/>\n<meta name=\"twitter:card\" content=\"summary_large_image\" \/>\n<meta name=\"twitter:label1\" content=\"Ber\u00e4knad l\u00e4stid\" \/>\n\t<meta name=\"twitter:data1\" content=\"1 minut\" \/>\n<!-- \/ Yoast SEO plugin. -->","yoast_head_json":{"title":"TRUUSK Katttr\u00e4d - 2 v\u00e5ningar - Plyschkant - Kl\u00f6smatta - 2 grottor - Khaki+Kaffe - TRUUSK - Hem, Tr\u00e4dg\u00e5rd &amp; Fritid","robots":{"index":"index","follow":"follow","max-snippet":"max-snippet:-1","max-image-preview":"max-image-preview:large","max-video-preview":"max-video-preview:-1"},"canonical":"https:\/\/truusk.store\/sv\/produkt\/truusk-katttrad-2-vaningar-plyschkant-klosmatta-2-grottor-khakikaffe\/","og_locale":"sv_SE","og_type":"article","og_title":"TRUUSK Katttr\u00e4d - 2 v\u00e5ningar - Plyschkant - Kl\u00f6smatta - 2 grottor - Khaki+Kaffe - TRUUSK - Hem, Tr\u00e4dg\u00e5rd &amp; Fritid","og_description":"Den h\u00e4r kattrullen fr\u00e5n TRUUSK, \u00f6verdragen med sisal- och sj\u00f6gr\u00e4srep, kommer s\u00e4kert att bli din katts nya favoritplats. Den erbjuder...","og_url":"https:\/\/truusk.store\/sv\/produkt\/truusk-katttrad-2-vaningar-plyschkant-klosmatta-2-grottor-khakikaffe\/","og_site_name":"TRUUSK - Hem, Tr\u00e4dg\u00e5rd &amp; Fritid","article_modified_time":"2026-03-12T07:52:27+00:00","og_image":[{"width":2000,"height":2000,"url":"https:\/\/i0.wp.com\/truusk.se\/wp-content\/uploads\/2025\/09\/klostrad-49-cm-hogt-o355-cm-tvavanings-katttrad-med-plyschkant-klosmatta-2-grottor-khakikaffe-1.webp?fit=2000%2C2000&ssl=1","type":"image\/webp"}],"twitter_card":"summary_large_image","twitter_misc":{"Ber\u00e4knad l\u00e4stid":"1 minut"},"schema":{"@context":"https:\/\/schema.org","@graph":[{"@type":"WebPage","@id":"https:\/\/truusk.store\/sv\/produkt\/truusk-katttrad-2-vaningar-plyschkant-klosmatta-2-grottor-khakikaffe\/","url":"https:\/\/truusk.store\/sv\/produkt\/truusk-katttrad-2-vaningar-plyschkant-klosmatta-2-grottor-khakikaffe\/","name":"TRUUSK Katttr\u00e4d - 2 v\u00e5ningar - Plyschkant - Kl\u00f6smatta - 2 grottor - Khaki+Kaffe - TRUUSK - Hem, Tr\u00e4dg\u00e5rd &amp; Fritid","isPartOf":{"@id":"https:\/\/truusk.store\/sv\/#website"},"primaryImageOfPage":{"@id":"https:\/\/truusk.store\/sv\/produkt\/truusk-katttrad-2-vaningar-plyschkant-klosmatta-2-grottor-khakikaffe\/#primaryimage"},"image":{"@id":"https:\/\/truusk.store\/sv\/produkt\/truusk-katttrad-2-vaningar-plyschkant-klosmatta-2-grottor-khakikaffe\/#primaryimage"},"thumbnailUrl":"https:\/\/i0.wp.com\/truusk.store\/wp-content\/uploads\/2025\/09\/klostrad-49-cm-hogt-o355-cm-tvavanings-katttrad-med-plyschkant-klosmatta-2-grottor-khakikaffe-1.webp?fit=2000%2C2000&ssl=1","datePublished":"2025-09-23T05:50:36+00:00","dateModified":"2026-03-12T07:52:27+00:00","breadcrumb":{"@id":"https:\/\/truusk.store\/sv\/produkt\/truusk-katttrad-2-vaningar-plyschkant-klosmatta-2-grottor-khakikaffe\/#breadcrumb"},"inLanguage":"sv-SE","potentialAction":[{"@type":"ReadAction","target":["https:\/\/truusk.store\/sv\/produkt\/truusk-katttrad-2-vaningar-plyschkant-klosmatta-2-grottor-khakikaffe\/"]}]},{"@type":"ImageObject","inLanguage":"sv-SE","@id":"https:\/\/truusk.store\/sv\/produkt\/truusk-katttrad-2-vaningar-plyschkant-klosmatta-2-grottor-khakikaffe\/#primaryimage","url":"https:\/\/i0.wp.com\/truusk.store\/wp-content\/uploads\/2025\/09\/klostrad-49-cm-hogt-o355-cm-tvavanings-katttrad-med-plyschkant-klosmatta-2-grottor-khakikaffe-1.webp?fit=2000%2C2000&ssl=1","contentUrl":"https:\/\/i0.wp.com\/truusk.store\/wp-content\/uploads\/2025\/09\/klostrad-49-cm-hogt-o355-cm-tvavanings-katttrad-med-plyschkant-klosmatta-2-grottor-khakikaffe-1.webp?fit=2000%2C2000&ssl=1","width":2000,"height":2000},{"@type":"BreadcrumbList","@id":"https:\/\/truusk.store\/sv\/produkt\/truusk-katttrad-2-vaningar-plyschkant-klosmatta-2-grottor-khakikaffe\/#breadcrumb","itemListElement":[{"@type":"ListItem","position":1,"name":"Home","item":"https:\/\/truusk.store\/sv\/"},{"@type":"ListItem","position":2,"name":"Shop","item":"https:\/\/truusk.store\/shop\/"},{"@type":"ListItem","position":3,"name":"TRUUSK Katttr\u00e4d &#8211; 2 v\u00e5ningar &#8211; Plyschkant &#8211; Kl\u00f6smatta &#8211; 2 grottor &#8211; Khaki+Kaffe"}]},{"@type":"WebSite","@id":"https:\/\/truusk.store\/sv\/#website","url":"https:\/\/truusk.store\/sv\/","name":"TRUUSK - Hem, Tr\u00e4dg\u00e5rd & Fritid","description":"","publisher":{"@id":"https:\/\/truusk.store\/sv\/#organization"},"potentialAction":[{"@type":"SearchAction","target":{"@type":"EntryPoint","urlTemplate":"https:\/\/truusk.store\/sv\/?s={search_term_string}"},"query-input":{"@type":"PropertyValueSpecification","valueRequired":true,"valueName":"search_term_string"}}],"inLanguage":"sv-SE"},{"@type":"Organization","@id":"https:\/\/truusk.store\/sv\/#organization","name":"TRUUSK - Hem, Tr\u00e4dg\u00e5rd & Fritid","url":"https:\/\/truusk.store\/sv\/","logo":{"@type":"ImageObject","inLanguage":"sv-SE","@id":"https:\/\/truusk.store\/sv\/#\/schema\/logo\/image\/","url":"https:\/\/i0.wp.com\/truusk.store\/wp-content\/uploads\/2026\/03\/cropped-TRUUSK.png?fit=2032%2C917&ssl=1","contentUrl":"https:\/\/i0.wp.com\/truusk.store\/wp-content\/uploads\/2026\/03\/cropped-TRUUSK.png?fit=2032%2C917&ssl=1","width":2032,"height":917,"caption":"TRUUSK - Hem, Tr\u00e4dg\u00e5rd & Fritid"},"image":{"@id":"https:\/\/truusk.store\/sv\/#\/schema\/logo\/image\/"}}]}},"jetpack_sharing_enabled":true,"_links":{"self":[{"href":"https:\/\/truusk.store\/sv\/wp-json\/wp\/v2\/product\/91998","targetHints":{"allow":["GET"]}}],"collection":[{"href":"https:\/\/truusk.store\/sv\/wp-json\/wp\/v2\/product"}],"about":[{"href":"https:\/\/truusk.store\/sv\/wp-json\/wp\/v2\/types\/product"}],"wp:featuredmedia":[{"embeddable":true,"href":"https:\/\/truusk.store\/sv\/wp-json\/wp\/v2\/media\/91986"}],"wp:attachment":[{"href":"https:\/\/truusk.store\/sv\/wp-json\/wp\/v2\/media?parent=91998"}],"wp:term":[{"taxonomy":"product_brand","embeddable":true,"href":"https:\/\/truusk.store\/sv\/wp-json\/wp\/v2\/product_brand?post=91998"},{"taxonomy":"product_cat","embeddable":true,"href":"https:\/\/truusk.store\/sv\/wp-json\/wp\/v2\/product_cat?post=91998"},{"taxonomy":"product_tag","embeddable":true,"href":"https:\/\/truusk.store\/sv\/wp-json\/wp\/v2\/product_tag?post=91998"}],"curies":[{"name":"wp","href":"https:\/\/api.w.org\/{rel}","templated":true}]}}