{"id":9201,"date":"2024-02-13T09:38:24","date_gmt":"2024-02-13T08:38:24","guid":{"rendered":"https:\/\/truusk.store\/product\/golvlampa-golvlampa-golvlampa-2-delad-glasskarm-stal-glas-39-x-28-x-165cm-guld-vit\/"},"modified":"2026-03-12T08:55:57","modified_gmt":"2026-03-12T07:55:57","slug":"truusk-golvstaende-lampa-2-delad-glaslampskarm-stal-glas-39-x-28-x-165cm-guld-vit","status":"publish","type":"product","link":"https:\/\/truusk.store\/sv\/produkt\/truusk-golvstaende-lampa-2-delad-glaslampskarm-stal-glas-39-x-28-x-165cm-guld-vit\/","title":{"rendered":"TRUUSK Golvst\u00e5ende Lampa 2-delad Glaslampsk\u00e4rm &#8211; St\u00e5l + Glas &#8211; 39 x 28 x 165cm (Guld + Vit)"},"content":{"rendered":"<p>V\u00e5r golvlampa ser v\u00e4ldigt enkel och modern ut. Huvudfunktionen \u00e4r en 2-delad lampsk\u00e4rm av glas, var och en v\u00e4nd mot olika riktningar. Den maximala belysningen av hela rummet har ingen d\u00f6d vinkel, s\u00e5 det \u00e4r mycket praktiskt. Huvudmasten best\u00e5r av 4 sektioner vilket g\u00f6r f\u00f6rpacknings- och transportvolymen mycket liten. Golvlampan \u00e4r mycket l\u00e4mplig f\u00f6r vardagsrum, matsal, sovrum och andra inomhustillf\u00e4llen f\u00f6r att skapa en mysig atmosf\u00e4r. Vi tror att du kommer att bli n\u00f6jd med v\u00e5ra produkter.<\/p>\n<h3>Beskrivning:<\/h3>\n<ul>\n<li>2-delad glassk\u00e4rm, var och en riktad \u00e5t olika h\u00e5ll<\/li>\n<li>Kan maximera belysningen av hela rummet utan d\u00f6da vinklar<\/li>\n<li>Den runda metallbasen i botten s\u00e4kerst\u00e4ller en stabil placering av produkten<\/li>\n<li>Huvudstolpen i mitten best\u00e5r av 4 sektioner av ljusstolpar<\/li>\n<li>L\u00e4mplig f\u00f6r alla tillf\u00e4llen, sovrum, vardagsrum och arbetsrum<\/li>\n<li>OBS: Gl\u00f6dlampa ing\u00e5r ej.<\/li>\n<\/ul>\n<h3>Teknisk data:<\/h3>\n<ul>\n<li>F\u00e4rg: Gyllene, Vit<\/li>\n<li>Material: Sthal, glas<\/li>\n<li>\u00d6vergripande m\u00e5tt: 39L x 28W x 165H cm<\/li>\n<li>Lampsk\u00e4rmens m\u00e5tt: 37 cm<\/li>\n<li>Basstorlek: 28 x 3,5H cm<\/li>\n<li>2 E27 lampfot (utan gl\u00f6dlampa)<\/li>\n<li>Ljusstolpem\u00e5tt: 1,9 x 40,5H cm<\/li>\n<li>Insp\u00e4nning: 230V\/50Hz<\/li>\n<li>Effekt: 40W<\/li>\n<li>Certifiering: CE-EMC, LVD, ROHS<\/li>\n<\/ul>\n<h3>Leveransens omfattning:<\/h3>\n<ul>\n<li>1 x golvlampa<\/li>\n<li>1 x Installationsguide<\/li>\n<\/ul>\n","protected":false},"excerpt":{"rendered":"<p>V\u00e5r golvlampa ser v\u00e4ldigt enkel och modern ut. Huvudfunktionen \u00e4r en 2-delad lampsk\u00e4rm av glas, var och en v\u00e4nd mot&#8230;<\/p>\n","protected":false},"featured_media":9202,"template":"","meta":[],"product_brand":[],"product_cat":[486,488,485],"product_tag":[],"class_list":{"0":"post-9201","1":"product","2":"type-product","3":"status-publish","4":"has-post-thumbnail","6":"product_cat-belysning","7":"product_cat-golv-och-bordslampor","8":"product_cat-hus-bo","10":"first","11":"instock","12":"sale","13":"taxable","14":"shipping-taxable","15":"purchasable","16":"product-type-simple"},"yoast_head":"<!-- This site is optimized with the Yoast SEO plugin v25.4 - https:\/\/yoast.com\/wordpress\/plugins\/seo\/ -->\n<title>TRUUSK Golvst\u00e5ende Lampa 2-delad Glaslampsk\u00e4rm - St\u00e5l + Glas - 39 x 28 x 165cm (Guld + Vit) - TRUUSK - Hem, Tr\u00e4dg\u00e5rd &amp; Fritid<\/title>\n<meta name=\"robots\" content=\"index, follow, max-snippet:-1, max-image-preview:large, max-video-preview:-1\" \/>\n<link rel=\"canonical\" href=\"https:\/\/truusk.store\/sv\/produkt\/truusk-golvstaende-lampa-2-delad-glaslampskarm-stal-glas-39-x-28-x-165cm-guld-vit\/\" \/>\n<meta property=\"og:locale\" content=\"sv_SE\" \/>\n<meta property=\"og:type\" content=\"article\" \/>\n<meta property=\"og:title\" content=\"TRUUSK Golvst\u00e5ende Lampa 2-delad Glaslampsk\u00e4rm - St\u00e5l + Glas - 39 x 28 x 165cm (Guld + Vit) - TRUUSK - Hem, Tr\u00e4dg\u00e5rd &amp; Fritid\" \/>\n<meta property=\"og:description\" content=\"V\u00e5r golvlampa ser v\u00e4ldigt enkel och modern ut. Huvudfunktionen \u00e4r en 2-delad lampsk\u00e4rm av glas, var och en v\u00e4nd mot...\" \/>\n<meta property=\"og:url\" content=\"https:\/\/truusk.store\/sv\/produkt\/truusk-golvstaende-lampa-2-delad-glaslampskarm-stal-glas-39-x-28-x-165cm-guld-vit\/\" \/>\n<meta property=\"og:site_name\" content=\"TRUUSK - Hem, Tr\u00e4dg\u00e5rd &amp; Fritid\" \/>\n<meta property=\"article:modified_time\" content=\"2026-03-12T07:55:57+00:00\" \/>\n<meta property=\"og:image\" content=\"https:\/\/i0.wp.com\/truusk.se\/wp-content\/uploads\/2024\/02\/golvlampa-golvlampa-golvlampa-2-delad-glasskarm-stal-glas-39-x-28-x-165cm-guld-vit.webp?fit=800%2C800&ssl=1\" \/>\n\t<meta property=\"og:image:width\" content=\"800\" \/>\n\t<meta property=\"og:image:height\" content=\"800\" \/>\n\t<meta property=\"og:image:type\" content=\"image\/webp\" \/>\n<meta name=\"twitter:card\" content=\"summary_large_image\" \/>\n<meta name=\"twitter:label1\" content=\"Ber\u00e4knad l\u00e4stid\" \/>\n\t<meta name=\"twitter:data1\" content=\"1 minut\" \/>\n<!-- \/ Yoast SEO plugin. -->","yoast_head_json":{"title":"TRUUSK Golvst\u00e5ende Lampa 2-delad Glaslampsk\u00e4rm - St\u00e5l + Glas - 39 x 28 x 165cm (Guld + Vit) - TRUUSK - Hem, Tr\u00e4dg\u00e5rd &amp; Fritid","robots":{"index":"index","follow":"follow","max-snippet":"max-snippet:-1","max-image-preview":"max-image-preview:large","max-video-preview":"max-video-preview:-1"},"canonical":"https:\/\/truusk.store\/sv\/produkt\/truusk-golvstaende-lampa-2-delad-glaslampskarm-stal-glas-39-x-28-x-165cm-guld-vit\/","og_locale":"sv_SE","og_type":"article","og_title":"TRUUSK Golvst\u00e5ende Lampa 2-delad Glaslampsk\u00e4rm - St\u00e5l + Glas - 39 x 28 x 165cm (Guld + Vit) - TRUUSK - Hem, Tr\u00e4dg\u00e5rd &amp; Fritid","og_description":"V\u00e5r golvlampa ser v\u00e4ldigt enkel och modern ut. Huvudfunktionen \u00e4r en 2-delad lampsk\u00e4rm av glas, var och en v\u00e4nd mot...","og_url":"https:\/\/truusk.store\/sv\/produkt\/truusk-golvstaende-lampa-2-delad-glaslampskarm-stal-glas-39-x-28-x-165cm-guld-vit\/","og_site_name":"TRUUSK - Hem, Tr\u00e4dg\u00e5rd &amp; Fritid","article_modified_time":"2026-03-12T07:55:57+00:00","og_image":[{"width":800,"height":800,"url":"https:\/\/i0.wp.com\/truusk.se\/wp-content\/uploads\/2024\/02\/golvlampa-golvlampa-golvlampa-2-delad-glasskarm-stal-glas-39-x-28-x-165cm-guld-vit.webp?fit=800%2C800&ssl=1","type":"image\/webp"}],"twitter_card":"summary_large_image","twitter_misc":{"Ber\u00e4knad l\u00e4stid":"1 minut"},"schema":{"@context":"https:\/\/schema.org","@graph":[{"@type":"WebPage","@id":"https:\/\/truusk.store\/sv\/produkt\/truusk-golvstaende-lampa-2-delad-glaslampskarm-stal-glas-39-x-28-x-165cm-guld-vit\/","url":"https:\/\/truusk.store\/sv\/produkt\/truusk-golvstaende-lampa-2-delad-glaslampskarm-stal-glas-39-x-28-x-165cm-guld-vit\/","name":"TRUUSK Golvst\u00e5ende Lampa 2-delad Glaslampsk\u00e4rm - St\u00e5l + Glas - 39 x 28 x 165cm (Guld + Vit) - TRUUSK - Hem, Tr\u00e4dg\u00e5rd &amp; Fritid","isPartOf":{"@id":"https:\/\/truusk.store\/sv\/#website"},"primaryImageOfPage":{"@id":"https:\/\/truusk.store\/sv\/produkt\/truusk-golvstaende-lampa-2-delad-glaslampskarm-stal-glas-39-x-28-x-165cm-guld-vit\/#primaryimage"},"image":{"@id":"https:\/\/truusk.store\/sv\/produkt\/truusk-golvstaende-lampa-2-delad-glaslampskarm-stal-glas-39-x-28-x-165cm-guld-vit\/#primaryimage"},"thumbnailUrl":"https:\/\/i0.wp.com\/truusk.store\/wp-content\/uploads\/2024\/02\/golvlampa-golvlampa-golvlampa-2-delad-glasskarm-stal-glas-39-x-28-x-165cm-guld-vit.webp?fit=800%2C800&ssl=1","datePublished":"2024-02-13T08:38:24+00:00","dateModified":"2026-03-12T07:55:57+00:00","breadcrumb":{"@id":"https:\/\/truusk.store\/sv\/produkt\/truusk-golvstaende-lampa-2-delad-glaslampskarm-stal-glas-39-x-28-x-165cm-guld-vit\/#breadcrumb"},"inLanguage":"sv-SE","potentialAction":[{"@type":"ReadAction","target":["https:\/\/truusk.store\/sv\/produkt\/truusk-golvstaende-lampa-2-delad-glaslampskarm-stal-glas-39-x-28-x-165cm-guld-vit\/"]}]},{"@type":"ImageObject","inLanguage":"sv-SE","@id":"https:\/\/truusk.store\/sv\/produkt\/truusk-golvstaende-lampa-2-delad-glaslampskarm-stal-glas-39-x-28-x-165cm-guld-vit\/#primaryimage","url":"https:\/\/i0.wp.com\/truusk.store\/wp-content\/uploads\/2024\/02\/golvlampa-golvlampa-golvlampa-2-delad-glasskarm-stal-glas-39-x-28-x-165cm-guld-vit.webp?fit=800%2C800&ssl=1","contentUrl":"https:\/\/i0.wp.com\/truusk.store\/wp-content\/uploads\/2024\/02\/golvlampa-golvlampa-golvlampa-2-delad-glasskarm-stal-glas-39-x-28-x-165cm-guld-vit.webp?fit=800%2C800&ssl=1","width":800,"height":800,"caption":"Golvlampa Golvlampa Golvlampa 2-delad Glassk\u00e4rm, St\u00e5l + Glas, 39 X 28 X 165cm (guld + Vit) 1"},{"@type":"BreadcrumbList","@id":"https:\/\/truusk.store\/sv\/produkt\/truusk-golvstaende-lampa-2-delad-glaslampskarm-stal-glas-39-x-28-x-165cm-guld-vit\/#breadcrumb","itemListElement":[{"@type":"ListItem","position":1,"name":"Home","item":"https:\/\/truusk.store\/sv\/"},{"@type":"ListItem","position":2,"name":"Shop","item":"https:\/\/truusk.store\/shop\/"},{"@type":"ListItem","position":3,"name":"TRUUSK Golvst\u00e5ende Lampa 2-delad Glaslampsk\u00e4rm &#8211; St\u00e5l + Glas &#8211; 39 x 28 x 165cm (Guld + Vit)"}]},{"@type":"WebSite","@id":"https:\/\/truusk.store\/sv\/#website","url":"https:\/\/truusk.store\/sv\/","name":"TRUUSK - Hem, Tr\u00e4dg\u00e5rd & Fritid","description":"","publisher":{"@id":"https:\/\/truusk.store\/sv\/#organization"},"potentialAction":[{"@type":"SearchAction","target":{"@type":"EntryPoint","urlTemplate":"https:\/\/truusk.store\/sv\/?s={search_term_string}"},"query-input":{"@type":"PropertyValueSpecification","valueRequired":true,"valueName":"search_term_string"}}],"inLanguage":"sv-SE"},{"@type":"Organization","@id":"https:\/\/truusk.store\/sv\/#organization","name":"TRUUSK - Hem, Tr\u00e4dg\u00e5rd & Fritid","url":"https:\/\/truusk.store\/sv\/","logo":{"@type":"ImageObject","inLanguage":"sv-SE","@id":"https:\/\/truusk.store\/sv\/#\/schema\/logo\/image\/","url":"https:\/\/i0.wp.com\/truusk.store\/wp-content\/uploads\/2026\/03\/cropped-TRUUSK.png?fit=2032%2C917&ssl=1","contentUrl":"https:\/\/i0.wp.com\/truusk.store\/wp-content\/uploads\/2026\/03\/cropped-TRUUSK.png?fit=2032%2C917&ssl=1","width":2032,"height":917,"caption":"TRUUSK - Hem, Tr\u00e4dg\u00e5rd & Fritid"},"image":{"@id":"https:\/\/truusk.store\/sv\/#\/schema\/logo\/image\/"}}]}},"jetpack_sharing_enabled":true,"_links":{"self":[{"href":"https:\/\/truusk.store\/sv\/wp-json\/wp\/v2\/product\/9201","targetHints":{"allow":["GET"]}}],"collection":[{"href":"https:\/\/truusk.store\/sv\/wp-json\/wp\/v2\/product"}],"about":[{"href":"https:\/\/truusk.store\/sv\/wp-json\/wp\/v2\/types\/product"}],"wp:featuredmedia":[{"embeddable":true,"href":"https:\/\/truusk.store\/sv\/wp-json\/wp\/v2\/media\/9202"}],"wp:attachment":[{"href":"https:\/\/truusk.store\/sv\/wp-json\/wp\/v2\/media?parent=9201"}],"wp:term":[{"taxonomy":"product_brand","embeddable":true,"href":"https:\/\/truusk.store\/sv\/wp-json\/wp\/v2\/product_brand?post=9201"},{"taxonomy":"product_cat","embeddable":true,"href":"https:\/\/truusk.store\/sv\/wp-json\/wp\/v2\/product_cat?post=9201"},{"taxonomy":"product_tag","embeddable":true,"href":"https:\/\/truusk.store\/sv\/wp-json\/wp\/v2\/product_tag?post=9201"}],"curies":[{"name":"wp","href":"https:\/\/api.w.org\/{rel}","templated":true}]}}