{"id":92029,"date":"2025-09-23T06:53:47","date_gmt":"2025-09-23T05:53:47","guid":{"rendered":"https:\/\/truusk.store\/product\/modern-soffbank-for-sovrum-stoppad-bank-med-traram-upp-till-220-kg-belastning-fotstod-kramvit\/"},"modified":"2026-03-12T08:52:31","modified_gmt":"2026-03-12T07:52:31","slug":"truusk-modern-soffbank-med-stoppad-bank-traram-upp-till-220-kg-fotstod-kramvit","status":"publish","type":"product","link":"https:\/\/truusk.store\/sv\/produkt\/truusk-modern-soffbank-med-stoppad-bank-traram-upp-till-220-kg-fotstod-kramvit\/","title":{"rendered":"TRUUSK Modern Soffb\u00e4nk med Stoppad B\u00e4nk &#8211; Tr\u00e4ram &#8211; Upp Till 220 Kg &#8211; Fotst\u00f6d &#8211; Kr\u00e4mvit"},"content":{"rendered":"<p>Letar du efter en stilfull och p\u00e5litlig accent f\u00f6r ditt sovrum? Utan denna k\u00e4nns ditt rum tomt och du saknar en mysig tillflyktsort. TRUUSKs sittb\u00e4nk erbjuder en elegant l\u00f6sning med sin kanalvadderade design och andningsbara tyg. Byggd p\u00e5 en robust plywoodram, garanterar denna stoppade b\u00e4nk en s\u00e4ker och bekv\u00e4m grund f\u00f6r avkopplande stunder.<\/p>\n<p>Beskrivning:<\/p>\n<ul>\n<li> Modern stil p\u00e5 sittb\u00e4nken med kanalvadderad design och rundade kanter f\u00f6r att uppgradera ditt sovrum<\/li>\n<li> Kl\u00e4dd med ett andningsbart tyg i linne-look som m\u00f6jligg\u00f6r bekv\u00e4m sittning<\/li>\n<li> Fylld med h\u00f6gdensitetsskum f\u00f6r ett st\u00f6djande och bekv\u00e4mt s\u00e4te<\/li>\n<li> Byggd med en plywoodram som s\u00e4kert b\u00e4r upp till 220 kg<\/li>\n<li> M\u00e5ngsidig design p\u00e5 den stoppade b\u00e4nken som fungerar bra i sovrum, entr\u00e9er eller vardagsrum<\/li>\n<li> Utrustad med fotdynor f\u00f6r att skydda golv fr\u00e5n repor<\/li>\n<li> Ingen montering kr\u00e4vs<\/li>\n<\/ul>\n<p> Tekniska data:<\/p>\n<ul>\n<li> F\u00e4rg: Kr\u00e4mvit<\/li>\n<li> Material: Tyg i linne-look (100% polyester), skum, plywood<\/li>\n<li> Totala dimensioner: 110B x 40D x 44H cm<\/li>\n<li> Maximal belastning: 220 kg<\/li>\n<\/ul>\n<p>Ing\u00e5r i leveransen:<\/p>\n<ul>\n<li> 1 x S\u00e4ngb\u00e4nk<\/li>\n<li> 1 x Bruksanvisning<\/li>\n<\/ul>\n","protected":false},"excerpt":{"rendered":"<p>Letar du efter en stilfull och p\u00e5litlig accent f\u00f6r ditt sovrum? Utan denna k\u00e4nns ditt rum tomt och du saknar&#8230;<\/p>\n","protected":false},"featured_media":92019,"template":"","meta":[],"product_brand":[],"product_cat":[893,871,992],"product_tag":[],"class_list":{"0":"post-92029","1":"product","2":"type-product","3":"status-publish","4":"has-post-thumbnail","6":"product_cat-garderob-hall","7":"product_cat-hus-hem","8":"product_cat-sittkistor","10":"first","11":"instock","12":"sale","13":"taxable","14":"shipping-taxable","15":"purchasable","16":"product-type-simple"},"yoast_head":"<!-- This site is optimized with the Yoast SEO plugin v25.4 - https:\/\/yoast.com\/wordpress\/plugins\/seo\/ -->\n<title>TRUUSK Modern Soffb\u00e4nk med Stoppad B\u00e4nk - Tr\u00e4ram - Upp Till 220 Kg - Fotst\u00f6d - Kr\u00e4mvit - TRUUSK - Hem, Tr\u00e4dg\u00e5rd &amp; Fritid<\/title>\n<meta name=\"robots\" content=\"index, follow, max-snippet:-1, max-image-preview:large, max-video-preview:-1\" \/>\n<link rel=\"canonical\" href=\"https:\/\/truusk.store\/sv\/produkt\/truusk-modern-soffbank-med-stoppad-bank-traram-upp-till-220-kg-fotstod-kramvit\/\" \/>\n<meta property=\"og:locale\" content=\"sv_SE\" \/>\n<meta property=\"og:type\" content=\"article\" \/>\n<meta property=\"og:title\" content=\"TRUUSK Modern Soffb\u00e4nk med Stoppad B\u00e4nk - Tr\u00e4ram - Upp Till 220 Kg - Fotst\u00f6d - Kr\u00e4mvit - TRUUSK - Hem, Tr\u00e4dg\u00e5rd &amp; Fritid\" \/>\n<meta property=\"og:description\" content=\"Letar du efter en stilfull och p\u00e5litlig accent f\u00f6r ditt sovrum? Utan denna k\u00e4nns ditt rum tomt och du saknar...\" \/>\n<meta property=\"og:url\" content=\"https:\/\/truusk.store\/sv\/produkt\/truusk-modern-soffbank-med-stoppad-bank-traram-upp-till-220-kg-fotstod-kramvit\/\" \/>\n<meta property=\"og:site_name\" content=\"TRUUSK - Hem, Tr\u00e4dg\u00e5rd &amp; Fritid\" \/>\n<meta property=\"article:modified_time\" content=\"2026-03-12T07:52:31+00:00\" \/>\n<meta property=\"og:image\" content=\"https:\/\/i0.wp.com\/truusk.se\/wp-content\/uploads\/2025\/09\/modern-soffbank-for-sovrum-stoppad-bank-med-traram-upp-till-220-kg-belastning-fotstod-kramvit-1.webp?fit=2000%2C2000&ssl=1\" \/>\n\t<meta property=\"og:image:width\" content=\"2000\" \/>\n\t<meta property=\"og:image:height\" content=\"2000\" \/>\n\t<meta property=\"og:image:type\" content=\"image\/webp\" \/>\n<meta name=\"twitter:card\" content=\"summary_large_image\" \/>\n<meta name=\"twitter:label1\" content=\"Ber\u00e4knad l\u00e4stid\" \/>\n\t<meta name=\"twitter:data1\" content=\"1 minut\" \/>\n<!-- \/ Yoast SEO plugin. -->","yoast_head_json":{"title":"TRUUSK Modern Soffb\u00e4nk med Stoppad B\u00e4nk - Tr\u00e4ram - Upp Till 220 Kg - Fotst\u00f6d - Kr\u00e4mvit - TRUUSK - Hem, Tr\u00e4dg\u00e5rd &amp; Fritid","robots":{"index":"index","follow":"follow","max-snippet":"max-snippet:-1","max-image-preview":"max-image-preview:large","max-video-preview":"max-video-preview:-1"},"canonical":"https:\/\/truusk.store\/sv\/produkt\/truusk-modern-soffbank-med-stoppad-bank-traram-upp-till-220-kg-fotstod-kramvit\/","og_locale":"sv_SE","og_type":"article","og_title":"TRUUSK Modern Soffb\u00e4nk med Stoppad B\u00e4nk - Tr\u00e4ram - Upp Till 220 Kg - Fotst\u00f6d - Kr\u00e4mvit - TRUUSK - Hem, Tr\u00e4dg\u00e5rd &amp; Fritid","og_description":"Letar du efter en stilfull och p\u00e5litlig accent f\u00f6r ditt sovrum? Utan denna k\u00e4nns ditt rum tomt och du saknar...","og_url":"https:\/\/truusk.store\/sv\/produkt\/truusk-modern-soffbank-med-stoppad-bank-traram-upp-till-220-kg-fotstod-kramvit\/","og_site_name":"TRUUSK - Hem, Tr\u00e4dg\u00e5rd &amp; Fritid","article_modified_time":"2026-03-12T07:52:31+00:00","og_image":[{"width":2000,"height":2000,"url":"https:\/\/i0.wp.com\/truusk.se\/wp-content\/uploads\/2025\/09\/modern-soffbank-for-sovrum-stoppad-bank-med-traram-upp-till-220-kg-belastning-fotstod-kramvit-1.webp?fit=2000%2C2000&ssl=1","type":"image\/webp"}],"twitter_card":"summary_large_image","twitter_misc":{"Ber\u00e4knad l\u00e4stid":"1 minut"},"schema":{"@context":"https:\/\/schema.org","@graph":[{"@type":"WebPage","@id":"https:\/\/truusk.store\/sv\/produkt\/truusk-modern-soffbank-med-stoppad-bank-traram-upp-till-220-kg-fotstod-kramvit\/","url":"https:\/\/truusk.store\/sv\/produkt\/truusk-modern-soffbank-med-stoppad-bank-traram-upp-till-220-kg-fotstod-kramvit\/","name":"TRUUSK Modern Soffb\u00e4nk med Stoppad B\u00e4nk - Tr\u00e4ram - Upp Till 220 Kg - Fotst\u00f6d - Kr\u00e4mvit - TRUUSK - Hem, Tr\u00e4dg\u00e5rd &amp; Fritid","isPartOf":{"@id":"https:\/\/truusk.store\/sv\/#website"},"primaryImageOfPage":{"@id":"https:\/\/truusk.store\/sv\/produkt\/truusk-modern-soffbank-med-stoppad-bank-traram-upp-till-220-kg-fotstod-kramvit\/#primaryimage"},"image":{"@id":"https:\/\/truusk.store\/sv\/produkt\/truusk-modern-soffbank-med-stoppad-bank-traram-upp-till-220-kg-fotstod-kramvit\/#primaryimage"},"thumbnailUrl":"https:\/\/i0.wp.com\/truusk.store\/wp-content\/uploads\/2025\/09\/modern-soffbank-for-sovrum-stoppad-bank-med-traram-upp-till-220-kg-belastning-fotstod-kramvit-1.webp?fit=2000%2C2000&ssl=1","datePublished":"2025-09-23T05:53:47+00:00","dateModified":"2026-03-12T07:52:31+00:00","breadcrumb":{"@id":"https:\/\/truusk.store\/sv\/produkt\/truusk-modern-soffbank-med-stoppad-bank-traram-upp-till-220-kg-fotstod-kramvit\/#breadcrumb"},"inLanguage":"sv-SE","potentialAction":[{"@type":"ReadAction","target":["https:\/\/truusk.store\/sv\/produkt\/truusk-modern-soffbank-med-stoppad-bank-traram-upp-till-220-kg-fotstod-kramvit\/"]}]},{"@type":"ImageObject","inLanguage":"sv-SE","@id":"https:\/\/truusk.store\/sv\/produkt\/truusk-modern-soffbank-med-stoppad-bank-traram-upp-till-220-kg-fotstod-kramvit\/#primaryimage","url":"https:\/\/i0.wp.com\/truusk.store\/wp-content\/uploads\/2025\/09\/modern-soffbank-for-sovrum-stoppad-bank-med-traram-upp-till-220-kg-belastning-fotstod-kramvit-1.webp?fit=2000%2C2000&ssl=1","contentUrl":"https:\/\/i0.wp.com\/truusk.store\/wp-content\/uploads\/2025\/09\/modern-soffbank-for-sovrum-stoppad-bank-med-traram-upp-till-220-kg-belastning-fotstod-kramvit-1.webp?fit=2000%2C2000&ssl=1","width":2000,"height":2000},{"@type":"BreadcrumbList","@id":"https:\/\/truusk.store\/sv\/produkt\/truusk-modern-soffbank-med-stoppad-bank-traram-upp-till-220-kg-fotstod-kramvit\/#breadcrumb","itemListElement":[{"@type":"ListItem","position":1,"name":"Home","item":"https:\/\/truusk.store\/sv\/"},{"@type":"ListItem","position":2,"name":"Shop","item":"https:\/\/truusk.store\/shop\/"},{"@type":"ListItem","position":3,"name":"TRUUSK Modern Soffb\u00e4nk med Stoppad B\u00e4nk &#8211; Tr\u00e4ram &#8211; Upp Till 220 Kg &#8211; Fotst\u00f6d &#8211; Kr\u00e4mvit"}]},{"@type":"WebSite","@id":"https:\/\/truusk.store\/sv\/#website","url":"https:\/\/truusk.store\/sv\/","name":"TRUUSK - Hem, Tr\u00e4dg\u00e5rd & Fritid","description":"","publisher":{"@id":"https:\/\/truusk.store\/sv\/#organization"},"potentialAction":[{"@type":"SearchAction","target":{"@type":"EntryPoint","urlTemplate":"https:\/\/truusk.store\/sv\/?s={search_term_string}"},"query-input":{"@type":"PropertyValueSpecification","valueRequired":true,"valueName":"search_term_string"}}],"inLanguage":"sv-SE"},{"@type":"Organization","@id":"https:\/\/truusk.store\/sv\/#organization","name":"TRUUSK - Hem, Tr\u00e4dg\u00e5rd & Fritid","url":"https:\/\/truusk.store\/sv\/","logo":{"@type":"ImageObject","inLanguage":"sv-SE","@id":"https:\/\/truusk.store\/sv\/#\/schema\/logo\/image\/","url":"https:\/\/i0.wp.com\/truusk.store\/wp-content\/uploads\/2026\/03\/cropped-TRUUSK.png?fit=2032%2C917&ssl=1","contentUrl":"https:\/\/i0.wp.com\/truusk.store\/wp-content\/uploads\/2026\/03\/cropped-TRUUSK.png?fit=2032%2C917&ssl=1","width":2032,"height":917,"caption":"TRUUSK - Hem, Tr\u00e4dg\u00e5rd & Fritid"},"image":{"@id":"https:\/\/truusk.store\/sv\/#\/schema\/logo\/image\/"}}]}},"jetpack_sharing_enabled":true,"_links":{"self":[{"href":"https:\/\/truusk.store\/sv\/wp-json\/wp\/v2\/product\/92029","targetHints":{"allow":["GET"]}}],"collection":[{"href":"https:\/\/truusk.store\/sv\/wp-json\/wp\/v2\/product"}],"about":[{"href":"https:\/\/truusk.store\/sv\/wp-json\/wp\/v2\/types\/product"}],"wp:featuredmedia":[{"embeddable":true,"href":"https:\/\/truusk.store\/sv\/wp-json\/wp\/v2\/media\/92019"}],"wp:attachment":[{"href":"https:\/\/truusk.store\/sv\/wp-json\/wp\/v2\/media?parent=92029"}],"wp:term":[{"taxonomy":"product_brand","embeddable":true,"href":"https:\/\/truusk.store\/sv\/wp-json\/wp\/v2\/product_brand?post=92029"},{"taxonomy":"product_cat","embeddable":true,"href":"https:\/\/truusk.store\/sv\/wp-json\/wp\/v2\/product_cat?post=92029"},{"taxonomy":"product_tag","embeddable":true,"href":"https:\/\/truusk.store\/sv\/wp-json\/wp\/v2\/product_tag?post=92029"}],"curies":[{"name":"wp","href":"https:\/\/api.w.org\/{rel}","templated":true}]}}