{"id":92038,"date":"2025-09-23T06:54:28","date_gmt":"2025-09-23T05:54:28","guid":{"rendered":"https:\/\/truusk.store\/product\/modern-fatolj-fleeceoverdrag-accentstol-armstodsstol-med-traben-metallram-vit\/"},"modified":"2026-03-12T08:52:35","modified_gmt":"2026-03-12T07:52:35","slug":"truusk-modern-hund-och-kattfatolj-fleeceoverdrag-traben-vit-for-hundar-och-katter-upp-till-10-kg","status":"publish","type":"product","link":"https:\/\/truusk.store\/sv\/produkt\/truusk-modern-hund-och-kattfatolj-fleeceoverdrag-traben-vit-for-hundar-och-katter-upp-till-10-kg\/","title":{"rendered":"TRUUSK Modern Hund- och Kattf\u00e5t\u00f6lj &#8211; Fleece\u00f6verdrag &#8211; Tr\u00e4ben &#8211; Vit &#8211; F\u00f6r Hundar och Katter upp till 10 kg"},"content":{"rendered":"<p>TRUUSK accentstolen garanterar s\u00e4kerhet genom solida tr\u00e4ben och en robust metallram. Dess kurvade ryggst\u00f6d och enkla nordiska design f\u00f6rvandlar varje h\u00f6rn till en oas av lugn och g\u00f6r den till den perfekta retr\u00e4ttplatsen i ditt vardagsrum eller sovrum.<\/p>\n<p>Beskrivning:<\/p>\n<ul>\n<li> V-formade massiva tr\u00e4ben och metallram b\u00e4r upp till 120 kg<\/li>\n<li> B\u00f6jt ryggst\u00f6d och rymlig sits erbjuder omfattande komfort<\/li>\n<li> M\u00e5ngsidig design passar b\u00e5de till vardagsrum och sovrumsdekoration<\/li>\n<li> Mjukt fleece-tyg ger en mysig, andningsbar k\u00e4nsla \u00e5ret runt<\/li>\n<li> Tjock fyllning av h\u00f6gdensitetsskum h\u00e5ller s\u00e4tet permanent fast och st\u00f6djande<\/li>\n<li> Fotdynor skyddar golv fr\u00e5n repor<\/li>\n<li> Montering kr\u00e4vs<\/li>\n<\/ul>\n<p> Tekniska data:<\/p>\n<ul>\n<li> F\u00e4rg: Vit<\/li>\n<li> Material: Fleece (100% polyester), skum, metall, gummitr\u00e4<\/li>\n<li> Totala dimensioner: 70B x 64D x 71H cm<\/li>\n<li> Sitsstorlek: 63B x 60D x 43H cm<\/li>\n<li> Ryggst\u00f6dsstorlek: 68B x 30H cm<\/li>\n<li> Sitsens tjocklek: 23 cm<\/li>\n<li> Ryggens tjocklek: 12 cm<\/li>\n<li> Armst\u00f6dets h\u00f6jd (fr\u00e5n s\u00e4tet): 24 cm<\/li>\n<li> B\u00e4rkapacitet: 120 kg<\/li>\n<\/ul>\n<p>Leveransinneh\u00e5ll:<\/p>\n<ul>\n<li> 1 x badkarstol<\/li>\n<li> 1 x handbok<\/li>\n<\/ul>\n","protected":false},"excerpt":{"rendered":"<p>TRUUSK accentstolen garanterar s\u00e4kerhet genom solida tr\u00e4ben och en robust metallram. Dess kurvade ryggst\u00f6d och enkla nordiska design f\u00f6rvandlar varje&#8230;<\/p>\n","protected":false},"featured_media":92028,"template":"","meta":[],"product_brand":[],"product_cat":[871,519,910],"product_tag":[],"class_list":{"0":"post-92038","1":"product","2":"type-product","3":"status-publish","4":"has-post-thumbnail","6":"product_cat-hus-hem","7":"product_cat-stoppade-stolar","8":"product_cat-vardagsrum","10":"first","11":"instock","12":"sale","13":"taxable","14":"shipping-taxable","15":"purchasable","16":"product-type-simple"},"yoast_head":"<!-- This site is optimized with the Yoast SEO plugin v25.4 - https:\/\/yoast.com\/wordpress\/plugins\/seo\/ -->\n<title>TRUUSK Modern Hund- och Kattf\u00e5t\u00f6lj - Fleece\u00f6verdrag - Tr\u00e4ben - Vit - F\u00f6r Hundar och Katter upp till 10 kg - TRUUSK - Hem, Tr\u00e4dg\u00e5rd &amp; Fritid<\/title>\n<meta name=\"robots\" content=\"index, follow, max-snippet:-1, max-image-preview:large, max-video-preview:-1\" \/>\n<link rel=\"canonical\" href=\"https:\/\/truusk.store\/sv\/produkt\/truusk-modern-hund-och-kattfatolj-fleeceoverdrag-traben-vit-for-hundar-och-katter-upp-till-10-kg\/\" \/>\n<meta property=\"og:locale\" content=\"sv_SE\" \/>\n<meta property=\"og:type\" content=\"article\" \/>\n<meta property=\"og:title\" content=\"TRUUSK Modern Hund- och Kattf\u00e5t\u00f6lj - Fleece\u00f6verdrag - Tr\u00e4ben - Vit - F\u00f6r Hundar och Katter upp till 10 kg - TRUUSK - Hem, Tr\u00e4dg\u00e5rd &amp; Fritid\" \/>\n<meta property=\"og:description\" content=\"TRUUSK accentstolen garanterar s\u00e4kerhet genom solida tr\u00e4ben och en robust metallram. Dess kurvade ryggst\u00f6d och enkla nordiska design f\u00f6rvandlar varje...\" \/>\n<meta property=\"og:url\" content=\"https:\/\/truusk.store\/sv\/produkt\/truusk-modern-hund-och-kattfatolj-fleeceoverdrag-traben-vit-for-hundar-och-katter-upp-till-10-kg\/\" \/>\n<meta property=\"og:site_name\" content=\"TRUUSK - Hem, Tr\u00e4dg\u00e5rd &amp; Fritid\" \/>\n<meta property=\"article:modified_time\" content=\"2026-03-12T07:52:35+00:00\" \/>\n<meta property=\"og:image\" content=\"https:\/\/i0.wp.com\/truusk.se\/wp-content\/uploads\/2025\/09\/modern-fatolj-fleeceoverdrag-accentstol-armstodsstol-med-traben-metallram-vit-1.webp?fit=2000%2C2000&ssl=1\" \/>\n\t<meta property=\"og:image:width\" content=\"2000\" \/>\n\t<meta property=\"og:image:height\" content=\"2000\" \/>\n\t<meta property=\"og:image:type\" content=\"image\/webp\" \/>\n<meta name=\"twitter:card\" content=\"summary_large_image\" \/>\n<meta name=\"twitter:label1\" content=\"Ber\u00e4knad l\u00e4stid\" \/>\n\t<meta name=\"twitter:data1\" content=\"1 minut\" \/>\n<!-- \/ Yoast SEO plugin. -->","yoast_head_json":{"title":"TRUUSK Modern Hund- och Kattf\u00e5t\u00f6lj - Fleece\u00f6verdrag - Tr\u00e4ben - Vit - F\u00f6r Hundar och Katter upp till 10 kg - TRUUSK - Hem, Tr\u00e4dg\u00e5rd &amp; Fritid","robots":{"index":"index","follow":"follow","max-snippet":"max-snippet:-1","max-image-preview":"max-image-preview:large","max-video-preview":"max-video-preview:-1"},"canonical":"https:\/\/truusk.store\/sv\/produkt\/truusk-modern-hund-och-kattfatolj-fleeceoverdrag-traben-vit-for-hundar-och-katter-upp-till-10-kg\/","og_locale":"sv_SE","og_type":"article","og_title":"TRUUSK Modern Hund- och Kattf\u00e5t\u00f6lj - Fleece\u00f6verdrag - Tr\u00e4ben - Vit - F\u00f6r Hundar och Katter upp till 10 kg - TRUUSK - Hem, Tr\u00e4dg\u00e5rd &amp; Fritid","og_description":"TRUUSK accentstolen garanterar s\u00e4kerhet genom solida tr\u00e4ben och en robust metallram. Dess kurvade ryggst\u00f6d och enkla nordiska design f\u00f6rvandlar varje...","og_url":"https:\/\/truusk.store\/sv\/produkt\/truusk-modern-hund-och-kattfatolj-fleeceoverdrag-traben-vit-for-hundar-och-katter-upp-till-10-kg\/","og_site_name":"TRUUSK - Hem, Tr\u00e4dg\u00e5rd &amp; Fritid","article_modified_time":"2026-03-12T07:52:35+00:00","og_image":[{"width":2000,"height":2000,"url":"https:\/\/i0.wp.com\/truusk.se\/wp-content\/uploads\/2025\/09\/modern-fatolj-fleeceoverdrag-accentstol-armstodsstol-med-traben-metallram-vit-1.webp?fit=2000%2C2000&ssl=1","type":"image\/webp"}],"twitter_card":"summary_large_image","twitter_misc":{"Ber\u00e4knad l\u00e4stid":"1 minut"},"schema":{"@context":"https:\/\/schema.org","@graph":[{"@type":"WebPage","@id":"https:\/\/truusk.store\/sv\/produkt\/truusk-modern-hund-och-kattfatolj-fleeceoverdrag-traben-vit-for-hundar-och-katter-upp-till-10-kg\/","url":"https:\/\/truusk.store\/sv\/produkt\/truusk-modern-hund-och-kattfatolj-fleeceoverdrag-traben-vit-for-hundar-och-katter-upp-till-10-kg\/","name":"TRUUSK Modern Hund- och Kattf\u00e5t\u00f6lj - Fleece\u00f6verdrag - Tr\u00e4ben - Vit - F\u00f6r Hundar och Katter upp till 10 kg - TRUUSK - Hem, Tr\u00e4dg\u00e5rd &amp; Fritid","isPartOf":{"@id":"https:\/\/truusk.store\/sv\/#website"},"primaryImageOfPage":{"@id":"https:\/\/truusk.store\/sv\/produkt\/truusk-modern-hund-och-kattfatolj-fleeceoverdrag-traben-vit-for-hundar-och-katter-upp-till-10-kg\/#primaryimage"},"image":{"@id":"https:\/\/truusk.store\/sv\/produkt\/truusk-modern-hund-och-kattfatolj-fleeceoverdrag-traben-vit-for-hundar-och-katter-upp-till-10-kg\/#primaryimage"},"thumbnailUrl":"https:\/\/i0.wp.com\/truusk.store\/wp-content\/uploads\/2025\/09\/modern-fatolj-fleeceoverdrag-accentstol-armstodsstol-med-traben-metallram-vit-1.webp?fit=2000%2C2000&ssl=1","datePublished":"2025-09-23T05:54:28+00:00","dateModified":"2026-03-12T07:52:35+00:00","breadcrumb":{"@id":"https:\/\/truusk.store\/sv\/produkt\/truusk-modern-hund-och-kattfatolj-fleeceoverdrag-traben-vit-for-hundar-och-katter-upp-till-10-kg\/#breadcrumb"},"inLanguage":"sv-SE","potentialAction":[{"@type":"ReadAction","target":["https:\/\/truusk.store\/sv\/produkt\/truusk-modern-hund-och-kattfatolj-fleeceoverdrag-traben-vit-for-hundar-och-katter-upp-till-10-kg\/"]}]},{"@type":"ImageObject","inLanguage":"sv-SE","@id":"https:\/\/truusk.store\/sv\/produkt\/truusk-modern-hund-och-kattfatolj-fleeceoverdrag-traben-vit-for-hundar-och-katter-upp-till-10-kg\/#primaryimage","url":"https:\/\/i0.wp.com\/truusk.store\/wp-content\/uploads\/2025\/09\/modern-fatolj-fleeceoverdrag-accentstol-armstodsstol-med-traben-metallram-vit-1.webp?fit=2000%2C2000&ssl=1","contentUrl":"https:\/\/i0.wp.com\/truusk.store\/wp-content\/uploads\/2025\/09\/modern-fatolj-fleeceoverdrag-accentstol-armstodsstol-med-traben-metallram-vit-1.webp?fit=2000%2C2000&ssl=1","width":2000,"height":2000},{"@type":"BreadcrumbList","@id":"https:\/\/truusk.store\/sv\/produkt\/truusk-modern-hund-och-kattfatolj-fleeceoverdrag-traben-vit-for-hundar-och-katter-upp-till-10-kg\/#breadcrumb","itemListElement":[{"@type":"ListItem","position":1,"name":"Home","item":"https:\/\/truusk.store\/sv\/"},{"@type":"ListItem","position":2,"name":"Shop","item":"https:\/\/truusk.store\/shop\/"},{"@type":"ListItem","position":3,"name":"TRUUSK Modern Hund- och Kattf\u00e5t\u00f6lj &#8211; Fleece\u00f6verdrag &#8211; Tr\u00e4ben &#8211; Vit &#8211; F\u00f6r Hundar och Katter upp till 10 kg"}]},{"@type":"WebSite","@id":"https:\/\/truusk.store\/sv\/#website","url":"https:\/\/truusk.store\/sv\/","name":"TRUUSK - Hem, Tr\u00e4dg\u00e5rd & Fritid","description":"","publisher":{"@id":"https:\/\/truusk.store\/sv\/#organization"},"potentialAction":[{"@type":"SearchAction","target":{"@type":"EntryPoint","urlTemplate":"https:\/\/truusk.store\/sv\/?s={search_term_string}"},"query-input":{"@type":"PropertyValueSpecification","valueRequired":true,"valueName":"search_term_string"}}],"inLanguage":"sv-SE"},{"@type":"Organization","@id":"https:\/\/truusk.store\/sv\/#organization","name":"TRUUSK - Hem, Tr\u00e4dg\u00e5rd & Fritid","url":"https:\/\/truusk.store\/sv\/","logo":{"@type":"ImageObject","inLanguage":"sv-SE","@id":"https:\/\/truusk.store\/sv\/#\/schema\/logo\/image\/","url":"https:\/\/i0.wp.com\/truusk.store\/wp-content\/uploads\/2026\/03\/cropped-TRUUSK.png?fit=2032%2C917&ssl=1","contentUrl":"https:\/\/i0.wp.com\/truusk.store\/wp-content\/uploads\/2026\/03\/cropped-TRUUSK.png?fit=2032%2C917&ssl=1","width":2032,"height":917,"caption":"TRUUSK - Hem, Tr\u00e4dg\u00e5rd & Fritid"},"image":{"@id":"https:\/\/truusk.store\/sv\/#\/schema\/logo\/image\/"}}]}},"jetpack_sharing_enabled":true,"_links":{"self":[{"href":"https:\/\/truusk.store\/sv\/wp-json\/wp\/v2\/product\/92038","targetHints":{"allow":["GET"]}}],"collection":[{"href":"https:\/\/truusk.store\/sv\/wp-json\/wp\/v2\/product"}],"about":[{"href":"https:\/\/truusk.store\/sv\/wp-json\/wp\/v2\/types\/product"}],"wp:featuredmedia":[{"embeddable":true,"href":"https:\/\/truusk.store\/sv\/wp-json\/wp\/v2\/media\/92028"}],"wp:attachment":[{"href":"https:\/\/truusk.store\/sv\/wp-json\/wp\/v2\/media?parent=92038"}],"wp:term":[{"taxonomy":"product_brand","embeddable":true,"href":"https:\/\/truusk.store\/sv\/wp-json\/wp\/v2\/product_brand?post=92038"},{"taxonomy":"product_cat","embeddable":true,"href":"https:\/\/truusk.store\/sv\/wp-json\/wp\/v2\/product_cat?post=92038"},{"taxonomy":"product_tag","embeddable":true,"href":"https:\/\/truusk.store\/sv\/wp-json\/wp\/v2\/product_tag?post=92038"}],"curies":[{"name":"wp","href":"https:\/\/api.w.org\/{rel}","templated":true}]}}