{"id":92048,"date":"2025-09-24T12:33:02","date_gmt":"2025-09-24T11:33:02","guid":{"rendered":"https:\/\/truusk.store\/product\/valphage-12-delad-valplopning-med-12-gallerplattor-dorr-jordspett-flexibel-hopfallbar-skyddsplan-100cm-hog\/"},"modified":"2026-03-12T08:41:20","modified_gmt":"2026-03-12T07:41:20","slug":"truusk-flexibel-hundgard-12-paneler-dorr-och-jordspett-hopfallbar-skyddsplan-100cm-hog","status":"publish","type":"product","link":"https:\/\/truusk.store\/sv\/produkt\/truusk-flexibel-hundgard-12-paneler-dorr-och-jordspett-hopfallbar-skyddsplan-100cm-hog\/","title":{"rendered":"TRUUSK Flexibel Hundg\u00e5rd 12-paneler &#8211; D\u00f6rr och Jordspett &#8211; Hopf\u00e4llbar &#8211; Skyddsplan &#8211; 100cm h\u00f6g"},"content":{"rendered":"<p>Uppt\u00e4ck TRUUSK hundg\u00e5rd, en flexibel, slitstark hundkennel som kan anpassas till former som en kvadrat, rektangel eller L-form f\u00f6r dina utrymmen och ditt djurs behov. Denna inomhus valphage h\u00e5ller ditt djur s\u00e4kert med tv\u00e5 praktiska d\u00f6rrar och \u00e4r l\u00e4tt att f\u00e4lla ihop f\u00f6r f\u00f6rvaring. Tillverkad av robust st\u00e5l och s\u00e4krad med 12 markspikar, \u00e4r denna frig\u00e5ng utm\u00e4rkt f\u00f6r anv\u00e4ndning b\u00e5de inomhus och utomhus.<\/p>\n<p>Beskrivning:<\/p>\n<ul>\n<li> Tolv paneler kan konfigureras till en kvadrat, rektangel eller L-form<\/li>\n<li> St\u00e4nger s\u00e4kert in husdjur och erbjuder gott om utrymme<\/li>\n<li> D\u00f6rrar inkluderade f\u00f6r enkel tillg\u00e5ng f\u00f6r husdjur<\/li>\n<li> Hopf\u00e4llbar design av hundg\u00e5rden f\u00f6renklar f\u00f6rvaring<\/li>\n<li> Tillverkad av robust st\u00e5l<\/li>\n<li> Tolv markspikar f\u00f6r hundg\u00e5rden \u00f6kar stabiliteten<\/li>\n<li> Montering kr\u00e4vs f\u00f6re anv\u00e4ndning<\/li>\n<\/ul>\n<p> Tekniska data:<\/p>\n<ul>\n<li> F\u00e4rg: Svart<\/li>\n<li> Material: St\u00e5l<\/li>\n<li> Kvadrat: 204L x 204B x 100H cm<\/li>\n<li> Rektangel: 272L x 136B x 100H cm<\/li>\n<li> Enkel panel: 68B x 100H x 1,5T cm<\/li>\n<li> D\u00f6rr: 39B x 61,5H cm<\/li>\n<li> Markspik: 110L cm<\/li>\n<li> Hopf\u00e4lld storlek: 100L x 70B x 18,5H cm<\/li>\n<li> St\u00e5ngavst\u00e5nd: 5B x 19H cm<\/li>\n<\/ul>\n<p>Leveransinneh\u00e5ll:<\/p>\n<ul>\n<li> 10 x paneler<\/li>\n<li> 2 x paneler med d\u00f6rr<\/li>\n<li> 12 x markspikar<\/li>\n<li> 1 x handbok<\/li>\n<\/ul>\n","protected":false},"excerpt":{"rendered":"<p>Uppt\u00e4ck TRUUSK hundg\u00e5rd, en flexibel, slitstark hundkennel som kan anpassas till former som en kvadrat, rektangel eller L-form f\u00f6r dina&#8230;<\/p>\n","protected":false},"featured_media":92039,"template":"","meta":[],"product_brand":[],"product_cat":[878,948,574],"product_tag":[],"class_list":{"0":"post-92048","1":"product","2":"type-product","3":"status-publish","4":"has-post-thumbnail","6":"product_cat-djurbehov","7":"product_cat-hundgaller-skiljevaggar","8":"product_cat-hundtillbehor","10":"first","11":"instock","12":"sale","13":"taxable","14":"shipping-taxable","15":"purchasable","16":"product-type-simple"},"yoast_head":"<!-- This site is optimized with the Yoast SEO plugin v25.4 - https:\/\/yoast.com\/wordpress\/plugins\/seo\/ -->\n<title>TRUUSK Flexibel Hundg\u00e5rd 12-paneler - D\u00f6rr och Jordspett - Hopf\u00e4llbar - Skyddsplan - 100cm h\u00f6g - TRUUSK - Hem, Tr\u00e4dg\u00e5rd &amp; Fritid<\/title>\n<meta name=\"robots\" content=\"index, follow, max-snippet:-1, max-image-preview:large, max-video-preview:-1\" \/>\n<link rel=\"canonical\" href=\"https:\/\/truusk.store\/sv\/produkt\/truusk-flexibel-hundgard-12-paneler-dorr-och-jordspett-hopfallbar-skyddsplan-100cm-hog\/\" \/>\n<meta property=\"og:locale\" content=\"sv_SE\" \/>\n<meta property=\"og:type\" content=\"article\" \/>\n<meta property=\"og:title\" content=\"TRUUSK Flexibel Hundg\u00e5rd 12-paneler - D\u00f6rr och Jordspett - Hopf\u00e4llbar - Skyddsplan - 100cm h\u00f6g - TRUUSK - Hem, Tr\u00e4dg\u00e5rd &amp; Fritid\" \/>\n<meta property=\"og:description\" content=\"Uppt\u00e4ck TRUUSK hundg\u00e5rd, en flexibel, slitstark hundkennel som kan anpassas till former som en kvadrat, rektangel eller L-form f\u00f6r dina...\" \/>\n<meta property=\"og:url\" content=\"https:\/\/truusk.store\/sv\/produkt\/truusk-flexibel-hundgard-12-paneler-dorr-och-jordspett-hopfallbar-skyddsplan-100cm-hog\/\" \/>\n<meta property=\"og:site_name\" content=\"TRUUSK - Hem, Tr\u00e4dg\u00e5rd &amp; Fritid\" \/>\n<meta property=\"article:modified_time\" content=\"2026-03-12T07:41:20+00:00\" \/>\n<meta property=\"og:image\" content=\"https:\/\/i0.wp.com\/truusk.se\/wp-content\/uploads\/2025\/09\/valphage-12-delad-valplopning-med-12-gallerplattor-dorr-jordspett-flexibel-hopfallbar-skyddsplan-100cm-hog-1.webp?fit=2000%2C2000&ssl=1\" \/>\n\t<meta property=\"og:image:width\" content=\"2000\" \/>\n\t<meta property=\"og:image:height\" content=\"2000\" \/>\n\t<meta property=\"og:image:type\" content=\"image\/webp\" \/>\n<meta name=\"twitter:card\" content=\"summary_large_image\" \/>\n<meta name=\"twitter:label1\" content=\"Ber\u00e4knad l\u00e4stid\" \/>\n\t<meta name=\"twitter:data1\" content=\"1 minut\" \/>\n<!-- \/ Yoast SEO plugin. -->","yoast_head_json":{"title":"TRUUSK Flexibel Hundg\u00e5rd 12-paneler - D\u00f6rr och Jordspett - Hopf\u00e4llbar - Skyddsplan - 100cm h\u00f6g - TRUUSK - Hem, Tr\u00e4dg\u00e5rd &amp; Fritid","robots":{"index":"index","follow":"follow","max-snippet":"max-snippet:-1","max-image-preview":"max-image-preview:large","max-video-preview":"max-video-preview:-1"},"canonical":"https:\/\/truusk.store\/sv\/produkt\/truusk-flexibel-hundgard-12-paneler-dorr-och-jordspett-hopfallbar-skyddsplan-100cm-hog\/","og_locale":"sv_SE","og_type":"article","og_title":"TRUUSK Flexibel Hundg\u00e5rd 12-paneler - D\u00f6rr och Jordspett - Hopf\u00e4llbar - Skyddsplan - 100cm h\u00f6g - TRUUSK - Hem, Tr\u00e4dg\u00e5rd &amp; Fritid","og_description":"Uppt\u00e4ck TRUUSK hundg\u00e5rd, en flexibel, slitstark hundkennel som kan anpassas till former som en kvadrat, rektangel eller L-form f\u00f6r dina...","og_url":"https:\/\/truusk.store\/sv\/produkt\/truusk-flexibel-hundgard-12-paneler-dorr-och-jordspett-hopfallbar-skyddsplan-100cm-hog\/","og_site_name":"TRUUSK - Hem, Tr\u00e4dg\u00e5rd &amp; Fritid","article_modified_time":"2026-03-12T07:41:20+00:00","og_image":[{"width":2000,"height":2000,"url":"https:\/\/i0.wp.com\/truusk.se\/wp-content\/uploads\/2025\/09\/valphage-12-delad-valplopning-med-12-gallerplattor-dorr-jordspett-flexibel-hopfallbar-skyddsplan-100cm-hog-1.webp?fit=2000%2C2000&ssl=1","type":"image\/webp"}],"twitter_card":"summary_large_image","twitter_misc":{"Ber\u00e4knad l\u00e4stid":"1 minut"},"schema":{"@context":"https:\/\/schema.org","@graph":[{"@type":"WebPage","@id":"https:\/\/truusk.store\/sv\/produkt\/truusk-flexibel-hundgard-12-paneler-dorr-och-jordspett-hopfallbar-skyddsplan-100cm-hog\/","url":"https:\/\/truusk.store\/sv\/produkt\/truusk-flexibel-hundgard-12-paneler-dorr-och-jordspett-hopfallbar-skyddsplan-100cm-hog\/","name":"TRUUSK Flexibel Hundg\u00e5rd 12-paneler - D\u00f6rr och Jordspett - Hopf\u00e4llbar - Skyddsplan - 100cm h\u00f6g - TRUUSK - Hem, Tr\u00e4dg\u00e5rd &amp; Fritid","isPartOf":{"@id":"https:\/\/truusk.store\/sv\/#website"},"primaryImageOfPage":{"@id":"https:\/\/truusk.store\/sv\/produkt\/truusk-flexibel-hundgard-12-paneler-dorr-och-jordspett-hopfallbar-skyddsplan-100cm-hog\/#primaryimage"},"image":{"@id":"https:\/\/truusk.store\/sv\/produkt\/truusk-flexibel-hundgard-12-paneler-dorr-och-jordspett-hopfallbar-skyddsplan-100cm-hog\/#primaryimage"},"thumbnailUrl":"https:\/\/i0.wp.com\/truusk.store\/wp-content\/uploads\/2025\/09\/valphage-12-delad-valplopning-med-12-gallerplattor-dorr-jordspett-flexibel-hopfallbar-skyddsplan-100cm-hog-1.webp?fit=2000%2C2000&ssl=1","datePublished":"2025-09-24T11:33:02+00:00","dateModified":"2026-03-12T07:41:20+00:00","breadcrumb":{"@id":"https:\/\/truusk.store\/sv\/produkt\/truusk-flexibel-hundgard-12-paneler-dorr-och-jordspett-hopfallbar-skyddsplan-100cm-hog\/#breadcrumb"},"inLanguage":"sv-SE","potentialAction":[{"@type":"ReadAction","target":["https:\/\/truusk.store\/sv\/produkt\/truusk-flexibel-hundgard-12-paneler-dorr-och-jordspett-hopfallbar-skyddsplan-100cm-hog\/"]}]},{"@type":"ImageObject","inLanguage":"sv-SE","@id":"https:\/\/truusk.store\/sv\/produkt\/truusk-flexibel-hundgard-12-paneler-dorr-och-jordspett-hopfallbar-skyddsplan-100cm-hog\/#primaryimage","url":"https:\/\/i0.wp.com\/truusk.store\/wp-content\/uploads\/2025\/09\/valphage-12-delad-valplopning-med-12-gallerplattor-dorr-jordspett-flexibel-hopfallbar-skyddsplan-100cm-hog-1.webp?fit=2000%2C2000&ssl=1","contentUrl":"https:\/\/i0.wp.com\/truusk.store\/wp-content\/uploads\/2025\/09\/valphage-12-delad-valplopning-med-12-gallerplattor-dorr-jordspett-flexibel-hopfallbar-skyddsplan-100cm-hog-1.webp?fit=2000%2C2000&ssl=1","width":2000,"height":2000},{"@type":"BreadcrumbList","@id":"https:\/\/truusk.store\/sv\/produkt\/truusk-flexibel-hundgard-12-paneler-dorr-och-jordspett-hopfallbar-skyddsplan-100cm-hog\/#breadcrumb","itemListElement":[{"@type":"ListItem","position":1,"name":"Home","item":"https:\/\/truusk.store\/sv\/"},{"@type":"ListItem","position":2,"name":"Shop","item":"https:\/\/truusk.store\/shop\/"},{"@type":"ListItem","position":3,"name":"TRUUSK Flexibel Hundg\u00e5rd 12-paneler &#8211; D\u00f6rr och Jordspett &#8211; Hopf\u00e4llbar &#8211; Skyddsplan &#8211; 100cm h\u00f6g"}]},{"@type":"WebSite","@id":"https:\/\/truusk.store\/sv\/#website","url":"https:\/\/truusk.store\/sv\/","name":"TRUUSK - Hem, Tr\u00e4dg\u00e5rd & Fritid","description":"","publisher":{"@id":"https:\/\/truusk.store\/sv\/#organization"},"potentialAction":[{"@type":"SearchAction","target":{"@type":"EntryPoint","urlTemplate":"https:\/\/truusk.store\/sv\/?s={search_term_string}"},"query-input":{"@type":"PropertyValueSpecification","valueRequired":true,"valueName":"search_term_string"}}],"inLanguage":"sv-SE"},{"@type":"Organization","@id":"https:\/\/truusk.store\/sv\/#organization","name":"TRUUSK - Hem, Tr\u00e4dg\u00e5rd & Fritid","url":"https:\/\/truusk.store\/sv\/","logo":{"@type":"ImageObject","inLanguage":"sv-SE","@id":"https:\/\/truusk.store\/sv\/#\/schema\/logo\/image\/","url":"https:\/\/i0.wp.com\/truusk.store\/wp-content\/uploads\/2026\/03\/cropped-TRUUSK.png?fit=2032%2C917&ssl=1","contentUrl":"https:\/\/i0.wp.com\/truusk.store\/wp-content\/uploads\/2026\/03\/cropped-TRUUSK.png?fit=2032%2C917&ssl=1","width":2032,"height":917,"caption":"TRUUSK - Hem, Tr\u00e4dg\u00e5rd & Fritid"},"image":{"@id":"https:\/\/truusk.store\/sv\/#\/schema\/logo\/image\/"}}]}},"jetpack_sharing_enabled":true,"_links":{"self":[{"href":"https:\/\/truusk.store\/sv\/wp-json\/wp\/v2\/product\/92048","targetHints":{"allow":["GET"]}}],"collection":[{"href":"https:\/\/truusk.store\/sv\/wp-json\/wp\/v2\/product"}],"about":[{"href":"https:\/\/truusk.store\/sv\/wp-json\/wp\/v2\/types\/product"}],"wp:featuredmedia":[{"embeddable":true,"href":"https:\/\/truusk.store\/sv\/wp-json\/wp\/v2\/media\/92039"}],"wp:attachment":[{"href":"https:\/\/truusk.store\/sv\/wp-json\/wp\/v2\/media?parent=92048"}],"wp:term":[{"taxonomy":"product_brand","embeddable":true,"href":"https:\/\/truusk.store\/sv\/wp-json\/wp\/v2\/product_brand?post=92048"},{"taxonomy":"product_cat","embeddable":true,"href":"https:\/\/truusk.store\/sv\/wp-json\/wp\/v2\/product_cat?post=92048"},{"taxonomy":"product_tag","embeddable":true,"href":"https:\/\/truusk.store\/sv\/wp-json\/wp\/v2\/product_tag?post=92048"}],"curies":[{"name":"wp","href":"https:\/\/api.w.org\/{rel}","templated":true}]}}