{"id":92091,"date":"2025-09-30T19:52:17","date_gmt":"2025-09-30T18:52:17","guid":{"rendered":"https:\/\/truusk.store\/product\/knabank-hopfallbar-tradgardspall-2-i-1-knastod-med-verktygsvaska-eva-skum-58-x-28-x-49-cm\/"},"modified":"2026-03-12T09:06:08","modified_gmt":"2026-03-12T08:06:08","slug":"truusk-knabank-hopfallbar-tradgardspall-2-i-1-design-knastod-verktygsvaska-eva-skum-58-x-28-x-49-cm","status":"publish","type":"product","link":"https:\/\/truusk.store\/sv\/produkt\/truusk-knabank-hopfallbar-tradgardspall-2-i-1-design-knastod-verktygsvaska-eva-skum-58-x-28-x-49-cm\/","title":{"rendered":"TRUUSK Kn\u00e4b\u00e4nk &#8211; Hopf\u00e4llbar Tr\u00e4dg\u00e5rdspall &#8211; 2-i-1 Design &#8211; Kn\u00e4st\u00f6d &#8211; Verktygsv\u00e4ska &#8211; EVA-Skum &#8211; 58 x 28 x 49 cm"},"content":{"rendered":"<p>V\u00e5r praktiska tr\u00e4dg\u00e5rdskn\u00e4b\u00e4nk \u00e4r det perfekta tillbeh\u00f6ret f\u00f6r varje tr\u00e4dg\u00e5rdsm\u00e4stare. Den ergonomiska designen f\u00f6rhindrar \u00f6mma kn\u00e4n, hj\u00e4lper till att st\u00e5 upp och erbjuder en bekv\u00e4m plats att sitta. Med tv\u00e5 1,8 cm stora bekv\u00e4ma kuddar skyddas dina \u00f6mma kn\u00e4n och armst\u00f6den underl\u00e4ttar att st\u00e5 upp. Genom att v\u00e4nda p\u00e5 den f\u00e5r du en bekv\u00e4m sittplats som \u00e4r tillr\u00e4ckligt h\u00f6g f\u00f6r att du l\u00e4tt ska kunna st\u00e5 upp och s\u00e4tta dig p\u00e5 den, men tillr\u00e4ckligt l\u00e5g f\u00f6r att den ska ta dig till r\u00e4tt h\u00f6jd f\u00f6r m\u00e5nga olika tr\u00e4dg\u00e5rdsarbeten. Den l\u00e4tt hopf\u00e4llbara designen g\u00f6r det enkelt att b\u00e4ra och f\u00f6rvara.<\/p>\n<p>Beskrivning:<\/p>\n<ul>\n<li> 2-i-1-design som kn\u00e4b\u00e4nk och tr\u00e4dg\u00e5rdssits<\/li>\n<li> Underl\u00e4ttar anstr\u00e4ngningen och skyddar dina kl\u00e4der fr\u00e5n lera och gr\u00e4sfl\u00e4ckar<\/li>\n<li> Tillverkad av h\u00f6gkvalitativt st\u00e5l f\u00f6r maximal styrka<\/li>\n<li> 2 v\u00e4l vadderade EVA-skumkuddar minskar belastningen p\u00e5 dina kn\u00e4n<\/li>\n<li> Inkl. avtagbar sidov\u00e4ska med 4 fickor f\u00f6r verktyg<\/li>\n<li> Hopf\u00e4llbar design f\u00f6r enkel transport och f\u00f6rvaring<\/li>\n<\/ul>\n<p> Tekniska data:<\/p>\n<ul>\n<li> Material: St\u00e5l, j\u00e4rn, EVA-skum<\/li>\n<li> M\u00e5tt: L58 x B28 x H49 cm<\/li>\n<li> M\u00e5tt (hopf\u00e4lld): L60 x B27 x H13,5 cm<\/li>\n<li> M\u00e5tt (matta): L40 x B15,5 x T5,5 cm<\/li>\n<li> Nettovikt: 2,6kg.<\/li>\n<li> B\u00e4rkapacitet: 150 kg<\/li>\n<li> F\u00e4rg: Gr\u00f6n<\/li>\n<\/ul>\n<p> Leveransinneh\u00e5ll:<\/p>\n<ul>\n<li> 1 x kn\u00e4b\u00e4nk<\/li>\n<li> 1 x verktygsv\u00e4ska<\/li>\n<\/ul>\n","protected":false},"excerpt":{"rendered":"<p>V\u00e5r praktiska tr\u00e4dg\u00e5rdskn\u00e4b\u00e4nk \u00e4r det perfekta tillbeh\u00f6ret f\u00f6r varje tr\u00e4dg\u00e5rdsm\u00e4stare. Den ergonomiska designen f\u00f6rhindrar \u00f6mma kn\u00e4n, hj\u00e4lper till att st\u00e5&#8230;<\/p>\n","protected":false},"featured_media":92082,"template":"","meta":[],"product_brand":[],"product_cat":[858,1073,443],"product_tag":[],"class_list":{"0":"post-92091","1":"product","2":"type-product","3":"status-publish","4":"has-post-thumbnail","6":"product_cat-tradgard-terrass","7":"product_cat-tradgardsvard","8":"product_cat-vaxthus-tradgardsskotsel","10":"first","11":"instock","12":"sale","13":"taxable","14":"shipping-taxable","15":"purchasable","16":"product-type-simple"},"yoast_head":"<!-- This site is optimized with the Yoast SEO plugin v25.4 - https:\/\/yoast.com\/wordpress\/plugins\/seo\/ -->\n<title>TRUUSK Kn\u00e4b\u00e4nk - Hopf\u00e4llbar Tr\u00e4dg\u00e5rdspall - 2-i-1 Design - Kn\u00e4st\u00f6d - Verktygsv\u00e4ska - EVA-Skum - 58 x 28 x 49 cm - TRUUSK - Hem, Tr\u00e4dg\u00e5rd &amp; Fritid<\/title>\n<meta name=\"robots\" content=\"index, follow, max-snippet:-1, max-image-preview:large, max-video-preview:-1\" \/>\n<link rel=\"canonical\" href=\"https:\/\/truusk.store\/sv\/produkt\/truusk-knabank-hopfallbar-tradgardspall-2-i-1-design-knastod-verktygsvaska-eva-skum-58-x-28-x-49-cm\/\" \/>\n<meta property=\"og:locale\" content=\"sv_SE\" \/>\n<meta property=\"og:type\" content=\"article\" \/>\n<meta property=\"og:title\" content=\"TRUUSK Kn\u00e4b\u00e4nk - Hopf\u00e4llbar Tr\u00e4dg\u00e5rdspall - 2-i-1 Design - Kn\u00e4st\u00f6d - Verktygsv\u00e4ska - EVA-Skum - 58 x 28 x 49 cm - TRUUSK - Hem, Tr\u00e4dg\u00e5rd &amp; Fritid\" \/>\n<meta property=\"og:description\" content=\"V\u00e5r praktiska tr\u00e4dg\u00e5rdskn\u00e4b\u00e4nk \u00e4r det perfekta tillbeh\u00f6ret f\u00f6r varje tr\u00e4dg\u00e5rdsm\u00e4stare. Den ergonomiska designen f\u00f6rhindrar \u00f6mma kn\u00e4n, hj\u00e4lper till att st\u00e5...\" \/>\n<meta property=\"og:url\" content=\"https:\/\/truusk.store\/sv\/produkt\/truusk-knabank-hopfallbar-tradgardspall-2-i-1-design-knastod-verktygsvaska-eva-skum-58-x-28-x-49-cm\/\" \/>\n<meta property=\"og:site_name\" content=\"TRUUSK - Hem, Tr\u00e4dg\u00e5rd &amp; Fritid\" \/>\n<meta property=\"article:modified_time\" content=\"2026-03-12T08:06:08+00:00\" \/>\n<meta property=\"og:image\" content=\"https:\/\/i0.wp.com\/truusk.se\/wp-content\/uploads\/2025\/09\/knabank-hopfallbar-tradgardspall-2-i-1-knastod-med-verktygsvaska-eva-skum-58-x-28-x-49-cm-1.webp?fit=2000%2C2000&ssl=1\" \/>\n\t<meta property=\"og:image:width\" content=\"2000\" \/>\n\t<meta property=\"og:image:height\" content=\"2000\" \/>\n\t<meta property=\"og:image:type\" content=\"image\/webp\" \/>\n<meta name=\"twitter:card\" content=\"summary_large_image\" \/>\n<meta name=\"twitter:label1\" content=\"Ber\u00e4knad l\u00e4stid\" \/>\n\t<meta name=\"twitter:data1\" content=\"1 minut\" \/>\n<!-- \/ Yoast SEO plugin. -->","yoast_head_json":{"title":"TRUUSK Kn\u00e4b\u00e4nk - Hopf\u00e4llbar Tr\u00e4dg\u00e5rdspall - 2-i-1 Design - Kn\u00e4st\u00f6d - Verktygsv\u00e4ska - EVA-Skum - 58 x 28 x 49 cm - TRUUSK - Hem, Tr\u00e4dg\u00e5rd &amp; Fritid","robots":{"index":"index","follow":"follow","max-snippet":"max-snippet:-1","max-image-preview":"max-image-preview:large","max-video-preview":"max-video-preview:-1"},"canonical":"https:\/\/truusk.store\/sv\/produkt\/truusk-knabank-hopfallbar-tradgardspall-2-i-1-design-knastod-verktygsvaska-eva-skum-58-x-28-x-49-cm\/","og_locale":"sv_SE","og_type":"article","og_title":"TRUUSK Kn\u00e4b\u00e4nk - Hopf\u00e4llbar Tr\u00e4dg\u00e5rdspall - 2-i-1 Design - Kn\u00e4st\u00f6d - Verktygsv\u00e4ska - EVA-Skum - 58 x 28 x 49 cm - TRUUSK - Hem, Tr\u00e4dg\u00e5rd &amp; Fritid","og_description":"V\u00e5r praktiska tr\u00e4dg\u00e5rdskn\u00e4b\u00e4nk \u00e4r det perfekta tillbeh\u00f6ret f\u00f6r varje tr\u00e4dg\u00e5rdsm\u00e4stare. Den ergonomiska designen f\u00f6rhindrar \u00f6mma kn\u00e4n, hj\u00e4lper till att st\u00e5...","og_url":"https:\/\/truusk.store\/sv\/produkt\/truusk-knabank-hopfallbar-tradgardspall-2-i-1-design-knastod-verktygsvaska-eva-skum-58-x-28-x-49-cm\/","og_site_name":"TRUUSK - Hem, Tr\u00e4dg\u00e5rd &amp; Fritid","article_modified_time":"2026-03-12T08:06:08+00:00","og_image":[{"width":2000,"height":2000,"url":"https:\/\/i0.wp.com\/truusk.se\/wp-content\/uploads\/2025\/09\/knabank-hopfallbar-tradgardspall-2-i-1-knastod-med-verktygsvaska-eva-skum-58-x-28-x-49-cm-1.webp?fit=2000%2C2000&ssl=1","type":"image\/webp"}],"twitter_card":"summary_large_image","twitter_misc":{"Ber\u00e4knad l\u00e4stid":"1 minut"},"schema":{"@context":"https:\/\/schema.org","@graph":[{"@type":"WebPage","@id":"https:\/\/truusk.store\/sv\/produkt\/truusk-knabank-hopfallbar-tradgardspall-2-i-1-design-knastod-verktygsvaska-eva-skum-58-x-28-x-49-cm\/","url":"https:\/\/truusk.store\/sv\/produkt\/truusk-knabank-hopfallbar-tradgardspall-2-i-1-design-knastod-verktygsvaska-eva-skum-58-x-28-x-49-cm\/","name":"TRUUSK Kn\u00e4b\u00e4nk - Hopf\u00e4llbar Tr\u00e4dg\u00e5rdspall - 2-i-1 Design - Kn\u00e4st\u00f6d - Verktygsv\u00e4ska - EVA-Skum - 58 x 28 x 49 cm - TRUUSK - Hem, Tr\u00e4dg\u00e5rd &amp; Fritid","isPartOf":{"@id":"https:\/\/truusk.store\/sv\/#website"},"primaryImageOfPage":{"@id":"https:\/\/truusk.store\/sv\/produkt\/truusk-knabank-hopfallbar-tradgardspall-2-i-1-design-knastod-verktygsvaska-eva-skum-58-x-28-x-49-cm\/#primaryimage"},"image":{"@id":"https:\/\/truusk.store\/sv\/produkt\/truusk-knabank-hopfallbar-tradgardspall-2-i-1-design-knastod-verktygsvaska-eva-skum-58-x-28-x-49-cm\/#primaryimage"},"thumbnailUrl":"https:\/\/i0.wp.com\/truusk.store\/wp-content\/uploads\/2025\/09\/knabank-hopfallbar-tradgardspall-2-i-1-knastod-med-verktygsvaska-eva-skum-58-x-28-x-49-cm-1.webp?fit=2000%2C2000&ssl=1","datePublished":"2025-09-30T18:52:17+00:00","dateModified":"2026-03-12T08:06:08+00:00","breadcrumb":{"@id":"https:\/\/truusk.store\/sv\/produkt\/truusk-knabank-hopfallbar-tradgardspall-2-i-1-design-knastod-verktygsvaska-eva-skum-58-x-28-x-49-cm\/#breadcrumb"},"inLanguage":"sv-SE","potentialAction":[{"@type":"ReadAction","target":["https:\/\/truusk.store\/sv\/produkt\/truusk-knabank-hopfallbar-tradgardspall-2-i-1-design-knastod-verktygsvaska-eva-skum-58-x-28-x-49-cm\/"]}]},{"@type":"ImageObject","inLanguage":"sv-SE","@id":"https:\/\/truusk.store\/sv\/produkt\/truusk-knabank-hopfallbar-tradgardspall-2-i-1-design-knastod-verktygsvaska-eva-skum-58-x-28-x-49-cm\/#primaryimage","url":"https:\/\/i0.wp.com\/truusk.store\/wp-content\/uploads\/2025\/09\/knabank-hopfallbar-tradgardspall-2-i-1-knastod-med-verktygsvaska-eva-skum-58-x-28-x-49-cm-1.webp?fit=2000%2C2000&ssl=1","contentUrl":"https:\/\/i0.wp.com\/truusk.store\/wp-content\/uploads\/2025\/09\/knabank-hopfallbar-tradgardspall-2-i-1-knastod-med-verktygsvaska-eva-skum-58-x-28-x-49-cm-1.webp?fit=2000%2C2000&ssl=1","width":2000,"height":2000},{"@type":"BreadcrumbList","@id":"https:\/\/truusk.store\/sv\/produkt\/truusk-knabank-hopfallbar-tradgardspall-2-i-1-design-knastod-verktygsvaska-eva-skum-58-x-28-x-49-cm\/#breadcrumb","itemListElement":[{"@type":"ListItem","position":1,"name":"Home","item":"https:\/\/truusk.store\/sv\/"},{"@type":"ListItem","position":2,"name":"Shop","item":"https:\/\/truusk.store\/shop\/"},{"@type":"ListItem","position":3,"name":"TRUUSK Kn\u00e4b\u00e4nk &#8211; Hopf\u00e4llbar Tr\u00e4dg\u00e5rdspall &#8211; 2-i-1 Design &#8211; Kn\u00e4st\u00f6d &#8211; Verktygsv\u00e4ska &#8211; EVA-Skum &#8211; 58 x 28 x 49 cm"}]},{"@type":"WebSite","@id":"https:\/\/truusk.store\/sv\/#website","url":"https:\/\/truusk.store\/sv\/","name":"TRUUSK - Hem, Tr\u00e4dg\u00e5rd & Fritid","description":"","publisher":{"@id":"https:\/\/truusk.store\/sv\/#organization"},"potentialAction":[{"@type":"SearchAction","target":{"@type":"EntryPoint","urlTemplate":"https:\/\/truusk.store\/sv\/?s={search_term_string}"},"query-input":{"@type":"PropertyValueSpecification","valueRequired":true,"valueName":"search_term_string"}}],"inLanguage":"sv-SE"},{"@type":"Organization","@id":"https:\/\/truusk.store\/sv\/#organization","name":"TRUUSK - Hem, Tr\u00e4dg\u00e5rd & Fritid","url":"https:\/\/truusk.store\/sv\/","logo":{"@type":"ImageObject","inLanguage":"sv-SE","@id":"https:\/\/truusk.store\/sv\/#\/schema\/logo\/image\/","url":"https:\/\/i0.wp.com\/truusk.store\/wp-content\/uploads\/2026\/03\/cropped-TRUUSK.png?fit=2032%2C917&ssl=1","contentUrl":"https:\/\/i0.wp.com\/truusk.store\/wp-content\/uploads\/2026\/03\/cropped-TRUUSK.png?fit=2032%2C917&ssl=1","width":2032,"height":917,"caption":"TRUUSK - Hem, Tr\u00e4dg\u00e5rd & Fritid"},"image":{"@id":"https:\/\/truusk.store\/sv\/#\/schema\/logo\/image\/"}}]}},"jetpack_sharing_enabled":true,"_links":{"self":[{"href":"https:\/\/truusk.store\/sv\/wp-json\/wp\/v2\/product\/92091","targetHints":{"allow":["GET"]}}],"collection":[{"href":"https:\/\/truusk.store\/sv\/wp-json\/wp\/v2\/product"}],"about":[{"href":"https:\/\/truusk.store\/sv\/wp-json\/wp\/v2\/types\/product"}],"wp:featuredmedia":[{"embeddable":true,"href":"https:\/\/truusk.store\/sv\/wp-json\/wp\/v2\/media\/92082"}],"wp:attachment":[{"href":"https:\/\/truusk.store\/sv\/wp-json\/wp\/v2\/media?parent=92091"}],"wp:term":[{"taxonomy":"product_brand","embeddable":true,"href":"https:\/\/truusk.store\/sv\/wp-json\/wp\/v2\/product_brand?post=92091"},{"taxonomy":"product_cat","embeddable":true,"href":"https:\/\/truusk.store\/sv\/wp-json\/wp\/v2\/product_cat?post=92091"},{"taxonomy":"product_tag","embeddable":true,"href":"https:\/\/truusk.store\/sv\/wp-json\/wp\/v2\/product_tag?post=92091"}],"curies":[{"name":"wp","href":"https:\/\/api.w.org\/{rel}","templated":true}]}}