{"id":9211,"date":"2024-02-13T09:38:38","date_gmt":"2024-02-13T08:38:38","guid":{"rendered":"https:\/\/truusk.store\/product\/pianopall-pianobank-traditionell-hallbank-i-lantlig-stil-kosmetisk-pall-forvaringsutrymme-gummi-tra-konstlader-svart-76-x-36-x-50-cm\/"},"modified":"2026-03-12T08:55:58","modified_gmt":"2026-03-12T07:55:58","slug":"truusk-traditionell-pianopall-med-forvaringsutrymme-lantlig-stil-konstlader-svart-76-x-36-x-50-cm","status":"publish","type":"product","link":"https:\/\/truusk.store\/sv\/produkt\/truusk-traditionell-pianopall-med-forvaringsutrymme-lantlig-stil-konstlader-svart-76-x-36-x-50-cm\/","title":{"rendered":"TRUUSK Traditionell Pianopall med F\u00f6rvaringsutrymme &#8211; Lantlig Stil &#8211; Konstl\u00e4der &#8211; Svart &#8211; 76 x 36 x 50 cm"},"content":{"rendered":"<p>V\u00e5r klassiska pianob\u00e4nk g\u00f6r ditt framf\u00f6rande bekv\u00e4mt, snyggt och of\u00f6rgl\u00f6mligt. Denna b\u00e4nk \u00e4r gjord av en massiv tr\u00e4ram med robusta, h\u00e5llbara ben och \u00e4r utrustad med en mjuk vadderad kudde i konstl\u00e4der. Tack vare sin l\u00e5ga vikt \u00e4r denna b\u00e4nk l\u00e4tt att flytta, transportera och f\u00f6rvara och \u00e4r perfekt f\u00f6r resor som en professionell prestationsb\u00e4nk.<\/p>\n<h3>Beskrivning:<\/h3>\n<ul>\n<li>Vacker pianob\u00e4nk i traditionell lantlig stil<\/li>\n<li>L\u00e4mplig f\u00f6r upp till tv\u00e5 personer<\/li>\n<li>Sits av sl\u00e4tt konstl\u00e4der<\/li>\n<li>Stabil tr\u00e4ram och slitstarka ben<\/li>\n<li>Bekv\u00e4mt f\u00f6rvaringsutrymme under sitsen<\/li>\n<li>L\u00e4tt och l\u00e4tt att transportera<\/li>\n<\/ul>\n<h3>Teknisk data:<\/h3>\n<ul>\n<li>Svart f\u00e4rg<\/li>\n<li>Material: gummitr\u00e4, konstl\u00e4der<\/li>\n<li>Totala m\u00e5tt: 76L x 36W x 50H cm<\/li>\n<li>Sitth\u00f6jd: 49 cm<\/li>\n<li>Max lastvikt: 200 kg<\/li>\n<li>Skumtjocklek: 3 cm<\/li>\n<li>Massiva tr\u00e4f\u00f6tter: 45 cm<\/li>\n<li>Nettovikt: 6,2 kg<\/li>\n<\/ul>\n<h3>Leveransens omfattning:<\/h3>\n<ul>\n<li>1 x pianopall;<\/li>\n<\/ul>\n","protected":false},"excerpt":{"rendered":"<p>V\u00e5r klassiska pianob\u00e4nk g\u00f6r ditt framf\u00f6rande bekv\u00e4mt, snyggt och of\u00f6rgl\u00f6mligt. Denna b\u00e4nk \u00e4r gjord av en massiv tr\u00e4ram med robusta,&#8230;<\/p>\n","protected":false},"featured_media":9212,"template":"","meta":[],"product_brand":[],"product_cat":[485,542,543],"product_tag":[],"class_list":{"0":"post-9211","1":"product","2":"type-product","3":"status-publish","4":"has-post-thumbnail","6":"product_cat-hus-bo","7":"product_cat-pall","8":"product_cat-pall-fotpall","10":"first","11":"instock","12":"sale","13":"taxable","14":"shipping-taxable","15":"purchasable","16":"product-type-simple"},"yoast_head":"<!-- This site is optimized with the Yoast SEO plugin v25.4 - https:\/\/yoast.com\/wordpress\/plugins\/seo\/ -->\n<title>TRUUSK Traditionell Pianopall med F\u00f6rvaringsutrymme - Lantlig Stil - Konstl\u00e4der - Svart - 76 x 36 x 50 cm - TRUUSK - Hem, Tr\u00e4dg\u00e5rd &amp; Fritid<\/title>\n<meta name=\"robots\" content=\"index, follow, max-snippet:-1, max-image-preview:large, max-video-preview:-1\" \/>\n<link rel=\"canonical\" href=\"https:\/\/truusk.store\/sv\/produkt\/truusk-traditionell-pianopall-med-forvaringsutrymme-lantlig-stil-konstlader-svart-76-x-36-x-50-cm\/\" \/>\n<meta property=\"og:locale\" content=\"sv_SE\" \/>\n<meta property=\"og:type\" content=\"article\" \/>\n<meta property=\"og:title\" content=\"TRUUSK Traditionell Pianopall med F\u00f6rvaringsutrymme - Lantlig Stil - Konstl\u00e4der - Svart - 76 x 36 x 50 cm - TRUUSK - Hem, Tr\u00e4dg\u00e5rd &amp; Fritid\" \/>\n<meta property=\"og:description\" content=\"V\u00e5r klassiska pianob\u00e4nk g\u00f6r ditt framf\u00f6rande bekv\u00e4mt, snyggt och of\u00f6rgl\u00f6mligt. Denna b\u00e4nk \u00e4r gjord av en massiv tr\u00e4ram med robusta,...\" \/>\n<meta property=\"og:url\" content=\"https:\/\/truusk.store\/sv\/produkt\/truusk-traditionell-pianopall-med-forvaringsutrymme-lantlig-stil-konstlader-svart-76-x-36-x-50-cm\/\" \/>\n<meta property=\"og:site_name\" content=\"TRUUSK - Hem, Tr\u00e4dg\u00e5rd &amp; Fritid\" \/>\n<meta property=\"article:modified_time\" content=\"2026-03-12T07:55:58+00:00\" \/>\n<meta property=\"og:image\" content=\"https:\/\/i0.wp.com\/truusk.se\/wp-content\/uploads\/2024\/02\/pianopall-pianobank-traditionell-hallbank-i-lantlig-stil-kosmetisk-pall-forvaringsutrymme-gummi-tra-konstlader-svart-76-x-36-x-50-cm.webp?fit=800%2C800&ssl=1\" \/>\n\t<meta property=\"og:image:width\" content=\"800\" \/>\n\t<meta property=\"og:image:height\" content=\"800\" \/>\n\t<meta property=\"og:image:type\" content=\"image\/webp\" \/>\n<meta name=\"twitter:card\" content=\"summary_large_image\" \/>\n<meta name=\"twitter:label1\" content=\"Ber\u00e4knad l\u00e4stid\" \/>\n\t<meta name=\"twitter:data1\" content=\"1 minut\" \/>\n<!-- \/ Yoast SEO plugin. -->","yoast_head_json":{"title":"TRUUSK Traditionell Pianopall med F\u00f6rvaringsutrymme - Lantlig Stil - Konstl\u00e4der - Svart - 76 x 36 x 50 cm - TRUUSK - Hem, Tr\u00e4dg\u00e5rd &amp; Fritid","robots":{"index":"index","follow":"follow","max-snippet":"max-snippet:-1","max-image-preview":"max-image-preview:large","max-video-preview":"max-video-preview:-1"},"canonical":"https:\/\/truusk.store\/sv\/produkt\/truusk-traditionell-pianopall-med-forvaringsutrymme-lantlig-stil-konstlader-svart-76-x-36-x-50-cm\/","og_locale":"sv_SE","og_type":"article","og_title":"TRUUSK Traditionell Pianopall med F\u00f6rvaringsutrymme - Lantlig Stil - Konstl\u00e4der - Svart - 76 x 36 x 50 cm - TRUUSK - Hem, Tr\u00e4dg\u00e5rd &amp; Fritid","og_description":"V\u00e5r klassiska pianob\u00e4nk g\u00f6r ditt framf\u00f6rande bekv\u00e4mt, snyggt och of\u00f6rgl\u00f6mligt. Denna b\u00e4nk \u00e4r gjord av en massiv tr\u00e4ram med robusta,...","og_url":"https:\/\/truusk.store\/sv\/produkt\/truusk-traditionell-pianopall-med-forvaringsutrymme-lantlig-stil-konstlader-svart-76-x-36-x-50-cm\/","og_site_name":"TRUUSK - Hem, Tr\u00e4dg\u00e5rd &amp; Fritid","article_modified_time":"2026-03-12T07:55:58+00:00","og_image":[{"width":800,"height":800,"url":"https:\/\/i0.wp.com\/truusk.se\/wp-content\/uploads\/2024\/02\/pianopall-pianobank-traditionell-hallbank-i-lantlig-stil-kosmetisk-pall-forvaringsutrymme-gummi-tra-konstlader-svart-76-x-36-x-50-cm.webp?fit=800%2C800&ssl=1","type":"image\/webp"}],"twitter_card":"summary_large_image","twitter_misc":{"Ber\u00e4knad l\u00e4stid":"1 minut"},"schema":{"@context":"https:\/\/schema.org","@graph":[{"@type":"WebPage","@id":"https:\/\/truusk.store\/sv\/produkt\/truusk-traditionell-pianopall-med-forvaringsutrymme-lantlig-stil-konstlader-svart-76-x-36-x-50-cm\/","url":"https:\/\/truusk.store\/sv\/produkt\/truusk-traditionell-pianopall-med-forvaringsutrymme-lantlig-stil-konstlader-svart-76-x-36-x-50-cm\/","name":"TRUUSK Traditionell Pianopall med F\u00f6rvaringsutrymme - Lantlig Stil - Konstl\u00e4der - Svart - 76 x 36 x 50 cm - TRUUSK - Hem, Tr\u00e4dg\u00e5rd &amp; Fritid","isPartOf":{"@id":"https:\/\/truusk.store\/sv\/#website"},"primaryImageOfPage":{"@id":"https:\/\/truusk.store\/sv\/produkt\/truusk-traditionell-pianopall-med-forvaringsutrymme-lantlig-stil-konstlader-svart-76-x-36-x-50-cm\/#primaryimage"},"image":{"@id":"https:\/\/truusk.store\/sv\/produkt\/truusk-traditionell-pianopall-med-forvaringsutrymme-lantlig-stil-konstlader-svart-76-x-36-x-50-cm\/#primaryimage"},"thumbnailUrl":"https:\/\/i0.wp.com\/truusk.store\/wp-content\/uploads\/2024\/02\/pianopall-pianobank-traditionell-hallbank-i-lantlig-stil-kosmetisk-pall-forvaringsutrymme-gummi-tra-konstlader-svart-76-x-36-x-50-cm.webp?fit=800%2C800&ssl=1","datePublished":"2024-02-13T08:38:38+00:00","dateModified":"2026-03-12T07:55:58+00:00","breadcrumb":{"@id":"https:\/\/truusk.store\/sv\/produkt\/truusk-traditionell-pianopall-med-forvaringsutrymme-lantlig-stil-konstlader-svart-76-x-36-x-50-cm\/#breadcrumb"},"inLanguage":"sv-SE","potentialAction":[{"@type":"ReadAction","target":["https:\/\/truusk.store\/sv\/produkt\/truusk-traditionell-pianopall-med-forvaringsutrymme-lantlig-stil-konstlader-svart-76-x-36-x-50-cm\/"]}]},{"@type":"ImageObject","inLanguage":"sv-SE","@id":"https:\/\/truusk.store\/sv\/produkt\/truusk-traditionell-pianopall-med-forvaringsutrymme-lantlig-stil-konstlader-svart-76-x-36-x-50-cm\/#primaryimage","url":"https:\/\/i0.wp.com\/truusk.store\/wp-content\/uploads\/2024\/02\/pianopall-pianobank-traditionell-hallbank-i-lantlig-stil-kosmetisk-pall-forvaringsutrymme-gummi-tra-konstlader-svart-76-x-36-x-50-cm.webp?fit=800%2C800&ssl=1","contentUrl":"https:\/\/i0.wp.com\/truusk.store\/wp-content\/uploads\/2024\/02\/pianopall-pianobank-traditionell-hallbank-i-lantlig-stil-kosmetisk-pall-forvaringsutrymme-gummi-tra-konstlader-svart-76-x-36-x-50-cm.webp?fit=800%2C800&ssl=1","width":800,"height":800,"caption":"Pianopall Pianob\u00e4nk Traditionell Hallb\u00e4nk I Lantlig Stil Kosmetisk Pall F\u00f6rvaringsutrymme Gummi Tr\u00e4 Konstl\u00e4der Svart 76 X 36 X 50 Cm 1"},{"@type":"BreadcrumbList","@id":"https:\/\/truusk.store\/sv\/produkt\/truusk-traditionell-pianopall-med-forvaringsutrymme-lantlig-stil-konstlader-svart-76-x-36-x-50-cm\/#breadcrumb","itemListElement":[{"@type":"ListItem","position":1,"name":"Home","item":"https:\/\/truusk.store\/sv\/"},{"@type":"ListItem","position":2,"name":"Shop","item":"https:\/\/truusk.store\/shop\/"},{"@type":"ListItem","position":3,"name":"TRUUSK Traditionell Pianopall med F\u00f6rvaringsutrymme &#8211; Lantlig Stil &#8211; Konstl\u00e4der &#8211; Svart &#8211; 76 x 36 x 50 cm"}]},{"@type":"WebSite","@id":"https:\/\/truusk.store\/sv\/#website","url":"https:\/\/truusk.store\/sv\/","name":"TRUUSK - Hem, Tr\u00e4dg\u00e5rd & Fritid","description":"","publisher":{"@id":"https:\/\/truusk.store\/sv\/#organization"},"potentialAction":[{"@type":"SearchAction","target":{"@type":"EntryPoint","urlTemplate":"https:\/\/truusk.store\/sv\/?s={search_term_string}"},"query-input":{"@type":"PropertyValueSpecification","valueRequired":true,"valueName":"search_term_string"}}],"inLanguage":"sv-SE"},{"@type":"Organization","@id":"https:\/\/truusk.store\/sv\/#organization","name":"TRUUSK - Hem, Tr\u00e4dg\u00e5rd & Fritid","url":"https:\/\/truusk.store\/sv\/","logo":{"@type":"ImageObject","inLanguage":"sv-SE","@id":"https:\/\/truusk.store\/sv\/#\/schema\/logo\/image\/","url":"https:\/\/i0.wp.com\/truusk.store\/wp-content\/uploads\/2026\/03\/cropped-TRUUSK.png?fit=2032%2C917&ssl=1","contentUrl":"https:\/\/i0.wp.com\/truusk.store\/wp-content\/uploads\/2026\/03\/cropped-TRUUSK.png?fit=2032%2C917&ssl=1","width":2032,"height":917,"caption":"TRUUSK - Hem, Tr\u00e4dg\u00e5rd & Fritid"},"image":{"@id":"https:\/\/truusk.store\/sv\/#\/schema\/logo\/image\/"}}]}},"jetpack_sharing_enabled":true,"_links":{"self":[{"href":"https:\/\/truusk.store\/sv\/wp-json\/wp\/v2\/product\/9211","targetHints":{"allow":["GET"]}}],"collection":[{"href":"https:\/\/truusk.store\/sv\/wp-json\/wp\/v2\/product"}],"about":[{"href":"https:\/\/truusk.store\/sv\/wp-json\/wp\/v2\/types\/product"}],"wp:featuredmedia":[{"embeddable":true,"href":"https:\/\/truusk.store\/sv\/wp-json\/wp\/v2\/media\/9212"}],"wp:attachment":[{"href":"https:\/\/truusk.store\/sv\/wp-json\/wp\/v2\/media?parent=9211"}],"wp:term":[{"taxonomy":"product_brand","embeddable":true,"href":"https:\/\/truusk.store\/sv\/wp-json\/wp\/v2\/product_brand?post=9211"},{"taxonomy":"product_cat","embeddable":true,"href":"https:\/\/truusk.store\/sv\/wp-json\/wp\/v2\/product_cat?post=9211"},{"taxonomy":"product_tag","embeddable":true,"href":"https:\/\/truusk.store\/sv\/wp-json\/wp\/v2\/product_tag?post=9211"}],"curies":[{"name":"wp","href":"https:\/\/api.w.org\/{rel}","templated":true}]}}