{"id":92111,"date":"2025-10-01T12:09:14","date_gmt":"2025-10-01T11:09:14","guid":{"rendered":"https:\/\/truusk.store\/product\/agility-set-for-hundar-6-delat-agility-utrustningsset-med-flatstanger-visselpipa-hundtraningsutrustning-med-barvaska-for-park-tradgard-orange\/"},"modified":"2026-03-12T08:55:55","modified_gmt":"2026-03-12T07:55:55","slug":"truusk-agility-set-for-hundar-6-delat-agility-utrustningsset-flatstanger-visselpipa-hundtraningsutrustning-med-barvaska","status":"publish","type":"product","link":"https:\/\/truusk.store\/sv\/produkt\/truusk-agility-set-for-hundar-6-delat-agility-utrustningsset-flatstanger-visselpipa-hundtraningsutrustning-med-barvaska\/","title":{"rendered":"TRUUSK Agility Set f\u00f6r Hundar &#8211; 6-delat Agility-utrustningsset &#8211; Fl\u00e4tst\u00e4nger &#8211; Visselpipa &#8211; Hundtr\u00e4ningsutrustning med B\u00e4rv\u00e4ska &#8211;"},"content":{"rendered":"<p>H\u00e5ll din hund glad och frisk med Agility-setet fr\u00e5n TRUUSK! Ta med hinder till parker, str\u00e4nder, tr\u00e4dg\u00e5rdar och mer med b\u00e4rp\u00e5sen. Agility-utrustningen f\u00f6r hundar har 6 hopp f\u00f6r mer utmanande \u00f6vningar. Justera h\u00f6jden f\u00f6r att g\u00f6ra tr\u00e4ningen fr\u00e5n enkel till avancerad, f\u00f6r nyb\u00f6rjare och proffs. Fr\u00e4mja din hunds kropp och sinne med denna agility-kurs!<\/p>\n<p>Beskrivning:<\/p>\n<ul>\n<li> Set med 6 hinder g\u00f6r det m\u00f6jligt f\u00f6r dig och din hund att tr\u00e4na b\u00e5de enkla och avancerade \u00f6vningar<\/li>\n<li> Detta hundagility-set fr\u00e4mjar relationen mellan dig och ditt husdjur och hj\u00e4lper dina husdjur att f\u00e5 motion<\/li>\n<li> Justerbar hinderh\u00f6jd f\u00f6r olika tr\u00e4ningsintensiteter<\/li>\n<li> Visselpipa f\u00f6r tr\u00e4ning ing\u00e5r<\/li>\n<li> B\u00e4rp\u00e5se f\u00f6r hundagility-utrustning ing\u00e5r och l\u00e4tt design f\u00f6r enkel transport<\/li>\n<li> Denna produkt kan anv\u00e4ndas p\u00e5 gr\u00e4s eller p\u00e5 n\u00e5gon j\u00e4mn yta<\/li>\n<li> Montering kr\u00e4vs<\/li>\n<\/ul>\n<p>Tekniska data:<\/p>\n<ul>\n<li> F\u00e4rg: Orange+Vit<\/li>\n<li> Material: Plast<\/li>\n<li> Hoppdimensioner: 97,5L x 67B x 93H cm<\/li>\n<li> Justerbar st\u00e5ngsh\u00f6jd: 15 cm &#8211; 85 cm<\/li>\n<li> Tv\u00e4rst\u00e5ngsl\u00e4ngd: 90 cm<\/li>\n<li> Vertikal st\u00e5ngl\u00e4ngd: 90 cm<\/li>\n<li> Jordstavsl\u00e4ngd: 31,5 cm<\/li>\n<\/ul>\n<p>Leveransinneh\u00e5ll:<\/p>\n<ul>\n<li> 12 x Tv\u00e4rst\u00e4nger<\/li>\n<li> 12 x Vertikalst\u00e4nger<\/li>\n<li> 24 x Jordst\u00e4nger<\/li>\n<li> 12 x Fyrv\u00e4gskopplingar<\/li>\n<li> 12 x Kl\u00e4mmor<\/li>\n<li> 1 x Visselpipa<\/li>\n<li> 1 x B\u00e4rp\u00e5se<\/li>\n<\/ul>\n","protected":false},"excerpt":{"rendered":"<p>H\u00e5ll din hund glad och frisk med Agility-setet fr\u00e5n TRUUSK! Ta med hinder till parker, str\u00e4nder, tr\u00e4dg\u00e5rdar och mer med&#8230;<\/p>\n","protected":false},"featured_media":92102,"template":"","meta":[],"product_brand":[],"product_cat":[578,878,574],"product_tag":[],"class_list":{"0":"post-92111","1":"product","2":"type-product","3":"status-publish","4":"has-post-thumbnail","6":"product_cat-agility-set","7":"product_cat-djurbehov","8":"product_cat-hundtillbehor","10":"first","11":"instock","12":"sale","13":"taxable","14":"shipping-taxable","15":"purchasable","16":"product-type-simple"},"yoast_head":"<!-- This site is optimized with the Yoast SEO plugin v25.4 - https:\/\/yoast.com\/wordpress\/plugins\/seo\/ -->\n<title>TRUUSK Agility Set f\u00f6r Hundar - 6-delat Agility-utrustningsset - Fl\u00e4tst\u00e4nger - Visselpipa - Hundtr\u00e4ningsutrustning med B\u00e4rv\u00e4ska - TRUUSK - Hem, Tr\u00e4dg\u00e5rd &amp; Fritid<\/title>\n<meta name=\"robots\" content=\"index, follow, max-snippet:-1, max-image-preview:large, max-video-preview:-1\" \/>\n<link rel=\"canonical\" href=\"https:\/\/truusk.store\/sv\/produkt\/truusk-agility-set-for-hundar-6-delat-agility-utrustningsset-flatstanger-visselpipa-hundtraningsutrustning-med-barvaska\/\" \/>\n<meta property=\"og:locale\" content=\"sv_SE\" \/>\n<meta property=\"og:type\" content=\"article\" \/>\n<meta property=\"og:title\" content=\"TRUUSK Agility Set f\u00f6r Hundar - 6-delat Agility-utrustningsset - Fl\u00e4tst\u00e4nger - Visselpipa - Hundtr\u00e4ningsutrustning med B\u00e4rv\u00e4ska - TRUUSK - Hem, Tr\u00e4dg\u00e5rd &amp; Fritid\" \/>\n<meta property=\"og:description\" content=\"H\u00e5ll din hund glad och frisk med Agility-setet fr\u00e5n TRUUSK! Ta med hinder till parker, str\u00e4nder, tr\u00e4dg\u00e5rdar och mer med...\" \/>\n<meta property=\"og:url\" content=\"https:\/\/truusk.store\/sv\/produkt\/truusk-agility-set-for-hundar-6-delat-agility-utrustningsset-flatstanger-visselpipa-hundtraningsutrustning-med-barvaska\/\" \/>\n<meta property=\"og:site_name\" content=\"TRUUSK - Hem, Tr\u00e4dg\u00e5rd &amp; Fritid\" \/>\n<meta property=\"article:modified_time\" content=\"2026-03-12T07:55:55+00:00\" \/>\n<meta property=\"og:image\" content=\"https:\/\/i0.wp.com\/truusk.se\/wp-content\/uploads\/2025\/10\/agility-set-for-hundar-6-delat-agility-utrustningsset-med-flatstanger-visselpipa-hundtraningsutrustning-med-barvaska-for-park-tradgard-orange-1.webp?fit=1600%2C1600&ssl=1\" \/>\n\t<meta property=\"og:image:width\" content=\"1600\" \/>\n\t<meta property=\"og:image:height\" content=\"1600\" \/>\n\t<meta property=\"og:image:type\" content=\"image\/webp\" \/>\n<meta name=\"twitter:card\" content=\"summary_large_image\" \/>\n<meta name=\"twitter:label1\" content=\"Ber\u00e4knad l\u00e4stid\" \/>\n\t<meta name=\"twitter:data1\" content=\"1 minut\" \/>\n<!-- \/ Yoast SEO plugin. -->","yoast_head_json":{"title":"TRUUSK Agility Set f\u00f6r Hundar - 6-delat Agility-utrustningsset - Fl\u00e4tst\u00e4nger - Visselpipa - Hundtr\u00e4ningsutrustning med B\u00e4rv\u00e4ska - TRUUSK - Hem, Tr\u00e4dg\u00e5rd &amp; Fritid","robots":{"index":"index","follow":"follow","max-snippet":"max-snippet:-1","max-image-preview":"max-image-preview:large","max-video-preview":"max-video-preview:-1"},"canonical":"https:\/\/truusk.store\/sv\/produkt\/truusk-agility-set-for-hundar-6-delat-agility-utrustningsset-flatstanger-visselpipa-hundtraningsutrustning-med-barvaska\/","og_locale":"sv_SE","og_type":"article","og_title":"TRUUSK Agility Set f\u00f6r Hundar - 6-delat Agility-utrustningsset - Fl\u00e4tst\u00e4nger - Visselpipa - Hundtr\u00e4ningsutrustning med B\u00e4rv\u00e4ska - TRUUSK - Hem, Tr\u00e4dg\u00e5rd &amp; Fritid","og_description":"H\u00e5ll din hund glad och frisk med Agility-setet fr\u00e5n TRUUSK! Ta med hinder till parker, str\u00e4nder, tr\u00e4dg\u00e5rdar och mer med...","og_url":"https:\/\/truusk.store\/sv\/produkt\/truusk-agility-set-for-hundar-6-delat-agility-utrustningsset-flatstanger-visselpipa-hundtraningsutrustning-med-barvaska\/","og_site_name":"TRUUSK - Hem, Tr\u00e4dg\u00e5rd &amp; Fritid","article_modified_time":"2026-03-12T07:55:55+00:00","og_image":[{"width":1600,"height":1600,"url":"https:\/\/i0.wp.com\/truusk.se\/wp-content\/uploads\/2025\/10\/agility-set-for-hundar-6-delat-agility-utrustningsset-med-flatstanger-visselpipa-hundtraningsutrustning-med-barvaska-for-park-tradgard-orange-1.webp?fit=1600%2C1600&ssl=1","type":"image\/webp"}],"twitter_card":"summary_large_image","twitter_misc":{"Ber\u00e4knad l\u00e4stid":"1 minut"},"schema":{"@context":"https:\/\/schema.org","@graph":[{"@type":"WebPage","@id":"https:\/\/truusk.store\/sv\/produkt\/truusk-agility-set-for-hundar-6-delat-agility-utrustningsset-flatstanger-visselpipa-hundtraningsutrustning-med-barvaska\/","url":"https:\/\/truusk.store\/sv\/produkt\/truusk-agility-set-for-hundar-6-delat-agility-utrustningsset-flatstanger-visselpipa-hundtraningsutrustning-med-barvaska\/","name":"TRUUSK Agility Set f\u00f6r Hundar - 6-delat Agility-utrustningsset - Fl\u00e4tst\u00e4nger - Visselpipa - Hundtr\u00e4ningsutrustning med B\u00e4rv\u00e4ska - TRUUSK - Hem, Tr\u00e4dg\u00e5rd &amp; Fritid","isPartOf":{"@id":"https:\/\/truusk.store\/sv\/#website"},"primaryImageOfPage":{"@id":"https:\/\/truusk.store\/sv\/produkt\/truusk-agility-set-for-hundar-6-delat-agility-utrustningsset-flatstanger-visselpipa-hundtraningsutrustning-med-barvaska\/#primaryimage"},"image":{"@id":"https:\/\/truusk.store\/sv\/produkt\/truusk-agility-set-for-hundar-6-delat-agility-utrustningsset-flatstanger-visselpipa-hundtraningsutrustning-med-barvaska\/#primaryimage"},"thumbnailUrl":"https:\/\/i0.wp.com\/truusk.store\/wp-content\/uploads\/2025\/10\/agility-set-for-hundar-6-delat-agility-utrustningsset-med-flatstanger-visselpipa-hundtraningsutrustning-med-barvaska-for-park-tradgard-orange-1.webp?fit=1600%2C1600&ssl=1","datePublished":"2025-10-01T11:09:14+00:00","dateModified":"2026-03-12T07:55:55+00:00","breadcrumb":{"@id":"https:\/\/truusk.store\/sv\/produkt\/truusk-agility-set-for-hundar-6-delat-agility-utrustningsset-flatstanger-visselpipa-hundtraningsutrustning-med-barvaska\/#breadcrumb"},"inLanguage":"sv-SE","potentialAction":[{"@type":"ReadAction","target":["https:\/\/truusk.store\/sv\/produkt\/truusk-agility-set-for-hundar-6-delat-agility-utrustningsset-flatstanger-visselpipa-hundtraningsutrustning-med-barvaska\/"]}]},{"@type":"ImageObject","inLanguage":"sv-SE","@id":"https:\/\/truusk.store\/sv\/produkt\/truusk-agility-set-for-hundar-6-delat-agility-utrustningsset-flatstanger-visselpipa-hundtraningsutrustning-med-barvaska\/#primaryimage","url":"https:\/\/i0.wp.com\/truusk.store\/wp-content\/uploads\/2025\/10\/agility-set-for-hundar-6-delat-agility-utrustningsset-med-flatstanger-visselpipa-hundtraningsutrustning-med-barvaska-for-park-tradgard-orange-1.webp?fit=1600%2C1600&ssl=1","contentUrl":"https:\/\/i0.wp.com\/truusk.store\/wp-content\/uploads\/2025\/10\/agility-set-for-hundar-6-delat-agility-utrustningsset-med-flatstanger-visselpipa-hundtraningsutrustning-med-barvaska-for-park-tradgard-orange-1.webp?fit=1600%2C1600&ssl=1","width":1600,"height":1600},{"@type":"BreadcrumbList","@id":"https:\/\/truusk.store\/sv\/produkt\/truusk-agility-set-for-hundar-6-delat-agility-utrustningsset-flatstanger-visselpipa-hundtraningsutrustning-med-barvaska\/#breadcrumb","itemListElement":[{"@type":"ListItem","position":1,"name":"Home","item":"https:\/\/truusk.store\/sv\/"},{"@type":"ListItem","position":2,"name":"Shop","item":"https:\/\/truusk.store\/shop\/"},{"@type":"ListItem","position":3,"name":"TRUUSK Agility Set f\u00f6r Hundar &#8211; 6-delat Agility-utrustningsset &#8211; Fl\u00e4tst\u00e4nger &#8211; Visselpipa &#8211; Hundtr\u00e4ningsutrustning med B\u00e4rv\u00e4ska &#8211;"}]},{"@type":"WebSite","@id":"https:\/\/truusk.store\/sv\/#website","url":"https:\/\/truusk.store\/sv\/","name":"TRUUSK - Hem, Tr\u00e4dg\u00e5rd & Fritid","description":"","publisher":{"@id":"https:\/\/truusk.store\/sv\/#organization"},"potentialAction":[{"@type":"SearchAction","target":{"@type":"EntryPoint","urlTemplate":"https:\/\/truusk.store\/sv\/?s={search_term_string}"},"query-input":{"@type":"PropertyValueSpecification","valueRequired":true,"valueName":"search_term_string"}}],"inLanguage":"sv-SE"},{"@type":"Organization","@id":"https:\/\/truusk.store\/sv\/#organization","name":"TRUUSK - Hem, Tr\u00e4dg\u00e5rd & Fritid","url":"https:\/\/truusk.store\/sv\/","logo":{"@type":"ImageObject","inLanguage":"sv-SE","@id":"https:\/\/truusk.store\/sv\/#\/schema\/logo\/image\/","url":"https:\/\/i0.wp.com\/truusk.store\/wp-content\/uploads\/2026\/03\/cropped-TRUUSK.png?fit=2032%2C917&ssl=1","contentUrl":"https:\/\/i0.wp.com\/truusk.store\/wp-content\/uploads\/2026\/03\/cropped-TRUUSK.png?fit=2032%2C917&ssl=1","width":2032,"height":917,"caption":"TRUUSK - Hem, Tr\u00e4dg\u00e5rd & Fritid"},"image":{"@id":"https:\/\/truusk.store\/sv\/#\/schema\/logo\/image\/"}}]}},"jetpack_sharing_enabled":true,"_links":{"self":[{"href":"https:\/\/truusk.store\/sv\/wp-json\/wp\/v2\/product\/92111","targetHints":{"allow":["GET"]}}],"collection":[{"href":"https:\/\/truusk.store\/sv\/wp-json\/wp\/v2\/product"}],"about":[{"href":"https:\/\/truusk.store\/sv\/wp-json\/wp\/v2\/types\/product"}],"wp:featuredmedia":[{"embeddable":true,"href":"https:\/\/truusk.store\/sv\/wp-json\/wp\/v2\/media\/92102"}],"wp:attachment":[{"href":"https:\/\/truusk.store\/sv\/wp-json\/wp\/v2\/media?parent=92111"}],"wp:term":[{"taxonomy":"product_brand","embeddable":true,"href":"https:\/\/truusk.store\/sv\/wp-json\/wp\/v2\/product_brand?post=92111"},{"taxonomy":"product_cat","embeddable":true,"href":"https:\/\/truusk.store\/sv\/wp-json\/wp\/v2\/product_cat?post=92111"},{"taxonomy":"product_tag","embeddable":true,"href":"https:\/\/truusk.store\/sv\/wp-json\/wp\/v2\/product_tag?post=92111"}],"curies":[{"name":"wp","href":"https:\/\/api.w.org\/{rel}","templated":true}]}}