{"id":92164,"date":"2025-10-09T11:49:34","date_gmt":"2025-10-09T10:49:34","guid":{"rendered":"https:\/\/truusk.store\/product\/motorcykellyft-500-kg-kapacitet-motorcykelhiss-100-370-mm-justerbar-hojd\/"},"modified":"2026-03-12T09:02:15","modified_gmt":"2026-03-12T08:02:15","slug":"truusk-motorcykellyft-500-kg-justerbar-hojd-100-370-mm-kapacitet-for-motorcykel-stabil-konstruktion-svart","status":"publish","type":"product","link":"https:\/\/truusk.store\/sv\/produkt\/truusk-motorcykellyft-500-kg-justerbar-hojd-100-370-mm-kapacitet-for-motorcykel-stabil-konstruktion-svart\/","title":{"rendered":"TRUUSK Motorcykellyft 500 Kg &#8211; Justerbar H\u00f6jd 100-370 Mm &#8211; Kapacitet f\u00f6r Motorcykel &#8211; Stabil Konstruktion &#8211; Svart"},"content":{"rendered":"<p>V\u00e4lj den robusta motorcykellyften fr\u00e5n TRUUSK f\u00f6r underh\u00e5llsarbeten p\u00e5 din motorcykel eller cykel. Denna lyftplattform, tillverkad av solid st\u00e5l och hopf\u00e4llbar konstruktion, b\u00e4r upp till 500kg och expanderar via en sidolyft, vilket skapar mer arbetsutrymme under cykeln. Det &#8217;X&#8217;-formade mittenstycket p\u00e5 motorcykellyften s\u00e4kerst\u00e4ller konstant stabilitet. Dess kompakta design underl\u00e4ttar f\u00f6rvaring i ditt garage.<\/p>\n<p>Beskrivning:<\/p>\n<ul>\n<li> Saxdesign, d\u00e4r den \u00f6vre och nedre plattformen separeras mer fr\u00e5n varandra genom den sidokranken<\/li>\n<li> Det &#8217;X&#8217;-formade mittenstycket p\u00e5 motorcykellyften fr\u00e4mjar extra balans och stabilitet mellan den \u00f6vre och nedre plattformen<\/li>\n<li> St\u00e5lkroppen p\u00e5 lyftplattformen \u00e4r stark och robust, h\u00e5ller din motorcykel s\u00e4kert p\u00e5 plats<\/li>\n<li> Den gummerade ytan p\u00e5 lyftplattformen f\u00f6rhindrar att din motorcykel glider, s\u00e5 att du kan utf\u00f6ra reparationer<\/li>\n<li> Idealisk f\u00f6r anv\u00e4ndning i ditt garage och andra utomhusomr\u00e5den, kompakt i storlek f\u00f6r enkel f\u00f6rvaring<\/li>\n<li> Maximal vikt 500 kg, ingen montering kr\u00e4vs.<\/li>\n<\/ul>\n<p> Tekniska specifikationer:<\/p>\n<ul>\n<li> F\u00e4rg: R\u00f6d+Svart<\/li>\n<li> Material: St\u00e5l, Gummi<\/li>\n<li> Totala dimensioner: 41,5L x 23,5B x 10-37H cm<\/li>\n<li> Plattformsdimensioner: (\u00f6vre) 37L x 23,5B x 4,5H cm<\/li>\n<li> Basdimensioner: 37L x 23B x 4,5H cm<\/li>\n<li> St\u00f6darmsdimensioner: 37L x 3B x 0,7T cm<\/li>\n<li> Dimensioner f\u00f6r skiftnyckel: 16L x 10,8B cm<\/li>\n<li> B\u00e4rkapacitet: 500 kg<\/li>\n<li> Obs: Inte l\u00e4mplig f\u00f6r motorcyklar med oj\u00e4mnt golv eller avgasr\u00f6r p\u00e5 golvet<\/li>\n<\/ul>\n<p>Leveransinneh\u00e5ll:<\/p>\n<ul>\n<li> 1 x Motorcykellyft<\/li>\n<li> 1 x Skiftnyckel<\/li>\n<li> 1 x Handbok<\/li>\n<\/ul>\n","protected":false},"excerpt":{"rendered":"<p>V\u00e4lj den robusta motorcykellyften fr\u00e5n TRUUSK f\u00f6r underh\u00e5llsarbeten p\u00e5 din motorcykel eller cykel. Denna lyftplattform, tillverkad av solid st\u00e5l och&#8230;<\/p>\n","protected":false},"featured_media":92155,"template":"","meta":[],"product_brand":[],"product_cat":[1051,867,1090],"product_tag":[],"class_list":{"0":"post-92164","1":"product","2":"type-product","3":"status-publish","4":"has-post-thumbnail","6":"product_cat-bildelar","7":"product_cat-byggmarknad","8":"product_cat-verktyg-verkstad","10":"first","11":"instock","12":"sale","13":"taxable","14":"shipping-taxable","15":"purchasable","16":"product-type-simple"},"yoast_head":"<!-- This site is optimized with the Yoast SEO plugin v25.4 - https:\/\/yoast.com\/wordpress\/plugins\/seo\/ -->\n<title>TRUUSK Motorcykellyft 500 Kg - Justerbar H\u00f6jd 100-370 Mm - Kapacitet f\u00f6r Motorcykel - Stabil Konstruktion - Svart - TRUUSK - Hem, Tr\u00e4dg\u00e5rd &amp; Fritid<\/title>\n<meta name=\"robots\" content=\"index, follow, max-snippet:-1, max-image-preview:large, max-video-preview:-1\" \/>\n<link rel=\"canonical\" href=\"https:\/\/truusk.store\/sv\/produkt\/truusk-motorcykellyft-500-kg-justerbar-hojd-100-370-mm-kapacitet-for-motorcykel-stabil-konstruktion-svart\/\" \/>\n<meta property=\"og:locale\" content=\"sv_SE\" \/>\n<meta property=\"og:type\" content=\"article\" \/>\n<meta property=\"og:title\" content=\"TRUUSK Motorcykellyft 500 Kg - Justerbar H\u00f6jd 100-370 Mm - Kapacitet f\u00f6r Motorcykel - Stabil Konstruktion - Svart - TRUUSK - Hem, Tr\u00e4dg\u00e5rd &amp; Fritid\" \/>\n<meta property=\"og:description\" content=\"V\u00e4lj den robusta motorcykellyften fr\u00e5n TRUUSK f\u00f6r underh\u00e5llsarbeten p\u00e5 din motorcykel eller cykel. Denna lyftplattform, tillverkad av solid st\u00e5l och...\" \/>\n<meta property=\"og:url\" content=\"https:\/\/truusk.store\/sv\/produkt\/truusk-motorcykellyft-500-kg-justerbar-hojd-100-370-mm-kapacitet-for-motorcykel-stabil-konstruktion-svart\/\" \/>\n<meta property=\"og:site_name\" content=\"TRUUSK - Hem, Tr\u00e4dg\u00e5rd &amp; Fritid\" \/>\n<meta property=\"article:modified_time\" content=\"2026-03-12T08:02:15+00:00\" \/>\n<meta property=\"og:image\" content=\"https:\/\/i0.wp.com\/truusk.se\/wp-content\/uploads\/2025\/10\/motorcykellyft-500-kg-kapacitet-motorcykelhiss-100-370-mm-justerbar-hojd-1.webp?fit=2000%2C2000&ssl=1\" \/>\n\t<meta property=\"og:image:width\" content=\"2000\" \/>\n\t<meta property=\"og:image:height\" content=\"2000\" \/>\n\t<meta property=\"og:image:type\" content=\"image\/webp\" \/>\n<meta name=\"twitter:card\" content=\"summary_large_image\" \/>\n<meta name=\"twitter:label1\" content=\"Ber\u00e4knad l\u00e4stid\" \/>\n\t<meta name=\"twitter:data1\" content=\"1 minut\" \/>\n<!-- \/ Yoast SEO plugin. -->","yoast_head_json":{"title":"TRUUSK Motorcykellyft 500 Kg - Justerbar H\u00f6jd 100-370 Mm - Kapacitet f\u00f6r Motorcykel - Stabil Konstruktion - Svart - TRUUSK - Hem, Tr\u00e4dg\u00e5rd &amp; Fritid","robots":{"index":"index","follow":"follow","max-snippet":"max-snippet:-1","max-image-preview":"max-image-preview:large","max-video-preview":"max-video-preview:-1"},"canonical":"https:\/\/truusk.store\/sv\/produkt\/truusk-motorcykellyft-500-kg-justerbar-hojd-100-370-mm-kapacitet-for-motorcykel-stabil-konstruktion-svart\/","og_locale":"sv_SE","og_type":"article","og_title":"TRUUSK Motorcykellyft 500 Kg - Justerbar H\u00f6jd 100-370 Mm - Kapacitet f\u00f6r Motorcykel - Stabil Konstruktion - Svart - TRUUSK - Hem, Tr\u00e4dg\u00e5rd &amp; Fritid","og_description":"V\u00e4lj den robusta motorcykellyften fr\u00e5n TRUUSK f\u00f6r underh\u00e5llsarbeten p\u00e5 din motorcykel eller cykel. Denna lyftplattform, tillverkad av solid st\u00e5l och...","og_url":"https:\/\/truusk.store\/sv\/produkt\/truusk-motorcykellyft-500-kg-justerbar-hojd-100-370-mm-kapacitet-for-motorcykel-stabil-konstruktion-svart\/","og_site_name":"TRUUSK - Hem, Tr\u00e4dg\u00e5rd &amp; Fritid","article_modified_time":"2026-03-12T08:02:15+00:00","og_image":[{"width":2000,"height":2000,"url":"https:\/\/i0.wp.com\/truusk.se\/wp-content\/uploads\/2025\/10\/motorcykellyft-500-kg-kapacitet-motorcykelhiss-100-370-mm-justerbar-hojd-1.webp?fit=2000%2C2000&ssl=1","type":"image\/webp"}],"twitter_card":"summary_large_image","twitter_misc":{"Ber\u00e4knad l\u00e4stid":"1 minut"},"schema":{"@context":"https:\/\/schema.org","@graph":[{"@type":"WebPage","@id":"https:\/\/truusk.store\/sv\/produkt\/truusk-motorcykellyft-500-kg-justerbar-hojd-100-370-mm-kapacitet-for-motorcykel-stabil-konstruktion-svart\/","url":"https:\/\/truusk.store\/sv\/produkt\/truusk-motorcykellyft-500-kg-justerbar-hojd-100-370-mm-kapacitet-for-motorcykel-stabil-konstruktion-svart\/","name":"TRUUSK Motorcykellyft 500 Kg - Justerbar H\u00f6jd 100-370 Mm - Kapacitet f\u00f6r Motorcykel - Stabil Konstruktion - Svart - TRUUSK - Hem, Tr\u00e4dg\u00e5rd &amp; Fritid","isPartOf":{"@id":"https:\/\/truusk.store\/sv\/#website"},"primaryImageOfPage":{"@id":"https:\/\/truusk.store\/sv\/produkt\/truusk-motorcykellyft-500-kg-justerbar-hojd-100-370-mm-kapacitet-for-motorcykel-stabil-konstruktion-svart\/#primaryimage"},"image":{"@id":"https:\/\/truusk.store\/sv\/produkt\/truusk-motorcykellyft-500-kg-justerbar-hojd-100-370-mm-kapacitet-for-motorcykel-stabil-konstruktion-svart\/#primaryimage"},"thumbnailUrl":"https:\/\/i0.wp.com\/truusk.store\/wp-content\/uploads\/2025\/10\/motorcykellyft-500-kg-kapacitet-motorcykelhiss-100-370-mm-justerbar-hojd-1.webp?fit=2000%2C2000&ssl=1","datePublished":"2025-10-09T10:49:34+00:00","dateModified":"2026-03-12T08:02:15+00:00","breadcrumb":{"@id":"https:\/\/truusk.store\/sv\/produkt\/truusk-motorcykellyft-500-kg-justerbar-hojd-100-370-mm-kapacitet-for-motorcykel-stabil-konstruktion-svart\/#breadcrumb"},"inLanguage":"sv-SE","potentialAction":[{"@type":"ReadAction","target":["https:\/\/truusk.store\/sv\/produkt\/truusk-motorcykellyft-500-kg-justerbar-hojd-100-370-mm-kapacitet-for-motorcykel-stabil-konstruktion-svart\/"]}]},{"@type":"ImageObject","inLanguage":"sv-SE","@id":"https:\/\/truusk.store\/sv\/produkt\/truusk-motorcykellyft-500-kg-justerbar-hojd-100-370-mm-kapacitet-for-motorcykel-stabil-konstruktion-svart\/#primaryimage","url":"https:\/\/i0.wp.com\/truusk.store\/wp-content\/uploads\/2025\/10\/motorcykellyft-500-kg-kapacitet-motorcykelhiss-100-370-mm-justerbar-hojd-1.webp?fit=2000%2C2000&ssl=1","contentUrl":"https:\/\/i0.wp.com\/truusk.store\/wp-content\/uploads\/2025\/10\/motorcykellyft-500-kg-kapacitet-motorcykelhiss-100-370-mm-justerbar-hojd-1.webp?fit=2000%2C2000&ssl=1","width":2000,"height":2000},{"@type":"BreadcrumbList","@id":"https:\/\/truusk.store\/sv\/produkt\/truusk-motorcykellyft-500-kg-justerbar-hojd-100-370-mm-kapacitet-for-motorcykel-stabil-konstruktion-svart\/#breadcrumb","itemListElement":[{"@type":"ListItem","position":1,"name":"Home","item":"https:\/\/truusk.store\/sv\/"},{"@type":"ListItem","position":2,"name":"Shop","item":"https:\/\/truusk.store\/shop\/"},{"@type":"ListItem","position":3,"name":"TRUUSK Motorcykellyft 500 Kg &#8211; Justerbar H\u00f6jd 100-370 Mm &#8211; Kapacitet f\u00f6r Motorcykel &#8211; Stabil Konstruktion &#8211; Svart"}]},{"@type":"WebSite","@id":"https:\/\/truusk.store\/sv\/#website","url":"https:\/\/truusk.store\/sv\/","name":"TRUUSK - Hem, Tr\u00e4dg\u00e5rd & Fritid","description":"","publisher":{"@id":"https:\/\/truusk.store\/sv\/#organization"},"potentialAction":[{"@type":"SearchAction","target":{"@type":"EntryPoint","urlTemplate":"https:\/\/truusk.store\/sv\/?s={search_term_string}"},"query-input":{"@type":"PropertyValueSpecification","valueRequired":true,"valueName":"search_term_string"}}],"inLanguage":"sv-SE"},{"@type":"Organization","@id":"https:\/\/truusk.store\/sv\/#organization","name":"TRUUSK - Hem, Tr\u00e4dg\u00e5rd & Fritid","url":"https:\/\/truusk.store\/sv\/","logo":{"@type":"ImageObject","inLanguage":"sv-SE","@id":"https:\/\/truusk.store\/sv\/#\/schema\/logo\/image\/","url":"https:\/\/i0.wp.com\/truusk.store\/wp-content\/uploads\/2026\/03\/cropped-TRUUSK.png?fit=2032%2C917&ssl=1","contentUrl":"https:\/\/i0.wp.com\/truusk.store\/wp-content\/uploads\/2026\/03\/cropped-TRUUSK.png?fit=2032%2C917&ssl=1","width":2032,"height":917,"caption":"TRUUSK - Hem, Tr\u00e4dg\u00e5rd & Fritid"},"image":{"@id":"https:\/\/truusk.store\/sv\/#\/schema\/logo\/image\/"}}]}},"jetpack_sharing_enabled":true,"_links":{"self":[{"href":"https:\/\/truusk.store\/sv\/wp-json\/wp\/v2\/product\/92164","targetHints":{"allow":["GET"]}}],"collection":[{"href":"https:\/\/truusk.store\/sv\/wp-json\/wp\/v2\/product"}],"about":[{"href":"https:\/\/truusk.store\/sv\/wp-json\/wp\/v2\/types\/product"}],"wp:featuredmedia":[{"embeddable":true,"href":"https:\/\/truusk.store\/sv\/wp-json\/wp\/v2\/media\/92155"}],"wp:attachment":[{"href":"https:\/\/truusk.store\/sv\/wp-json\/wp\/v2\/media?parent=92164"}],"wp:term":[{"taxonomy":"product_brand","embeddable":true,"href":"https:\/\/truusk.store\/sv\/wp-json\/wp\/v2\/product_brand?post=92164"},{"taxonomy":"product_cat","embeddable":true,"href":"https:\/\/truusk.store\/sv\/wp-json\/wp\/v2\/product_cat?post=92164"},{"taxonomy":"product_tag","embeddable":true,"href":"https:\/\/truusk.store\/sv\/wp-json\/wp\/v2\/product_tag?post=92164"}],"curies":[{"name":"wp","href":"https:\/\/api.w.org\/{rel}","templated":true}]}}