{"id":92184,"date":"2025-10-09T11:51:21","date_gmt":"2025-10-09T10:51:21","guid":{"rendered":"https:\/\/truusk.store\/product\/motorcykellyft-150-kg-belastningskapacitet-motorcykellyftplattform-275-395-mm-hojdjusterbar-i-garage-utomhusomraden\/"},"modified":"2026-03-12T09:04:07","modified_gmt":"2026-03-12T08:04:07","slug":"truusk-motorcykellyft-150-kg-hojdjusterbar-for-garage-utomhus-plattform-275-395-mm","status":"publish","type":"product","link":"https:\/\/truusk.store\/sv\/produkt\/truusk-motorcykellyft-150-kg-hojdjusterbar-for-garage-utomhus-plattform-275-395-mm\/","title":{"rendered":"TRUUSK Motorcykellyft 150 Kg &#8211; H\u00f6jdjusterbar &#8211; F\u00f6r Garage &amp; Utomhus &#8211; Plattform 275\/395 Mm"},"content":{"rendered":"<p>S\u00e4kra och underl\u00e4tta reparationen av din motorcykel med TRUUSK motorcykellyft. Tillverkad av robust st\u00e5l, b\u00e4r det stabila kvadratiska ramverket alla typer av motorcyklar och upp till 150 kg. Plattformen p\u00e5 motorcykellyften kan lyftas fr\u00e5n 39-46 cm, vilket m\u00f6jligg\u00f6r s\u00e4ker och enkel \u00e5tkomst underifr\u00e5n och har en gummibel\u00e4ggning f\u00f6r optimalt grepp. Idealisk f\u00f6r att underh\u00e5lla din motorcykel p\u00e5 b\u00e4sta s\u00e4tt.<\/p>\n<p>Beskrivning:<\/p>\n<ul>\n<li> Justerbar huvudplatta via vevhandtaget, m\u00f6jligg\u00f6r justering mellan 39-46cm f\u00f6r en s\u00e4ker och bekv\u00e4m anv\u00e4ndning<\/li>\n<li> St\u00e5lkroppen p\u00e5 motorcykellyften \u00e4r stark och robust, h\u00e5ller din motorcykel s\u00e4kert p\u00e5 plats<\/li>\n<li> Gummibel\u00e4ggning p\u00e5 plattan f\u00f6rhindrar att din motorcykel glider, s\u00e5 att du kan utf\u00f6ra reparationer<\/li>\n<li> L\u00e4mplig motorcykellyft f\u00f6r anv\u00e4ndning i ditt garage och andra utomhusomr\u00e5den<\/li>\n<li> Stor bas p\u00e5 motorcykellyften fr\u00e4mjar balansen n\u00e4r din cykel placeras ovanp\u00e5<\/li>\n<li> Maximal vikt 150kg, montering kr\u00e4vs<\/li>\n<\/ul>\n<p> Tekniska data:<\/p>\n<ul>\n<li> F\u00e4rg: R\u00f6d<\/li>\n<li> Material: St\u00e5l, Gummi<\/li>\n<li> Totala dimensioner: 48L x 34B x 43H cm<\/li>\n<li> Storlek p\u00e5 arbetsplattform: (\u00f6vre) 29L x 23,5B x 2T cm<\/li>\n<li> Plattformslyfth\u00f6jd: 27,5 cm, 39,5 cm<\/li>\n<li> Basdimensioner: 29,5L x 31B x 2T cm<\/li>\n<li> Lastkapacitet: 150 kg<\/li>\n<li> Diameter p\u00e5 handtaget: 2,8 cm<\/li>\n<\/ul>\n<p>Leveransinneh\u00e5ll:<\/p>\n<ul>\n<li> 1 x Motocross-lyft<\/li>\n<li> 1 x Bruksanvisning<\/li>\n<\/ul>\n","protected":false},"excerpt":{"rendered":"<p>S\u00e4kra och underl\u00e4tta reparationen av din motorcykel med TRUUSK motorcykellyft. Tillverkad av robust st\u00e5l, b\u00e4r det stabila kvadratiska ramverket alla&#8230;<\/p>\n","protected":false},"featured_media":92175,"template":"","meta":[],"product_brand":[],"product_cat":[1030,867,1090],"product_tag":[],"class_list":{"0":"post-92184","1":"product","2":"type-product","3":"status-publish","4":"has-post-thumbnail","6":"product_cat-bilaccessoarer","7":"product_cat-byggmarknad","8":"product_cat-verktyg-verkstad","10":"first","11":"instock","12":"sale","13":"taxable","14":"shipping-taxable","15":"purchasable","16":"product-type-simple"},"yoast_head":"<!-- This site is optimized with the Yoast SEO plugin v25.4 - https:\/\/yoast.com\/wordpress\/plugins\/seo\/ -->\n<title>TRUUSK Motorcykellyft 150 Kg - H\u00f6jdjusterbar - F\u00f6r Garage &amp; Utomhus - Plattform 275\/395 Mm - TRUUSK - Hem, Tr\u00e4dg\u00e5rd &amp; Fritid<\/title>\n<meta name=\"robots\" content=\"index, follow, max-snippet:-1, max-image-preview:large, max-video-preview:-1\" \/>\n<link rel=\"canonical\" href=\"https:\/\/truusk.store\/sv\/produkt\/truusk-motorcykellyft-150-kg-hojdjusterbar-for-garage-utomhus-plattform-275-395-mm\/\" \/>\n<meta property=\"og:locale\" content=\"sv_SE\" \/>\n<meta property=\"og:type\" content=\"article\" \/>\n<meta property=\"og:title\" content=\"TRUUSK Motorcykellyft 150 Kg - H\u00f6jdjusterbar - F\u00f6r Garage &amp; Utomhus - Plattform 275\/395 Mm - TRUUSK - Hem, Tr\u00e4dg\u00e5rd &amp; Fritid\" \/>\n<meta property=\"og:description\" content=\"S\u00e4kra och underl\u00e4tta reparationen av din motorcykel med TRUUSK motorcykellyft. Tillverkad av robust st\u00e5l, b\u00e4r det stabila kvadratiska ramverket alla...\" \/>\n<meta property=\"og:url\" content=\"https:\/\/truusk.store\/sv\/produkt\/truusk-motorcykellyft-150-kg-hojdjusterbar-for-garage-utomhus-plattform-275-395-mm\/\" \/>\n<meta property=\"og:site_name\" content=\"TRUUSK - Hem, Tr\u00e4dg\u00e5rd &amp; Fritid\" \/>\n<meta property=\"article:modified_time\" content=\"2026-03-12T08:04:07+00:00\" \/>\n<meta property=\"og:image\" content=\"https:\/\/i0.wp.com\/truusk.se\/wp-content\/uploads\/2025\/10\/motorcykellyft-150-kg-belastningskapacitet-motorcykellyftplattform-275-395-mm-hojdjusterbar-i-garage-utomhusomraden-1.webp?fit=2000%2C2000&ssl=1\" \/>\n\t<meta property=\"og:image:width\" content=\"2000\" \/>\n\t<meta property=\"og:image:height\" content=\"2000\" \/>\n\t<meta property=\"og:image:type\" content=\"image\/webp\" \/>\n<meta name=\"twitter:card\" content=\"summary_large_image\" \/>\n<meta name=\"twitter:label1\" content=\"Ber\u00e4knad l\u00e4stid\" \/>\n\t<meta name=\"twitter:data1\" content=\"1 minut\" \/>\n<!-- \/ Yoast SEO plugin. -->","yoast_head_json":{"title":"TRUUSK Motorcykellyft 150 Kg - H\u00f6jdjusterbar - F\u00f6r Garage &amp; Utomhus - Plattform 275\/395 Mm - TRUUSK - Hem, Tr\u00e4dg\u00e5rd &amp; Fritid","robots":{"index":"index","follow":"follow","max-snippet":"max-snippet:-1","max-image-preview":"max-image-preview:large","max-video-preview":"max-video-preview:-1"},"canonical":"https:\/\/truusk.store\/sv\/produkt\/truusk-motorcykellyft-150-kg-hojdjusterbar-for-garage-utomhus-plattform-275-395-mm\/","og_locale":"sv_SE","og_type":"article","og_title":"TRUUSK Motorcykellyft 150 Kg - H\u00f6jdjusterbar - F\u00f6r Garage &amp; Utomhus - Plattform 275\/395 Mm - TRUUSK - Hem, Tr\u00e4dg\u00e5rd &amp; Fritid","og_description":"S\u00e4kra och underl\u00e4tta reparationen av din motorcykel med TRUUSK motorcykellyft. Tillverkad av robust st\u00e5l, b\u00e4r det stabila kvadratiska ramverket alla...","og_url":"https:\/\/truusk.store\/sv\/produkt\/truusk-motorcykellyft-150-kg-hojdjusterbar-for-garage-utomhus-plattform-275-395-mm\/","og_site_name":"TRUUSK - Hem, Tr\u00e4dg\u00e5rd &amp; Fritid","article_modified_time":"2026-03-12T08:04:07+00:00","og_image":[{"width":2000,"height":2000,"url":"https:\/\/i0.wp.com\/truusk.se\/wp-content\/uploads\/2025\/10\/motorcykellyft-150-kg-belastningskapacitet-motorcykellyftplattform-275-395-mm-hojdjusterbar-i-garage-utomhusomraden-1.webp?fit=2000%2C2000&ssl=1","type":"image\/webp"}],"twitter_card":"summary_large_image","twitter_misc":{"Ber\u00e4knad l\u00e4stid":"1 minut"},"schema":{"@context":"https:\/\/schema.org","@graph":[{"@type":"WebPage","@id":"https:\/\/truusk.store\/sv\/produkt\/truusk-motorcykellyft-150-kg-hojdjusterbar-for-garage-utomhus-plattform-275-395-mm\/","url":"https:\/\/truusk.store\/sv\/produkt\/truusk-motorcykellyft-150-kg-hojdjusterbar-for-garage-utomhus-plattform-275-395-mm\/","name":"TRUUSK Motorcykellyft 150 Kg - H\u00f6jdjusterbar - F\u00f6r Garage &amp; Utomhus - Plattform 275\/395 Mm - TRUUSK - Hem, Tr\u00e4dg\u00e5rd &amp; Fritid","isPartOf":{"@id":"https:\/\/truusk.store\/sv\/#website"},"primaryImageOfPage":{"@id":"https:\/\/truusk.store\/sv\/produkt\/truusk-motorcykellyft-150-kg-hojdjusterbar-for-garage-utomhus-plattform-275-395-mm\/#primaryimage"},"image":{"@id":"https:\/\/truusk.store\/sv\/produkt\/truusk-motorcykellyft-150-kg-hojdjusterbar-for-garage-utomhus-plattform-275-395-mm\/#primaryimage"},"thumbnailUrl":"https:\/\/i0.wp.com\/truusk.store\/wp-content\/uploads\/2025\/10\/motorcykellyft-150-kg-belastningskapacitet-motorcykellyftplattform-275-395-mm-hojdjusterbar-i-garage-utomhusomraden-1.webp?fit=2000%2C2000&ssl=1","datePublished":"2025-10-09T10:51:21+00:00","dateModified":"2026-03-12T08:04:07+00:00","breadcrumb":{"@id":"https:\/\/truusk.store\/sv\/produkt\/truusk-motorcykellyft-150-kg-hojdjusterbar-for-garage-utomhus-plattform-275-395-mm\/#breadcrumb"},"inLanguage":"sv-SE","potentialAction":[{"@type":"ReadAction","target":["https:\/\/truusk.store\/sv\/produkt\/truusk-motorcykellyft-150-kg-hojdjusterbar-for-garage-utomhus-plattform-275-395-mm\/"]}]},{"@type":"ImageObject","inLanguage":"sv-SE","@id":"https:\/\/truusk.store\/sv\/produkt\/truusk-motorcykellyft-150-kg-hojdjusterbar-for-garage-utomhus-plattform-275-395-mm\/#primaryimage","url":"https:\/\/i0.wp.com\/truusk.store\/wp-content\/uploads\/2025\/10\/motorcykellyft-150-kg-belastningskapacitet-motorcykellyftplattform-275-395-mm-hojdjusterbar-i-garage-utomhusomraden-1.webp?fit=2000%2C2000&ssl=1","contentUrl":"https:\/\/i0.wp.com\/truusk.store\/wp-content\/uploads\/2025\/10\/motorcykellyft-150-kg-belastningskapacitet-motorcykellyftplattform-275-395-mm-hojdjusterbar-i-garage-utomhusomraden-1.webp?fit=2000%2C2000&ssl=1","width":2000,"height":2000},{"@type":"BreadcrumbList","@id":"https:\/\/truusk.store\/sv\/produkt\/truusk-motorcykellyft-150-kg-hojdjusterbar-for-garage-utomhus-plattform-275-395-mm\/#breadcrumb","itemListElement":[{"@type":"ListItem","position":1,"name":"Home","item":"https:\/\/truusk.store\/sv\/"},{"@type":"ListItem","position":2,"name":"Shop","item":"https:\/\/truusk.store\/shop\/"},{"@type":"ListItem","position":3,"name":"TRUUSK Motorcykellyft 150 Kg &#8211; H\u00f6jdjusterbar &#8211; F\u00f6r Garage &amp; Utomhus &#8211; Plattform 275\/395 Mm"}]},{"@type":"WebSite","@id":"https:\/\/truusk.store\/sv\/#website","url":"https:\/\/truusk.store\/sv\/","name":"TRUUSK - Hem, Tr\u00e4dg\u00e5rd & Fritid","description":"","publisher":{"@id":"https:\/\/truusk.store\/sv\/#organization"},"potentialAction":[{"@type":"SearchAction","target":{"@type":"EntryPoint","urlTemplate":"https:\/\/truusk.store\/sv\/?s={search_term_string}"},"query-input":{"@type":"PropertyValueSpecification","valueRequired":true,"valueName":"search_term_string"}}],"inLanguage":"sv-SE"},{"@type":"Organization","@id":"https:\/\/truusk.store\/sv\/#organization","name":"TRUUSK - Hem, Tr\u00e4dg\u00e5rd & Fritid","url":"https:\/\/truusk.store\/sv\/","logo":{"@type":"ImageObject","inLanguage":"sv-SE","@id":"https:\/\/truusk.store\/sv\/#\/schema\/logo\/image\/","url":"https:\/\/i0.wp.com\/truusk.store\/wp-content\/uploads\/2026\/03\/cropped-TRUUSK.png?fit=2032%2C917&ssl=1","contentUrl":"https:\/\/i0.wp.com\/truusk.store\/wp-content\/uploads\/2026\/03\/cropped-TRUUSK.png?fit=2032%2C917&ssl=1","width":2032,"height":917,"caption":"TRUUSK - Hem, Tr\u00e4dg\u00e5rd & Fritid"},"image":{"@id":"https:\/\/truusk.store\/sv\/#\/schema\/logo\/image\/"}}]}},"jetpack_sharing_enabled":true,"_links":{"self":[{"href":"https:\/\/truusk.store\/sv\/wp-json\/wp\/v2\/product\/92184","targetHints":{"allow":["GET"]}}],"collection":[{"href":"https:\/\/truusk.store\/sv\/wp-json\/wp\/v2\/product"}],"about":[{"href":"https:\/\/truusk.store\/sv\/wp-json\/wp\/v2\/types\/product"}],"wp:featuredmedia":[{"embeddable":true,"href":"https:\/\/truusk.store\/sv\/wp-json\/wp\/v2\/media\/92175"}],"wp:attachment":[{"href":"https:\/\/truusk.store\/sv\/wp-json\/wp\/v2\/media?parent=92184"}],"wp:term":[{"taxonomy":"product_brand","embeddable":true,"href":"https:\/\/truusk.store\/sv\/wp-json\/wp\/v2\/product_brand?post=92184"},{"taxonomy":"product_cat","embeddable":true,"href":"https:\/\/truusk.store\/sv\/wp-json\/wp\/v2\/product_cat?post=92184"},{"taxonomy":"product_tag","embeddable":true,"href":"https:\/\/truusk.store\/sv\/wp-json\/wp\/v2\/product_tag?post=92184"}],"curies":[{"name":"wp","href":"https:\/\/api.w.org\/{rel}","templated":true}]}}