{"id":92195,"date":"2025-10-09T11:52:37","date_gmt":"2025-10-09T10:52:37","guid":{"rendered":"https:\/\/truusk.store\/product\/justerbar-skrivbordsstol-med-hjul-360-roterbar-pilgrimsmussla-form-skum-49-x-60-x-79-91-cm-gra\/"},"modified":"2026-03-12T09:07:08","modified_gmt":"2026-03-12T08:07:08","slug":"truusk-justerbar-skrivbordsstol-med-hjul-360-roterbar-pilgrimsmussla-form-skum-49-x-60-x-79-91-cm-gra","status":"publish","type":"product","link":"https:\/\/truusk.store\/sv\/produkt\/truusk-justerbar-skrivbordsstol-med-hjul-360-roterbar-pilgrimsmussla-form-skum-49-x-60-x-79-91-cm-gra\/","title":{"rendered":"TRUUSK Justerbar Skrivbordsstol med Hjul &#8211; 360\u00b0 Roterbar &#8211; Pilgrimsmussla-form &#8211; Skum &#8211; 49 x 60 x 79-91 cm &#8211; Gr\u00e5"},"content":{"rendered":"<p>V\u00e4lj denna kontorsstol fr\u00e5n TRUUSK f\u00f6r avkoppling eller f\u00f6r ditt arbete. Du kan placera datorstolen p\u00e5 kontoret, i sovrummet eller i vardagsrummet. Med sin ergonomiska design, tjocka stoppning och mjuka tyg erbjuder skrivbordsstolen extra komfort vid l\u00e4ngre anv\u00e4ndning. Du kan ocks\u00e5 justera sitth\u00f6jden helt enligt dina preferenser. Arbetsstolens sv\u00e4nghjul ger dessutom flexibel r\u00f6rlighet.<\/p>\n<p>Beskrivning:<\/p>\n<ul>\n<li> Ergonomisk linjedesign av sv\u00e4ngstolen med rullar med tjock stoppning, erbjuder extra komfort<\/li>\n<li> Mjukt skum<\/li>\n<li> Den justerbara sitth\u00f6jden p\u00e5 sv\u00e4ngstolen kan anpassas till ditt skrivbord och dina preferenser<\/li>\n<li> Sv\u00e4ngbara hjul och sits ger enkel och flexibel r\u00f6rlighet<\/li>\n<li> Mussel-form med linjedesign ger en stilfull touch<\/li>\n<li> Montering kr\u00e4vs<\/li>\n<\/ul>\n<p>Tekniska data:<\/p>\n<ul>\n<li> F\u00e4rg: Gr\u00e5<\/li>\n<li> Material: Sammet (100% polyester), skum, metall, nylon<\/li>\n<li> Totala m\u00e5tt: 49B x 60T x 79-91H cm<\/li>\n<li> Sitsdimensioner: 45B x 44T x 46-58H cm<\/li>\n<li> Ryggstorlek: 34B x 48T cm<\/li>\n<li> Maximal belastning: 120 kg<\/li>\n<\/ul>\n<p>Leveransinneh\u00e5ll:<\/p>\n<ul>\n<li> 1 x Skrivbordsstol<\/li>\n<li> 1 x Instruktioner<\/li>\n<\/ul>\n","protected":false},"excerpt":{"rendered":"<p>V\u00e4lj denna kontorsstol fr\u00e5n TRUUSK f\u00f6r avkoppling eller f\u00f6r ditt arbete. Du kan placera datorstolen p\u00e5 kontoret, i sovrummet eller&#8230;<\/p>\n","protected":false},"featured_media":92185,"template":"","meta":[],"product_brand":[],"product_cat":[872,871,516],"product_tag":[],"class_list":{"0":"post-92195","1":"product","2":"type-product","3":"status-publish","4":"has-post-thumbnail","6":"product_cat-hemmakontor-arbetsplats","7":"product_cat-hus-hem","8":"product_cat-kontorsstolar","10":"first","11":"instock","12":"sale","13":"taxable","14":"shipping-taxable","15":"purchasable","16":"product-type-simple"},"yoast_head":"<!-- This site is optimized with the Yoast SEO plugin v25.4 - https:\/\/yoast.com\/wordpress\/plugins\/seo\/ -->\n<title>TRUUSK Justerbar Skrivbordsstol med Hjul - 360\u00b0 Roterbar - Pilgrimsmussla-form - Skum - 49 x 60 x 79-91 cm - Gr\u00e5 - TRUUSK - Hem, Tr\u00e4dg\u00e5rd &amp; Fritid<\/title>\n<meta name=\"robots\" content=\"index, follow, max-snippet:-1, max-image-preview:large, max-video-preview:-1\" \/>\n<link rel=\"canonical\" href=\"https:\/\/truusk.store\/sv\/produkt\/truusk-justerbar-skrivbordsstol-med-hjul-360-roterbar-pilgrimsmussla-form-skum-49-x-60-x-79-91-cm-gra\/\" \/>\n<meta property=\"og:locale\" content=\"sv_SE\" \/>\n<meta property=\"og:type\" content=\"article\" \/>\n<meta property=\"og:title\" content=\"TRUUSK Justerbar Skrivbordsstol med Hjul - 360\u00b0 Roterbar - Pilgrimsmussla-form - Skum - 49 x 60 x 79-91 cm - Gr\u00e5 - TRUUSK - Hem, Tr\u00e4dg\u00e5rd &amp; Fritid\" \/>\n<meta property=\"og:description\" content=\"V\u00e4lj denna kontorsstol fr\u00e5n TRUUSK f\u00f6r avkoppling eller f\u00f6r ditt arbete. Du kan placera datorstolen p\u00e5 kontoret, i sovrummet eller...\" \/>\n<meta property=\"og:url\" content=\"https:\/\/truusk.store\/sv\/produkt\/truusk-justerbar-skrivbordsstol-med-hjul-360-roterbar-pilgrimsmussla-form-skum-49-x-60-x-79-91-cm-gra\/\" \/>\n<meta property=\"og:site_name\" content=\"TRUUSK - Hem, Tr\u00e4dg\u00e5rd &amp; Fritid\" \/>\n<meta property=\"article:modified_time\" content=\"2026-03-12T08:07:08+00:00\" \/>\n<meta property=\"og:image\" content=\"https:\/\/i0.wp.com\/truusk.se\/wp-content\/uploads\/2025\/10\/justerbar-skrivbordsstol-med-hjul-360-roterbar-pilgrimsmussla-form-skum-49-x-60-x-79-91-cm-gra-1.webp?fit=2000%2C2000&ssl=1\" \/>\n\t<meta property=\"og:image:width\" content=\"2000\" \/>\n\t<meta property=\"og:image:height\" content=\"2000\" \/>\n\t<meta property=\"og:image:type\" content=\"image\/webp\" \/>\n<meta name=\"twitter:card\" content=\"summary_large_image\" \/>\n<meta name=\"twitter:label1\" content=\"Ber\u00e4knad l\u00e4stid\" \/>\n\t<meta name=\"twitter:data1\" content=\"1 minut\" \/>\n<!-- \/ Yoast SEO plugin. -->","yoast_head_json":{"title":"TRUUSK Justerbar Skrivbordsstol med Hjul - 360\u00b0 Roterbar - Pilgrimsmussla-form - Skum - 49 x 60 x 79-91 cm - Gr\u00e5 - TRUUSK - Hem, Tr\u00e4dg\u00e5rd &amp; Fritid","robots":{"index":"index","follow":"follow","max-snippet":"max-snippet:-1","max-image-preview":"max-image-preview:large","max-video-preview":"max-video-preview:-1"},"canonical":"https:\/\/truusk.store\/sv\/produkt\/truusk-justerbar-skrivbordsstol-med-hjul-360-roterbar-pilgrimsmussla-form-skum-49-x-60-x-79-91-cm-gra\/","og_locale":"sv_SE","og_type":"article","og_title":"TRUUSK Justerbar Skrivbordsstol med Hjul - 360\u00b0 Roterbar - Pilgrimsmussla-form - Skum - 49 x 60 x 79-91 cm - Gr\u00e5 - TRUUSK - Hem, Tr\u00e4dg\u00e5rd &amp; Fritid","og_description":"V\u00e4lj denna kontorsstol fr\u00e5n TRUUSK f\u00f6r avkoppling eller f\u00f6r ditt arbete. Du kan placera datorstolen p\u00e5 kontoret, i sovrummet eller...","og_url":"https:\/\/truusk.store\/sv\/produkt\/truusk-justerbar-skrivbordsstol-med-hjul-360-roterbar-pilgrimsmussla-form-skum-49-x-60-x-79-91-cm-gra\/","og_site_name":"TRUUSK - Hem, Tr\u00e4dg\u00e5rd &amp; Fritid","article_modified_time":"2026-03-12T08:07:08+00:00","og_image":[{"width":2000,"height":2000,"url":"https:\/\/i0.wp.com\/truusk.se\/wp-content\/uploads\/2025\/10\/justerbar-skrivbordsstol-med-hjul-360-roterbar-pilgrimsmussla-form-skum-49-x-60-x-79-91-cm-gra-1.webp?fit=2000%2C2000&ssl=1","type":"image\/webp"}],"twitter_card":"summary_large_image","twitter_misc":{"Ber\u00e4knad l\u00e4stid":"1 minut"},"schema":{"@context":"https:\/\/schema.org","@graph":[{"@type":"WebPage","@id":"https:\/\/truusk.store\/sv\/produkt\/truusk-justerbar-skrivbordsstol-med-hjul-360-roterbar-pilgrimsmussla-form-skum-49-x-60-x-79-91-cm-gra\/","url":"https:\/\/truusk.store\/sv\/produkt\/truusk-justerbar-skrivbordsstol-med-hjul-360-roterbar-pilgrimsmussla-form-skum-49-x-60-x-79-91-cm-gra\/","name":"TRUUSK Justerbar Skrivbordsstol med Hjul - 360\u00b0 Roterbar - Pilgrimsmussla-form - Skum - 49 x 60 x 79-91 cm - Gr\u00e5 - TRUUSK - Hem, Tr\u00e4dg\u00e5rd &amp; Fritid","isPartOf":{"@id":"https:\/\/truusk.store\/sv\/#website"},"primaryImageOfPage":{"@id":"https:\/\/truusk.store\/sv\/produkt\/truusk-justerbar-skrivbordsstol-med-hjul-360-roterbar-pilgrimsmussla-form-skum-49-x-60-x-79-91-cm-gra\/#primaryimage"},"image":{"@id":"https:\/\/truusk.store\/sv\/produkt\/truusk-justerbar-skrivbordsstol-med-hjul-360-roterbar-pilgrimsmussla-form-skum-49-x-60-x-79-91-cm-gra\/#primaryimage"},"thumbnailUrl":"https:\/\/i0.wp.com\/truusk.store\/wp-content\/uploads\/2025\/10\/justerbar-skrivbordsstol-med-hjul-360-roterbar-pilgrimsmussla-form-skum-49-x-60-x-79-91-cm-gra-1.webp?fit=2000%2C2000&ssl=1","datePublished":"2025-10-09T10:52:37+00:00","dateModified":"2026-03-12T08:07:08+00:00","breadcrumb":{"@id":"https:\/\/truusk.store\/sv\/produkt\/truusk-justerbar-skrivbordsstol-med-hjul-360-roterbar-pilgrimsmussla-form-skum-49-x-60-x-79-91-cm-gra\/#breadcrumb"},"inLanguage":"sv-SE","potentialAction":[{"@type":"ReadAction","target":["https:\/\/truusk.store\/sv\/produkt\/truusk-justerbar-skrivbordsstol-med-hjul-360-roterbar-pilgrimsmussla-form-skum-49-x-60-x-79-91-cm-gra\/"]}]},{"@type":"ImageObject","inLanguage":"sv-SE","@id":"https:\/\/truusk.store\/sv\/produkt\/truusk-justerbar-skrivbordsstol-med-hjul-360-roterbar-pilgrimsmussla-form-skum-49-x-60-x-79-91-cm-gra\/#primaryimage","url":"https:\/\/i0.wp.com\/truusk.store\/wp-content\/uploads\/2025\/10\/justerbar-skrivbordsstol-med-hjul-360-roterbar-pilgrimsmussla-form-skum-49-x-60-x-79-91-cm-gra-1.webp?fit=2000%2C2000&ssl=1","contentUrl":"https:\/\/i0.wp.com\/truusk.store\/wp-content\/uploads\/2025\/10\/justerbar-skrivbordsstol-med-hjul-360-roterbar-pilgrimsmussla-form-skum-49-x-60-x-79-91-cm-gra-1.webp?fit=2000%2C2000&ssl=1","width":2000,"height":2000},{"@type":"BreadcrumbList","@id":"https:\/\/truusk.store\/sv\/produkt\/truusk-justerbar-skrivbordsstol-med-hjul-360-roterbar-pilgrimsmussla-form-skum-49-x-60-x-79-91-cm-gra\/#breadcrumb","itemListElement":[{"@type":"ListItem","position":1,"name":"Home","item":"https:\/\/truusk.store\/sv\/"},{"@type":"ListItem","position":2,"name":"Shop","item":"https:\/\/truusk.store\/shop\/"},{"@type":"ListItem","position":3,"name":"TRUUSK Justerbar Skrivbordsstol med Hjul &#8211; 360\u00b0 Roterbar &#8211; Pilgrimsmussla-form &#8211; Skum &#8211; 49 x 60 x 79-91 cm &#8211; Gr\u00e5"}]},{"@type":"WebSite","@id":"https:\/\/truusk.store\/sv\/#website","url":"https:\/\/truusk.store\/sv\/","name":"TRUUSK - Hem, Tr\u00e4dg\u00e5rd & Fritid","description":"","publisher":{"@id":"https:\/\/truusk.store\/sv\/#organization"},"potentialAction":[{"@type":"SearchAction","target":{"@type":"EntryPoint","urlTemplate":"https:\/\/truusk.store\/sv\/?s={search_term_string}"},"query-input":{"@type":"PropertyValueSpecification","valueRequired":true,"valueName":"search_term_string"}}],"inLanguage":"sv-SE"},{"@type":"Organization","@id":"https:\/\/truusk.store\/sv\/#organization","name":"TRUUSK - Hem, Tr\u00e4dg\u00e5rd & Fritid","url":"https:\/\/truusk.store\/sv\/","logo":{"@type":"ImageObject","inLanguage":"sv-SE","@id":"https:\/\/truusk.store\/sv\/#\/schema\/logo\/image\/","url":"https:\/\/i0.wp.com\/truusk.store\/wp-content\/uploads\/2026\/03\/cropped-TRUUSK.png?fit=2032%2C917&ssl=1","contentUrl":"https:\/\/i0.wp.com\/truusk.store\/wp-content\/uploads\/2026\/03\/cropped-TRUUSK.png?fit=2032%2C917&ssl=1","width":2032,"height":917,"caption":"TRUUSK - Hem, Tr\u00e4dg\u00e5rd & Fritid"},"image":{"@id":"https:\/\/truusk.store\/sv\/#\/schema\/logo\/image\/"}}]}},"jetpack_sharing_enabled":true,"_links":{"self":[{"href":"https:\/\/truusk.store\/sv\/wp-json\/wp\/v2\/product\/92195","targetHints":{"allow":["GET"]}}],"collection":[{"href":"https:\/\/truusk.store\/sv\/wp-json\/wp\/v2\/product"}],"about":[{"href":"https:\/\/truusk.store\/sv\/wp-json\/wp\/v2\/types\/product"}],"wp:featuredmedia":[{"embeddable":true,"href":"https:\/\/truusk.store\/sv\/wp-json\/wp\/v2\/media\/92185"}],"wp:attachment":[{"href":"https:\/\/truusk.store\/sv\/wp-json\/wp\/v2\/media?parent=92195"}],"wp:term":[{"taxonomy":"product_brand","embeddable":true,"href":"https:\/\/truusk.store\/sv\/wp-json\/wp\/v2\/product_brand?post=92195"},{"taxonomy":"product_cat","embeddable":true,"href":"https:\/\/truusk.store\/sv\/wp-json\/wp\/v2\/product_cat?post=92195"},{"taxonomy":"product_tag","embeddable":true,"href":"https:\/\/truusk.store\/sv\/wp-json\/wp\/v2\/product_tag?post=92195"}],"curies":[{"name":"wp","href":"https:\/\/api.w.org\/{rel}","templated":true}]}}