{"id":92204,"date":"2025-10-09T11:53:14","date_gmt":"2025-10-09T10:53:14","guid":{"rendered":"https:\/\/truusk.store\/product\/matbord-koksbord-stort-bord-modern-design-120-cm-x-60-cm-x-75-cm-vit\/"},"modified":"2026-03-12T09:07:12","modified_gmt":"2026-03-12T08:07:12","slug":"truusk-matbord-for-kok-modern-design-120-cm-x-60-cm-x-75-cm-vit","status":"publish","type":"product","link":"https:\/\/truusk.store\/sv\/produkt\/truusk-matbord-for-kok-modern-design-120-cm-x-60-cm-x-75-cm-vit\/","title":{"rendered":"TRUUSK Matbord f\u00f6r K\u00f6k &#8211; Modern Design &#8211; 120 cm x 60 cm x 75 cm &#8211; Vit"},"content":{"rendered":"<p>F\u00f6rb\u00e4ttra din matupplevelse med matbordet f\u00f6r 4 personer fr\u00e5n TRUUSK. Bordet med topp av h\u00e4rdat glas utstr\u00e5lar modern elegans och \u00e4r idealiskt f\u00f6r att \u00e4ta och umg\u00e5s. Den robusta metallkonstruktionen garanterar h\u00e5llbarhet och stabilitet, medan den gener\u00f6sa designen inbjuder till gemensamma m\u00e5ltider. Rektangul\u00e4ra ben ger en s\u00e4ker st\u00e5nd och \u00e4r utrustade med golvskyddande plastglidare. Krydda varje m\u00e5ltid med detta sofistikerade k\u00f6ksbord.<\/p>\n<p>Beskrivning:<\/p>\n<ul>\n<li> Modern och stilfull design<\/li>\n<li> Slagt\u00e5lig glasbordsskiva f\u00f6r en elegant utseende och s\u00e4kerhet<\/li>\n<li> Pulverlackerade metallben f\u00f6r h\u00e5llbarhet<\/li>\n<li> Bordet rymmer upp till fyra personer, idealiskt f\u00f6r daglig anv\u00e4ndning<\/li>\n<li> Montering kr\u00e4vs, men det \u00e4r v\u00e4rt det eftersom det \u00e4r ett elegant och praktiskt tillskott till ditt hem<\/li>\n<\/ul>\n<p>Tekniska data:<\/p>\n<ul>\n<li> F\u00e4rg: Vit<\/li>\n<li> Material: Metall, h\u00e4rdat glas<\/li>\n<li> Totala dimensioner: 120B x 60T x 75H cm<\/li>\n<li> Glasbordsskivans tjocklek: 6 mm<\/li>\n<li> Viktkapacitet: 80 kg<\/li>\n<\/ul>\n<p>Leveransinneh\u00e5ll:<\/p>\n<ul>\n<li> 1 x Bord<\/li>\n<li> 1 x Handbok<\/li>\n<\/ul>\n","protected":false},"excerpt":{"rendered":"<p>F\u00f6rb\u00e4ttra din matupplevelse med matbordet f\u00f6r 4 personer fr\u00e5n TRUUSK. Bordet med topp av h\u00e4rdat glas utstr\u00e5lar modern elegans och&#8230;<\/p>\n","protected":false},"featured_media":92193,"template":"","meta":[],"product_brand":[],"product_cat":[871,889,509],"product_tag":[],"class_list":{"0":"post-92204","1":"product","2":"type-product","3":"status-publish","4":"has-post-thumbnail","6":"product_cat-hus-hem","7":"product_cat-kok-matsal","8":"product_cat-matbord","10":"first","11":"instock","12":"sale","13":"taxable","14":"shipping-taxable","15":"purchasable","16":"product-type-simple"},"yoast_head":"<!-- This site is optimized with the Yoast SEO plugin v25.4 - https:\/\/yoast.com\/wordpress\/plugins\/seo\/ -->\n<title>TRUUSK Matbord f\u00f6r K\u00f6k - Modern Design - 120 cm x 60 cm x 75 cm - Vit - TRUUSK - Hem, Tr\u00e4dg\u00e5rd &amp; Fritid<\/title>\n<meta name=\"robots\" content=\"index, follow, max-snippet:-1, max-image-preview:large, max-video-preview:-1\" \/>\n<link rel=\"canonical\" href=\"https:\/\/truusk.store\/sv\/produkt\/truusk-matbord-for-kok-modern-design-120-cm-x-60-cm-x-75-cm-vit\/\" \/>\n<meta property=\"og:locale\" content=\"sv_SE\" \/>\n<meta property=\"og:type\" content=\"article\" \/>\n<meta property=\"og:title\" content=\"TRUUSK Matbord f\u00f6r K\u00f6k - Modern Design - 120 cm x 60 cm x 75 cm - Vit - TRUUSK - Hem, Tr\u00e4dg\u00e5rd &amp; Fritid\" \/>\n<meta property=\"og:description\" content=\"F\u00f6rb\u00e4ttra din matupplevelse med matbordet f\u00f6r 4 personer fr\u00e5n TRUUSK. Bordet med topp av h\u00e4rdat glas utstr\u00e5lar modern elegans och...\" \/>\n<meta property=\"og:url\" content=\"https:\/\/truusk.store\/sv\/produkt\/truusk-matbord-for-kok-modern-design-120-cm-x-60-cm-x-75-cm-vit\/\" \/>\n<meta property=\"og:site_name\" content=\"TRUUSK - Hem, Tr\u00e4dg\u00e5rd &amp; Fritid\" \/>\n<meta property=\"article:modified_time\" content=\"2026-03-12T08:07:12+00:00\" \/>\n<meta property=\"og:image\" content=\"https:\/\/i0.wp.com\/truusk.se\/wp-content\/uploads\/2025\/10\/matbord-koksbord-stort-bord-modern-design-120-cm-x-60-cm-x-75-cm-vit-1.webp?fit=2000%2C2000&ssl=1\" \/>\n\t<meta property=\"og:image:width\" content=\"2000\" \/>\n\t<meta property=\"og:image:height\" content=\"2000\" \/>\n\t<meta property=\"og:image:type\" content=\"image\/webp\" \/>\n<meta name=\"twitter:card\" content=\"summary_large_image\" \/>\n<meta name=\"twitter:label1\" content=\"Ber\u00e4knad l\u00e4stid\" \/>\n\t<meta name=\"twitter:data1\" content=\"1 minut\" \/>\n<!-- \/ Yoast SEO plugin. -->","yoast_head_json":{"title":"TRUUSK Matbord f\u00f6r K\u00f6k - Modern Design - 120 cm x 60 cm x 75 cm - Vit - TRUUSK - Hem, Tr\u00e4dg\u00e5rd &amp; Fritid","robots":{"index":"index","follow":"follow","max-snippet":"max-snippet:-1","max-image-preview":"max-image-preview:large","max-video-preview":"max-video-preview:-1"},"canonical":"https:\/\/truusk.store\/sv\/produkt\/truusk-matbord-for-kok-modern-design-120-cm-x-60-cm-x-75-cm-vit\/","og_locale":"sv_SE","og_type":"article","og_title":"TRUUSK Matbord f\u00f6r K\u00f6k - Modern Design - 120 cm x 60 cm x 75 cm - Vit - TRUUSK - Hem, Tr\u00e4dg\u00e5rd &amp; Fritid","og_description":"F\u00f6rb\u00e4ttra din matupplevelse med matbordet f\u00f6r 4 personer fr\u00e5n TRUUSK. Bordet med topp av h\u00e4rdat glas utstr\u00e5lar modern elegans och...","og_url":"https:\/\/truusk.store\/sv\/produkt\/truusk-matbord-for-kok-modern-design-120-cm-x-60-cm-x-75-cm-vit\/","og_site_name":"TRUUSK - Hem, Tr\u00e4dg\u00e5rd &amp; Fritid","article_modified_time":"2026-03-12T08:07:12+00:00","og_image":[{"width":2000,"height":2000,"url":"https:\/\/i0.wp.com\/truusk.se\/wp-content\/uploads\/2025\/10\/matbord-koksbord-stort-bord-modern-design-120-cm-x-60-cm-x-75-cm-vit-1.webp?fit=2000%2C2000&ssl=1","type":"image\/webp"}],"twitter_card":"summary_large_image","twitter_misc":{"Ber\u00e4knad l\u00e4stid":"1 minut"},"schema":{"@context":"https:\/\/schema.org","@graph":[{"@type":"WebPage","@id":"https:\/\/truusk.store\/sv\/produkt\/truusk-matbord-for-kok-modern-design-120-cm-x-60-cm-x-75-cm-vit\/","url":"https:\/\/truusk.store\/sv\/produkt\/truusk-matbord-for-kok-modern-design-120-cm-x-60-cm-x-75-cm-vit\/","name":"TRUUSK Matbord f\u00f6r K\u00f6k - Modern Design - 120 cm x 60 cm x 75 cm - Vit - TRUUSK - Hem, Tr\u00e4dg\u00e5rd &amp; Fritid","isPartOf":{"@id":"https:\/\/truusk.store\/sv\/#website"},"primaryImageOfPage":{"@id":"https:\/\/truusk.store\/sv\/produkt\/truusk-matbord-for-kok-modern-design-120-cm-x-60-cm-x-75-cm-vit\/#primaryimage"},"image":{"@id":"https:\/\/truusk.store\/sv\/produkt\/truusk-matbord-for-kok-modern-design-120-cm-x-60-cm-x-75-cm-vit\/#primaryimage"},"thumbnailUrl":"https:\/\/i0.wp.com\/truusk.store\/wp-content\/uploads\/2025\/10\/matbord-koksbord-stort-bord-modern-design-120-cm-x-60-cm-x-75-cm-vit-1.webp?fit=2000%2C2000&ssl=1","datePublished":"2025-10-09T10:53:14+00:00","dateModified":"2026-03-12T08:07:12+00:00","breadcrumb":{"@id":"https:\/\/truusk.store\/sv\/produkt\/truusk-matbord-for-kok-modern-design-120-cm-x-60-cm-x-75-cm-vit\/#breadcrumb"},"inLanguage":"sv-SE","potentialAction":[{"@type":"ReadAction","target":["https:\/\/truusk.store\/sv\/produkt\/truusk-matbord-for-kok-modern-design-120-cm-x-60-cm-x-75-cm-vit\/"]}]},{"@type":"ImageObject","inLanguage":"sv-SE","@id":"https:\/\/truusk.store\/sv\/produkt\/truusk-matbord-for-kok-modern-design-120-cm-x-60-cm-x-75-cm-vit\/#primaryimage","url":"https:\/\/i0.wp.com\/truusk.store\/wp-content\/uploads\/2025\/10\/matbord-koksbord-stort-bord-modern-design-120-cm-x-60-cm-x-75-cm-vit-1.webp?fit=2000%2C2000&ssl=1","contentUrl":"https:\/\/i0.wp.com\/truusk.store\/wp-content\/uploads\/2025\/10\/matbord-koksbord-stort-bord-modern-design-120-cm-x-60-cm-x-75-cm-vit-1.webp?fit=2000%2C2000&ssl=1","width":2000,"height":2000},{"@type":"BreadcrumbList","@id":"https:\/\/truusk.store\/sv\/produkt\/truusk-matbord-for-kok-modern-design-120-cm-x-60-cm-x-75-cm-vit\/#breadcrumb","itemListElement":[{"@type":"ListItem","position":1,"name":"Home","item":"https:\/\/truusk.store\/sv\/"},{"@type":"ListItem","position":2,"name":"Shop","item":"https:\/\/truusk.store\/shop\/"},{"@type":"ListItem","position":3,"name":"TRUUSK Matbord f\u00f6r K\u00f6k &#8211; Modern Design &#8211; 120 cm x 60 cm x 75 cm &#8211; Vit"}]},{"@type":"WebSite","@id":"https:\/\/truusk.store\/sv\/#website","url":"https:\/\/truusk.store\/sv\/","name":"TRUUSK - Hem, Tr\u00e4dg\u00e5rd & Fritid","description":"","publisher":{"@id":"https:\/\/truusk.store\/sv\/#organization"},"potentialAction":[{"@type":"SearchAction","target":{"@type":"EntryPoint","urlTemplate":"https:\/\/truusk.store\/sv\/?s={search_term_string}"},"query-input":{"@type":"PropertyValueSpecification","valueRequired":true,"valueName":"search_term_string"}}],"inLanguage":"sv-SE"},{"@type":"Organization","@id":"https:\/\/truusk.store\/sv\/#organization","name":"TRUUSK - Hem, Tr\u00e4dg\u00e5rd & Fritid","url":"https:\/\/truusk.store\/sv\/","logo":{"@type":"ImageObject","inLanguage":"sv-SE","@id":"https:\/\/truusk.store\/sv\/#\/schema\/logo\/image\/","url":"https:\/\/i0.wp.com\/truusk.store\/wp-content\/uploads\/2026\/03\/cropped-TRUUSK.png?fit=2032%2C917&ssl=1","contentUrl":"https:\/\/i0.wp.com\/truusk.store\/wp-content\/uploads\/2026\/03\/cropped-TRUUSK.png?fit=2032%2C917&ssl=1","width":2032,"height":917,"caption":"TRUUSK - Hem, Tr\u00e4dg\u00e5rd & Fritid"},"image":{"@id":"https:\/\/truusk.store\/sv\/#\/schema\/logo\/image\/"}}]}},"jetpack_sharing_enabled":true,"_links":{"self":[{"href":"https:\/\/truusk.store\/sv\/wp-json\/wp\/v2\/product\/92204","targetHints":{"allow":["GET"]}}],"collection":[{"href":"https:\/\/truusk.store\/sv\/wp-json\/wp\/v2\/product"}],"about":[{"href":"https:\/\/truusk.store\/sv\/wp-json\/wp\/v2\/types\/product"}],"wp:featuredmedia":[{"embeddable":true,"href":"https:\/\/truusk.store\/sv\/wp-json\/wp\/v2\/media\/92193"}],"wp:attachment":[{"href":"https:\/\/truusk.store\/sv\/wp-json\/wp\/v2\/media?parent=92204"}],"wp:term":[{"taxonomy":"product_brand","embeddable":true,"href":"https:\/\/truusk.store\/sv\/wp-json\/wp\/v2\/product_brand?post=92204"},{"taxonomy":"product_cat","embeddable":true,"href":"https:\/\/truusk.store\/sv\/wp-json\/wp\/v2\/product_cat?post=92204"},{"taxonomy":"product_tag","embeddable":true,"href":"https:\/\/truusk.store\/sv\/wp-json\/wp\/v2\/product_tag?post=92204"}],"curies":[{"name":"wp","href":"https:\/\/api.w.org\/{rel}","templated":true}]}}