{"id":92224,"date":"2025-10-09T11:54:57","date_gmt":"2025-10-09T10:54:57","guid":{"rendered":"https:\/\/truusk.store\/product\/2-pack-barstolar-hojdjusterbara-barstolar-med-ryggstod-sammetutseende-metallram-fotstod-roterande-morkgra\/"},"modified":"2026-03-12T09:08:07","modified_gmt":"2026-03-12T08:08:07","slug":"truusk-2-pack-barstolar-hojdjusterbara-med-ryggstod-sammetutseende-metallram-fotstod-roterande-morkgra","status":"publish","type":"product","link":"https:\/\/truusk.store\/sv\/produkt\/truusk-2-pack-barstolar-hojdjusterbara-med-ryggstod-sammetutseende-metallram-fotstod-roterande-morkgra\/","title":{"rendered":"TRUUSK 2-pack Barstolar &#8211; H\u00f6jdjusterbara med Ryggst\u00f6d &#8211; Sammetutseende &#8211; Metallram &#8211; Fotst\u00f6d &#8211; Roterande &#8211; M\u00f6rkgr\u00e5"},"content":{"rendered":"<p>Anv\u00e4nd barstolsetet fr\u00e5n TRUUSK f\u00f6r att ge din bardisk eller baromr\u00e5de en elegant stil. Den mjuka stoppningen p\u00e5 pallen ger mycket komfort. Den sv\u00e4ngda ryggen och det armfria designet p\u00e5 bardisken st\u00f6der din kropp och ger mycket r\u00f6relsefrihet. Denna pall har en stor rund bas av st\u00e5l som h\u00e5ller den uppr\u00e4tt och stabil under anv\u00e4ndning.<\/p>\n<p>Beskrivning:<\/p>\n<ul>\n<li> Set med 2 barstolar<\/li>\n<li> Diamant-tufting g\u00f6r denna barstol trendig<\/li>\n<li> Sitt h\u00f6jden p\u00e5 bardisken \u00e4r justerbar och den roterande s\u00e4tet ger fri rotation<\/li>\n<li> Inbyggda fotst\u00f6d kan f\u00f6rhindra att dina ben dinglar<\/li>\n<li> Kudden p\u00e5 k\u00f6kspallen erbjuder h\u00f6g stil<\/li>\n<li> H\u00f6g belastningsbar st\u00e5lbas f\u00f6r att h\u00e5lla pallen i balans, med bifogade halkfria gummipads<\/li>\n<li> M\u00e5ste monteras<\/li>\n<\/ul>\n<p> Tekniska specifikationer:<\/p>\n<ul>\n<li> F\u00e4rg: M\u00f6rkgr\u00e5<\/li>\n<li> Material: Sammetliknande polyester, st\u00e5l, skum<\/li>\n<li> M\u00e5tt: 46B x 48D x 83-104H cm<\/li>\n<li> Sitsstorlek: 46B x 36D x 60-81H cm<\/li>\n<li> Kuddens h\u00f6jd: 8 cm<\/li>\n<li> Basstorlek: \u00d841 cm<\/li>\n<li> B\u00e4rkapacitet: 120 kg<\/li>\n<\/ul>\n<p>Leveransinneh\u00e5ll:<\/p>\n<ul>\n<li> 2 x pallar<\/li>\n<li> 1x instruktioner<\/li>\n<\/ul>\n","protected":false},"excerpt":{"rendered":"<p>Anv\u00e4nd barstolsetet fr\u00e5n TRUUSK f\u00f6r att ge din bardisk eller baromr\u00e5de en elegant stil. Den mjuka stoppningen p\u00e5 pallen ger&#8230;<\/p>\n","protected":false},"featured_media":92210,"template":"","meta":[],"product_brand":[],"product_cat":[643,871,889],"product_tag":[],"class_list":{"0":"post-92224","1":"product","2":"type-product","3":"status-publish","4":"has-post-thumbnail","6":"product_cat-barnstolar","7":"product_cat-hus-hem","8":"product_cat-kok-matsal","10":"first","11":"instock","12":"sale","13":"taxable","14":"shipping-taxable","15":"purchasable","16":"product-type-simple"},"yoast_head":"<!-- This site is optimized with the Yoast SEO plugin v25.4 - https:\/\/yoast.com\/wordpress\/plugins\/seo\/ -->\n<title>TRUUSK 2-pack Barstolar - H\u00f6jdjusterbara med Ryggst\u00f6d - Sammetutseende - Metallram - Fotst\u00f6d - Roterande - M\u00f6rkgr\u00e5 - TRUUSK - Hem, Tr\u00e4dg\u00e5rd &amp; Fritid<\/title>\n<meta name=\"robots\" content=\"index, follow, max-snippet:-1, max-image-preview:large, max-video-preview:-1\" \/>\n<link rel=\"canonical\" href=\"https:\/\/truusk.store\/sv\/produkt\/truusk-2-pack-barstolar-hojdjusterbara-med-ryggstod-sammetutseende-metallram-fotstod-roterande-morkgra\/\" \/>\n<meta property=\"og:locale\" content=\"sv_SE\" \/>\n<meta property=\"og:type\" content=\"article\" \/>\n<meta property=\"og:title\" content=\"TRUUSK 2-pack Barstolar - H\u00f6jdjusterbara med Ryggst\u00f6d - Sammetutseende - Metallram - Fotst\u00f6d - Roterande - M\u00f6rkgr\u00e5 - TRUUSK - Hem, Tr\u00e4dg\u00e5rd &amp; Fritid\" \/>\n<meta property=\"og:description\" content=\"Anv\u00e4nd barstolsetet fr\u00e5n TRUUSK f\u00f6r att ge din bardisk eller baromr\u00e5de en elegant stil. Den mjuka stoppningen p\u00e5 pallen ger...\" \/>\n<meta property=\"og:url\" content=\"https:\/\/truusk.store\/sv\/produkt\/truusk-2-pack-barstolar-hojdjusterbara-med-ryggstod-sammetutseende-metallram-fotstod-roterande-morkgra\/\" \/>\n<meta property=\"og:site_name\" content=\"TRUUSK - Hem, Tr\u00e4dg\u00e5rd &amp; Fritid\" \/>\n<meta property=\"article:modified_time\" content=\"2026-03-12T08:08:07+00:00\" \/>\n<meta property=\"og:image\" content=\"https:\/\/i0.wp.com\/truusk.se\/wp-content\/uploads\/2025\/10\/2-pack-barstolar-hojdjusterbara-barstolar-med-ryggstod-sammetutseende-metallram-fotstod-roterande-morkgra-1.webp?fit=2000%2C2000&ssl=1\" \/>\n\t<meta property=\"og:image:width\" content=\"2000\" \/>\n\t<meta property=\"og:image:height\" content=\"2000\" \/>\n\t<meta property=\"og:image:type\" content=\"image\/webp\" \/>\n<meta name=\"twitter:card\" content=\"summary_large_image\" \/>\n<meta name=\"twitter:label1\" content=\"Ber\u00e4knad l\u00e4stid\" \/>\n\t<meta name=\"twitter:data1\" content=\"1 minut\" \/>\n<!-- \/ Yoast SEO plugin. -->","yoast_head_json":{"title":"TRUUSK 2-pack Barstolar - H\u00f6jdjusterbara med Ryggst\u00f6d - Sammetutseende - Metallram - Fotst\u00f6d - Roterande - M\u00f6rkgr\u00e5 - TRUUSK - Hem, Tr\u00e4dg\u00e5rd &amp; Fritid","robots":{"index":"index","follow":"follow","max-snippet":"max-snippet:-1","max-image-preview":"max-image-preview:large","max-video-preview":"max-video-preview:-1"},"canonical":"https:\/\/truusk.store\/sv\/produkt\/truusk-2-pack-barstolar-hojdjusterbara-med-ryggstod-sammetutseende-metallram-fotstod-roterande-morkgra\/","og_locale":"sv_SE","og_type":"article","og_title":"TRUUSK 2-pack Barstolar - H\u00f6jdjusterbara med Ryggst\u00f6d - Sammetutseende - Metallram - Fotst\u00f6d - Roterande - M\u00f6rkgr\u00e5 - TRUUSK - Hem, Tr\u00e4dg\u00e5rd &amp; Fritid","og_description":"Anv\u00e4nd barstolsetet fr\u00e5n TRUUSK f\u00f6r att ge din bardisk eller baromr\u00e5de en elegant stil. Den mjuka stoppningen p\u00e5 pallen ger...","og_url":"https:\/\/truusk.store\/sv\/produkt\/truusk-2-pack-barstolar-hojdjusterbara-med-ryggstod-sammetutseende-metallram-fotstod-roterande-morkgra\/","og_site_name":"TRUUSK - Hem, Tr\u00e4dg\u00e5rd &amp; Fritid","article_modified_time":"2026-03-12T08:08:07+00:00","og_image":[{"width":2000,"height":2000,"url":"https:\/\/i0.wp.com\/truusk.se\/wp-content\/uploads\/2025\/10\/2-pack-barstolar-hojdjusterbara-barstolar-med-ryggstod-sammetutseende-metallram-fotstod-roterande-morkgra-1.webp?fit=2000%2C2000&ssl=1","type":"image\/webp"}],"twitter_card":"summary_large_image","twitter_misc":{"Ber\u00e4knad l\u00e4stid":"1 minut"},"schema":{"@context":"https:\/\/schema.org","@graph":[{"@type":"WebPage","@id":"https:\/\/truusk.store\/sv\/produkt\/truusk-2-pack-barstolar-hojdjusterbara-med-ryggstod-sammetutseende-metallram-fotstod-roterande-morkgra\/","url":"https:\/\/truusk.store\/sv\/produkt\/truusk-2-pack-barstolar-hojdjusterbara-med-ryggstod-sammetutseende-metallram-fotstod-roterande-morkgra\/","name":"TRUUSK 2-pack Barstolar - H\u00f6jdjusterbara med Ryggst\u00f6d - Sammetutseende - Metallram - Fotst\u00f6d - Roterande - M\u00f6rkgr\u00e5 - TRUUSK - Hem, Tr\u00e4dg\u00e5rd &amp; Fritid","isPartOf":{"@id":"https:\/\/truusk.store\/sv\/#website"},"primaryImageOfPage":{"@id":"https:\/\/truusk.store\/sv\/produkt\/truusk-2-pack-barstolar-hojdjusterbara-med-ryggstod-sammetutseende-metallram-fotstod-roterande-morkgra\/#primaryimage"},"image":{"@id":"https:\/\/truusk.store\/sv\/produkt\/truusk-2-pack-barstolar-hojdjusterbara-med-ryggstod-sammetutseende-metallram-fotstod-roterande-morkgra\/#primaryimage"},"thumbnailUrl":"https:\/\/i0.wp.com\/truusk.store\/wp-content\/uploads\/2025\/10\/2-pack-barstolar-hojdjusterbara-barstolar-med-ryggstod-sammetutseende-metallram-fotstod-roterande-morkgra-1.webp?fit=2000%2C2000&ssl=1","datePublished":"2025-10-09T10:54:57+00:00","dateModified":"2026-03-12T08:08:07+00:00","breadcrumb":{"@id":"https:\/\/truusk.store\/sv\/produkt\/truusk-2-pack-barstolar-hojdjusterbara-med-ryggstod-sammetutseende-metallram-fotstod-roterande-morkgra\/#breadcrumb"},"inLanguage":"sv-SE","potentialAction":[{"@type":"ReadAction","target":["https:\/\/truusk.store\/sv\/produkt\/truusk-2-pack-barstolar-hojdjusterbara-med-ryggstod-sammetutseende-metallram-fotstod-roterande-morkgra\/"]}]},{"@type":"ImageObject","inLanguage":"sv-SE","@id":"https:\/\/truusk.store\/sv\/produkt\/truusk-2-pack-barstolar-hojdjusterbara-med-ryggstod-sammetutseende-metallram-fotstod-roterande-morkgra\/#primaryimage","url":"https:\/\/i0.wp.com\/truusk.store\/wp-content\/uploads\/2025\/10\/2-pack-barstolar-hojdjusterbara-barstolar-med-ryggstod-sammetutseende-metallram-fotstod-roterande-morkgra-1.webp?fit=2000%2C2000&ssl=1","contentUrl":"https:\/\/i0.wp.com\/truusk.store\/wp-content\/uploads\/2025\/10\/2-pack-barstolar-hojdjusterbara-barstolar-med-ryggstod-sammetutseende-metallram-fotstod-roterande-morkgra-1.webp?fit=2000%2C2000&ssl=1","width":2000,"height":2000},{"@type":"BreadcrumbList","@id":"https:\/\/truusk.store\/sv\/produkt\/truusk-2-pack-barstolar-hojdjusterbara-med-ryggstod-sammetutseende-metallram-fotstod-roterande-morkgra\/#breadcrumb","itemListElement":[{"@type":"ListItem","position":1,"name":"Home","item":"https:\/\/truusk.store\/sv\/"},{"@type":"ListItem","position":2,"name":"Shop","item":"https:\/\/truusk.store\/shop\/"},{"@type":"ListItem","position":3,"name":"TRUUSK 2-pack Barstolar &#8211; H\u00f6jdjusterbara med Ryggst\u00f6d &#8211; Sammetutseende &#8211; Metallram &#8211; Fotst\u00f6d &#8211; Roterande &#8211; M\u00f6rkgr\u00e5"}]},{"@type":"WebSite","@id":"https:\/\/truusk.store\/sv\/#website","url":"https:\/\/truusk.store\/sv\/","name":"TRUUSK - Hem, Tr\u00e4dg\u00e5rd & Fritid","description":"","publisher":{"@id":"https:\/\/truusk.store\/sv\/#organization"},"potentialAction":[{"@type":"SearchAction","target":{"@type":"EntryPoint","urlTemplate":"https:\/\/truusk.store\/sv\/?s={search_term_string}"},"query-input":{"@type":"PropertyValueSpecification","valueRequired":true,"valueName":"search_term_string"}}],"inLanguage":"sv-SE"},{"@type":"Organization","@id":"https:\/\/truusk.store\/sv\/#organization","name":"TRUUSK - Hem, Tr\u00e4dg\u00e5rd & Fritid","url":"https:\/\/truusk.store\/sv\/","logo":{"@type":"ImageObject","inLanguage":"sv-SE","@id":"https:\/\/truusk.store\/sv\/#\/schema\/logo\/image\/","url":"https:\/\/i0.wp.com\/truusk.store\/wp-content\/uploads\/2026\/03\/cropped-TRUUSK.png?fit=2032%2C917&ssl=1","contentUrl":"https:\/\/i0.wp.com\/truusk.store\/wp-content\/uploads\/2026\/03\/cropped-TRUUSK.png?fit=2032%2C917&ssl=1","width":2032,"height":917,"caption":"TRUUSK - Hem, Tr\u00e4dg\u00e5rd & Fritid"},"image":{"@id":"https:\/\/truusk.store\/sv\/#\/schema\/logo\/image\/"}}]}},"jetpack_sharing_enabled":true,"_links":{"self":[{"href":"https:\/\/truusk.store\/sv\/wp-json\/wp\/v2\/product\/92224","targetHints":{"allow":["GET"]}}],"collection":[{"href":"https:\/\/truusk.store\/sv\/wp-json\/wp\/v2\/product"}],"about":[{"href":"https:\/\/truusk.store\/sv\/wp-json\/wp\/v2\/types\/product"}],"wp:featuredmedia":[{"embeddable":true,"href":"https:\/\/truusk.store\/sv\/wp-json\/wp\/v2\/media\/92210"}],"wp:attachment":[{"href":"https:\/\/truusk.store\/sv\/wp-json\/wp\/v2\/media?parent=92224"}],"wp:term":[{"taxonomy":"product_brand","embeddable":true,"href":"https:\/\/truusk.store\/sv\/wp-json\/wp\/v2\/product_brand?post=92224"},{"taxonomy":"product_cat","embeddable":true,"href":"https:\/\/truusk.store\/sv\/wp-json\/wp\/v2\/product_cat?post=92224"},{"taxonomy":"product_tag","embeddable":true,"href":"https:\/\/truusk.store\/sv\/wp-json\/wp\/v2\/product_tag?post=92224"}],"curies":[{"name":"wp","href":"https:\/\/api.w.org\/{rel}","templated":true}]}}