{"id":92234,"date":"2025-10-09T11:56:02","date_gmt":"2025-10-09T10:56:02","guid":{"rendered":"https:\/\/truusk.store\/product\/stepper-hemtranare-for-hemmet-med-lcd-skarm-justerbar-hastighet-metall-abs-55-x-53-x-118-128-cm\/"},"modified":"2026-03-12T09:08:39","modified_gmt":"2026-03-12T08:08:39","slug":"truusk-stepper-hemtranare-med-lcd-skarm-justerbar-hastighet-metall-abs-55-x-53-x-118-128-cm","status":"publish","type":"product","link":"https:\/\/truusk.store\/sv\/produkt\/truusk-stepper-hemtranare-med-lcd-skarm-justerbar-hastighet-metall-abs-55-x-53-x-118-128-cm\/","title":{"rendered":"TRUUSK Stepper Hemtr\u00e4nare Med LCD-sk\u00e4rm &#8211; Justerbar Hastighet &#8211; Metall ABS &#8211; 55 X 53 X 118-128 Cm"},"content":{"rendered":"<p>Tr\u00e4na dina skinkor och l\u00e5r med denna TRUUSK Stepper. Med steppern kan du tr\u00e4na dina vader, skinkor, l\u00e5r och h\u00f6fter. De halkfria pedalerna och skumhandtagen ger extra stabilitet och komfort. LCD-sk\u00e4rmen visar dig tiden, kalorif\u00f6rbrukningen och antalet steg.<\/p>\n<p>Beskrivning:<\/p>\n<ul>\n<li> Robust st\u00e5lkonstruktion i vit finish, stabil och h\u00e5llbar<\/li>\n<li> Tv\u00e5 justerbara hydrauliska motst\u00e5ndscylindrar ger en mjuk steg r\u00f6relse (dra \u00e5t eller sl\u00e4pp motst\u00e5ndsregulatorn)<\/li>\n<li> Tr\u00e4nar och st\u00e4rker skink- och benmusklerna<\/li>\n<li> L\u00e4mplig f\u00f6r hemmet, kontoret eller gymmet<\/li>\n<li> Montering kr\u00e4vs<\/li>\n<\/ul>\n<p> Tekniska data:<\/p>\n<ul>\n<li> F\u00e4rg: Vit+Gr\u00e5<\/li>\n<li> Material: Metall, ABS<\/li>\n<li> Totala m\u00e5tt: 55L x 53B x 118-128H cm<\/li>\n<li> Storlek p\u00e5 fotplattan: 33L x 13B cm<\/li>\n<li> Stegl\u00e4ngd: 12-30 cm<\/li>\n<li> B\u00e4rkapacitet: 100KG<\/li>\n<\/ul>\n<p>Leveransinneh\u00e5ll:<\/p>\n<ul>\n<li> 1 x Sidstepper<\/li>\n<li> 1 x Instruktioner<\/li>\n<\/ul>\n","protected":false},"excerpt":{"rendered":"<p>Tr\u00e4na dina skinkor och l\u00e5r med denna TRUUSK Stepper. Med steppern kan du tr\u00e4na dina vader, skinkor, l\u00e5r och h\u00f6fter&#8230;.<\/p>\n","protected":false},"featured_media":92225,"template":"","meta":[],"product_brand":[],"product_cat":[980,647,971],"product_tag":[],"class_list":{"0":"post-92234","1":"product","2":"type-product","3":"status-publish","4":"has-post-thumbnail","6":"product_cat-fitness-kraftsport","7":"product_cat-sport-fritid","8":"product_cat-steppbrador-mini-stepper","10":"first","11":"instock","12":"sale","13":"taxable","14":"shipping-taxable","15":"purchasable","16":"product-type-simple"},"yoast_head":"<!-- This site is optimized with the Yoast SEO plugin v25.4 - https:\/\/yoast.com\/wordpress\/plugins\/seo\/ -->\n<title>TRUUSK Stepper Hemtr\u00e4nare Med LCD-sk\u00e4rm - Justerbar Hastighet - Metall ABS - 55 X 53 X 118-128 Cm - TRUUSK - Hem, Tr\u00e4dg\u00e5rd &amp; Fritid<\/title>\n<meta name=\"robots\" content=\"index, follow, max-snippet:-1, max-image-preview:large, max-video-preview:-1\" \/>\n<link rel=\"canonical\" href=\"https:\/\/truusk.store\/sv\/produkt\/truusk-stepper-hemtranare-med-lcd-skarm-justerbar-hastighet-metall-abs-55-x-53-x-118-128-cm\/\" \/>\n<meta property=\"og:locale\" content=\"sv_SE\" \/>\n<meta property=\"og:type\" content=\"article\" \/>\n<meta property=\"og:title\" content=\"TRUUSK Stepper Hemtr\u00e4nare Med LCD-sk\u00e4rm - Justerbar Hastighet - Metall ABS - 55 X 53 X 118-128 Cm - TRUUSK - Hem, Tr\u00e4dg\u00e5rd &amp; Fritid\" \/>\n<meta property=\"og:description\" content=\"Tr\u00e4na dina skinkor och l\u00e5r med denna TRUUSK Stepper. Med steppern kan du tr\u00e4na dina vader, skinkor, l\u00e5r och h\u00f6fter....\" \/>\n<meta property=\"og:url\" content=\"https:\/\/truusk.store\/sv\/produkt\/truusk-stepper-hemtranare-med-lcd-skarm-justerbar-hastighet-metall-abs-55-x-53-x-118-128-cm\/\" \/>\n<meta property=\"og:site_name\" content=\"TRUUSK - Hem, Tr\u00e4dg\u00e5rd &amp; Fritid\" \/>\n<meta property=\"article:modified_time\" content=\"2026-03-12T08:08:39+00:00\" \/>\n<meta property=\"og:image\" content=\"https:\/\/i0.wp.com\/truusk.se\/wp-content\/uploads\/2025\/10\/stepper-hemtranare-for-hemmet-med-lcd-skarm-justerbar-hastighet-metall-abs-55-x-53-x-118-128-cm-1.webp?fit=2000%2C2000&ssl=1\" \/>\n\t<meta property=\"og:image:width\" content=\"2000\" \/>\n\t<meta property=\"og:image:height\" content=\"2000\" \/>\n\t<meta property=\"og:image:type\" content=\"image\/webp\" \/>\n<meta name=\"twitter:card\" content=\"summary_large_image\" \/>\n<meta name=\"twitter:label1\" content=\"Ber\u00e4knad l\u00e4stid\" \/>\n\t<meta name=\"twitter:data1\" content=\"1 minut\" \/>\n<!-- \/ Yoast SEO plugin. -->","yoast_head_json":{"title":"TRUUSK Stepper Hemtr\u00e4nare Med LCD-sk\u00e4rm - Justerbar Hastighet - Metall ABS - 55 X 53 X 118-128 Cm - TRUUSK - Hem, Tr\u00e4dg\u00e5rd &amp; Fritid","robots":{"index":"index","follow":"follow","max-snippet":"max-snippet:-1","max-image-preview":"max-image-preview:large","max-video-preview":"max-video-preview:-1"},"canonical":"https:\/\/truusk.store\/sv\/produkt\/truusk-stepper-hemtranare-med-lcd-skarm-justerbar-hastighet-metall-abs-55-x-53-x-118-128-cm\/","og_locale":"sv_SE","og_type":"article","og_title":"TRUUSK Stepper Hemtr\u00e4nare Med LCD-sk\u00e4rm - Justerbar Hastighet - Metall ABS - 55 X 53 X 118-128 Cm - TRUUSK - Hem, Tr\u00e4dg\u00e5rd &amp; Fritid","og_description":"Tr\u00e4na dina skinkor och l\u00e5r med denna TRUUSK Stepper. Med steppern kan du tr\u00e4na dina vader, skinkor, l\u00e5r och h\u00f6fter....","og_url":"https:\/\/truusk.store\/sv\/produkt\/truusk-stepper-hemtranare-med-lcd-skarm-justerbar-hastighet-metall-abs-55-x-53-x-118-128-cm\/","og_site_name":"TRUUSK - Hem, Tr\u00e4dg\u00e5rd &amp; Fritid","article_modified_time":"2026-03-12T08:08:39+00:00","og_image":[{"width":2000,"height":2000,"url":"https:\/\/i0.wp.com\/truusk.se\/wp-content\/uploads\/2025\/10\/stepper-hemtranare-for-hemmet-med-lcd-skarm-justerbar-hastighet-metall-abs-55-x-53-x-118-128-cm-1.webp?fit=2000%2C2000&ssl=1","type":"image\/webp"}],"twitter_card":"summary_large_image","twitter_misc":{"Ber\u00e4knad l\u00e4stid":"1 minut"},"schema":{"@context":"https:\/\/schema.org","@graph":[{"@type":"WebPage","@id":"https:\/\/truusk.store\/sv\/produkt\/truusk-stepper-hemtranare-med-lcd-skarm-justerbar-hastighet-metall-abs-55-x-53-x-118-128-cm\/","url":"https:\/\/truusk.store\/sv\/produkt\/truusk-stepper-hemtranare-med-lcd-skarm-justerbar-hastighet-metall-abs-55-x-53-x-118-128-cm\/","name":"TRUUSK Stepper Hemtr\u00e4nare Med LCD-sk\u00e4rm - Justerbar Hastighet - Metall ABS - 55 X 53 X 118-128 Cm - TRUUSK - Hem, Tr\u00e4dg\u00e5rd &amp; Fritid","isPartOf":{"@id":"https:\/\/truusk.store\/sv\/#website"},"primaryImageOfPage":{"@id":"https:\/\/truusk.store\/sv\/produkt\/truusk-stepper-hemtranare-med-lcd-skarm-justerbar-hastighet-metall-abs-55-x-53-x-118-128-cm\/#primaryimage"},"image":{"@id":"https:\/\/truusk.store\/sv\/produkt\/truusk-stepper-hemtranare-med-lcd-skarm-justerbar-hastighet-metall-abs-55-x-53-x-118-128-cm\/#primaryimage"},"thumbnailUrl":"https:\/\/i0.wp.com\/truusk.store\/wp-content\/uploads\/2025\/10\/stepper-hemtranare-for-hemmet-med-lcd-skarm-justerbar-hastighet-metall-abs-55-x-53-x-118-128-cm-1.webp?fit=2000%2C2000&ssl=1","datePublished":"2025-10-09T10:56:02+00:00","dateModified":"2026-03-12T08:08:39+00:00","breadcrumb":{"@id":"https:\/\/truusk.store\/sv\/produkt\/truusk-stepper-hemtranare-med-lcd-skarm-justerbar-hastighet-metall-abs-55-x-53-x-118-128-cm\/#breadcrumb"},"inLanguage":"sv-SE","potentialAction":[{"@type":"ReadAction","target":["https:\/\/truusk.store\/sv\/produkt\/truusk-stepper-hemtranare-med-lcd-skarm-justerbar-hastighet-metall-abs-55-x-53-x-118-128-cm\/"]}]},{"@type":"ImageObject","inLanguage":"sv-SE","@id":"https:\/\/truusk.store\/sv\/produkt\/truusk-stepper-hemtranare-med-lcd-skarm-justerbar-hastighet-metall-abs-55-x-53-x-118-128-cm\/#primaryimage","url":"https:\/\/i0.wp.com\/truusk.store\/wp-content\/uploads\/2025\/10\/stepper-hemtranare-for-hemmet-med-lcd-skarm-justerbar-hastighet-metall-abs-55-x-53-x-118-128-cm-1.webp?fit=2000%2C2000&ssl=1","contentUrl":"https:\/\/i0.wp.com\/truusk.store\/wp-content\/uploads\/2025\/10\/stepper-hemtranare-for-hemmet-med-lcd-skarm-justerbar-hastighet-metall-abs-55-x-53-x-118-128-cm-1.webp?fit=2000%2C2000&ssl=1","width":2000,"height":2000},{"@type":"BreadcrumbList","@id":"https:\/\/truusk.store\/sv\/produkt\/truusk-stepper-hemtranare-med-lcd-skarm-justerbar-hastighet-metall-abs-55-x-53-x-118-128-cm\/#breadcrumb","itemListElement":[{"@type":"ListItem","position":1,"name":"Home","item":"https:\/\/truusk.store\/sv\/"},{"@type":"ListItem","position":2,"name":"Shop","item":"https:\/\/truusk.store\/shop\/"},{"@type":"ListItem","position":3,"name":"TRUUSK Stepper Hemtr\u00e4nare Med LCD-sk\u00e4rm &#8211; Justerbar Hastighet &#8211; Metall ABS &#8211; 55 X 53 X 118-128 Cm"}]},{"@type":"WebSite","@id":"https:\/\/truusk.store\/sv\/#website","url":"https:\/\/truusk.store\/sv\/","name":"TRUUSK - Hem, Tr\u00e4dg\u00e5rd & Fritid","description":"","publisher":{"@id":"https:\/\/truusk.store\/sv\/#organization"},"potentialAction":[{"@type":"SearchAction","target":{"@type":"EntryPoint","urlTemplate":"https:\/\/truusk.store\/sv\/?s={search_term_string}"},"query-input":{"@type":"PropertyValueSpecification","valueRequired":true,"valueName":"search_term_string"}}],"inLanguage":"sv-SE"},{"@type":"Organization","@id":"https:\/\/truusk.store\/sv\/#organization","name":"TRUUSK - Hem, Tr\u00e4dg\u00e5rd & Fritid","url":"https:\/\/truusk.store\/sv\/","logo":{"@type":"ImageObject","inLanguage":"sv-SE","@id":"https:\/\/truusk.store\/sv\/#\/schema\/logo\/image\/","url":"https:\/\/i0.wp.com\/truusk.store\/wp-content\/uploads\/2026\/03\/cropped-TRUUSK.png?fit=2032%2C917&ssl=1","contentUrl":"https:\/\/i0.wp.com\/truusk.store\/wp-content\/uploads\/2026\/03\/cropped-TRUUSK.png?fit=2032%2C917&ssl=1","width":2032,"height":917,"caption":"TRUUSK - Hem, Tr\u00e4dg\u00e5rd & Fritid"},"image":{"@id":"https:\/\/truusk.store\/sv\/#\/schema\/logo\/image\/"}}]}},"jetpack_sharing_enabled":true,"_links":{"self":[{"href":"https:\/\/truusk.store\/sv\/wp-json\/wp\/v2\/product\/92234","targetHints":{"allow":["GET"]}}],"collection":[{"href":"https:\/\/truusk.store\/sv\/wp-json\/wp\/v2\/product"}],"about":[{"href":"https:\/\/truusk.store\/sv\/wp-json\/wp\/v2\/types\/product"}],"wp:featuredmedia":[{"embeddable":true,"href":"https:\/\/truusk.store\/sv\/wp-json\/wp\/v2\/media\/92225"}],"wp:attachment":[{"href":"https:\/\/truusk.store\/sv\/wp-json\/wp\/v2\/media?parent=92234"}],"wp:term":[{"taxonomy":"product_brand","embeddable":true,"href":"https:\/\/truusk.store\/sv\/wp-json\/wp\/v2\/product_brand?post=92234"},{"taxonomy":"product_cat","embeddable":true,"href":"https:\/\/truusk.store\/sv\/wp-json\/wp\/v2\/product_cat?post=92234"},{"taxonomy":"product_tag","embeddable":true,"href":"https:\/\/truusk.store\/sv\/wp-json\/wp\/v2\/product_tag?post=92234"}],"curies":[{"name":"wp","href":"https:\/\/api.w.org\/{rel}","templated":true}]}}