{"id":92244,"date":"2025-10-09T11:57:12","date_gmt":"2025-10-09T10:57:12","guid":{"rendered":"https:\/\/truusk.store\/product\/barstolar-2-pack-vadderad-barstol-med-metallram-ryggstod-sammetseffekt-hojdjusterbar-360-roterbar\/"},"modified":"2026-03-12T09:09:28","modified_gmt":"2026-03-12T08:09:28","slug":"truusk-barstolar-2-pack-vadderad-barstol-med-metallram-ryggstod-sammetseffekt-hojdjusterbar-360-roterbar","status":"publish","type":"product","link":"https:\/\/truusk.store\/sv\/produkt\/truusk-barstolar-2-pack-vadderad-barstol-med-metallram-ryggstod-sammetseffekt-hojdjusterbar-360-roterbar\/","title":{"rendered":"TRUUSK Barstolar 2-pack &#8211; Vadderad Barstol Med Metallram &#8211; Ryggst\u00f6d &#8211; Sammetseffekt &#8211; H\u00f6jdjusterbar &#8211; 360\u00b0 Roterbar"},"content":{"rendered":"<p>Dr\u00f6mmer du om en touch av lyx i ditt hem? Uppt\u00e4ck k\u00f6ksstolarna med ryggst\u00f6d fr\u00e5n TRUUSK. Deras design kombinerar ergonomiskt formade s\u00e4ten som inbjuder till att sjunka ner i, med ett sammetsliknande \u00f6verdrag f\u00f6r en touch av elegans. De triangul\u00e4ra panelerna p\u00e5 barstolarna ger en l\u00e4tt retrok\u00e4nsla. Varje s\u00e4te \u00e4r stabilt monterat p\u00e5 en metallbas, som har en rund fot f\u00f6r optimal stabilitet. Perfekt f\u00f6r varje m\u00e5ltid, oavsett om den \u00e4r h\u00f6g eller l\u00e5g.<\/p>\n<p>Beskrivning:<\/p>\n<ul>\n<li> H\u00f6jda sidor p\u00e5 barstolens s\u00e4ten h\u00e5ller din kropp p\u00e5 plats<\/li>\n<li> Metallram f\u00f6r st\u00f6d, med praktisk fotst\u00f6d och rundad bas f\u00f6r balans<\/li>\n<li> Justerbar h\u00f6jd fr\u00e5n 97-117 cm, f\u00f6r att sitta p\u00e5 den niv\u00e5 som passar dig b\u00e4st<\/li>\n<li> Vadderad med sammetk\u00e4nsla, \u00f6verallt med ett intryckt triangul\u00e4rt m\u00f6nster f\u00f6r stil. Bekv\u00e4m skumfyllning<\/li>\n<li> Maximal belastning f\u00f6r barstolen \u00e4r 120 kg, montering kr\u00e4vs<\/li>\n<\/ul>\n<p> Tekniska data:<\/p>\n<ul>\n<li> F\u00e4rg: Bl\u00e5<\/li>\n<li> Material: Polyester, st\u00e5l, skum<\/li>\n<li> Totala dimensioner: 57L x 58B x 97-117H cm<\/li>\n<li> Sitsstorlek: 57B x 43T x 63-83H cm<\/li>\n<li> Basdimension: \u00d845 cm<\/li>\n<li> B\u00e4rkapacitet: 120 kg<\/li>\n<\/ul>\n<p>Ing\u00e5r i leveransen:<\/p>\n<ul>\n<li> 2 x pallar<\/li>\n<li> 1 x handbok<\/li>\n<\/ul>\n","protected":false},"excerpt":{"rendered":"<p>Dr\u00f6mmer du om en touch av lyx i ditt hem? Uppt\u00e4ck k\u00f6ksstolarna med ryggst\u00f6d fr\u00e5n TRUUSK. Deras design kombinerar ergonomiskt&#8230;<\/p>\n","protected":false},"featured_media":92235,"template":"","meta":[],"product_brand":[],"product_cat":[643,871,889],"product_tag":[],"class_list":{"0":"post-92244","1":"product","2":"type-product","3":"status-publish","4":"has-post-thumbnail","6":"product_cat-barnstolar","7":"product_cat-hus-hem","8":"product_cat-kok-matsal","10":"first","11":"instock","12":"sale","13":"taxable","14":"shipping-taxable","15":"purchasable","16":"product-type-simple"},"yoast_head":"<!-- This site is optimized with the Yoast SEO plugin v25.4 - https:\/\/yoast.com\/wordpress\/plugins\/seo\/ -->\n<title>TRUUSK Barstolar 2-pack - Vadderad Barstol Med Metallram - Ryggst\u00f6d - Sammetseffekt - H\u00f6jdjusterbar - 360\u00b0 Roterbar - TRUUSK - Hem, Tr\u00e4dg\u00e5rd &amp; Fritid<\/title>\n<meta name=\"robots\" content=\"index, follow, max-snippet:-1, max-image-preview:large, max-video-preview:-1\" \/>\n<link rel=\"canonical\" href=\"https:\/\/truusk.store\/sv\/produkt\/truusk-barstolar-2-pack-vadderad-barstol-med-metallram-ryggstod-sammetseffekt-hojdjusterbar-360-roterbar\/\" \/>\n<meta property=\"og:locale\" content=\"sv_SE\" \/>\n<meta property=\"og:type\" content=\"article\" \/>\n<meta property=\"og:title\" content=\"TRUUSK Barstolar 2-pack - Vadderad Barstol Med Metallram - Ryggst\u00f6d - Sammetseffekt - H\u00f6jdjusterbar - 360\u00b0 Roterbar - TRUUSK - Hem, Tr\u00e4dg\u00e5rd &amp; Fritid\" \/>\n<meta property=\"og:description\" content=\"Dr\u00f6mmer du om en touch av lyx i ditt hem? Uppt\u00e4ck k\u00f6ksstolarna med ryggst\u00f6d fr\u00e5n TRUUSK. Deras design kombinerar ergonomiskt...\" \/>\n<meta property=\"og:url\" content=\"https:\/\/truusk.store\/sv\/produkt\/truusk-barstolar-2-pack-vadderad-barstol-med-metallram-ryggstod-sammetseffekt-hojdjusterbar-360-roterbar\/\" \/>\n<meta property=\"og:site_name\" content=\"TRUUSK - Hem, Tr\u00e4dg\u00e5rd &amp; Fritid\" \/>\n<meta property=\"article:modified_time\" content=\"2026-03-12T08:09:28+00:00\" \/>\n<meta property=\"og:image\" content=\"https:\/\/i0.wp.com\/truusk.se\/wp-content\/uploads\/2025\/10\/barstolar-2-pack-vadderad-barstol-med-metallram-ryggstod-sammetseffekt-hojdjusterbar-360-roterbar-1.webp?fit=2000%2C2000&ssl=1\" \/>\n\t<meta property=\"og:image:width\" content=\"2000\" \/>\n\t<meta property=\"og:image:height\" content=\"2000\" \/>\n\t<meta property=\"og:image:type\" content=\"image\/webp\" \/>\n<meta name=\"twitter:card\" content=\"summary_large_image\" \/>\n<meta name=\"twitter:label1\" content=\"Ber\u00e4knad l\u00e4stid\" \/>\n\t<meta name=\"twitter:data1\" content=\"1 minut\" \/>\n<!-- \/ Yoast SEO plugin. -->","yoast_head_json":{"title":"TRUUSK Barstolar 2-pack - Vadderad Barstol Med Metallram - Ryggst\u00f6d - Sammetseffekt - H\u00f6jdjusterbar - 360\u00b0 Roterbar - TRUUSK - Hem, Tr\u00e4dg\u00e5rd &amp; Fritid","robots":{"index":"index","follow":"follow","max-snippet":"max-snippet:-1","max-image-preview":"max-image-preview:large","max-video-preview":"max-video-preview:-1"},"canonical":"https:\/\/truusk.store\/sv\/produkt\/truusk-barstolar-2-pack-vadderad-barstol-med-metallram-ryggstod-sammetseffekt-hojdjusterbar-360-roterbar\/","og_locale":"sv_SE","og_type":"article","og_title":"TRUUSK Barstolar 2-pack - Vadderad Barstol Med Metallram - Ryggst\u00f6d - Sammetseffekt - H\u00f6jdjusterbar - 360\u00b0 Roterbar - TRUUSK - Hem, Tr\u00e4dg\u00e5rd &amp; Fritid","og_description":"Dr\u00f6mmer du om en touch av lyx i ditt hem? Uppt\u00e4ck k\u00f6ksstolarna med ryggst\u00f6d fr\u00e5n TRUUSK. Deras design kombinerar ergonomiskt...","og_url":"https:\/\/truusk.store\/sv\/produkt\/truusk-barstolar-2-pack-vadderad-barstol-med-metallram-ryggstod-sammetseffekt-hojdjusterbar-360-roterbar\/","og_site_name":"TRUUSK - Hem, Tr\u00e4dg\u00e5rd &amp; Fritid","article_modified_time":"2026-03-12T08:09:28+00:00","og_image":[{"width":2000,"height":2000,"url":"https:\/\/i0.wp.com\/truusk.se\/wp-content\/uploads\/2025\/10\/barstolar-2-pack-vadderad-barstol-med-metallram-ryggstod-sammetseffekt-hojdjusterbar-360-roterbar-1.webp?fit=2000%2C2000&ssl=1","type":"image\/webp"}],"twitter_card":"summary_large_image","twitter_misc":{"Ber\u00e4knad l\u00e4stid":"1 minut"},"schema":{"@context":"https:\/\/schema.org","@graph":[{"@type":"WebPage","@id":"https:\/\/truusk.store\/sv\/produkt\/truusk-barstolar-2-pack-vadderad-barstol-med-metallram-ryggstod-sammetseffekt-hojdjusterbar-360-roterbar\/","url":"https:\/\/truusk.store\/sv\/produkt\/truusk-barstolar-2-pack-vadderad-barstol-med-metallram-ryggstod-sammetseffekt-hojdjusterbar-360-roterbar\/","name":"TRUUSK Barstolar 2-pack - Vadderad Barstol Med Metallram - Ryggst\u00f6d - Sammetseffekt - H\u00f6jdjusterbar - 360\u00b0 Roterbar - TRUUSK - Hem, Tr\u00e4dg\u00e5rd &amp; Fritid","isPartOf":{"@id":"https:\/\/truusk.store\/sv\/#website"},"primaryImageOfPage":{"@id":"https:\/\/truusk.store\/sv\/produkt\/truusk-barstolar-2-pack-vadderad-barstol-med-metallram-ryggstod-sammetseffekt-hojdjusterbar-360-roterbar\/#primaryimage"},"image":{"@id":"https:\/\/truusk.store\/sv\/produkt\/truusk-barstolar-2-pack-vadderad-barstol-med-metallram-ryggstod-sammetseffekt-hojdjusterbar-360-roterbar\/#primaryimage"},"thumbnailUrl":"https:\/\/i0.wp.com\/truusk.store\/wp-content\/uploads\/2025\/10\/barstolar-2-pack-vadderad-barstol-med-metallram-ryggstod-sammetseffekt-hojdjusterbar-360-roterbar-1.webp?fit=2000%2C2000&ssl=1","datePublished":"2025-10-09T10:57:12+00:00","dateModified":"2026-03-12T08:09:28+00:00","breadcrumb":{"@id":"https:\/\/truusk.store\/sv\/produkt\/truusk-barstolar-2-pack-vadderad-barstol-med-metallram-ryggstod-sammetseffekt-hojdjusterbar-360-roterbar\/#breadcrumb"},"inLanguage":"sv-SE","potentialAction":[{"@type":"ReadAction","target":["https:\/\/truusk.store\/sv\/produkt\/truusk-barstolar-2-pack-vadderad-barstol-med-metallram-ryggstod-sammetseffekt-hojdjusterbar-360-roterbar\/"]}]},{"@type":"ImageObject","inLanguage":"sv-SE","@id":"https:\/\/truusk.store\/sv\/produkt\/truusk-barstolar-2-pack-vadderad-barstol-med-metallram-ryggstod-sammetseffekt-hojdjusterbar-360-roterbar\/#primaryimage","url":"https:\/\/i0.wp.com\/truusk.store\/wp-content\/uploads\/2025\/10\/barstolar-2-pack-vadderad-barstol-med-metallram-ryggstod-sammetseffekt-hojdjusterbar-360-roterbar-1.webp?fit=2000%2C2000&ssl=1","contentUrl":"https:\/\/i0.wp.com\/truusk.store\/wp-content\/uploads\/2025\/10\/barstolar-2-pack-vadderad-barstol-med-metallram-ryggstod-sammetseffekt-hojdjusterbar-360-roterbar-1.webp?fit=2000%2C2000&ssl=1","width":2000,"height":2000},{"@type":"BreadcrumbList","@id":"https:\/\/truusk.store\/sv\/produkt\/truusk-barstolar-2-pack-vadderad-barstol-med-metallram-ryggstod-sammetseffekt-hojdjusterbar-360-roterbar\/#breadcrumb","itemListElement":[{"@type":"ListItem","position":1,"name":"Home","item":"https:\/\/truusk.store\/sv\/"},{"@type":"ListItem","position":2,"name":"Shop","item":"https:\/\/truusk.store\/shop\/"},{"@type":"ListItem","position":3,"name":"TRUUSK Barstolar 2-pack &#8211; Vadderad Barstol Med Metallram &#8211; Ryggst\u00f6d &#8211; Sammetseffekt &#8211; H\u00f6jdjusterbar &#8211; 360\u00b0 Roterbar"}]},{"@type":"WebSite","@id":"https:\/\/truusk.store\/sv\/#website","url":"https:\/\/truusk.store\/sv\/","name":"TRUUSK - Hem, Tr\u00e4dg\u00e5rd & Fritid","description":"","publisher":{"@id":"https:\/\/truusk.store\/sv\/#organization"},"potentialAction":[{"@type":"SearchAction","target":{"@type":"EntryPoint","urlTemplate":"https:\/\/truusk.store\/sv\/?s={search_term_string}"},"query-input":{"@type":"PropertyValueSpecification","valueRequired":true,"valueName":"search_term_string"}}],"inLanguage":"sv-SE"},{"@type":"Organization","@id":"https:\/\/truusk.store\/sv\/#organization","name":"TRUUSK - Hem, Tr\u00e4dg\u00e5rd & Fritid","url":"https:\/\/truusk.store\/sv\/","logo":{"@type":"ImageObject","inLanguage":"sv-SE","@id":"https:\/\/truusk.store\/sv\/#\/schema\/logo\/image\/","url":"https:\/\/i0.wp.com\/truusk.store\/wp-content\/uploads\/2026\/03\/cropped-TRUUSK.png?fit=2032%2C917&ssl=1","contentUrl":"https:\/\/i0.wp.com\/truusk.store\/wp-content\/uploads\/2026\/03\/cropped-TRUUSK.png?fit=2032%2C917&ssl=1","width":2032,"height":917,"caption":"TRUUSK - Hem, Tr\u00e4dg\u00e5rd & Fritid"},"image":{"@id":"https:\/\/truusk.store\/sv\/#\/schema\/logo\/image\/"}}]}},"jetpack_sharing_enabled":true,"_links":{"self":[{"href":"https:\/\/truusk.store\/sv\/wp-json\/wp\/v2\/product\/92244","targetHints":{"allow":["GET"]}}],"collection":[{"href":"https:\/\/truusk.store\/sv\/wp-json\/wp\/v2\/product"}],"about":[{"href":"https:\/\/truusk.store\/sv\/wp-json\/wp\/v2\/types\/product"}],"wp:featuredmedia":[{"embeddable":true,"href":"https:\/\/truusk.store\/sv\/wp-json\/wp\/v2\/media\/92235"}],"wp:attachment":[{"href":"https:\/\/truusk.store\/sv\/wp-json\/wp\/v2\/media?parent=92244"}],"wp:term":[{"taxonomy":"product_brand","embeddable":true,"href":"https:\/\/truusk.store\/sv\/wp-json\/wp\/v2\/product_brand?post=92244"},{"taxonomy":"product_cat","embeddable":true,"href":"https:\/\/truusk.store\/sv\/wp-json\/wp\/v2\/product_cat?post=92244"},{"taxonomy":"product_tag","embeddable":true,"href":"https:\/\/truusk.store\/sv\/wp-json\/wp\/v2\/product_tag?post=92244"}],"curies":[{"name":"wp","href":"https:\/\/api.w.org\/{rel}","templated":true}]}}