{"id":92326,"date":"2025-10-09T12:08:34","date_gmt":"2025-10-09T11:08:34","guid":{"rendered":"https:\/\/truusk.store\/product\/hamsterbur-smadjursbur-i-tra-hangbro-stegar-hydda-84-x-45-x-44-cm-for-dvarghamstrar-gra\/"},"modified":"2026-03-12T09:37:06","modified_gmt":"2026-03-12T08:37:06","slug":"truusk-hamsterbur-i-tra-hangbro-stegar-hydda-84-x-45-x-44-cm-for-dvarghamstrar-gra","status":"publish","type":"product","link":"https:\/\/truusk.store\/sv\/produkt\/truusk-hamsterbur-i-tra-hangbro-stegar-hydda-84-x-45-x-44-cm-for-dvarghamstrar-gra\/","title":{"rendered":"TRUUSK Hamsterbur i tr\u00e4 &#8211; H\u00e4ngbro &#8211; Stegar &#8211; Hydda &#8211; 84 x 45 x 44 cm &#8211; F\u00f6r dv\u00e4rghamstrar &#8211; Gr\u00e5"},"content":{"rendered":"<p>Uppt\u00e4ck det perfekta hemmet f\u00f6r din dv\u00e4rghamster med TRUUSK sm\u00e5djursbur! Denna rymliga konstruktion av hamsterburen erbjuder inte bara plats f\u00f6r tr\u00e4flis, utan ocks\u00e5 otaliga m\u00f6jligheter att gr\u00e4va och leka. Med en h\u00e4ngbro, en mysig stuga, praktiska stegar och en plattform kommer din lilla v\u00e4n att uppleva m\u00e5nga \u00e4ventyr. Den \u00f6vre d\u00f6rren till gnagareburen ger dig enkel tillg\u00e5ng och erbjuder f\u00f6rvaringsutrymme f\u00f6r alla viktiga tillbeh\u00f6r.<\/p>\n<p>Beskrivning:<\/p>\n<ul>\n<li> Med en plattform f\u00f6r att ut\u00f6ka aktivitetsomr\u00e5det<\/li>\n<li> Hamsterburen inneh\u00e5ller en h\u00e4ngbro, en stuga och mycket mer f\u00f6r r\u00f6relse- och g\u00f6mst\u00e4llen<\/li>\n<li> Tillverkad av grantr\u00e4 f\u00f6r extra stabilitet<\/li>\n<li> Sm\u00e5djursburen kan \u00f6ppnas uppifr\u00e5n, f\u00f6r enkel tillg\u00e5ng och interaktion<\/li>\n<li> Frampanelen p\u00e5 dv\u00e4rghamsterburen \u00e4r gjord av transparent material f\u00f6r enkel insyn i ditt husdjurs liv<\/li>\n<li> Sidventilations\u00f6ppningar p\u00e5 hamsterburen fr\u00e4mjar luftcirkulation<\/li>\n<li> L\u00e4mplig f\u00f6r dv\u00e4rghamstrar<\/li>\n<li> Montering kr\u00e4vs<\/li>\n<\/ul>\n<p> Tekniska data:<\/p>\n<ul>\n<li> F\u00e4rg: M\u00f6rkgr\u00e5<\/li>\n<li> Material: Grantr\u00e4, akryl, flerskiktsplatta<\/li>\n<li> Totala dimensioner: 85L x 45B x 44H cm<\/li>\n<li> \u00d6vre d\u00f6rr: 85L x 27B cm<\/li>\n<li> Stuga: 43L x 31B x 15H cm<\/li>\n<li> Stege: 22,5L x 8B cm, 30L x 8B cm<\/li>\n<li> Plattform: 28L x 15B x 13H cm<\/li>\n<li> H\u00e4ngbro: 28,5L x 8B cm<\/li>\n<li> F\u00f6rvaringsomr\u00e5de: 85L x 20,5B cm<\/li>\n<\/ul>\n<p>Leveransinneh\u00e5ll:<\/p>\n<ul>\n<li> 1 x Dv\u00e4rghamsterbur<\/li>\n<li> 1 x Instruktioner<\/li>\n<\/ul>\n","protected":false},"excerpt":{"rendered":"<p>Uppt\u00e4ck det perfekta hemmet f\u00f6r din dv\u00e4rghamster med TRUUSK sm\u00e5djursbur! Denna rymliga konstruktion av hamsterburen erbjuder inte bara plats f\u00f6r&#8230;<\/p>\n","protected":false},"featured_media":92315,"template":"","meta":[],"product_brand":[],"product_cat":[878,599,597],"product_tag":[],"class_list":{"0":"post-92326","1":"product","2":"type-product","3":"status-publish","4":"has-post-thumbnail","6":"product_cat-djurbehov","7":"product_cat-sma-djurburar","8":"product_cat-sma-djurtillbehor","10":"first","11":"instock","12":"sale","13":"taxable","14":"shipping-taxable","15":"purchasable","16":"product-type-simple"},"yoast_head":"<!-- This site is optimized with the Yoast SEO plugin v25.4 - https:\/\/yoast.com\/wordpress\/plugins\/seo\/ -->\n<title>TRUUSK Hamsterbur i tr\u00e4 - H\u00e4ngbro - Stegar - Hydda - 84 x 45 x 44 cm - F\u00f6r dv\u00e4rghamstrar - Gr\u00e5 - TRUUSK - Hem, Tr\u00e4dg\u00e5rd &amp; Fritid<\/title>\n<meta name=\"robots\" content=\"index, follow, max-snippet:-1, max-image-preview:large, max-video-preview:-1\" \/>\n<link rel=\"canonical\" href=\"https:\/\/truusk.store\/sv\/produkt\/truusk-hamsterbur-i-tra-hangbro-stegar-hydda-84-x-45-x-44-cm-for-dvarghamstrar-gra\/\" \/>\n<meta property=\"og:locale\" content=\"sv_SE\" \/>\n<meta property=\"og:type\" content=\"article\" \/>\n<meta property=\"og:title\" content=\"TRUUSK Hamsterbur i tr\u00e4 - H\u00e4ngbro - Stegar - Hydda - 84 x 45 x 44 cm - F\u00f6r dv\u00e4rghamstrar - Gr\u00e5 - TRUUSK - Hem, Tr\u00e4dg\u00e5rd &amp; Fritid\" \/>\n<meta property=\"og:description\" content=\"Uppt\u00e4ck det perfekta hemmet f\u00f6r din dv\u00e4rghamster med TRUUSK sm\u00e5djursbur! Denna rymliga konstruktion av hamsterburen erbjuder inte bara plats f\u00f6r...\" \/>\n<meta property=\"og:url\" content=\"https:\/\/truusk.store\/sv\/produkt\/truusk-hamsterbur-i-tra-hangbro-stegar-hydda-84-x-45-x-44-cm-for-dvarghamstrar-gra\/\" \/>\n<meta property=\"og:site_name\" content=\"TRUUSK - Hem, Tr\u00e4dg\u00e5rd &amp; Fritid\" \/>\n<meta property=\"article:modified_time\" content=\"2026-03-12T08:37:06+00:00\" \/>\n<meta property=\"og:image\" content=\"https:\/\/i0.wp.com\/truusk.se\/wp-content\/uploads\/2025\/10\/hamsterbur-smadjursbur-i-tra-hangbro-stegar-hydda-84-x-45-x-44-cm-for-dvarghamstrar-gra-1.webp?fit=2000%2C2000&ssl=1\" \/>\n\t<meta property=\"og:image:width\" content=\"2000\" \/>\n\t<meta property=\"og:image:height\" content=\"2000\" \/>\n\t<meta property=\"og:image:type\" content=\"image\/webp\" \/>\n<meta name=\"twitter:card\" content=\"summary_large_image\" \/>\n<meta name=\"twitter:label1\" content=\"Ber\u00e4knad l\u00e4stid\" \/>\n\t<meta name=\"twitter:data1\" content=\"1 minut\" \/>\n<!-- \/ Yoast SEO plugin. -->","yoast_head_json":{"title":"TRUUSK Hamsterbur i tr\u00e4 - H\u00e4ngbro - Stegar - Hydda - 84 x 45 x 44 cm - F\u00f6r dv\u00e4rghamstrar - Gr\u00e5 - TRUUSK - Hem, Tr\u00e4dg\u00e5rd &amp; Fritid","robots":{"index":"index","follow":"follow","max-snippet":"max-snippet:-1","max-image-preview":"max-image-preview:large","max-video-preview":"max-video-preview:-1"},"canonical":"https:\/\/truusk.store\/sv\/produkt\/truusk-hamsterbur-i-tra-hangbro-stegar-hydda-84-x-45-x-44-cm-for-dvarghamstrar-gra\/","og_locale":"sv_SE","og_type":"article","og_title":"TRUUSK Hamsterbur i tr\u00e4 - H\u00e4ngbro - Stegar - Hydda - 84 x 45 x 44 cm - F\u00f6r dv\u00e4rghamstrar - Gr\u00e5 - TRUUSK - Hem, Tr\u00e4dg\u00e5rd &amp; Fritid","og_description":"Uppt\u00e4ck det perfekta hemmet f\u00f6r din dv\u00e4rghamster med TRUUSK sm\u00e5djursbur! Denna rymliga konstruktion av hamsterburen erbjuder inte bara plats f\u00f6r...","og_url":"https:\/\/truusk.store\/sv\/produkt\/truusk-hamsterbur-i-tra-hangbro-stegar-hydda-84-x-45-x-44-cm-for-dvarghamstrar-gra\/","og_site_name":"TRUUSK - Hem, Tr\u00e4dg\u00e5rd &amp; Fritid","article_modified_time":"2026-03-12T08:37:06+00:00","og_image":[{"width":2000,"height":2000,"url":"https:\/\/i0.wp.com\/truusk.se\/wp-content\/uploads\/2025\/10\/hamsterbur-smadjursbur-i-tra-hangbro-stegar-hydda-84-x-45-x-44-cm-for-dvarghamstrar-gra-1.webp?fit=2000%2C2000&ssl=1","type":"image\/webp"}],"twitter_card":"summary_large_image","twitter_misc":{"Ber\u00e4knad l\u00e4stid":"1 minut"},"schema":{"@context":"https:\/\/schema.org","@graph":[{"@type":"WebPage","@id":"https:\/\/truusk.store\/sv\/produkt\/truusk-hamsterbur-i-tra-hangbro-stegar-hydda-84-x-45-x-44-cm-for-dvarghamstrar-gra\/","url":"https:\/\/truusk.store\/sv\/produkt\/truusk-hamsterbur-i-tra-hangbro-stegar-hydda-84-x-45-x-44-cm-for-dvarghamstrar-gra\/","name":"TRUUSK Hamsterbur i tr\u00e4 - H\u00e4ngbro - Stegar - Hydda - 84 x 45 x 44 cm - F\u00f6r dv\u00e4rghamstrar - Gr\u00e5 - TRUUSK - Hem, Tr\u00e4dg\u00e5rd &amp; Fritid","isPartOf":{"@id":"https:\/\/truusk.store\/sv\/#website"},"primaryImageOfPage":{"@id":"https:\/\/truusk.store\/sv\/produkt\/truusk-hamsterbur-i-tra-hangbro-stegar-hydda-84-x-45-x-44-cm-for-dvarghamstrar-gra\/#primaryimage"},"image":{"@id":"https:\/\/truusk.store\/sv\/produkt\/truusk-hamsterbur-i-tra-hangbro-stegar-hydda-84-x-45-x-44-cm-for-dvarghamstrar-gra\/#primaryimage"},"thumbnailUrl":"https:\/\/i0.wp.com\/truusk.store\/wp-content\/uploads\/2025\/10\/hamsterbur-smadjursbur-i-tra-hangbro-stegar-hydda-84-x-45-x-44-cm-for-dvarghamstrar-gra-1.webp?fit=2000%2C2000&ssl=1","datePublished":"2025-10-09T11:08:34+00:00","dateModified":"2026-03-12T08:37:06+00:00","breadcrumb":{"@id":"https:\/\/truusk.store\/sv\/produkt\/truusk-hamsterbur-i-tra-hangbro-stegar-hydda-84-x-45-x-44-cm-for-dvarghamstrar-gra\/#breadcrumb"},"inLanguage":"sv-SE","potentialAction":[{"@type":"ReadAction","target":["https:\/\/truusk.store\/sv\/produkt\/truusk-hamsterbur-i-tra-hangbro-stegar-hydda-84-x-45-x-44-cm-for-dvarghamstrar-gra\/"]}]},{"@type":"ImageObject","inLanguage":"sv-SE","@id":"https:\/\/truusk.store\/sv\/produkt\/truusk-hamsterbur-i-tra-hangbro-stegar-hydda-84-x-45-x-44-cm-for-dvarghamstrar-gra\/#primaryimage","url":"https:\/\/i0.wp.com\/truusk.store\/wp-content\/uploads\/2025\/10\/hamsterbur-smadjursbur-i-tra-hangbro-stegar-hydda-84-x-45-x-44-cm-for-dvarghamstrar-gra-1.webp?fit=2000%2C2000&ssl=1","contentUrl":"https:\/\/i0.wp.com\/truusk.store\/wp-content\/uploads\/2025\/10\/hamsterbur-smadjursbur-i-tra-hangbro-stegar-hydda-84-x-45-x-44-cm-for-dvarghamstrar-gra-1.webp?fit=2000%2C2000&ssl=1","width":2000,"height":2000},{"@type":"BreadcrumbList","@id":"https:\/\/truusk.store\/sv\/produkt\/truusk-hamsterbur-i-tra-hangbro-stegar-hydda-84-x-45-x-44-cm-for-dvarghamstrar-gra\/#breadcrumb","itemListElement":[{"@type":"ListItem","position":1,"name":"Home","item":"https:\/\/truusk.store\/sv\/"},{"@type":"ListItem","position":2,"name":"Shop","item":"https:\/\/truusk.store\/shop\/"},{"@type":"ListItem","position":3,"name":"TRUUSK Hamsterbur i tr\u00e4 &#8211; H\u00e4ngbro &#8211; Stegar &#8211; Hydda &#8211; 84 x 45 x 44 cm &#8211; F\u00f6r dv\u00e4rghamstrar &#8211; Gr\u00e5"}]},{"@type":"WebSite","@id":"https:\/\/truusk.store\/sv\/#website","url":"https:\/\/truusk.store\/sv\/","name":"TRUUSK - Hem, Tr\u00e4dg\u00e5rd & Fritid","description":"","publisher":{"@id":"https:\/\/truusk.store\/sv\/#organization"},"potentialAction":[{"@type":"SearchAction","target":{"@type":"EntryPoint","urlTemplate":"https:\/\/truusk.store\/sv\/?s={search_term_string}"},"query-input":{"@type":"PropertyValueSpecification","valueRequired":true,"valueName":"search_term_string"}}],"inLanguage":"sv-SE"},{"@type":"Organization","@id":"https:\/\/truusk.store\/sv\/#organization","name":"TRUUSK - Hem, Tr\u00e4dg\u00e5rd & Fritid","url":"https:\/\/truusk.store\/sv\/","logo":{"@type":"ImageObject","inLanguage":"sv-SE","@id":"https:\/\/truusk.store\/sv\/#\/schema\/logo\/image\/","url":"https:\/\/i0.wp.com\/truusk.store\/wp-content\/uploads\/2026\/03\/cropped-TRUUSK.png?fit=2032%2C917&ssl=1","contentUrl":"https:\/\/i0.wp.com\/truusk.store\/wp-content\/uploads\/2026\/03\/cropped-TRUUSK.png?fit=2032%2C917&ssl=1","width":2032,"height":917,"caption":"TRUUSK - Hem, Tr\u00e4dg\u00e5rd & Fritid"},"image":{"@id":"https:\/\/truusk.store\/sv\/#\/schema\/logo\/image\/"}}]}},"jetpack_sharing_enabled":true,"_links":{"self":[{"href":"https:\/\/truusk.store\/sv\/wp-json\/wp\/v2\/product\/92326","targetHints":{"allow":["GET"]}}],"collection":[{"href":"https:\/\/truusk.store\/sv\/wp-json\/wp\/v2\/product"}],"about":[{"href":"https:\/\/truusk.store\/sv\/wp-json\/wp\/v2\/types\/product"}],"wp:featuredmedia":[{"embeddable":true,"href":"https:\/\/truusk.store\/sv\/wp-json\/wp\/v2\/media\/92315"}],"wp:attachment":[{"href":"https:\/\/truusk.store\/sv\/wp-json\/wp\/v2\/media?parent=92326"}],"wp:term":[{"taxonomy":"product_brand","embeddable":true,"href":"https:\/\/truusk.store\/sv\/wp-json\/wp\/v2\/product_brand?post=92326"},{"taxonomy":"product_cat","embeddable":true,"href":"https:\/\/truusk.store\/sv\/wp-json\/wp\/v2\/product_cat?post=92326"},{"taxonomy":"product_tag","embeddable":true,"href":"https:\/\/truusk.store\/sv\/wp-json\/wp\/v2\/product_tag?post=92326"}],"curies":[{"name":"wp","href":"https:\/\/api.w.org\/{rel}","templated":true}]}}