{"id":92394,"date":"2025-10-09T12:18:35","date_gmt":"2025-10-09T11:18:35","guid":{"rendered":"https:\/\/truusk.store\/product\/hopfallbart-matbord-for-2-4-personer-hopfallbart-koksbord-med-forvaringsutrymme-utdragbart-bord-pa-hjul-vit\/"},"modified":"2026-03-12T09:46:57","modified_gmt":"2026-03-12T08:46:57","slug":"truusk-hopfallbart-matbord-for-2-4-personer-med-forvaringsutrymme-utdragbart-bord-pa-hjul-vit","status":"publish","type":"product","link":"https:\/\/truusk.store\/sv\/produkt\/truusk-hopfallbart-matbord-for-2-4-personer-med-forvaringsutrymme-utdragbart-bord-pa-hjul-vit\/","title":{"rendered":"TRUUSK Hopf\u00e4llbart Matbord f\u00f6r 2-4 Personer &#8211; Med F\u00f6rvaringsutrymme &#8211; Utdragbart Bord p\u00e5 Hjul &#8211; Vit"},"content":{"rendered":"<p>Optimera ditt bostadsutrymme med TRUUSKs hopf\u00e4llbara matbord, l\u00e4mpligt f\u00f6r tv\u00e5 till fyra personer. Utrustad med en elegant l\u00e5da och extra fack, perfekt f\u00f6r att f\u00f6rvara matlagningstillbeh\u00f6r eller vardagsf\u00f6rem\u00e5l. Tv\u00e5 l\u00e5sbara sv\u00e4nghjul p\u00e5 k\u00f6ksbordet underl\u00e4ttar ocks\u00e5 f\u00e4llning. Idealiskt l\u00e4mpad f\u00f6r mindre utrymmen och m\u00e5ngsidigt anv\u00e4ndbar.<\/p>\n<p>Beskrivning:<\/p>\n<ul>\n<li> Utbyggbart design f\u00f6r tv\u00e5 till fyra personer<\/li>\n<li> L\u00e5da och tv\u00e5 \u00f6ppna fack erbjuder mycket f\u00f6rvaringsutrymme<\/li>\n<li> Universella hjul p\u00e5 matbordet med l\u00e5sfunktion f\u00f6r enkel hopf\u00e4llning<\/li>\n<li> Fotdynor garanterar stabilitet p\u00e5 oj\u00e4mna golv<\/li>\n<li> Stabil sp\u00e5nskivematerial p\u00e5 matbordet med skyddande melaminbel\u00e4ggning<\/li>\n<li> Montering kr\u00e4vs<\/li>\n<\/ul>\n<p>Tekniska data:<\/p>\n<ul>\n<li> F\u00e4rg: Vit<\/li>\n<li> Material: Sp\u00e5nskiva<\/li>\n<li> Fullt utdragen storlek: 114,5B x 70D x 75H cm<\/li>\n<li> Halvt utdragen storlek: 75,5B x 70D x 75H cm<\/li>\n<li> Hopf\u00e4lld storlek: 36B x 70D x 75H cm<\/li>\n<li> Inre storlek p\u00e5 l\u00e5dan: 21B x 26D x 8H cm<\/li>\n<li> Storlek p\u00e5 det stora facket: 26B x 57,5D x 26H cm<\/li>\n<li> Storlek p\u00e5 det lilla facket: 25B x 26D x 13H cm<\/li>\n<li> B\u00e4rkapacitet: 46 kg (totalt), 10 kg (varje panel), 5 kg (stort fack), 3 kg (litet fack\/l\u00e5da)<\/li>\n<\/ul>\n<p>Leveransinneh\u00e5ll:<\/p>\n<ul>\n<li> 1 x Hopf\u00e4llbart matbord<\/li>\n<li> 1 x Bruksanvisning<\/li>\n<\/ul>\n","protected":false},"excerpt":{"rendered":"<p>Optimera ditt bostadsutrymme med TRUUSKs hopf\u00e4llbara matbord, l\u00e4mpligt f\u00f6r tv\u00e5 till fyra personer. Utrustad med en elegant l\u00e5da och extra&#8230;<\/p>\n","protected":false},"featured_media":92385,"template":"","meta":[],"product_brand":[],"product_cat":[871,889,509],"product_tag":[],"class_list":{"0":"post-92394","1":"product","2":"type-product","3":"status-publish","4":"has-post-thumbnail","6":"product_cat-hus-hem","7":"product_cat-kok-matsal","8":"product_cat-matbord","10":"first","11":"instock","12":"sale","13":"taxable","14":"shipping-taxable","15":"purchasable","16":"product-type-simple"},"yoast_head":"<!-- This site is optimized with the Yoast SEO plugin v25.4 - https:\/\/yoast.com\/wordpress\/plugins\/seo\/ -->\n<title>TRUUSK Hopf\u00e4llbart Matbord f\u00f6r 2-4 Personer - Med F\u00f6rvaringsutrymme - Utdragbart Bord p\u00e5 Hjul - Vit - TRUUSK - Hem, Tr\u00e4dg\u00e5rd &amp; Fritid<\/title>\n<meta name=\"robots\" content=\"index, follow, max-snippet:-1, max-image-preview:large, max-video-preview:-1\" \/>\n<link rel=\"canonical\" href=\"https:\/\/truusk.store\/sv\/produkt\/truusk-hopfallbart-matbord-for-2-4-personer-med-forvaringsutrymme-utdragbart-bord-pa-hjul-vit\/\" \/>\n<meta property=\"og:locale\" content=\"sv_SE\" \/>\n<meta property=\"og:type\" content=\"article\" \/>\n<meta property=\"og:title\" content=\"TRUUSK Hopf\u00e4llbart Matbord f\u00f6r 2-4 Personer - Med F\u00f6rvaringsutrymme - Utdragbart Bord p\u00e5 Hjul - Vit - TRUUSK - Hem, Tr\u00e4dg\u00e5rd &amp; Fritid\" \/>\n<meta property=\"og:description\" content=\"Optimera ditt bostadsutrymme med TRUUSKs hopf\u00e4llbara matbord, l\u00e4mpligt f\u00f6r tv\u00e5 till fyra personer. Utrustad med en elegant l\u00e5da och extra...\" \/>\n<meta property=\"og:url\" content=\"https:\/\/truusk.store\/sv\/produkt\/truusk-hopfallbart-matbord-for-2-4-personer-med-forvaringsutrymme-utdragbart-bord-pa-hjul-vit\/\" \/>\n<meta property=\"og:site_name\" content=\"TRUUSK - Hem, Tr\u00e4dg\u00e5rd &amp; Fritid\" \/>\n<meta property=\"article:modified_time\" content=\"2026-03-12T08:46:57+00:00\" \/>\n<meta property=\"og:image\" content=\"https:\/\/i0.wp.com\/truusk.se\/wp-content\/uploads\/2025\/10\/hopfallbart-matbord-for-2-4-personer-hopfallbart-koksbord-med-forvaringsutrymme-utdragbart-bord-pa-hjul-vit-1.webp?fit=2000%2C2000&ssl=1\" \/>\n\t<meta property=\"og:image:width\" content=\"2000\" \/>\n\t<meta property=\"og:image:height\" content=\"2000\" \/>\n\t<meta property=\"og:image:type\" content=\"image\/webp\" \/>\n<meta name=\"twitter:card\" content=\"summary_large_image\" \/>\n<meta name=\"twitter:label1\" content=\"Ber\u00e4knad l\u00e4stid\" \/>\n\t<meta name=\"twitter:data1\" content=\"1 minut\" \/>\n<!-- \/ Yoast SEO plugin. -->","yoast_head_json":{"title":"TRUUSK Hopf\u00e4llbart Matbord f\u00f6r 2-4 Personer - Med F\u00f6rvaringsutrymme - Utdragbart Bord p\u00e5 Hjul - Vit - TRUUSK - Hem, Tr\u00e4dg\u00e5rd &amp; Fritid","robots":{"index":"index","follow":"follow","max-snippet":"max-snippet:-1","max-image-preview":"max-image-preview:large","max-video-preview":"max-video-preview:-1"},"canonical":"https:\/\/truusk.store\/sv\/produkt\/truusk-hopfallbart-matbord-for-2-4-personer-med-forvaringsutrymme-utdragbart-bord-pa-hjul-vit\/","og_locale":"sv_SE","og_type":"article","og_title":"TRUUSK Hopf\u00e4llbart Matbord f\u00f6r 2-4 Personer - Med F\u00f6rvaringsutrymme - Utdragbart Bord p\u00e5 Hjul - Vit - TRUUSK - Hem, Tr\u00e4dg\u00e5rd &amp; Fritid","og_description":"Optimera ditt bostadsutrymme med TRUUSKs hopf\u00e4llbara matbord, l\u00e4mpligt f\u00f6r tv\u00e5 till fyra personer. Utrustad med en elegant l\u00e5da och extra...","og_url":"https:\/\/truusk.store\/sv\/produkt\/truusk-hopfallbart-matbord-for-2-4-personer-med-forvaringsutrymme-utdragbart-bord-pa-hjul-vit\/","og_site_name":"TRUUSK - Hem, Tr\u00e4dg\u00e5rd &amp; Fritid","article_modified_time":"2026-03-12T08:46:57+00:00","og_image":[{"width":2000,"height":2000,"url":"https:\/\/i0.wp.com\/truusk.se\/wp-content\/uploads\/2025\/10\/hopfallbart-matbord-for-2-4-personer-hopfallbart-koksbord-med-forvaringsutrymme-utdragbart-bord-pa-hjul-vit-1.webp?fit=2000%2C2000&ssl=1","type":"image\/webp"}],"twitter_card":"summary_large_image","twitter_misc":{"Ber\u00e4knad l\u00e4stid":"1 minut"},"schema":{"@context":"https:\/\/schema.org","@graph":[{"@type":"WebPage","@id":"https:\/\/truusk.store\/sv\/produkt\/truusk-hopfallbart-matbord-for-2-4-personer-med-forvaringsutrymme-utdragbart-bord-pa-hjul-vit\/","url":"https:\/\/truusk.store\/sv\/produkt\/truusk-hopfallbart-matbord-for-2-4-personer-med-forvaringsutrymme-utdragbart-bord-pa-hjul-vit\/","name":"TRUUSK Hopf\u00e4llbart Matbord f\u00f6r 2-4 Personer - Med F\u00f6rvaringsutrymme - Utdragbart Bord p\u00e5 Hjul - Vit - TRUUSK - Hem, Tr\u00e4dg\u00e5rd &amp; Fritid","isPartOf":{"@id":"https:\/\/truusk.store\/sv\/#website"},"primaryImageOfPage":{"@id":"https:\/\/truusk.store\/sv\/produkt\/truusk-hopfallbart-matbord-for-2-4-personer-med-forvaringsutrymme-utdragbart-bord-pa-hjul-vit\/#primaryimage"},"image":{"@id":"https:\/\/truusk.store\/sv\/produkt\/truusk-hopfallbart-matbord-for-2-4-personer-med-forvaringsutrymme-utdragbart-bord-pa-hjul-vit\/#primaryimage"},"thumbnailUrl":"https:\/\/i0.wp.com\/truusk.store\/wp-content\/uploads\/2025\/10\/hopfallbart-matbord-for-2-4-personer-hopfallbart-koksbord-med-forvaringsutrymme-utdragbart-bord-pa-hjul-vit-1.webp?fit=2000%2C2000&ssl=1","datePublished":"2025-10-09T11:18:35+00:00","dateModified":"2026-03-12T08:46:57+00:00","breadcrumb":{"@id":"https:\/\/truusk.store\/sv\/produkt\/truusk-hopfallbart-matbord-for-2-4-personer-med-forvaringsutrymme-utdragbart-bord-pa-hjul-vit\/#breadcrumb"},"inLanguage":"sv-SE","potentialAction":[{"@type":"ReadAction","target":["https:\/\/truusk.store\/sv\/produkt\/truusk-hopfallbart-matbord-for-2-4-personer-med-forvaringsutrymme-utdragbart-bord-pa-hjul-vit\/"]}]},{"@type":"ImageObject","inLanguage":"sv-SE","@id":"https:\/\/truusk.store\/sv\/produkt\/truusk-hopfallbart-matbord-for-2-4-personer-med-forvaringsutrymme-utdragbart-bord-pa-hjul-vit\/#primaryimage","url":"https:\/\/i0.wp.com\/truusk.store\/wp-content\/uploads\/2025\/10\/hopfallbart-matbord-for-2-4-personer-hopfallbart-koksbord-med-forvaringsutrymme-utdragbart-bord-pa-hjul-vit-1.webp?fit=2000%2C2000&ssl=1","contentUrl":"https:\/\/i0.wp.com\/truusk.store\/wp-content\/uploads\/2025\/10\/hopfallbart-matbord-for-2-4-personer-hopfallbart-koksbord-med-forvaringsutrymme-utdragbart-bord-pa-hjul-vit-1.webp?fit=2000%2C2000&ssl=1","width":2000,"height":2000},{"@type":"BreadcrumbList","@id":"https:\/\/truusk.store\/sv\/produkt\/truusk-hopfallbart-matbord-for-2-4-personer-med-forvaringsutrymme-utdragbart-bord-pa-hjul-vit\/#breadcrumb","itemListElement":[{"@type":"ListItem","position":1,"name":"Home","item":"https:\/\/truusk.store\/sv\/"},{"@type":"ListItem","position":2,"name":"Shop","item":"https:\/\/truusk.store\/shop\/"},{"@type":"ListItem","position":3,"name":"TRUUSK Hopf\u00e4llbart Matbord f\u00f6r 2-4 Personer &#8211; Med F\u00f6rvaringsutrymme &#8211; Utdragbart Bord p\u00e5 Hjul &#8211; Vit"}]},{"@type":"WebSite","@id":"https:\/\/truusk.store\/sv\/#website","url":"https:\/\/truusk.store\/sv\/","name":"TRUUSK - Hem, Tr\u00e4dg\u00e5rd & Fritid","description":"","publisher":{"@id":"https:\/\/truusk.store\/sv\/#organization"},"potentialAction":[{"@type":"SearchAction","target":{"@type":"EntryPoint","urlTemplate":"https:\/\/truusk.store\/sv\/?s={search_term_string}"},"query-input":{"@type":"PropertyValueSpecification","valueRequired":true,"valueName":"search_term_string"}}],"inLanguage":"sv-SE"},{"@type":"Organization","@id":"https:\/\/truusk.store\/sv\/#organization","name":"TRUUSK - Hem, Tr\u00e4dg\u00e5rd & Fritid","url":"https:\/\/truusk.store\/sv\/","logo":{"@type":"ImageObject","inLanguage":"sv-SE","@id":"https:\/\/truusk.store\/sv\/#\/schema\/logo\/image\/","url":"https:\/\/i0.wp.com\/truusk.store\/wp-content\/uploads\/2026\/03\/cropped-TRUUSK.png?fit=2032%2C917&ssl=1","contentUrl":"https:\/\/i0.wp.com\/truusk.store\/wp-content\/uploads\/2026\/03\/cropped-TRUUSK.png?fit=2032%2C917&ssl=1","width":2032,"height":917,"caption":"TRUUSK - Hem, Tr\u00e4dg\u00e5rd & Fritid"},"image":{"@id":"https:\/\/truusk.store\/sv\/#\/schema\/logo\/image\/"}}]}},"jetpack_sharing_enabled":true,"_links":{"self":[{"href":"https:\/\/truusk.store\/sv\/wp-json\/wp\/v2\/product\/92394","targetHints":{"allow":["GET"]}}],"collection":[{"href":"https:\/\/truusk.store\/sv\/wp-json\/wp\/v2\/product"}],"about":[{"href":"https:\/\/truusk.store\/sv\/wp-json\/wp\/v2\/types\/product"}],"wp:featuredmedia":[{"embeddable":true,"href":"https:\/\/truusk.store\/sv\/wp-json\/wp\/v2\/media\/92385"}],"wp:attachment":[{"href":"https:\/\/truusk.store\/sv\/wp-json\/wp\/v2\/media?parent=92394"}],"wp:term":[{"taxonomy":"product_brand","embeddable":true,"href":"https:\/\/truusk.store\/sv\/wp-json\/wp\/v2\/product_brand?post=92394"},{"taxonomy":"product_cat","embeddable":true,"href":"https:\/\/truusk.store\/sv\/wp-json\/wp\/v2\/product_cat?post=92394"},{"taxonomy":"product_tag","embeddable":true,"href":"https:\/\/truusk.store\/sv\/wp-json\/wp\/v2\/product_tag?post=92394"}],"curies":[{"name":"wp","href":"https:\/\/api.w.org\/{rel}","templated":true}]}}