{"id":9241,"date":"2024-02-13T09:39:23","date_gmt":"2024-02-13T08:39:23","guid":{"rendered":"https:\/\/truusk.store\/product\/tradgardsskap-traskjul-med-dorr-takskjul-med-hackor-tradgardsforvaringsskap-hopfallbart-bord-utomhusgra-78-x-525-x-182-cm\/"},"modified":"2026-03-12T08:55:58","modified_gmt":"2026-03-12T07:55:58","slug":"truusk-tradgardsskap-med-dorr-och-takskjul-hopfallbart-utomhusforvaring-gra-78-x-525-x-182-cm","status":"publish","type":"product","link":"https:\/\/truusk.store\/sv\/produkt\/truusk-tradgardsskap-med-dorr-och-takskjul-hopfallbart-utomhusforvaring-gra-78-x-525-x-182-cm\/","title":{"rendered":"TRUUSK Tr\u00e4dg\u00e5rdssk\u00e5p Med D\u00f6rr och Takskjul &#8211; Hopf\u00e4llbart &#8211; Utomhusf\u00f6rvaring &#8211; Gr\u00e5 &#8211; 78 x 52,5 x 182 cm"},"content":{"rendered":"<p>Denna redskapsbod h\u00e5ller dina tr\u00e4dg\u00e5rdsredskap n\u00e4ra till hands och organiserade. Ett integrerat f\u00e4llbord fungerar som hylla eller planteringsbord. Ytterligare krokar och en justerbar hylla ger gott om f\u00f6rvaringsutrymme f\u00f6r verktyg och tr\u00e4dg\u00e5rdstillbeh\u00f6r. Den solida konstruktionen \u00e4r gjord av lackerat grantr\u00e4. Det sluttande taket f\u00f6rhindrar att vatten samlas och h\u00e5ller dina verktyg torra. Detta redskapsskjul \u00e4r den idealiska f\u00f6rvaringsplatsen f\u00f6r tr\u00e4dg\u00e5rdstillbeh\u00f6r.<\/p>\n<h3>Beskrivning:<\/h3>\n<ul>\n<li>Inbyggda hyllor, stor f\u00f6rvaringskapacitet<\/li>\n<li>Utrustad med f\u00e4llbord<\/li>\n<li>Lutande tak f\u00f6rhindrar vattenansamling<\/li>\n<li>Levereras med L-formade fasta beslag och slipade spikar<\/li>\n<li>Det finns krokar p\u00e5 sidorna och d\u00f6rren f\u00f6r att f\u00f6rvara verktyg<\/li>\n<li>Avtagbar \u00f6vre hylla: kan tas bort om du vill f\u00f6rvara l\u00e4ngre verktyg<\/li>\n<li>Massivt grantr\u00e4 med ett skyddande f\u00e4rgskikt<\/li>\n<li>Montering kr\u00e4vs<\/li>\n<\/ul>\n<h3>Teknisk data:<\/h3>\n<ul>\n<li>F\u00e4rg gr\u00e5<\/li>\n<li>Material: gran<\/li>\n<li>Totalstorlek: 78W x 52,5D x 182H cm<\/li>\n<li>Innerm\u00e5tt: 61W x 38D x 128H cm<\/li>\n<li>Basstorlek: 60W x 42D cm<\/li>\n<li>Tr storlek: 54D x 127H cm<\/li>\n<li>Takfotsh\u00f6jd: 155 cm<\/li>\n<li>Bordsstorlek: 40W x 40D x 75H cm<\/li>\n<li>Golvh\u00f6jd: 3 cm<\/li>\n<li>Lastkapacitet: 5 kg (litet fack). 30 kg (nedre hyllan). 10 kg (bord)<\/li>\n<\/ul>\n<h3>Leveransens omfattning:<\/h3>\n<ul>\n<li>1 x odlingshus<\/li>\n<li>4 x slipade naglar<\/li>\n<li>1 instruktion<\/li>\n<\/ul>\n","protected":false},"excerpt":{"rendered":"<p>Denna redskapsbod h\u00e5ller dina tr\u00e4dg\u00e5rdsredskap n\u00e4ra till hands och organiserade. Ett integrerat f\u00e4llbord fungerar som hylla eller planteringsbord. Ytterligare krokar&#8230;<\/p>\n","protected":false},"featured_media":9242,"template":"","meta":[],"product_brand":[],"product_cat":[436,435,437],"product_tag":[],"class_list":{"0":"post-9241","1":"product","2":"type-product","3":"status-publish","4":"has-post-thumbnail","6":"product_cat-bestall-i-tradgarden","7":"product_cat-tradgard-och-terrass","8":"product_cat-tradgardsskap","10":"first","11":"instock","12":"sale","13":"taxable","14":"shipping-taxable","15":"purchasable","16":"product-type-simple"},"yoast_head":"<!-- This site is optimized with the Yoast SEO plugin v25.4 - https:\/\/yoast.com\/wordpress\/plugins\/seo\/ -->\n<title>TRUUSK Tr\u00e4dg\u00e5rdssk\u00e5p Med D\u00f6rr och Takskjul - Hopf\u00e4llbart - Utomhusf\u00f6rvaring - Gr\u00e5 - 78 x 52,5 x 182 cm - TRUUSK - Hem, Tr\u00e4dg\u00e5rd &amp; Fritid<\/title>\n<meta name=\"robots\" content=\"index, follow, max-snippet:-1, max-image-preview:large, max-video-preview:-1\" \/>\n<link rel=\"canonical\" href=\"https:\/\/truusk.store\/sv\/produkt\/truusk-tradgardsskap-med-dorr-och-takskjul-hopfallbart-utomhusforvaring-gra-78-x-525-x-182-cm\/\" \/>\n<meta property=\"og:locale\" content=\"sv_SE\" \/>\n<meta property=\"og:type\" content=\"article\" \/>\n<meta property=\"og:title\" content=\"TRUUSK Tr\u00e4dg\u00e5rdssk\u00e5p Med D\u00f6rr och Takskjul - Hopf\u00e4llbart - Utomhusf\u00f6rvaring - Gr\u00e5 - 78 x 52,5 x 182 cm - TRUUSK - Hem, Tr\u00e4dg\u00e5rd &amp; Fritid\" \/>\n<meta property=\"og:description\" content=\"Denna redskapsbod h\u00e5ller dina tr\u00e4dg\u00e5rdsredskap n\u00e4ra till hands och organiserade. Ett integrerat f\u00e4llbord fungerar som hylla eller planteringsbord. Ytterligare krokar...\" \/>\n<meta property=\"og:url\" content=\"https:\/\/truusk.store\/sv\/produkt\/truusk-tradgardsskap-med-dorr-och-takskjul-hopfallbart-utomhusforvaring-gra-78-x-525-x-182-cm\/\" \/>\n<meta property=\"og:site_name\" content=\"TRUUSK - Hem, Tr\u00e4dg\u00e5rd &amp; Fritid\" \/>\n<meta property=\"article:modified_time\" content=\"2026-03-12T07:55:58+00:00\" \/>\n<meta property=\"og:image\" content=\"https:\/\/i0.wp.com\/truusk.se\/wp-content\/uploads\/2024\/02\/tradgardsskap-traskjul-med-dorr-takskjul-med-hackor-tradgardsforvaringsskap-hopfallbart-bord-utomhusgra-78-x-525-x-182-cm.webp?fit=800%2C800&ssl=1\" \/>\n\t<meta property=\"og:image:width\" content=\"800\" \/>\n\t<meta property=\"og:image:height\" content=\"800\" \/>\n\t<meta property=\"og:image:type\" content=\"image\/webp\" \/>\n<meta name=\"twitter:card\" content=\"summary_large_image\" \/>\n<meta name=\"twitter:label1\" content=\"Ber\u00e4knad l\u00e4stid\" \/>\n\t<meta name=\"twitter:data1\" content=\"1 minut\" \/>\n<!-- \/ Yoast SEO plugin. -->","yoast_head_json":{"title":"TRUUSK Tr\u00e4dg\u00e5rdssk\u00e5p Med D\u00f6rr och Takskjul - Hopf\u00e4llbart - Utomhusf\u00f6rvaring - Gr\u00e5 - 78 x 52,5 x 182 cm - TRUUSK - Hem, Tr\u00e4dg\u00e5rd &amp; Fritid","robots":{"index":"index","follow":"follow","max-snippet":"max-snippet:-1","max-image-preview":"max-image-preview:large","max-video-preview":"max-video-preview:-1"},"canonical":"https:\/\/truusk.store\/sv\/produkt\/truusk-tradgardsskap-med-dorr-och-takskjul-hopfallbart-utomhusforvaring-gra-78-x-525-x-182-cm\/","og_locale":"sv_SE","og_type":"article","og_title":"TRUUSK Tr\u00e4dg\u00e5rdssk\u00e5p Med D\u00f6rr och Takskjul - Hopf\u00e4llbart - Utomhusf\u00f6rvaring - Gr\u00e5 - 78 x 52,5 x 182 cm - TRUUSK - Hem, Tr\u00e4dg\u00e5rd &amp; Fritid","og_description":"Denna redskapsbod h\u00e5ller dina tr\u00e4dg\u00e5rdsredskap n\u00e4ra till hands och organiserade. Ett integrerat f\u00e4llbord fungerar som hylla eller planteringsbord. Ytterligare krokar...","og_url":"https:\/\/truusk.store\/sv\/produkt\/truusk-tradgardsskap-med-dorr-och-takskjul-hopfallbart-utomhusforvaring-gra-78-x-525-x-182-cm\/","og_site_name":"TRUUSK - Hem, Tr\u00e4dg\u00e5rd &amp; Fritid","article_modified_time":"2026-03-12T07:55:58+00:00","og_image":[{"width":800,"height":800,"url":"https:\/\/i0.wp.com\/truusk.se\/wp-content\/uploads\/2024\/02\/tradgardsskap-traskjul-med-dorr-takskjul-med-hackor-tradgardsforvaringsskap-hopfallbart-bord-utomhusgra-78-x-525-x-182-cm.webp?fit=800%2C800&ssl=1","type":"image\/webp"}],"twitter_card":"summary_large_image","twitter_misc":{"Ber\u00e4knad l\u00e4stid":"1 minut"},"schema":{"@context":"https:\/\/schema.org","@graph":[{"@type":"WebPage","@id":"https:\/\/truusk.store\/sv\/produkt\/truusk-tradgardsskap-med-dorr-och-takskjul-hopfallbart-utomhusforvaring-gra-78-x-525-x-182-cm\/","url":"https:\/\/truusk.store\/sv\/produkt\/truusk-tradgardsskap-med-dorr-och-takskjul-hopfallbart-utomhusforvaring-gra-78-x-525-x-182-cm\/","name":"TRUUSK Tr\u00e4dg\u00e5rdssk\u00e5p Med D\u00f6rr och Takskjul - Hopf\u00e4llbart - Utomhusf\u00f6rvaring - Gr\u00e5 - 78 x 52,5 x 182 cm - TRUUSK - Hem, Tr\u00e4dg\u00e5rd &amp; Fritid","isPartOf":{"@id":"https:\/\/truusk.store\/sv\/#website"},"primaryImageOfPage":{"@id":"https:\/\/truusk.store\/sv\/produkt\/truusk-tradgardsskap-med-dorr-och-takskjul-hopfallbart-utomhusforvaring-gra-78-x-525-x-182-cm\/#primaryimage"},"image":{"@id":"https:\/\/truusk.store\/sv\/produkt\/truusk-tradgardsskap-med-dorr-och-takskjul-hopfallbart-utomhusforvaring-gra-78-x-525-x-182-cm\/#primaryimage"},"thumbnailUrl":"https:\/\/i0.wp.com\/truusk.store\/wp-content\/uploads\/2024\/02\/tradgardsskap-traskjul-med-dorr-takskjul-med-hackor-tradgardsforvaringsskap-hopfallbart-bord-utomhusgra-78-x-525-x-182-cm.webp?fit=800%2C800&ssl=1","datePublished":"2024-02-13T08:39:23+00:00","dateModified":"2026-03-12T07:55:58+00:00","breadcrumb":{"@id":"https:\/\/truusk.store\/sv\/produkt\/truusk-tradgardsskap-med-dorr-och-takskjul-hopfallbart-utomhusforvaring-gra-78-x-525-x-182-cm\/#breadcrumb"},"inLanguage":"sv-SE","potentialAction":[{"@type":"ReadAction","target":["https:\/\/truusk.store\/sv\/produkt\/truusk-tradgardsskap-med-dorr-och-takskjul-hopfallbart-utomhusforvaring-gra-78-x-525-x-182-cm\/"]}]},{"@type":"ImageObject","inLanguage":"sv-SE","@id":"https:\/\/truusk.store\/sv\/produkt\/truusk-tradgardsskap-med-dorr-och-takskjul-hopfallbart-utomhusforvaring-gra-78-x-525-x-182-cm\/#primaryimage","url":"https:\/\/i0.wp.com\/truusk.store\/wp-content\/uploads\/2024\/02\/tradgardsskap-traskjul-med-dorr-takskjul-med-hackor-tradgardsforvaringsskap-hopfallbart-bord-utomhusgra-78-x-525-x-182-cm.webp?fit=800%2C800&ssl=1","contentUrl":"https:\/\/i0.wp.com\/truusk.store\/wp-content\/uploads\/2024\/02\/tradgardsskap-traskjul-med-dorr-takskjul-med-hackor-tradgardsforvaringsskap-hopfallbart-bord-utomhusgra-78-x-525-x-182-cm.webp?fit=800%2C800&ssl=1","width":800,"height":800,"caption":"Tr\u00e4dg\u00e5rdssk\u00e5p Tr\u00e4skjul Med D\u00f6rr Takskjul Med Hackor Tr\u00e4dg\u00e5rdsf\u00f6rvaringssk\u00e5p Hopf\u00e4llbart Bord Utomhusgr\u00e5 78 X 52,5 X 182 Cm 1"},{"@type":"BreadcrumbList","@id":"https:\/\/truusk.store\/sv\/produkt\/truusk-tradgardsskap-med-dorr-och-takskjul-hopfallbart-utomhusforvaring-gra-78-x-525-x-182-cm\/#breadcrumb","itemListElement":[{"@type":"ListItem","position":1,"name":"Home","item":"https:\/\/truusk.store\/sv\/"},{"@type":"ListItem","position":2,"name":"Shop","item":"https:\/\/truusk.store\/shop\/"},{"@type":"ListItem","position":3,"name":"TRUUSK Tr\u00e4dg\u00e5rdssk\u00e5p Med D\u00f6rr och Takskjul &#8211; Hopf\u00e4llbart &#8211; Utomhusf\u00f6rvaring &#8211; Gr\u00e5 &#8211; 78 x 52,5 x 182 cm"}]},{"@type":"WebSite","@id":"https:\/\/truusk.store\/sv\/#website","url":"https:\/\/truusk.store\/sv\/","name":"TRUUSK - Hem, Tr\u00e4dg\u00e5rd & Fritid","description":"","publisher":{"@id":"https:\/\/truusk.store\/sv\/#organization"},"potentialAction":[{"@type":"SearchAction","target":{"@type":"EntryPoint","urlTemplate":"https:\/\/truusk.store\/sv\/?s={search_term_string}"},"query-input":{"@type":"PropertyValueSpecification","valueRequired":true,"valueName":"search_term_string"}}],"inLanguage":"sv-SE"},{"@type":"Organization","@id":"https:\/\/truusk.store\/sv\/#organization","name":"TRUUSK - Hem, Tr\u00e4dg\u00e5rd & Fritid","url":"https:\/\/truusk.store\/sv\/","logo":{"@type":"ImageObject","inLanguage":"sv-SE","@id":"https:\/\/truusk.store\/sv\/#\/schema\/logo\/image\/","url":"https:\/\/i0.wp.com\/truusk.store\/wp-content\/uploads\/2026\/03\/cropped-TRUUSK.png?fit=2032%2C917&ssl=1","contentUrl":"https:\/\/i0.wp.com\/truusk.store\/wp-content\/uploads\/2026\/03\/cropped-TRUUSK.png?fit=2032%2C917&ssl=1","width":2032,"height":917,"caption":"TRUUSK - Hem, Tr\u00e4dg\u00e5rd & Fritid"},"image":{"@id":"https:\/\/truusk.store\/sv\/#\/schema\/logo\/image\/"}}]}},"jetpack_sharing_enabled":true,"_links":{"self":[{"href":"https:\/\/truusk.store\/sv\/wp-json\/wp\/v2\/product\/9241","targetHints":{"allow":["GET"]}}],"collection":[{"href":"https:\/\/truusk.store\/sv\/wp-json\/wp\/v2\/product"}],"about":[{"href":"https:\/\/truusk.store\/sv\/wp-json\/wp\/v2\/types\/product"}],"wp:featuredmedia":[{"embeddable":true,"href":"https:\/\/truusk.store\/sv\/wp-json\/wp\/v2\/media\/9242"}],"wp:attachment":[{"href":"https:\/\/truusk.store\/sv\/wp-json\/wp\/v2\/media?parent=9241"}],"wp:term":[{"taxonomy":"product_brand","embeddable":true,"href":"https:\/\/truusk.store\/sv\/wp-json\/wp\/v2\/product_brand?post=9241"},{"taxonomy":"product_cat","embeddable":true,"href":"https:\/\/truusk.store\/sv\/wp-json\/wp\/v2\/product_cat?post=9241"},{"taxonomy":"product_tag","embeddable":true,"href":"https:\/\/truusk.store\/sv\/wp-json\/wp\/v2\/product_tag?post=9241"}],"curies":[{"name":"wp","href":"https:\/\/api.w.org\/{rel}","templated":true}]}}