{"id":92444,"date":"2025-10-09T12:24:36","date_gmt":"2025-10-09T11:24:36","guid":{"rendered":"https:\/\/truusk.store\/product\/aiyaplay-roller-barnscooter-med-justerbara-handtag-hopfallbar-barnscooter-for-barn-6-12-ar-94-x-36-x-88-103cm-svart\/"},"modified":"2026-03-12T08:40:52","modified_gmt":"2026-03-12T07:40:52","slug":"truusk-robotdammsugare-wi-fi-ansluten-stark-sugeffekt-automatisk-laddning-for-hem-och-kontor-svart","status":"publish","type":"product","link":"https:\/\/truusk.store\/sv\/produkt\/truusk-robotdammsugare-wi-fi-ansluten-stark-sugeffekt-automatisk-laddning-for-hem-och-kontor-svart\/","title":{"rendered":"TRUUSK Robotdammsugare &#8211; Wi-Fi Ansluten &#8211; Stark Sugeffekt &#8211; Automatisk Laddning &#8211; F\u00f6r Hem och Kontor &#8211; Svart"},"content":{"rendered":"<p>Upplev skoterroligt med AIYAPLAY barnskoter! Stadsskotern v\u00e4xer med ditt barn, tack vare justerbara styren f\u00f6r 6-12-\u00e5ringar, och erbjuder optimal komfort. Utrustad med fram- och bakbromsar f\u00f6r s\u00e4ker stoppning samt ett dubbelt st\u00f6td\u00e4mpningssystem f\u00f6r mjuka \u00e5kturer, garanterar denna skoter s\u00e4kert n\u00f6je. Sparkcykeln \u00e4r l\u00e4tt att f\u00e4lla ihop, vilket underl\u00e4ttar transport och f\u00f6rvaring. Se fram emot utomhusn\u00f6je som g\u00f6r leken mer sp\u00e4nnande!<\/p>\n<p>Beskrivning:<\/p>\n<ul>\n<li> Justerbara handtag p\u00e5 barnskotern f\u00f6r olika \u00e5ldersgrupper och storlekar<\/li>\n<li> Fram- och bakbromsar p\u00e5 stadsskotern f\u00f6r \u00f6kad s\u00e4kerhet<\/li>\n<li> St\u00f6td\u00e4mpning p\u00e5 sparkcykeln f\u00f6r en mjuk, bekv\u00e4m \u00e5ktur<\/li>\n<li> ABEC-7 lager f\u00f6r en smidig glidupplevelse<\/li>\n<li> L\u00e4tt att f\u00e4lla ihop f\u00f6r transport och f\u00f6rvaring<\/li>\n<li> L\u00e4mplig f\u00f6r barn med en kroppsl\u00e4ngd mellan 110-130 cm<\/li>\n<li> Maximal belastning p\u00e5 barnskotern: 100 kg<\/li>\n<\/ul>\n<p> Tekniska data:<\/p>\n<ul>\n<li> F\u00e4rg: Svart<\/li>\n<li> Material: Plast, PU, Metall<\/li>\n<li> Totala dimensioner: 94L x 36B x 88-103H cm<\/li>\n<li> Hopf\u00e4lld: 85L x 15B x 31H cm<\/li>\n<li> Justerbar h\u00f6jd: 88\/93\/98\/103H cm (styret)<\/li>\n<li> Pedalstorlek: 45,5L x 14B cm, 9 cm (h\u00f6jd fr\u00e5n marken)<\/li>\n<li> Hjuldiameter: \u00d820 cm<\/li>\n<li> Maximal belastning: 100 kg<\/li>\n<li> L\u00e4mplig kroppsl\u00e4ngd: 110-130 cm<\/li>\n<li> Godk\u00e4nd \u00e5lder: 6+ \u00e5r<\/li>\n<li> Rekommenderad \u00e5lder: 6-12 \u00e5r<\/li>\n<\/ul>\n<p>Leveransinneh\u00e5ll:<\/p>\n<ul>\n<li> 1 x Sparkcykel<\/li>\n<li> 1 x Bruksanvisning<\/li>\n<\/ul>\n","protected":false},"excerpt":{"rendered":"<p>Upplev skoterroligt med AIYAPLAY barnskoter! Stadsskotern v\u00e4xer med ditt barn, tack vare justerbara styren f\u00f6r 6-12-\u00e5ringar, och erbjuder optimal komfort&#8230;.<\/p>\n","protected":false},"featured_media":92435,"template":"","meta":[],"product_brand":[],"product_cat":[880,610,1010],"product_tag":[],"class_list":{"0":"post-92444","1":"product","2":"type-product","3":"status-publish","4":"has-post-thumbnail","6":"product_cat-baby-barn-2","7":"product_cat-barnfordon","8":"product_cat-sparkcyklar","10":"first","11":"instock","12":"sale","13":"taxable","14":"shipping-taxable","15":"purchasable","16":"product-type-simple"},"yoast_head":"<!-- This site is optimized with the Yoast SEO plugin v25.4 - https:\/\/yoast.com\/wordpress\/plugins\/seo\/ -->\n<title>TRUUSK Robotdammsugare - Wi-Fi Ansluten - Stark Sugeffekt - Automatisk Laddning - F\u00f6r Hem och Kontor - Svart - TRUUSK - Hem, Tr\u00e4dg\u00e5rd &amp; Fritid<\/title>\n<meta name=\"robots\" content=\"index, follow, max-snippet:-1, max-image-preview:large, max-video-preview:-1\" \/>\n<link rel=\"canonical\" href=\"https:\/\/truusk.store\/sv\/produkt\/truusk-robotdammsugare-wi-fi-ansluten-stark-sugeffekt-automatisk-laddning-for-hem-och-kontor-svart\/\" \/>\n<meta property=\"og:locale\" content=\"sv_SE\" \/>\n<meta property=\"og:type\" content=\"article\" \/>\n<meta property=\"og:title\" content=\"TRUUSK Robotdammsugare - Wi-Fi Ansluten - Stark Sugeffekt - Automatisk Laddning - F\u00f6r Hem och Kontor - Svart - TRUUSK - Hem, Tr\u00e4dg\u00e5rd &amp; Fritid\" \/>\n<meta property=\"og:description\" content=\"Upplev skoterroligt med AIYAPLAY barnskoter! Stadsskotern v\u00e4xer med ditt barn, tack vare justerbara styren f\u00f6r 6-12-\u00e5ringar, och erbjuder optimal komfort....\" \/>\n<meta property=\"og:url\" content=\"https:\/\/truusk.store\/sv\/produkt\/truusk-robotdammsugare-wi-fi-ansluten-stark-sugeffekt-automatisk-laddning-for-hem-och-kontor-svart\/\" \/>\n<meta property=\"og:site_name\" content=\"TRUUSK - Hem, Tr\u00e4dg\u00e5rd &amp; Fritid\" \/>\n<meta property=\"article:modified_time\" content=\"2026-03-12T07:40:52+00:00\" \/>\n<meta property=\"og:image\" content=\"https:\/\/i0.wp.com\/truusk.se\/wp-content\/uploads\/2025\/10\/aiyaplay-roller-barnscooter-med-justerbara-handtag-hopfallbar-barnscooter-for-barn-6-12-ar-94-x-36-x-88-103cm-svart-1.webp?fit=2000%2C2000&ssl=1\" \/>\n\t<meta property=\"og:image:width\" content=\"2000\" \/>\n\t<meta property=\"og:image:height\" content=\"2000\" \/>\n\t<meta property=\"og:image:type\" content=\"image\/webp\" \/>\n<meta name=\"twitter:card\" content=\"summary_large_image\" \/>\n<meta name=\"twitter:label1\" content=\"Ber\u00e4knad l\u00e4stid\" \/>\n\t<meta name=\"twitter:data1\" content=\"1 minut\" \/>\n<!-- \/ Yoast SEO plugin. -->","yoast_head_json":{"title":"TRUUSK Robotdammsugare - Wi-Fi Ansluten - Stark Sugeffekt - Automatisk Laddning - F\u00f6r Hem och Kontor - Svart - TRUUSK - Hem, Tr\u00e4dg\u00e5rd &amp; Fritid","robots":{"index":"index","follow":"follow","max-snippet":"max-snippet:-1","max-image-preview":"max-image-preview:large","max-video-preview":"max-video-preview:-1"},"canonical":"https:\/\/truusk.store\/sv\/produkt\/truusk-robotdammsugare-wi-fi-ansluten-stark-sugeffekt-automatisk-laddning-for-hem-och-kontor-svart\/","og_locale":"sv_SE","og_type":"article","og_title":"TRUUSK Robotdammsugare - Wi-Fi Ansluten - Stark Sugeffekt - Automatisk Laddning - F\u00f6r Hem och Kontor - Svart - TRUUSK - Hem, Tr\u00e4dg\u00e5rd &amp; Fritid","og_description":"Upplev skoterroligt med AIYAPLAY barnskoter! Stadsskotern v\u00e4xer med ditt barn, tack vare justerbara styren f\u00f6r 6-12-\u00e5ringar, och erbjuder optimal komfort....","og_url":"https:\/\/truusk.store\/sv\/produkt\/truusk-robotdammsugare-wi-fi-ansluten-stark-sugeffekt-automatisk-laddning-for-hem-och-kontor-svart\/","og_site_name":"TRUUSK - Hem, Tr\u00e4dg\u00e5rd &amp; Fritid","article_modified_time":"2026-03-12T07:40:52+00:00","og_image":[{"width":2000,"height":2000,"url":"https:\/\/i0.wp.com\/truusk.se\/wp-content\/uploads\/2025\/10\/aiyaplay-roller-barnscooter-med-justerbara-handtag-hopfallbar-barnscooter-for-barn-6-12-ar-94-x-36-x-88-103cm-svart-1.webp?fit=2000%2C2000&ssl=1","type":"image\/webp"}],"twitter_card":"summary_large_image","twitter_misc":{"Ber\u00e4knad l\u00e4stid":"1 minut"},"schema":{"@context":"https:\/\/schema.org","@graph":[{"@type":"WebPage","@id":"https:\/\/truusk.store\/sv\/produkt\/truusk-robotdammsugare-wi-fi-ansluten-stark-sugeffekt-automatisk-laddning-for-hem-och-kontor-svart\/","url":"https:\/\/truusk.store\/sv\/produkt\/truusk-robotdammsugare-wi-fi-ansluten-stark-sugeffekt-automatisk-laddning-for-hem-och-kontor-svart\/","name":"TRUUSK Robotdammsugare - Wi-Fi Ansluten - Stark Sugeffekt - Automatisk Laddning - F\u00f6r Hem och Kontor - Svart - TRUUSK - Hem, Tr\u00e4dg\u00e5rd &amp; Fritid","isPartOf":{"@id":"https:\/\/truusk.store\/sv\/#website"},"primaryImageOfPage":{"@id":"https:\/\/truusk.store\/sv\/produkt\/truusk-robotdammsugare-wi-fi-ansluten-stark-sugeffekt-automatisk-laddning-for-hem-och-kontor-svart\/#primaryimage"},"image":{"@id":"https:\/\/truusk.store\/sv\/produkt\/truusk-robotdammsugare-wi-fi-ansluten-stark-sugeffekt-automatisk-laddning-for-hem-och-kontor-svart\/#primaryimage"},"thumbnailUrl":"https:\/\/i0.wp.com\/truusk.store\/wp-content\/uploads\/2025\/10\/aiyaplay-roller-barnscooter-med-justerbara-handtag-hopfallbar-barnscooter-for-barn-6-12-ar-94-x-36-x-88-103cm-svart-1.webp?fit=2000%2C2000&ssl=1","datePublished":"2025-10-09T11:24:36+00:00","dateModified":"2026-03-12T07:40:52+00:00","breadcrumb":{"@id":"https:\/\/truusk.store\/sv\/produkt\/truusk-robotdammsugare-wi-fi-ansluten-stark-sugeffekt-automatisk-laddning-for-hem-och-kontor-svart\/#breadcrumb"},"inLanguage":"sv-SE","potentialAction":[{"@type":"ReadAction","target":["https:\/\/truusk.store\/sv\/produkt\/truusk-robotdammsugare-wi-fi-ansluten-stark-sugeffekt-automatisk-laddning-for-hem-och-kontor-svart\/"]}]},{"@type":"ImageObject","inLanguage":"sv-SE","@id":"https:\/\/truusk.store\/sv\/produkt\/truusk-robotdammsugare-wi-fi-ansluten-stark-sugeffekt-automatisk-laddning-for-hem-och-kontor-svart\/#primaryimage","url":"https:\/\/i0.wp.com\/truusk.store\/wp-content\/uploads\/2025\/10\/aiyaplay-roller-barnscooter-med-justerbara-handtag-hopfallbar-barnscooter-for-barn-6-12-ar-94-x-36-x-88-103cm-svart-1.webp?fit=2000%2C2000&ssl=1","contentUrl":"https:\/\/i0.wp.com\/truusk.store\/wp-content\/uploads\/2025\/10\/aiyaplay-roller-barnscooter-med-justerbara-handtag-hopfallbar-barnscooter-for-barn-6-12-ar-94-x-36-x-88-103cm-svart-1.webp?fit=2000%2C2000&ssl=1","width":2000,"height":2000},{"@type":"BreadcrumbList","@id":"https:\/\/truusk.store\/sv\/produkt\/truusk-robotdammsugare-wi-fi-ansluten-stark-sugeffekt-automatisk-laddning-for-hem-och-kontor-svart\/#breadcrumb","itemListElement":[{"@type":"ListItem","position":1,"name":"Home","item":"https:\/\/truusk.store\/sv\/"},{"@type":"ListItem","position":2,"name":"Shop","item":"https:\/\/truusk.store\/shop\/"},{"@type":"ListItem","position":3,"name":"TRUUSK Robotdammsugare &#8211; Wi-Fi Ansluten &#8211; Stark Sugeffekt &#8211; Automatisk Laddning &#8211; F\u00f6r Hem och Kontor &#8211; Svart"}]},{"@type":"WebSite","@id":"https:\/\/truusk.store\/sv\/#website","url":"https:\/\/truusk.store\/sv\/","name":"TRUUSK - Hem, Tr\u00e4dg\u00e5rd & Fritid","description":"","publisher":{"@id":"https:\/\/truusk.store\/sv\/#organization"},"potentialAction":[{"@type":"SearchAction","target":{"@type":"EntryPoint","urlTemplate":"https:\/\/truusk.store\/sv\/?s={search_term_string}"},"query-input":{"@type":"PropertyValueSpecification","valueRequired":true,"valueName":"search_term_string"}}],"inLanguage":"sv-SE"},{"@type":"Organization","@id":"https:\/\/truusk.store\/sv\/#organization","name":"TRUUSK - Hem, Tr\u00e4dg\u00e5rd & Fritid","url":"https:\/\/truusk.store\/sv\/","logo":{"@type":"ImageObject","inLanguage":"sv-SE","@id":"https:\/\/truusk.store\/sv\/#\/schema\/logo\/image\/","url":"https:\/\/i0.wp.com\/truusk.store\/wp-content\/uploads\/2026\/03\/cropped-TRUUSK.png?fit=2032%2C917&ssl=1","contentUrl":"https:\/\/i0.wp.com\/truusk.store\/wp-content\/uploads\/2026\/03\/cropped-TRUUSK.png?fit=2032%2C917&ssl=1","width":2032,"height":917,"caption":"TRUUSK - Hem, Tr\u00e4dg\u00e5rd & Fritid"},"image":{"@id":"https:\/\/truusk.store\/sv\/#\/schema\/logo\/image\/"}}]}},"jetpack_sharing_enabled":true,"_links":{"self":[{"href":"https:\/\/truusk.store\/sv\/wp-json\/wp\/v2\/product\/92444","targetHints":{"allow":["GET"]}}],"collection":[{"href":"https:\/\/truusk.store\/sv\/wp-json\/wp\/v2\/product"}],"about":[{"href":"https:\/\/truusk.store\/sv\/wp-json\/wp\/v2\/types\/product"}],"wp:featuredmedia":[{"embeddable":true,"href":"https:\/\/truusk.store\/sv\/wp-json\/wp\/v2\/media\/92435"}],"wp:attachment":[{"href":"https:\/\/truusk.store\/sv\/wp-json\/wp\/v2\/media?parent=92444"}],"wp:term":[{"taxonomy":"product_brand","embeddable":true,"href":"https:\/\/truusk.store\/sv\/wp-json\/wp\/v2\/product_brand?post=92444"},{"taxonomy":"product_cat","embeddable":true,"href":"https:\/\/truusk.store\/sv\/wp-json\/wp\/v2\/product_cat?post=92444"},{"taxonomy":"product_tag","embeddable":true,"href":"https:\/\/truusk.store\/sv\/wp-json\/wp\/v2\/product_tag?post=92444"}],"curies":[{"name":"wp","href":"https:\/\/api.w.org\/{rel}","templated":true}]}}