{"id":92494,"date":"2025-10-09T12:31:21","date_gmt":"2025-10-09T11:31:21","guid":{"rendered":"https:\/\/truusk.store\/product\/badrumsskap-tvastegshyllor-stor-lada-industriell-stil-ekutseende\/"},"modified":"2026-03-12T08:44:45","modified_gmt":"2026-03-12T07:44:45","slug":"truusk-badrumsskap-tvastegshyllor-stor-lada-industriell-stil-ekutseende","status":"publish","type":"product","link":"https:\/\/truusk.store\/sv\/produkt\/truusk-badrumsskap-tvastegshyllor-stor-lada-industriell-stil-ekutseende\/","title":{"rendered":"TRUUSK Badrumssk\u00e5p &#8211; Tv\u00e5stegshyllor &#8211; Stor L\u00e5da &#8211; Industriell Stil &#8211; Ekutseende"},"content":{"rendered":"<p>Uppdatera ditt badrum med TRUUSK badrumssk\u00e5p, en perfekt kombination av industriell chic och funktionalitet. Detta kompakta sidobord erbjuder en stor l\u00e5da p\u00e5 mjukt l\u00f6pande undermonterade skenor och ett tv\u00e5stegssk\u00e5p med justerbara hyllor, avrundat med en trendig ektr\u00e4effekt med svarta st\u00e5laccenter. Upplev stilfull ordning och praktisk komfort i ett!<\/p>\n<p>Beskrivning:<\/p>\n<ul>\n<li> Stor l\u00e5da i f\u00f6rvaringssk\u00e5pet med undermonterad guide f\u00f6r mjuk \u00f6ppning och st\u00e4ngning<\/li>\n<li> Tv\u00e5stegssk\u00e5p med justerbar hylla maximerar lagringsflexibiliteten<\/li>\n<li> G\u00e5ngj\u00e4rn med soft-close-funktion garanterar en tyst och mjuk d\u00f6rrst\u00e4ngning<\/li>\n<li> Industriell stil med ektr\u00e4effekt f\u00f6rb\u00e4ttrar rumsestetiken<\/li>\n<li> Pulverlackerad st\u00e5lram och MDF i toalettsk\u00e5pet f\u00f6r robust h\u00e5llbarhet<\/li>\n<li> Justerbara fotdynor och tippskyddsset f\u00f6r \u00f6kad stabilitet<\/li>\n<li> Montering kr\u00e4vs<\/li>\n<\/ul>\n<p> Tekniska data:<\/p>\n<ul>\n<li> F\u00e4rg: Ek<\/li>\n<li> Material: MDF, St\u00e5l<\/li>\n<li> Totala dimensioner: 60B x 30T x 80H cm<\/li>\n<li> Inre storlek p\u00e5 l\u00e5dan: 50,5B x 23,5T x 7H cm<\/li>\n<li> Inre storlek p\u00e5 sk\u00e5pfacket: 56B x 26,5T x 25H cm<\/li>\n<li> Avst\u00e5nd fr\u00e5n golvet: (till underkant) 10 cm<\/li>\n<li> B\u00e4rkapacitet: 30 kg (totalt), 5 kg (l\u00e5da\/fack)<\/li>\n<\/ul>\n<p>Leveransinneh\u00e5ll:<\/p>\n<ul>\n<li> 1 x Badrumssk\u00e5p<\/li>\n<li> 1 x Bruksanvisning<\/li>\n<\/ul>\n","protected":false},"excerpt":{"rendered":"<p>Uppdatera ditt badrum med TRUUSK badrumssk\u00e5p, en perfekt kombination av industriell chic och funktionalitet. Detta kompakta sidobord erbjuder en stor&#8230;<\/p>\n","protected":false},"featured_media":92485,"template":"","meta":[],"product_brand":[],"product_cat":[915,535,871],"product_tag":[],"class_list":{"0":"post-92494","1":"product","2":"type-product","3":"status-publish","4":"has-post-thumbnail","6":"product_cat-badrum","7":"product_cat-badrumsskap","8":"product_cat-hus-hem","10":"first","11":"instock","12":"sale","13":"taxable","14":"shipping-taxable","15":"purchasable","16":"product-type-simple"},"yoast_head":"<!-- This site is optimized with the Yoast SEO plugin v25.4 - https:\/\/yoast.com\/wordpress\/plugins\/seo\/ -->\n<title>TRUUSK Badrumssk\u00e5p - Tv\u00e5stegshyllor - Stor L\u00e5da - Industriell Stil - Ekutseende - TRUUSK - Hem, Tr\u00e4dg\u00e5rd &amp; Fritid<\/title>\n<meta name=\"robots\" content=\"index, follow, max-snippet:-1, max-image-preview:large, max-video-preview:-1\" \/>\n<link rel=\"canonical\" href=\"https:\/\/truusk.store\/sv\/produkt\/truusk-badrumsskap-tvastegshyllor-stor-lada-industriell-stil-ekutseende\/\" \/>\n<meta property=\"og:locale\" content=\"sv_SE\" \/>\n<meta property=\"og:type\" content=\"article\" \/>\n<meta property=\"og:title\" content=\"TRUUSK Badrumssk\u00e5p - Tv\u00e5stegshyllor - Stor L\u00e5da - Industriell Stil - Ekutseende - TRUUSK - Hem, Tr\u00e4dg\u00e5rd &amp; Fritid\" \/>\n<meta property=\"og:description\" content=\"Uppdatera ditt badrum med TRUUSK badrumssk\u00e5p, en perfekt kombination av industriell chic och funktionalitet. Detta kompakta sidobord erbjuder en stor...\" \/>\n<meta property=\"og:url\" content=\"https:\/\/truusk.store\/sv\/produkt\/truusk-badrumsskap-tvastegshyllor-stor-lada-industriell-stil-ekutseende\/\" \/>\n<meta property=\"og:site_name\" content=\"TRUUSK - Hem, Tr\u00e4dg\u00e5rd &amp; Fritid\" \/>\n<meta property=\"article:modified_time\" content=\"2026-03-12T07:44:45+00:00\" \/>\n<meta property=\"og:image\" content=\"https:\/\/i0.wp.com\/truusk.se\/wp-content\/uploads\/2025\/10\/badrumsskap-tvastegshyllor-stor-lada-industriell-stil-ekutseende-1.webp?fit=2000%2C2000&ssl=1\" \/>\n\t<meta property=\"og:image:width\" content=\"2000\" \/>\n\t<meta property=\"og:image:height\" content=\"2000\" \/>\n\t<meta property=\"og:image:type\" content=\"image\/webp\" \/>\n<meta name=\"twitter:card\" content=\"summary_large_image\" \/>\n<meta name=\"twitter:label1\" content=\"Ber\u00e4knad l\u00e4stid\" \/>\n\t<meta name=\"twitter:data1\" content=\"1 minut\" \/>\n<!-- \/ Yoast SEO plugin. -->","yoast_head_json":{"title":"TRUUSK Badrumssk\u00e5p - Tv\u00e5stegshyllor - Stor L\u00e5da - Industriell Stil - Ekutseende - TRUUSK - Hem, Tr\u00e4dg\u00e5rd &amp; Fritid","robots":{"index":"index","follow":"follow","max-snippet":"max-snippet:-1","max-image-preview":"max-image-preview:large","max-video-preview":"max-video-preview:-1"},"canonical":"https:\/\/truusk.store\/sv\/produkt\/truusk-badrumsskap-tvastegshyllor-stor-lada-industriell-stil-ekutseende\/","og_locale":"sv_SE","og_type":"article","og_title":"TRUUSK Badrumssk\u00e5p - Tv\u00e5stegshyllor - Stor L\u00e5da - Industriell Stil - Ekutseende - TRUUSK - Hem, Tr\u00e4dg\u00e5rd &amp; Fritid","og_description":"Uppdatera ditt badrum med TRUUSK badrumssk\u00e5p, en perfekt kombination av industriell chic och funktionalitet. Detta kompakta sidobord erbjuder en stor...","og_url":"https:\/\/truusk.store\/sv\/produkt\/truusk-badrumsskap-tvastegshyllor-stor-lada-industriell-stil-ekutseende\/","og_site_name":"TRUUSK - Hem, Tr\u00e4dg\u00e5rd &amp; Fritid","article_modified_time":"2026-03-12T07:44:45+00:00","og_image":[{"width":2000,"height":2000,"url":"https:\/\/i0.wp.com\/truusk.se\/wp-content\/uploads\/2025\/10\/badrumsskap-tvastegshyllor-stor-lada-industriell-stil-ekutseende-1.webp?fit=2000%2C2000&ssl=1","type":"image\/webp"}],"twitter_card":"summary_large_image","twitter_misc":{"Ber\u00e4knad l\u00e4stid":"1 minut"},"schema":{"@context":"https:\/\/schema.org","@graph":[{"@type":"WebPage","@id":"https:\/\/truusk.store\/sv\/produkt\/truusk-badrumsskap-tvastegshyllor-stor-lada-industriell-stil-ekutseende\/","url":"https:\/\/truusk.store\/sv\/produkt\/truusk-badrumsskap-tvastegshyllor-stor-lada-industriell-stil-ekutseende\/","name":"TRUUSK Badrumssk\u00e5p - Tv\u00e5stegshyllor - Stor L\u00e5da - Industriell Stil - Ekutseende - TRUUSK - Hem, Tr\u00e4dg\u00e5rd &amp; Fritid","isPartOf":{"@id":"https:\/\/truusk.store\/sv\/#website"},"primaryImageOfPage":{"@id":"https:\/\/truusk.store\/sv\/produkt\/truusk-badrumsskap-tvastegshyllor-stor-lada-industriell-stil-ekutseende\/#primaryimage"},"image":{"@id":"https:\/\/truusk.store\/sv\/produkt\/truusk-badrumsskap-tvastegshyllor-stor-lada-industriell-stil-ekutseende\/#primaryimage"},"thumbnailUrl":"https:\/\/i0.wp.com\/truusk.store\/wp-content\/uploads\/2025\/10\/badrumsskap-tvastegshyllor-stor-lada-industriell-stil-ekutseende-1.webp?fit=2000%2C2000&ssl=1","datePublished":"2025-10-09T11:31:21+00:00","dateModified":"2026-03-12T07:44:45+00:00","breadcrumb":{"@id":"https:\/\/truusk.store\/sv\/produkt\/truusk-badrumsskap-tvastegshyllor-stor-lada-industriell-stil-ekutseende\/#breadcrumb"},"inLanguage":"sv-SE","potentialAction":[{"@type":"ReadAction","target":["https:\/\/truusk.store\/sv\/produkt\/truusk-badrumsskap-tvastegshyllor-stor-lada-industriell-stil-ekutseende\/"]}]},{"@type":"ImageObject","inLanguage":"sv-SE","@id":"https:\/\/truusk.store\/sv\/produkt\/truusk-badrumsskap-tvastegshyllor-stor-lada-industriell-stil-ekutseende\/#primaryimage","url":"https:\/\/i0.wp.com\/truusk.store\/wp-content\/uploads\/2025\/10\/badrumsskap-tvastegshyllor-stor-lada-industriell-stil-ekutseende-1.webp?fit=2000%2C2000&ssl=1","contentUrl":"https:\/\/i0.wp.com\/truusk.store\/wp-content\/uploads\/2025\/10\/badrumsskap-tvastegshyllor-stor-lada-industriell-stil-ekutseende-1.webp?fit=2000%2C2000&ssl=1","width":2000,"height":2000},{"@type":"BreadcrumbList","@id":"https:\/\/truusk.store\/sv\/produkt\/truusk-badrumsskap-tvastegshyllor-stor-lada-industriell-stil-ekutseende\/#breadcrumb","itemListElement":[{"@type":"ListItem","position":1,"name":"Home","item":"https:\/\/truusk.store\/sv\/"},{"@type":"ListItem","position":2,"name":"Shop","item":"https:\/\/truusk.store\/shop\/"},{"@type":"ListItem","position":3,"name":"TRUUSK Badrumssk\u00e5p &#8211; Tv\u00e5stegshyllor &#8211; Stor L\u00e5da &#8211; Industriell Stil &#8211; Ekutseende"}]},{"@type":"WebSite","@id":"https:\/\/truusk.store\/sv\/#website","url":"https:\/\/truusk.store\/sv\/","name":"TRUUSK - Hem, Tr\u00e4dg\u00e5rd & Fritid","description":"","publisher":{"@id":"https:\/\/truusk.store\/sv\/#organization"},"potentialAction":[{"@type":"SearchAction","target":{"@type":"EntryPoint","urlTemplate":"https:\/\/truusk.store\/sv\/?s={search_term_string}"},"query-input":{"@type":"PropertyValueSpecification","valueRequired":true,"valueName":"search_term_string"}}],"inLanguage":"sv-SE"},{"@type":"Organization","@id":"https:\/\/truusk.store\/sv\/#organization","name":"TRUUSK - Hem, Tr\u00e4dg\u00e5rd & Fritid","url":"https:\/\/truusk.store\/sv\/","logo":{"@type":"ImageObject","inLanguage":"sv-SE","@id":"https:\/\/truusk.store\/sv\/#\/schema\/logo\/image\/","url":"https:\/\/i0.wp.com\/truusk.store\/wp-content\/uploads\/2026\/03\/cropped-TRUUSK.png?fit=2032%2C917&ssl=1","contentUrl":"https:\/\/i0.wp.com\/truusk.store\/wp-content\/uploads\/2026\/03\/cropped-TRUUSK.png?fit=2032%2C917&ssl=1","width":2032,"height":917,"caption":"TRUUSK - Hem, Tr\u00e4dg\u00e5rd & Fritid"},"image":{"@id":"https:\/\/truusk.store\/sv\/#\/schema\/logo\/image\/"}}]}},"jetpack_sharing_enabled":true,"_links":{"self":[{"href":"https:\/\/truusk.store\/sv\/wp-json\/wp\/v2\/product\/92494","targetHints":{"allow":["GET"]}}],"collection":[{"href":"https:\/\/truusk.store\/sv\/wp-json\/wp\/v2\/product"}],"about":[{"href":"https:\/\/truusk.store\/sv\/wp-json\/wp\/v2\/types\/product"}],"wp:featuredmedia":[{"embeddable":true,"href":"https:\/\/truusk.store\/sv\/wp-json\/wp\/v2\/media\/92485"}],"wp:attachment":[{"href":"https:\/\/truusk.store\/sv\/wp-json\/wp\/v2\/media?parent=92494"}],"wp:term":[{"taxonomy":"product_brand","embeddable":true,"href":"https:\/\/truusk.store\/sv\/wp-json\/wp\/v2\/product_brand?post=92494"},{"taxonomy":"product_cat","embeddable":true,"href":"https:\/\/truusk.store\/sv\/wp-json\/wp\/v2\/product_cat?post=92494"},{"taxonomy":"product_tag","embeddable":true,"href":"https:\/\/truusk.store\/sv\/wp-json\/wp\/v2\/product_tag?post=92494"}],"curies":[{"name":"wp","href":"https:\/\/api.w.org\/{rel}","templated":true}]}}