{"id":92514,"date":"2025-10-09T12:32:49","date_gmt":"2025-10-09T11:32:49","guid":{"rendered":"https:\/\/truusk.store\/product\/badrumsskap-med-spegel-6-oppna-fack-3-niva-hylla-vaggmontering-ek\/"},"modified":"2026-03-12T08:44:52","modified_gmt":"2026-03-12T07:44:52","slug":"truusk-badrumsskap-med-spegel-6-oppna-fack-3-niva-hylla-vaggmontering-ek","status":"publish","type":"product","link":"https:\/\/truusk.store\/sv\/produkt\/truusk-badrumsskap-med-spegel-6-oppna-fack-3-niva-hylla-vaggmontering-ek\/","title":{"rendered":"TRUUSK Badrumssk\u00e5p med Spegel &#8211; 6 \u00f6ppna Fack &#8211; 3-niv\u00e5 Hylla &#8211; V\u00e4ggmontering &#8211; Ek"},"content":{"rendered":"<p>Optimera din morgonrutin med badrumssk\u00e5pet fr\u00e5n TRUUSK, utrustat med en spegeld\u00f6rr f\u00f6r enkel styling. F\u00f6rutom sex anv\u00e4ndbara fack och ett tv\u00e5v\u00e5nings h\u00e4ngsk\u00e5p med justerbar hylla, utnyttjar det tillg\u00e4ngligt utrymme optimalt utan att belasta golvet. Kombinationen av ekdekorpartikelplatta och en elegant, svart st\u00e5lram f\u00f6r badrumssk\u00e5pet ger din inredning en industriell k\u00e4nsla.<\/p>\n<p>Beskrivning:<\/p>\n<ul>\n<li> Den fr\u00e4mre spegeld\u00f6rren p\u00e5 badrumssk\u00e5pet \u00e4r perfekt f\u00f6r morgonsminkning<\/li>\n<li> Sex \u00f6ppna fack i spegelsk\u00e5pet ger enkel tillg\u00e5ng till dagliga f\u00f6rem\u00e5l<\/li>\n<li> V\u00e4ggsk\u00e5pet med en trestegs justerbar hylla anpassar sig till olika f\u00f6rvaringskrav<\/li>\n<li> Det v\u00e4ggmonterade designen av badrumssk\u00e5pet sparar v\u00e4rdefullt golvutrymme<\/li>\n<li> Ekfinish sp\u00e5nskiva med svart st\u00e5lram ger en industriell k\u00e4nsla<\/li>\n<li> Montering kr\u00e4vs<\/li>\n<\/ul>\n<p> Tekniska data:<\/p>\n<ul>\n<li> F\u00e4rg: Ek<\/li>\n<li> Material: Sp\u00e5nskiva, st\u00e5l, glas<\/li>\n<li> Totala dimensioner: 60B x 16T x 58,5H cm<\/li>\n<li> Spegelstorlek: 51B x 23,5H cm<\/li>\n<li> Storlek p\u00e5 varje \u00f6ppet fack: 14,5B x 14,1T x 16,5H cm<\/li>\n<li> Inre m\u00e5tt p\u00e5 sk\u00e5pet: 25B x 11T x 21,6\/29,3H cm<\/li>\n<li> Belastningskapacitet: 30 kg (totalt), 2,5 kg (per hylla)<\/li>\n<\/ul>\n<p>Leveransinneh\u00e5ll:<\/p>\n<ul>\n<li> 1 x Spegelsk\u00e5p<\/li>\n<li> 1 x Bruksanvisning<\/li>\n<\/ul>\n","protected":false},"excerpt":{"rendered":"<p>Optimera din morgonrutin med badrumssk\u00e5pet fr\u00e5n TRUUSK, utrustat med en spegeld\u00f6rr f\u00f6r enkel styling. F\u00f6rutom sex anv\u00e4ndbara fack och ett&#8230;<\/p>\n","protected":false},"featured_media":92498,"template":"","meta":[],"product_brand":[],"product_cat":[915,535,871],"product_tag":[],"class_list":{"0":"post-92514","1":"product","2":"type-product","3":"status-publish","4":"has-post-thumbnail","6":"product_cat-badrum","7":"product_cat-badrumsskap","8":"product_cat-hus-hem","10":"first","11":"instock","12":"sale","13":"taxable","14":"shipping-taxable","15":"purchasable","16":"product-type-simple"},"yoast_head":"<!-- This site is optimized with the Yoast SEO plugin v25.4 - https:\/\/yoast.com\/wordpress\/plugins\/seo\/ -->\n<title>TRUUSK Badrumssk\u00e5p med Spegel - 6 \u00f6ppna Fack - 3-niv\u00e5 Hylla - V\u00e4ggmontering - Ek - TRUUSK - Hem, Tr\u00e4dg\u00e5rd &amp; Fritid<\/title>\n<meta name=\"robots\" content=\"index, follow, max-snippet:-1, max-image-preview:large, max-video-preview:-1\" \/>\n<link rel=\"canonical\" href=\"https:\/\/truusk.store\/sv\/produkt\/truusk-badrumsskap-med-spegel-6-oppna-fack-3-niva-hylla-vaggmontering-ek\/\" \/>\n<meta property=\"og:locale\" content=\"sv_SE\" \/>\n<meta property=\"og:type\" content=\"article\" \/>\n<meta property=\"og:title\" content=\"TRUUSK Badrumssk\u00e5p med Spegel - 6 \u00f6ppna Fack - 3-niv\u00e5 Hylla - V\u00e4ggmontering - Ek - TRUUSK - Hem, Tr\u00e4dg\u00e5rd &amp; Fritid\" \/>\n<meta property=\"og:description\" content=\"Optimera din morgonrutin med badrumssk\u00e5pet fr\u00e5n TRUUSK, utrustat med en spegeld\u00f6rr f\u00f6r enkel styling. F\u00f6rutom sex anv\u00e4ndbara fack och ett...\" \/>\n<meta property=\"og:url\" content=\"https:\/\/truusk.store\/sv\/produkt\/truusk-badrumsskap-med-spegel-6-oppna-fack-3-niva-hylla-vaggmontering-ek\/\" \/>\n<meta property=\"og:site_name\" content=\"TRUUSK - Hem, Tr\u00e4dg\u00e5rd &amp; Fritid\" \/>\n<meta property=\"article:modified_time\" content=\"2026-03-12T07:44:52+00:00\" \/>\n<meta property=\"og:image\" content=\"https:\/\/i0.wp.com\/truusk.se\/wp-content\/uploads\/2025\/10\/badrumsskap-med-spegel-6-oppna-fack-3-niva-hylla-vaggmontering-ek-1.webp?fit=2000%2C2000&ssl=1\" \/>\n\t<meta property=\"og:image:width\" content=\"2000\" \/>\n\t<meta property=\"og:image:height\" content=\"2000\" \/>\n\t<meta property=\"og:image:type\" content=\"image\/webp\" \/>\n<meta name=\"twitter:card\" content=\"summary_large_image\" \/>\n<meta name=\"twitter:label1\" content=\"Ber\u00e4knad l\u00e4stid\" \/>\n\t<meta name=\"twitter:data1\" content=\"1 minut\" \/>\n<!-- \/ Yoast SEO plugin. -->","yoast_head_json":{"title":"TRUUSK Badrumssk\u00e5p med Spegel - 6 \u00f6ppna Fack - 3-niv\u00e5 Hylla - V\u00e4ggmontering - Ek - TRUUSK - Hem, Tr\u00e4dg\u00e5rd &amp; Fritid","robots":{"index":"index","follow":"follow","max-snippet":"max-snippet:-1","max-image-preview":"max-image-preview:large","max-video-preview":"max-video-preview:-1"},"canonical":"https:\/\/truusk.store\/sv\/produkt\/truusk-badrumsskap-med-spegel-6-oppna-fack-3-niva-hylla-vaggmontering-ek\/","og_locale":"sv_SE","og_type":"article","og_title":"TRUUSK Badrumssk\u00e5p med Spegel - 6 \u00f6ppna Fack - 3-niv\u00e5 Hylla - V\u00e4ggmontering - Ek - TRUUSK - Hem, Tr\u00e4dg\u00e5rd &amp; Fritid","og_description":"Optimera din morgonrutin med badrumssk\u00e5pet fr\u00e5n TRUUSK, utrustat med en spegeld\u00f6rr f\u00f6r enkel styling. F\u00f6rutom sex anv\u00e4ndbara fack och ett...","og_url":"https:\/\/truusk.store\/sv\/produkt\/truusk-badrumsskap-med-spegel-6-oppna-fack-3-niva-hylla-vaggmontering-ek\/","og_site_name":"TRUUSK - Hem, Tr\u00e4dg\u00e5rd &amp; Fritid","article_modified_time":"2026-03-12T07:44:52+00:00","og_image":[{"width":2000,"height":2000,"url":"https:\/\/i0.wp.com\/truusk.se\/wp-content\/uploads\/2025\/10\/badrumsskap-med-spegel-6-oppna-fack-3-niva-hylla-vaggmontering-ek-1.webp?fit=2000%2C2000&ssl=1","type":"image\/webp"}],"twitter_card":"summary_large_image","twitter_misc":{"Ber\u00e4knad l\u00e4stid":"1 minut"},"schema":{"@context":"https:\/\/schema.org","@graph":[{"@type":"WebPage","@id":"https:\/\/truusk.store\/sv\/produkt\/truusk-badrumsskap-med-spegel-6-oppna-fack-3-niva-hylla-vaggmontering-ek\/","url":"https:\/\/truusk.store\/sv\/produkt\/truusk-badrumsskap-med-spegel-6-oppna-fack-3-niva-hylla-vaggmontering-ek\/","name":"TRUUSK Badrumssk\u00e5p med Spegel - 6 \u00f6ppna Fack - 3-niv\u00e5 Hylla - V\u00e4ggmontering - Ek - TRUUSK - Hem, Tr\u00e4dg\u00e5rd &amp; Fritid","isPartOf":{"@id":"https:\/\/truusk.store\/sv\/#website"},"primaryImageOfPage":{"@id":"https:\/\/truusk.store\/sv\/produkt\/truusk-badrumsskap-med-spegel-6-oppna-fack-3-niva-hylla-vaggmontering-ek\/#primaryimage"},"image":{"@id":"https:\/\/truusk.store\/sv\/produkt\/truusk-badrumsskap-med-spegel-6-oppna-fack-3-niva-hylla-vaggmontering-ek\/#primaryimage"},"thumbnailUrl":"https:\/\/i0.wp.com\/truusk.store\/wp-content\/uploads\/2025\/10\/badrumsskap-med-spegel-6-oppna-fack-3-niva-hylla-vaggmontering-ek-1.webp?fit=2000%2C2000&ssl=1","datePublished":"2025-10-09T11:32:49+00:00","dateModified":"2026-03-12T07:44:52+00:00","breadcrumb":{"@id":"https:\/\/truusk.store\/sv\/produkt\/truusk-badrumsskap-med-spegel-6-oppna-fack-3-niva-hylla-vaggmontering-ek\/#breadcrumb"},"inLanguage":"sv-SE","potentialAction":[{"@type":"ReadAction","target":["https:\/\/truusk.store\/sv\/produkt\/truusk-badrumsskap-med-spegel-6-oppna-fack-3-niva-hylla-vaggmontering-ek\/"]}]},{"@type":"ImageObject","inLanguage":"sv-SE","@id":"https:\/\/truusk.store\/sv\/produkt\/truusk-badrumsskap-med-spegel-6-oppna-fack-3-niva-hylla-vaggmontering-ek\/#primaryimage","url":"https:\/\/i0.wp.com\/truusk.store\/wp-content\/uploads\/2025\/10\/badrumsskap-med-spegel-6-oppna-fack-3-niva-hylla-vaggmontering-ek-1.webp?fit=2000%2C2000&ssl=1","contentUrl":"https:\/\/i0.wp.com\/truusk.store\/wp-content\/uploads\/2025\/10\/badrumsskap-med-spegel-6-oppna-fack-3-niva-hylla-vaggmontering-ek-1.webp?fit=2000%2C2000&ssl=1","width":2000,"height":2000},{"@type":"BreadcrumbList","@id":"https:\/\/truusk.store\/sv\/produkt\/truusk-badrumsskap-med-spegel-6-oppna-fack-3-niva-hylla-vaggmontering-ek\/#breadcrumb","itemListElement":[{"@type":"ListItem","position":1,"name":"Home","item":"https:\/\/truusk.store\/sv\/"},{"@type":"ListItem","position":2,"name":"Shop","item":"https:\/\/truusk.store\/shop\/"},{"@type":"ListItem","position":3,"name":"TRUUSK Badrumssk\u00e5p med Spegel &#8211; 6 \u00f6ppna Fack &#8211; 3-niv\u00e5 Hylla &#8211; V\u00e4ggmontering &#8211; Ek"}]},{"@type":"WebSite","@id":"https:\/\/truusk.store\/sv\/#website","url":"https:\/\/truusk.store\/sv\/","name":"TRUUSK - Hem, Tr\u00e4dg\u00e5rd & Fritid","description":"","publisher":{"@id":"https:\/\/truusk.store\/sv\/#organization"},"potentialAction":[{"@type":"SearchAction","target":{"@type":"EntryPoint","urlTemplate":"https:\/\/truusk.store\/sv\/?s={search_term_string}"},"query-input":{"@type":"PropertyValueSpecification","valueRequired":true,"valueName":"search_term_string"}}],"inLanguage":"sv-SE"},{"@type":"Organization","@id":"https:\/\/truusk.store\/sv\/#organization","name":"TRUUSK - Hem, Tr\u00e4dg\u00e5rd & Fritid","url":"https:\/\/truusk.store\/sv\/","logo":{"@type":"ImageObject","inLanguage":"sv-SE","@id":"https:\/\/truusk.store\/sv\/#\/schema\/logo\/image\/","url":"https:\/\/i0.wp.com\/truusk.store\/wp-content\/uploads\/2026\/03\/cropped-TRUUSK.png?fit=2032%2C917&ssl=1","contentUrl":"https:\/\/i0.wp.com\/truusk.store\/wp-content\/uploads\/2026\/03\/cropped-TRUUSK.png?fit=2032%2C917&ssl=1","width":2032,"height":917,"caption":"TRUUSK - Hem, Tr\u00e4dg\u00e5rd & Fritid"},"image":{"@id":"https:\/\/truusk.store\/sv\/#\/schema\/logo\/image\/"}}]}},"jetpack_sharing_enabled":true,"_links":{"self":[{"href":"https:\/\/truusk.store\/sv\/wp-json\/wp\/v2\/product\/92514","targetHints":{"allow":["GET"]}}],"collection":[{"href":"https:\/\/truusk.store\/sv\/wp-json\/wp\/v2\/product"}],"about":[{"href":"https:\/\/truusk.store\/sv\/wp-json\/wp\/v2\/types\/product"}],"wp:featuredmedia":[{"embeddable":true,"href":"https:\/\/truusk.store\/sv\/wp-json\/wp\/v2\/media\/92498"}],"wp:attachment":[{"href":"https:\/\/truusk.store\/sv\/wp-json\/wp\/v2\/media?parent=92514"}],"wp:term":[{"taxonomy":"product_brand","embeddable":true,"href":"https:\/\/truusk.store\/sv\/wp-json\/wp\/v2\/product_brand?post=92514"},{"taxonomy":"product_cat","embeddable":true,"href":"https:\/\/truusk.store\/sv\/wp-json\/wp\/v2\/product_cat?post=92514"},{"taxonomy":"product_tag","embeddable":true,"href":"https:\/\/truusk.store\/sv\/wp-json\/wp\/v2\/product_tag?post=92514"}],"curies":[{"name":"wp","href":"https:\/\/api.w.org\/{rel}","templated":true}]}}